{"id":185,"date":"2024-05-17T09:50:26","date_gmt":"2024-05-17T09:50:26","guid":{"rendered":"https:\/\/live.k-tech.net.vn\/wp-lehuynh\/?page_id=185"},"modified":"2024-08-06T04:37:59","modified_gmt":"2024-08-06T04:37:59","slug":"xu-ly-nuoc-thai","status":"publish","type":"page","link":"https:\/\/store2.k-tech-services.com\/moitruong\/xu-ly-nuoc-thai\/","title":{"rendered":"X\u1eed l\u00fd n\u01b0\u1edbc th\u1ea3i"},"content":{"rendered":"<h2>Gi\u1edbi Thi\u1ec7u Chung<\/h2>\n<p>C\u00f4ng Ty M\u00f4i Tr\u01b0\u1eddng L\u00ea Hu\u1ef3nh l\u00e0 m\u1ed9t trong nh\u1eefng \u0111\u01a1n v\u1ecb ti\u00ean phong v\u00e0 uy t\u00edn t\u1ea1i Vi\u1ec7t Nam trong l\u0129nh v\u1ef1c cung c\u1ea5p c\u00e1c gi\u1ea3i ph\u00e1p v\u00e0 d\u1ecbch v\u1ee5 x\u1eed l\u00fd m\u00f4i tr\u01b0\u1eddng. V\u1edbi h\u01a1n m\u1ed9t th\u1eadp k\u1ef7 kinh nghi\u1ec7m, L\u00ea Hu\u1ef3nh \u0111\u00e3 v\u00e0 \u0111ang kh\u1eb3ng \u0111\u1ecbnh v\u1ecb th\u1ebf c\u1ee7a m\u00ecnh th\u00f4ng qua vi\u1ec7c cung c\u1ea5p c\u00e1c gi\u1ea3i ph\u00e1p t\u1ed1i \u01b0u, hi\u1ec7n \u0111\u1ea1i v\u00e0 th\u00e2n thi\u1ec7n v\u1edbi m\u00f4i tr\u01b0\u1eddng, nh\u1eb1m b\u1ea3o v\u1ec7 v\u00e0 c\u1ea3i thi\u1ec7n ch\u1ea5t l\u01b0\u1ee3ng cu\u1ed9c s\u1ed1ng.<\/p>\n<h2>D\u1ecbch V\u1ee5 X\u1eed L\u00fd N\u01b0\u1edbc Th\u1ea3i<\/h2>\n<h3>1. T\u1ed5ng Quan<\/h3>\n<p>D\u1ecbch v\u1ee5 x\u1eed l\u00fd n\u01b0\u1edbc th\u1ea3i c\u1ee7a C\u00f4ng Ty M\u00f4i Tr\u01b0\u1eddng L\u00ea Hu\u1ef3nh \u0111\u01b0\u1ee3c thi\u1ebft k\u1ebf \u0111\u1ec3 \u0111\u00e1p \u1ee9ng nhu c\u1ea7u x\u1eed l\u00fd n\u01b0\u1edbc th\u1ea3i c\u1ee7a c\u00e1c khu c\u00f4ng nghi\u1ec7p, nh\u00e0 m\u00e1y, b\u1ec7nh vi\u1ec7n, khu d\u00e2n c\u01b0 v\u00e0 c\u00e1c c\u01a1 s\u1edf kinh doanh kh\u00e1c. Ch\u00fang t\u00f4i hi\u1ec3u r\u1eb1ng n\u01b0\u1edbc th\u1ea3i kh\u00f4ng \u0111\u01b0\u1ee3c x\u1eed l\u00fd \u0111\u00fang c\u00e1ch c\u00f3 th\u1ec3 g\u00e2y ra nh\u1eefng h\u1eadu qu\u1ea3 nghi\u00eam tr\u1ecdng \u0111\u1ed1i v\u1edbi m\u00f4i tr\u01b0\u1eddng v\u00e0 s\u1ee9c kh\u1ecfe con ng\u01b0\u1eddi. V\u00ec v\u1eady, L\u00ea Hu\u1ef3nh cam k\u1ebft mang \u0111\u1ebfn nh\u1eefng gi\u1ea3i ph\u00e1p x\u1eed l\u00fd n\u01b0\u1edbc th\u1ea3i hi\u1ec7u qu\u1ea3, ti\u1ebft ki\u1ec7m chi ph\u00ed v\u00e0 th\u00e2n thi\u1ec7n v\u1edbi m\u00f4i tr\u01b0\u1eddng.<\/p>\n<h3>2. C\u00f4ng Ngh\u1ec7 v\u00e0 Quy Tr\u00ecnh X\u1eed L\u00fd<\/h3>\n<h4>a. C\u00f4ng Ngh\u1ec7 Hi\u1ec7n \u0110\u1ea1i<\/h4>\n<p>C\u00f4ng Ty M\u00f4i Tr\u01b0\u1eddng L\u00ea Hu\u1ef3nh s\u1eed d\u1ee5ng c\u00e1c c\u00f4ng ngh\u1ec7 x\u1eed l\u00fd n\u01b0\u1edbc th\u1ea3i ti\u00ean ti\u1ebfn v\u00e0 hi\u1ec7n \u0111\u1ea1i nh\u1ea5t, bao g\u1ed3m:<\/p>\n<ul>\n<li><strong>C\u00f4ng ngh\u1ec7 sinh h\u1ecdc:<\/strong> S\u1eed d\u1ee5ng vi sinh v\u1eadt \u0111\u1ec3 ph\u00e2n h\u1ee7y c\u00e1c ch\u1ea5t h\u1eefu c\u01a1 trong n\u01b0\u1edbc th\u1ea3i, gi\u1ea3m thi\u1ec3u \u00f4 nhi\u1ec5m v\u00e0 b\u1ea3o v\u1ec7 m\u00f4i tr\u01b0\u1eddng.<\/li>\n<li><strong>C\u00f4ng ngh\u1ec7 h\u00f3a l\u00fd:<\/strong> S\u1eed d\u1ee5ng c\u00e1c ph\u01b0\u01a1ng ph\u00e1p h\u00f3a h\u1ecdc v\u00e0 v\u1eadt l\u00fd \u0111\u1ec3 t\u00e1ch c\u00e1c ch\u1ea5t g\u00e2y \u00f4 nhi\u1ec5m ra kh\u1ecfi n\u01b0\u1edbc th\u1ea3i, \u0111\u1ea3m b\u1ea3o n\u01b0\u1edbc sau x\u1eed l\u00fd \u0111\u1ea1t ti\u00eau chu\u1ea9n an to\u00e0n.<\/li>\n<li><strong>C\u00f4ng ngh\u1ec7 m\u00e0ng l\u1ecdc:<\/strong> S\u1eed d\u1ee5ng c\u00e1c m\u00e0ng l\u1ecdc ti\u00ean ti\u1ebfn \u0111\u1ec3 lo\u1ea1i b\u1ecf c\u00e1c h\u1ea1t vi l\u01b0\u1ee3ng v\u00e0 c\u00e1c ch\u1ea5t \u00f4 nhi\u1ec5m nh\u1ecf trong n\u01b0\u1edbc th\u1ea3i, \u0111\u1ea3m b\u1ea3o n\u01b0\u1edbc sau x\u1eed l\u00fd s\u1ea1ch v\u00e0 an to\u00e0n.<\/li>\n<\/ul>\n<h4>b. Quy Tr\u00ecnh X\u1eed L\u00fd<\/h4>\n<p>Quy tr\u00ecnh x\u1eed l\u00fd n\u01b0\u1edbc th\u1ea3i t\u1ea1i L\u00ea Hu\u1ef3nh bao g\u1ed3m c\u00e1c b\u01b0\u1edbc sau:<\/p>\n<ol>\n<li><strong>Thu gom v\u00e0 ph\u00e2n lo\u1ea1i:<\/strong> N\u01b0\u1edbc th\u1ea3i \u0111\u01b0\u1ee3c thu gom v\u00e0 ph\u00e2n lo\u1ea1i d\u1ef1a tr\u00ean ngu\u1ed3n g\u1ed1c v\u00e0 m\u1ee9c \u0111\u1ed9 \u00f4 nhi\u1ec5m.<\/li>\n<li><strong>X\u1eed l\u00fd s\u01a1 b\u1ed9:<\/strong> Lo\u1ea1i b\u1ecf c\u00e1c ch\u1ea5t r\u1eafn l\u1edbn, c\u1eb7n b\u00e3 v\u00e0 c\u00e1c t\u1ea1p ch\u1ea5t trong n\u01b0\u1edbc th\u1ea3i.<\/li>\n<li><strong>X\u1eed l\u00fd ch\u00ednh:<\/strong> S\u1eed d\u1ee5ng c\u00e1c c\u00f4ng ngh\u1ec7 sinh h\u1ecdc, h\u00f3a l\u00fd v\u00e0 m\u00e0ng l\u1ecdc \u0111\u1ec3 x\u1eed l\u00fd c\u00e1c ch\u1ea5t \u00f4 nhi\u1ec5m trong n\u01b0\u1edbc th\u1ea3i.<\/li>\n<li><strong>X\u1eed l\u00fd tinh:<\/strong> Lo\u1ea1i b\u1ecf c\u00e1c h\u1ea1t vi l\u01b0\u1ee3ng v\u00e0 c\u00e1c ch\u1ea5t \u00f4 nhi\u1ec5m nh\u1ecf c\u00f2n l\u1ea1i trong n\u01b0\u1edbc th\u1ea3i.<\/li>\n<li><strong>X\u1eed l\u00fd cu\u1ed1i:<\/strong> \u0110\u1ea3m b\u1ea3o n\u01b0\u1edbc sau x\u1eed l\u00fd \u0111\u1ea1t ti\u00eau chu\u1ea9n an to\u00e0n tr\u01b0\u1edbc khi x\u1ea3 ra m\u00f4i tr\u01b0\u1eddng ho\u1eb7c t\u00e1i s\u1eed d\u1ee5ng.<\/li>\n<\/ol>\n<h3>3. \u0110\u1ed9i Ng\u0169 Chuy\u00ean Gia v\u00e0 K\u1ef9 Thu\u1eadt Vi\u00ean<\/h3>\n<p>L\u00ea Hu\u1ef3nh t\u1ef1 h\u00e0o s\u1edf h\u1eefu \u0111\u1ed9i ng\u0169 chuy\u00ean gia v\u00e0 k\u1ef9 thu\u1eadt vi\u00ean gi\u00e0u kinh nghi\u1ec7m, \u0111\u01b0\u1ee3c \u0111\u00e0o t\u1ea1o b\u00e0i b\u1ea3n v\u00e0 lu\u00f4n c\u1eadp nh\u1eadt nh\u1eefng ki\u1ebfn th\u1ee9c m\u1edbi nh\u1ea5t trong l\u0129nh v\u1ef1c x\u1eed l\u00fd m\u00f4i tr\u01b0\u1eddng. \u0110\u1ed9i ng\u0169 c\u1ee7a ch\u00fang t\u00f4i lu\u00f4n s\u1eb5n s\u00e0ng t\u01b0 v\u1ea5n v\u00e0 h\u1ed7 tr\u1ee3 kh\u00e1ch h\u00e0ng trong su\u1ed1t qu\u00e1 tr\u00ecnh tri\u1ec3n khai v\u00e0 v\u1eadn h\u00e0nh c\u00e1c gi\u1ea3i ph\u00e1p x\u1eed l\u00fd n\u01b0\u1edbc th\u1ea3i.<\/p>\n<h3>4. D\u1ef1 \u00c1n Ti\u00eau Bi\u1ec3u<\/h3>\n<p>C\u00f4ng Ty M\u00f4i Tr\u01b0\u1eddng L\u00ea Hu\u1ef3nh \u0111\u00e3 th\u1ef1c hi\u1ec7n th\u00e0nh c\u00f4ng nhi\u1ec1u d\u1ef1 \u00e1n x\u1eed l\u00fd n\u01b0\u1edbc th\u1ea3i l\u1edbn nh\u1ecf tr\u00ean kh\u1eafp c\u1ea3 n\u01b0\u1edbc, bao g\u1ed3m:<\/p>\n<ul>\n<li><strong>D\u1ef1 \u00c1n x\u1eed l\u00fd n\u01b0\u1edbc th\u1ea3i sinh ho\u1ea1t cho Khu ph\u1ea7n m\u1ec1n Quang trung:<\/strong> Gi\u00fap gi\u1ea3m thi\u1ec3u \u00f4 nhi\u1ec5m n\u01b0\u1edbc th\u1ea3i, b\u1ea3o v\u1ec7 m\u00f4i tr\u01b0\u1eddng v\u00e0 c\u1ea3i thi\u1ec7n ch\u1ea5t l\u01b0\u1ee3ng n\u01b0\u1edbc t\u1ea1i khu v\u1ef1c.<\/li>\n<li><strong>D\u1ef1 \u00e1n x\u1eed l\u00fd n\u01b0\u1edbc th\u1ea3i cho Nh\u00e0 M\u00e1y s\u1ea3n xu\u1ea5t Th\u1ef1c Ph\u1ea9m Giavico:<\/strong> \u0110\u1ea3m b\u1ea3o n\u01b0\u1edbc th\u1ea3i sau x\u1eed l\u00fd \u0111\u1ea1t ti\u00eau chu\u1ea9n an to\u00e0n tr\u01b0\u1edbc khi x\u1ea3 ra m\u00f4i tr\u01b0\u1eddng, g\u00f3p ph\u1ea7n b\u1ea3o v\u1ec7 h\u1ec7 sinh th\u00e1i \u0111\u1ecba ph\u01b0\u01a1ng.<\/li>\n<li><strong>D\u1ef1 \u00e1n x\u1eed l\u00fd n\u01b0\u1edbc th\u1ea3i d\u1ec7t nhu\u1ed9m cho c\u00f4ng ty D\u1ec7t May 7:<\/strong> Gi\u1ea3m thi\u1ec3u \u00f4 nhi\u1ec5m n\u01b0\u1edbc th\u1ea3i y t\u1ebf, \u0111\u1ea3m b\u1ea3o s\u1ee9c kh\u1ecfe cho c\u1ed9ng \u0111\u1ed3ng v\u00e0 b\u1ea3o v\u1ec7 m\u00f4i tr\u01b0\u1eddng.<\/li>\n<\/ul>\n<h3>5. Cam K\u1ebft C\u1ee7a Ch\u00fang T\u00f4i<\/h3>\n<p>C\u00f4ng Ty M\u00f4i Tr\u01b0\u1eddng L\u00ea Hu\u1ef3nh cam k\u1ebft:<\/p>\n<ul>\n<li><strong>Ch\u1ea5t l\u01b0\u1ee3ng:<\/strong> \u0110\u1ea3m b\u1ea3o ch\u1ea5t l\u01b0\u1ee3ng n\u01b0\u1edbc sau x\u1eed l\u00fd \u0111\u1ea1t ti\u00eau chu\u1ea9n an to\u00e0n v\u00e0 b\u1ea3o v\u1ec7 m\u00f4i tr\u01b0\u1eddng.<\/li>\n<li><strong>Ti\u1ebft ki\u1ec7m chi ph\u00ed:<\/strong> Cung c\u1ea5p c\u00e1c gi\u1ea3i ph\u00e1p x\u1eed l\u00fd n\u01b0\u1edbc th\u1ea3i ti\u1ebft ki\u1ec7m chi ph\u00ed, hi\u1ec7u qu\u1ea3 v\u00e0 b\u1ec1n v\u1eefng.<\/li>\n<li><strong>B\u1ea3o h\u00e0nh v\u00e0 b\u1ea3o tr\u00ec:<\/strong> Cung c\u1ea5p d\u1ecbch v\u1ee5 b\u1ea3o h\u00e0nh v\u00e0 b\u1ea3o tr\u00ec chuy\u00ean nghi\u1ec7p, \u0111\u1ea3m b\u1ea3o h\u1ec7 th\u1ed1ng x\u1eed l\u00fd n\u01b0\u1edbc th\u1ea3i ho\u1ea1t \u0111\u1ed9ng \u1ed5n \u0111\u1ecbnh v\u00e0 hi\u1ec7u qu\u1ea3.<\/li>\n<li><strong>H\u1ed7 tr\u1ee3 kh\u00e1ch h\u00e0ng:<\/strong> T\u01b0 v\u1ea5n v\u00e0 h\u1ed7 tr\u1ee3 kh\u00e1ch h\u00e0ng trong su\u1ed1t qu\u00e1 tr\u00ecnh tri\u1ec3n khai v\u00e0 v\u1eadn h\u00e0nh c\u00e1c gi\u1ea3i ph\u00e1p x\u1eed l\u00fd n\u01b0\u1edbc th\u1ea3i.<\/li>\n<\/ul>\n","protected":false},"excerpt":{"rendered":"<p>Gi\u1edbi Thi\u1ec7u Chung C\u00f4ng Ty M\u00f4i Tr\u01b0\u1eddng L\u00ea Hu\u1ef3nh l\u00e0 m\u1ed9t trong nh\u1eefng \u0111\u01a1n v\u1ecb ti\u00ean phong v\u00e0 uy t\u00edn t\u1ea1i Vi\u1ec7t Nam trong l\u0129nh v\u1ef1c cung c\u1ea5p c\u00e1c gi\u1ea3i ph\u00e1p v\u00e0 d\u1ecbch v\u1ee5 x\u1eed l\u00fd m\u00f4i tr\u01b0\u1eddng. V\u1edbi h\u01a1n m\u1ed9t th\u1eadp k\u1ef7 kinh nghi\u1ec7m, L\u00ea Hu\u1ef3nh \u0111\u00e3 v\u00e0 \u0111ang kh\u1eb3ng \u0111\u1ecbnh v\u1ecb th\u1ebf c\u1ee7a [&#8230;]\n","protected":false},"author":1,"featured_media":0,"parent":0,"menu_order":0,"comment_status":"closed","ping_status":"closed","template":"","meta":{"footnotes":""},"class_list":["post-185","page","type-page","status-publish","hentry"],"_links":{"self":[{"href":"https:\/\/store2.k-tech-services.com\/moitruong\/wp-json\/wp\/v2\/pages\/185","targetHints":{"allow":["GET"]}}],"collection":[{"href":"https:\/\/store2.k-tech-services.com\/moitruong\/wp-json\/wp\/v2\/pages"}],"about":[{"href":"https:\/\/store2.k-tech-services.com\/moitruong\/wp-json\/wp\/v2\/types\/page"}],"author":[{"embeddable":true,"href":"https:\/\/store2.k-tech-services.com\/moitruong\/wp-json\/wp\/v2\/users\/1"}],"replies":[{"embeddable":true,"href":"https:\/\/store2.k-tech-services.com\/moitruong\/wp-json\/wp\/v2\/comments?post=185"}],"version-history":[{"count":4,"href":"https:\/\/store2.k-tech-services.com\/moitruong\/wp-json\/wp\/v2\/pages\/185\/revisions"}],"predecessor-version":[{"id":497,"href":"https:\/\/store2.k-tech-services.com\/moitruong\/wp-json\/wp\/v2\/pages\/185\/revisions\/497"}],"wp:attachment":[{"href":"https:\/\/store2.k-tech-services.com\/moitruong\/wp-json\/wp\/v2\/media?parent=185"}],"curies":[{"name":"wp","href":"https:\/\/api.w.org\/{rel}","templated":true}]}}