{"id":250,"date":"2024-05-17T10:52:45","date_gmt":"2024-05-17T10:52:45","guid":{"rendered":"https:\/\/live.k-tech.net.vn\/wp-lehuynh\/?page_id=250"},"modified":"2024-07-01T04:35:18","modified_gmt":"2024-07-01T04:35:18","slug":"dao-tao","status":"publish","type":"page","link":"https:\/\/store2.k-tech-services.com\/moitruong\/dao-tao\/","title":{"rendered":"\u0110\u00e0o t\u1ea1o"},"content":{"rendered":"<p>&nbsp;<\/p>\n<div style=\"display: flex; justify-content: space-between; padding: 20px;\">\n<div style=\"width: 48%;\">\n<h1 style=\"color: #d32f2f;\">T\u01b0 V\u1ea5n V\u00e0 \u0110\u00e0o T\u1ea1o<\/h1>\n<h2 style=\"color: #0c7dc3;\">Ki\u1ec3m K\u00ea Kh\u00ed Nh\u00e0 K\u00ednh &#8211; N\u0110 06:2022, CBAM, ISO 14064:2018<\/h2>\n<h3>T\u1eadp hu\u1ea5n:<\/h3>\n<ul>\n<li>H\u01b0\u1edbng d\u1eabn x\u00e1c \u0111\u1ecbnh ngu\u1ed3n, lo\u1ea1i ph\u00e1t th\u1ea3i<\/li>\n<li>Ph\u01b0\u01a1ng ph\u00e1p t\u00ednh to\u00e1n, \u0111\u1ecbnh l\u01b0\u1ee3ng theo b\u1ed9 quy \u0111\u1ecbnh IPCC, CBAM<\/li>\n<li>Bi\u1ec3u m\u1eabu b\u00e1o c\u00e1o<\/li>\n<\/ul>\n<h3>T\u00ednh to\u00e1n:<\/h3>\n<ul>\n<li>Kh\u1ea3o s\u00e1t doanh nghi\u1ec7p &#8211; X\u00e1c \u0111\u1ecbnh c\u00e1c m\u1ee5c ti\u00eau v\u00e0 ph\u1ea1m vi ki\u1ec3m k\u00ea<\/li>\n<li>X\u00e2y d\u1ef1ng quy tr\u00ecnh thu th\u1eadp d\u1eef li\u1ec7u<\/li>\n<li>\u0110\u1ecbnh l\u01b0\u1ee3ng, ki\u1ec3m k\u00ea KNK \u0111\u1ed3ng h\u00e0nh c\u00f9ng Nh\u00e0 m\u00e1y<\/li>\n<\/ul>\n<h3>L\u1eadp b\u00e1o c\u00e1o:<\/h3>\n<ul>\n<li>H\u01b0\u1edbng d\u1eabn l\u1eadp b\u00e1o c\u00e1o theo quy \u0111\u1ecbnh<\/li>\n<li>Ngh\u1ecb \u0111\u1ecbnh 06:2022<\/li>\n<li>CBAM<\/li>\n<li>ISO 14064<\/li>\n<\/ul>\n<h2 style=\"color: #0c7dc3;\">D\u1ea5u Ch\u00e2n Carbon &#8211; ISO 14067:2018<\/h2>\n<h3>T\u1eadp hu\u1ea5n:<\/h3>\n<ul>\n<li>H\u01b0\u1edbng d\u1eabn x\u00e1c \u0111\u1ecbnh ph\u1ea1m vi v\u00f2ng \u0111\u1eddi s\u1ea3n ph\u1ea9m<\/li>\n<li>Quy \u0111\u1ecbnh th\u1ef1c hi\u1ec7n b\u00e1o c\u00e1o<\/li>\n<li>Bi\u1ec3u m\u1eabu b\u00e1o c\u00e1o<\/li>\n<\/ul>\n<h3>T\u00ednh to\u00e1n:<\/h3>\n<ul>\n<li>X\u00e1c \u0111\u1ecbnh ph\u1ea1m vi v\u00f2ng \u0111\u1eddi s\u1ea3n ph\u1ea9m<\/li>\n<li>\u0110\u1ecbnh l\u01b0\u1ee3ng KNK \u0111\u1ed3ng h\u00e0nh c\u00f9ng Nh\u00e0 m\u00e1y<\/li>\n<\/ul>\n<h3>L\u1eadp b\u00e1o c\u00e1o:<\/h3>\n<ul>\n<li>H\u01b0\u1edbng d\u1eabn l\u1eadp b\u00e1o c\u00e1o theo ti\u00eau chu\u1ea9n ISO 14067:2018<\/li>\n<\/ul>\n<\/div>\n<div style=\"width: 48%;\">\n<h2><\/h2>\n<h2 style=\"color: #0c7dc3;\">B\u00e1o C\u00e1o Gi\u1ea3m Ph\u00e1t Th\u1ea3i &#8211; N\u0110 06:2022, ISO 14064-2:2018<\/h2>\n<h3>T\u1eadp hu\u1ea5n:<\/h3>\n<ul>\n<li>Ph\u01b0\u01a1ng ph\u00e1p, c\u00f4ng ngh\u1ec7 gi\u1ea3m ph\u00e1t th\u1ea3i<\/li>\n<li>Ph\u01b0\u01a1ng ph\u00e1p t\u00ednh to\u00e1n, \u0111\u1ecbnh l\u01b0\u1ee3ng hi\u1ec7u qu\u1ea3 c\u00e1c d\u1ef1 \u00e1n gi\u1ea3m ph\u00e1t th\u1ea3i<\/li>\n<li>Bi\u1ec3u m\u1eabu b\u00e1o c\u00e1o<\/li>\n<\/ul>\n<h3>T\u00ednh to\u00e1n:<\/h3>\n<ul>\n<li>Kh\u1ea3o s\u00e1t, x\u00e1c \u0111\u1ecbnh c\u00e1c d\u1ef1 \u00e1n ch\u01b0\u01a1ng tr\u00ecnh gi\u1ea3m ph\u00e1t th\u1ea3i<\/li>\n<li>X\u00e2y d\u1ef1ng quy tr\u00ecnh thu th\u1eadp d\u1eef li\u1ec7u<\/li>\n<li>\u0110\u1ecbnh l\u01b0\u1ee3ng, ki\u1ec3m k\u00ea \u0111\u1ed3ng h\u00e0nh c\u00f9ng Nh\u00e0 m\u00e1y<\/li>\n<\/ul>\n<h3>L\u1eadp b\u00e1o c\u00e1o:<\/h3>\n<ul>\n<li>H\u01b0\u1edbng d\u1eabn l\u1eadp b\u00e1o c\u00e1o theo quy \u0111\u1ecbnh<\/li>\n<li>Ngh\u1ecb \u0111\u1ecbnh 06:2022<\/li>\n<li>ISO 14064-2:2018<\/li>\n<\/ul>\n<h2 style=\"color: #0c7dc3;\">Ch\u1ee9ng Minh Trung H\u00f2a Carbon &#8211; PAS 2060:2014<\/h2>\n<h3>T\u1eadp hu\u1ea5n:<\/h3>\n<ul>\n<li>H\u01b0\u1edbng d\u1eabn \u0111\u1ecbnh l\u01b0\u1ee3ng ph\u00e1t th\u1ea3i, \u0111\u1ecbnh l\u01b0\u1ee3ng lo\u1ea1i b\u1ecf kh\u00ed nh\u00e0 k\u00ednh<\/li>\n<li>Ph\u01b0\u01a1ng ph\u00e1p gi\u1ea3m ph\u00e1t th\u1ea3i<\/li>\n<li>Bi\u1ec3u m\u1eabu b\u00e1o c\u00e1o<\/li>\n<\/ul>\n<h3>T\u00ednh to\u00e1n:<\/h3>\n<ul>\n<li>Kh\u1ea3o s\u00e1t doanh nghi\u1ec7p, x\u00e1c \u0111\u1ecbnh ph\u1ea1m vi, lo\u1ea1i h\u00ecnh<\/li>\n<li>X\u00e2y d\u1ef1ng quy tr\u00ecnh thu th\u1eadp d\u1eef li\u1ec7u<\/li>\n<li>Ki\u1ec3m k\u00ea KNK ph\u00e1t th\u1ea3i, \u0111\u00e3 tri\u1ec7t ti\u00eau, \u0111\u00e3 lo\u1ea1i b\u1ecf<\/li>\n<\/ul>\n<h3>L\u1eadp b\u00e1o c\u00e1o:<\/h3>\n<ul>\n<li>H\u01b0\u1edbng d\u1eabn l\u1eadp b\u00e1o c\u00e1o theo ti\u00eau chu\u1ea9n PAS 2060:2014<\/li>\n<\/ul>\n<\/div>\n<\/div>\n<p>&nbsp;<\/p>\n","protected":false},"excerpt":{"rendered":"<p>&nbsp; T\u01b0 V\u1ea5n V\u00e0 \u0110\u00e0o T\u1ea1o Ki\u1ec3m K\u00ea Kh\u00ed Nh\u00e0 K\u00ednh &#8211; N\u0110 06:2022, CBAM, ISO 14064:2018 T\u1eadp hu\u1ea5n: H\u01b0\u1edbng d\u1eabn x\u00e1c \u0111\u1ecbnh ngu\u1ed3n, lo\u1ea1i ph\u00e1t th\u1ea3i Ph\u01b0\u01a1ng ph\u00e1p t\u00ednh to\u00e1n, \u0111\u1ecbnh l\u01b0\u1ee3ng theo b\u1ed9 quy \u0111\u1ecbnh IPCC, CBAM Bi\u1ec3u m\u1eabu b\u00e1o c\u00e1o T\u00ednh to\u00e1n: Kh\u1ea3o s\u00e1t doanh nghi\u1ec7p &#8211; X\u00e1c \u0111\u1ecbnh c\u00e1c m\u1ee5c ti\u00eau [&#8230;]\n","protected":false},"author":1,"featured_media":0,"parent":0,"menu_order":0,"comment_status":"closed","ping_status":"closed","template":"","meta":{"footnotes":""},"class_list":["post-250","page","type-page","status-publish","hentry"],"_links":{"self":[{"href":"https:\/\/store2.k-tech-services.com\/moitruong\/wp-json\/wp\/v2\/pages\/250","targetHints":{"allow":["GET"]}}],"collection":[{"href":"https:\/\/store2.k-tech-services.com\/moitruong\/wp-json\/wp\/v2\/pages"}],"about":[{"href":"https:\/\/store2.k-tech-services.com\/moitruong\/wp-json\/wp\/v2\/types\/page"}],"author":[{"embeddable":true,"href":"https:\/\/store2.k-tech-services.com\/moitruong\/wp-json\/wp\/v2\/users\/1"}],"replies":[{"embeddable":true,"href":"https:\/\/store2.k-tech-services.com\/moitruong\/wp-json\/wp\/v2\/comments?post=250"}],"version-history":[{"count":2,"href":"https:\/\/store2.k-tech-services.com\/moitruong\/wp-json\/wp\/v2\/pages\/250\/revisions"}],"predecessor-version":[{"id":394,"href":"https:\/\/store2.k-tech-services.com\/moitruong\/wp-json\/wp\/v2\/pages\/250\/revisions\/394"}],"wp:attachment":[{"href":"https:\/\/store2.k-tech-services.com\/moitruong\/wp-json\/wp\/v2\/media?parent=250"}],"curies":[{"name":"wp","href":"https:\/\/api.w.org\/{rel}","templated":true}]}}