{"id":379,"date":"2024-05-20T04:13:21","date_gmt":"2024-05-20T04:13:21","guid":{"rendered":"https:\/\/live.k-tech.net.vn\/wp-lehuynh\/?page_id=379"},"modified":"2024-05-20T04:13:21","modified_gmt":"2024-05-20T04:13:21","slug":"cac-cong-trinh-tieu-bieu","status":"publish","type":"page","link":"https:\/\/store2.k-tech-services.com\/moitruong\/cac-cong-trinh-tieu-bieu\/","title":{"rendered":"C\u00e1c c\u00f4ng tr\u00ecnh ti\u00eau bi\u1ec3u"},"content":{"rendered":"","protected":false},"excerpt":{"rendered":"","protected":false},"author":1,"featured_media":0,"parent":0,"menu_order":0,"comment_status":"closed","ping_status":"closed","template":"","meta":{"footnotes":""},"class_list":["post-379","page","type-page","status-publish","hentry"],"_links":{"self":[{"href":"https:\/\/store2.k-tech-services.com\/moitruong\/wp-json\/wp\/v2\/pages\/379","targetHints":{"allow":["GET"]}}],"collection":[{"href":"https:\/\/store2.k-tech-services.com\/moitruong\/wp-json\/wp\/v2\/pages"}],"about":[{"href":"https:\/\/store2.k-tech-services.com\/moitruong\/wp-json\/wp\/v2\/types\/page"}],"author":[{"embeddable":true,"href":"https:\/\/store2.k-tech-services.com\/moitruong\/wp-json\/wp\/v2\/users\/1"}],"replies":[{"embeddable":true,"href":"https:\/\/store2.k-tech-services.com\/moitruong\/wp-json\/wp\/v2\/comments?post=379"}],"version-history":[{"count":1,"href":"https:\/\/store2.k-tech-services.com\/moitruong\/wp-json\/wp\/v2\/pages\/379\/revisions"}],"predecessor-version":[{"id":380,"href":"https:\/\/store2.k-tech-services.com\/moitruong\/wp-json\/wp\/v2\/pages\/379\/revisions\/380"}],"wp:attachment":[{"href":"https:\/\/store2.k-tech-services.com\/moitruong\/wp-json\/wp\/v2\/media?parent=379"}],"curies":[{"name":"wp","href":"https:\/\/api.w.org\/{rel}","templated":true}]}}