{"id":153,"date":"2024-05-17T08:49:58","date_gmt":"2024-05-17T08:49:58","guid":{"rendered":"https:\/\/live.k-tech.net.vn\/wp-lehuynh\/?post_type=product&#038;p=153"},"modified":"2024-10-20T07:12:49","modified_gmt":"2024-10-20T07:12:49","slug":"thiet-bi-quang-trac-online-nuc-gieng-nuoc-thai","status":"publish","type":"product","link":"https:\/\/store2.k-tech-services.com\/moitruong\/san-pham\/thiet-bi-quang-trac-online-nuc-gieng-nuoc-thai\/","title":{"rendered":"Thi\u1ebft B\u1ecb Quang Tr\u1eafc Online N\u01b0\u1edbc Gi\u1ebfng &#8211; N\u01b0\u1edbc Th\u1ea3i"},"content":{"rendered":"<h1 style=\"text-align: center;\"><span style=\"font-size: 120%;\"><strong><span style=\"color: #ff0000;\">H\u01af\u1edaNG D\u1eaaN S\u01a0 B\u1ed8 BU\u1ed2NG PHUN S\u01a0N M\u00c0NG N\u01af\u1edaC<\/span><\/strong><\/span><\/h1>\n<h2><strong><span style=\"color: #0000ff;\">Bu\u1ed3ng phun s\u01a1n m\u00e0ng n\u01b0\u1edbc d\u00f9ng l\u00e0m g\u00ec?<\/span><\/strong><\/h2>\n<p><span style=\"color: #ff0000;\"><strong>Bu\u1ed3ng phun s\u01a1n m\u00e0ng n\u01b0\u1edbc<\/strong>\u00a0<\/span><span style=\"font-size: 105%; color: #000000;\">l\u00e0 c\u00f4ng c\u1ee5 \u0111\u1ec3 thu gom b\u1ee5i s\u01a1n t\u1eeb c\u00e1c m\u00e1y m\u00f3c thi\u1ebft b\u1ecb ph\u00e1t sinh ra trong qu\u00e1 tr\u00ecnh ho\u1ea1t \u0111\u1ed9ng \u1edf c\u00e1c x\u00ed nghi\u1ec7p s\u1ea3n xu\u1ea5t, nh\u00e0 m\u00e1y qua t\u1ea5m m\u00e0ng n\u01b0\u1edbc gi\u00fap kh\u00f4ng gian kh\u00f4ng b\u1ecb \u00f4 nhi\u1ec5m<\/span><\/p>\n<p>H\u1ec7 th\u1ed1ng x\u1eed l\u00fd <span style=\"font-size: 115%; color: #0000ff;\"><strong>bu\u1ed3ng phun s\u01a1n m\u00e0ng n\u01b0\u1edbc<\/strong><\/span> gi\u00fap l\u00e0m s\u1ea1ch m\u00f4i tr\u01b0\u1eddng l\u00e0m vi\u1ec7c t\u1ea1o kh\u00f4ng kh\u00ed trong l\u00e0nh cho ng\u01b0\u1eddi lao \u0111\u1ed9ng, qua \u0111\u00f3 c\u1ea3i thi\u1ec7n \u0111\u00e1ng k\u1ec3 tinh th\u1ea7n l\u00e0m vi\u1ec7c c\u0169ng nh\u01b0 gi\u1ea3m nguy c\u01a1 m\u1eafc c\u00e1c lo\u1ea1i b\u1ec7nh do h\u00edt ph\u1ea3i b\u1ee5i s\u01a1n ,dung m\u00f4i, h\u00f3a ch\u1ea5t c\u00f4ng nghi\u1ec7p cho ng\u01b0\u1eddi lao \u0111\u1ed9ng th\u1ee3 phun s\u01a1n.<\/p>\n<p>Th\u00f4ng th\u01b0\u1eddng bu\u1ed3ng phun s\u01a1n m\u00e0ng n\u01b0\u1edbc \u0111\u01b0\u1ee3c l\u00e0m t\u1eeb 2 nguy\u00ean v\u1eadt li\u1ec7u ch\u00ednh l\u00e0 tole ho\u1eb7c inox.<\/p>\n<h2><strong><span style=\"color: #0000ff;\">C\u1ea5u t\u1ea1o c\u1ee7a bu\u1ed3ng phun s\u01a1n m\u00e0ng n\u01b0\u1edbc g\u1ed3m c\u00e1c b\u1ed9 ph\u1eadn n\u00e0o ?<\/span><\/strong><\/h2>\n<p>M\u1ed9t bu\u1ed3ng phun s\u01a1n m\u00e0ng n\u01b0\u1edbc g\u1ed3m c\u00f3:<\/p>\n<ul>\n<li>H\u1ed9p ph\u00e2n ph\u1ed1i n\u01b0\u1edbc (ch\u1ea3y tr\u00e0n) v\u00e0 m\u00e0n n\u01b0\u1edbc.<\/li>\n<li>B\u1ed9 ph\u1eadn ph\u00e2n ly (v\u00e1ch ng\u0103n) \u0111\u1ec3 ng\u0103n c\u00e1c h\u1ea1t n\u01b0\u1edbc.<\/li>\n<li>B\u1ec3 ho\u1eb7c th\u00f9ng l\u1eafng \u0111\u1ec3 thu n\u01b0\u1edbc v\u00e0 gi\u1eef b\u1ee5i s\u01a1n.<\/li>\n<li>H\u1ec7 th\u1ed1ng\u00a0<strong>qu\u1ea1t h\u01b0\u1edbng tr\u1ee5c<\/strong> v\u00e0 \u1ed1ng th\u1ea3i.<\/li>\n<\/ul>\n<h2><strong><span style=\"color: #0000ff;\">Nguy\u00ean l\u00fd l\u00e0m vi\u1ec7c c\u1ee7a bu\u1ed3ng phun s\u01a1n m\u00e0ng n\u01b0\u1edbc\u00a0 ?<\/span><\/strong><\/h2>\n<p>Nguy\u00ean l\u00fd l\u00e0m vi\u1ec7c c\u1ee7a m\u1ed9t<strong>\u00a0h\u1ec7 th\u1ed1ng bu\u1ed3ng phun s\u01a1n m\u00e0ng n\u01b0\u1edbc<\/strong>\u00a0nh\u01b0 sau:<\/p>\n<p>Khi l\u01b0\u1ee3ng b\u1ee5i \u0111\u01b0\u1ee3c ph\u00e1t sinh ra trong qu\u00e1 tr\u00ecnh phun s\u01a1n th\u00ec th\u00f4ng qua c\u00e1c l\u1ef1c h\u00fat c\u1ee7a qu\u1ea1t trong h\u1ec7 th\u1ed1ng bu\u1ed3ng phun s\u01a1n s\u1ebd t\u00e1ch c\u00e1c b\u1ee5i ra kh\u1ecfi kh\u00f4ng kh\u00ed d\u1ef1a tr\u00ean nguy\u00ean l\u00fd l\u1ef1c ly t\u00e2m.<\/p>\n<p>Sau \u0111\u00f3 ph\u1ea7n b\u1ee5i s\u1ebd ti\u1ebfp x\u00fac v\u1edbi m\u00e0ng n\u01b0\u1edbc v\u00e0 d\u00ednh v\u00e0o n\u01b0\u1edbc theo d\u00f2ng n\u01b0\u1edbc th\u1ea3i ra ph\u00eda b\u00ean ngo\u00e0i th\u00f4ng qua \u1ed1ng d\u1eabn. V\u00e0 kh\u00f4ng kh\u00ed sau khi \u0111\u01b0\u1ee3c t\u00e1ch b\u1ee5i s\u1ebd \u0111i theo l\u1ef1c h\u00fat c\u1ee7a qu\u1ea1t ra ngo\u00e0i th\u00f4ng qua \u0111\u01b0\u1eddng \u1ed1ng tho\u00e1t.<\/p>\n<p>N\u01b0\u1edbc t\u01b0\u1edbi v\u00e0o h\u1ed9p ph\u00e2n ph\u1ed1i (khay, m\u00e1ng) n\u1eb1m b\u00ean tr\u00ean v\u00e1ch ch\u1ea3y tr\u00e0n (m\u00e0ng n\u01b0\u1edbc) qua c\u00e1c \u1ed1ng n\u1ed1i v\u1edbi b\u01a1m n\u01b0\u1edbc. Khi tr\u00e0n qua m\u00e9p m\u00e1ng, n\u01b0\u1edbc t\u1ea1o th\u00e0nh m\u00e0n li\u00ean t\u1ee5c \u0111\u1ec3 b\u00e1m v\u00e0 gi\u1eef b\u1ee5i s\u01a1n.<\/p>\n<p>Ph\u00eda sau v\u00e1ch m\u00e0ng n\u01b0\u1edbc l\u00e0 t\u1ed5 h\u1ee3p c\u00e1c v\u00e1ch ng\u0103n v\u00e0 h\u1ec7 th\u1ed1ng v\u00f2i phun l\u00e0m nhi\u1ec7m v\u1ee5 ph\u00e2n ly n\u01b0\u1edbc kh\u1ecfi kh\u00f4ng kh\u00ed v\u00e0 r\u1eeda s\u1ea1ch b\u1ee5i s\u01a1n m\u1ed9t l\u1ea7n n\u1eefa tr\u01b0\u1edbc khi qua qu\u1ea1t theo \u0111\u01b0\u1eddng \u1ed1ng th\u1ea3i ra ngo\u00e0i. N\u01b0\u1edbc tu\u1ea7n ho\u00e0n \u0111\u01b0\u1ee3c b\u01a1m l\u1ea1i v\u00e0o m\u00e1ng. N\u01b0\u1edbc s\u1ea1ch \u0111\u01b0\u1ee3c thay theo chu k\u1ef3.<\/p>\n<figure id=\"attachment_17083\" class=\"wp-caption aligncenter\" style=\"width: 800px;\" aria-describedby=\"caption-attachment-17083\"><\/figure>\n<h2 id=\"pham_vi_ung_dung_cua_buong_phun_son_mang_nuoc\"><span style=\"color: #0000ff;\"><strong>Ph\u1ea1m vi \u1ee9ng d\u1ee5ng c\u1ee7a bu\u1ed3ng phun s\u01a1n m\u00e0ng n\u01b0\u1edbc<\/strong><\/span><\/h2>\n<p>Nh\u1edd v\u00e0o thi\u1ebft k\u1ebf v\u00e0 ho\u1ea1t \u0111\u1ed9ng hi\u1ec7u qu\u1ea3 m\u00e0 bu\u1ed3ng phun s\u01a1n m\u00e0ng n\u01b0\u1edbc c\u00f3 r\u1ea5t nhi\u1ec1u \u1ee9ng d\u1ee5ng nh\u01b0:<\/p>\n<ul>\n<li>\u0110\u01b0\u1ee3c d\u00f9ng trong s\u01a1n b\u00f3ng, s\u01a1n ph\u1ee7 c\u00e1c b\u1ec1 m\u1eb7t \u1edf nh\u00e0 m\u00e1y v\u00e0 x\u01b0\u1edfng s\u1ea3n xu\u1ea5t \u0111\u1ed3 g\u1ed7<\/li>\n<li>D\u00f9ng trong c\u00e1c nh\u00e0 m\u00e1y v\u00e0 x\u01b0\u1edfng s\u1ea3n xu\u1ea5t k\u00ednh<\/li>\n<li>S\u1eed d\u1ee5ng trong c\u00e1c nh\u00e0 m\u00e1y v\u00e0 x\u01b0\u1edfng s\u1ea3n xu\u1ea5t kim lo\u1ea1i<\/li>\n<\/ul>\n<figure id=\"attachment_17088\" class=\"wp-caption aligncenter\" style=\"width: 800px;\" aria-describedby=\"caption-attachment-17088\"><\/figure>\n<h2><span style=\"color: #0000ff;\"><strong>\u01afu \u0111i\u1ec3m c\u1ee7a h\u1ec7 th\u1ed1ng bu\u1ed3ng phun s\u01a1n m\u00e0ng n\u01b0\u1edbc<\/strong><\/span><\/h2>\n<ul>\n<li>Kh\u1ea3 n\u0103ng h\u00fat v\u00e0 l\u1ecdc b\u1ee5i s\u01a1n cao, v\u1ec7 sinh thi\u1ebft b\u1ecb d\u1ec5 d\u00e0ng.<\/li>\n<li>L\u01b0\u1ee3ng b\u1ee5i \u0111\u01b0\u1ee3c n\u01b0\u1edbc l\u1ecdc v\u00e0 l\u1eafng xu\u1ed1ng sau \u0111\u00f3 \u0111\u01b0\u1ee3c x\u1ea3 ra ngo\u00e0i kho\u1ea3ng 2 l\u1ea7n tr\u00ean 1 tu\u1ea7n. Do \u0111\u00f3, b\u1ec1 m\u1eb7t s\u01a1n s\u1ebd kh\u00f4ng lo b\u1ecb d\u00ednh b\u1ee5i b\u1ea9n hay kh\u00f4ng \u0111\u01b0\u1ee3c m\u1ecbn.<\/li>\n<li>H\u1ec7 th\u1ed1ng d\u1ec5 b\u1ea3o tr\u00ec h\u01a1n so v\u1edbi nh\u1eefng h\u1ec7 th\u1ed1ng kh\u00e1c trong s\u01a1n t\u0129nh \u0111i\u1ec7n, b\u1edfi qu\u1ea1t \u0111\u01b0\u1ee3c thi\u1ebft k\u1ebf r\u1ea5t d\u1ec5 v\u1ec7 sinh, c\u00e1c \u0111\u1ed9ng c\u01a1 th\u00ec \u0111\u01b0\u1ee3c \u0111\u1eb7t \u1edf b\u00ean ngo\u00e0i. Khi b\u1ea3o tr\u00ec ch\u1ec9 c\u1ea7n thao t\u00e1c \u0111\u01a1n gi\u1ea3n l\u00e0 xong.<\/li>\n<li>Khi qu\u00e1 t\u1ea3i, h\u1ec7 th\u1ed1ng s\u1ebd t\u1ef1 ng\u1eaft \u0111i\u1ec7n v\u00e0 ngo\u00e0i ra, khu v\u1ef1c s\u01a1n s\u1ebd kh\u00f4ng b\u1ecb \u00f4 nhi\u1ec5m v\u00ec b\u1ee5i s\u01a1n \u0111\u00e3 \u0111\u01b0\u1ee3c h\u00fat \u0111i v\u00e0 kh\u00f4ng b\u00e1m v\u00e0o s\u1ea3n ph\u1ea9m.<\/li>\n<li>\u0110em l\u1ea1i m\u00f4i tr\u01b0\u1eddng l\u00e0m vi\u1ec7c th\u00f4ng tho\u00e1ng v\u00e0 s\u1ea1ch s\u1ebd cho c\u00f4ng nh\u00e2n<\/li>\n<\/ul>\n<figure id=\"attachment_17034\" class=\"wp-caption aligncenter\" style=\"width: 800px;\" aria-describedby=\"caption-attachment-17034\"><\/figure>\n","protected":false},"excerpt":{"rendered":"<p><strong><span style=\"color: #0000ff;\">C\u00f4ng ngh\u1ec7:<\/span><\/strong> Bu\u1ed3ng phun s\u01a1n ki\u1ec3u m\u00e0ng n\u01b0\u1edbc<\/p>\n<p><strong><span style=\"color: #0000ff;\">T\u00ecnh tr\u1ea1ng:<\/span> <\/strong>C\u00f2n h\u00e0ng\u00a0 \u00a0 \u00a0 \u00a0 \u00a0 \u00a0 \u00a0 \u00a0 \u00a0 <strong><span style=\"color: #0000ff;\">\u00a0 \u00a0<\/span><\/strong><\/p>\n<p><strong> <span style=\"color: #0000ff;\">Gi\u00e1 th\u00e0nh:<\/span><\/strong> Li\u00ean h\u1ec7 <span style=\"color: #ff0000; font-size: 130%;\"><strong>hotline\u00a0<\/strong><\/span><\/p>\n<p><strong><span style=\"color: #0000ff;\">Ki\u1ec3u truy\u1ec1n \u0111\u1ed9ng: <\/span><\/strong>Truy\u1ec1n \u0111\u1ed9ng \u0111ai- gi\u00e1n ti\u1ebfp<\/p>\n<p><strong><span style=\"color: #0000ff;\">\u1ee8ng d\u1ee5ng:<\/span><\/strong> <span style=\"font-size: 105%; color: #000000;\">thu gom b\u1ee5i s\u01a1n t\u1eeb c\u00e1c m\u00e1y m\u00f3c thi\u1ebft b\u1ecb ph\u00e1t sinh ra trong qu\u00e1 tr\u00ecnh ho\u1ea1t \u0111\u1ed9ng \u1edf c\u00e1c x\u00ed nghi\u1ec7p s\u1ea3n xu\u1ea5t, nh\u00e0 m\u00e1y qua t\u1ea5m m\u00e0ng n\u01b0\u1edbc gi\u00fap kh\u00f4ng gian kh\u00f4ng b\u1ecb \u00f4 nhi\u1ec5m<\/span><\/p>\n<p>&nbsp;<\/p>\n","protected":false},"featured_media":154,"comment_status":"open","ping_status":"closed","template":"","meta":[],"product_cat":[27],"product_tag":[],"class_list":{"0":"post-153","1":"product","2":"type-product","3":"status-publish","4":"has-post-thumbnail","6":"product_cat-buong-phun-son","8":"first","9":"instock","10":"shipping-taxable","11":"product-type-simple"},"_links":{"self":[{"href":"https:\/\/store2.k-tech-services.com\/moitruong\/wp-json\/wp\/v2\/product\/153","targetHints":{"allow":["GET"]}}],"collection":[{"href":"https:\/\/store2.k-tech-services.com\/moitruong\/wp-json\/wp\/v2\/product"}],"about":[{"href":"https:\/\/store2.k-tech-services.com\/moitruong\/wp-json\/wp\/v2\/types\/product"}],"replies":[{"embeddable":true,"href":"https:\/\/store2.k-tech-services.com\/moitruong\/wp-json\/wp\/v2\/comments?post=153"}],"wp:featuredmedia":[{"embeddable":true,"href":"https:\/\/store2.k-tech-services.com\/moitruong\/wp-json\/wp\/v2\/media\/154"}],"wp:attachment":[{"href":"https:\/\/store2.k-tech-services.com\/moitruong\/wp-json\/wp\/v2\/media?parent=153"}],"wp:term":[{"taxonomy":"product_cat","embeddable":true,"href":"https:\/\/store2.k-tech-services.com\/moitruong\/wp-json\/wp\/v2\/product_cat?post=153"},{"taxonomy":"product_tag","embeddable":true,"href":"https:\/\/store2.k-tech-services.com\/moitruong\/wp-json\/wp\/v2\/product_tag?post=153"}],"curies":[{"name":"wp","href":"https:\/\/api.w.org\/{rel}","templated":true}]}}