{"id":237,"date":"2024-05-17T10:28:13","date_gmt":"2024-05-17T10:28:13","guid":{"rendered":"https:\/\/live.k-tech.net.vn\/wp-lehuynh\/?post_type=product&#038;p=237"},"modified":"2024-10-20T07:10:11","modified_gmt":"2024-10-20T07:10:11","slug":"may-ep-bun","status":"publish","type":"product","link":"https:\/\/store2.k-tech-services.com\/moitruong\/san-pham\/may-ep-bun\/","title":{"rendered":"M\u00e1y \u00e9p b\u00f9n"},"content":{"rendered":"","protected":false},"excerpt":{"rendered":"","protected":false},"featured_media":238,"comment_status":"open","ping_status":"closed","template":"","meta":[],"product_cat":[23],"product_tag":[],"class_list":{"0":"post-237","1":"product","2":"type-product","3":"status-publish","4":"has-post-thumbnail","6":"product_cat-may-ep-bun","8":"first","9":"instock","10":"shipping-taxable","11":"product-type-simple"},"_links":{"self":[{"href":"https:\/\/store2.k-tech-services.com\/moitruong\/wp-json\/wp\/v2\/product\/237","targetHints":{"allow":["GET"]}}],"collection":[{"href":"https:\/\/store2.k-tech-services.com\/moitruong\/wp-json\/wp\/v2\/product"}],"about":[{"href":"https:\/\/store2.k-tech-services.com\/moitruong\/wp-json\/wp\/v2\/types\/product"}],"replies":[{"embeddable":true,"href":"https:\/\/store2.k-tech-services.com\/moitruong\/wp-json\/wp\/v2\/comments?post=237"}],"wp:featuredmedia":[{"embeddable":true,"href":"https:\/\/store2.k-tech-services.com\/moitruong\/wp-json\/wp\/v2\/media\/238"}],"wp:attachment":[{"href":"https:\/\/store2.k-tech-services.com\/moitruong\/wp-json\/wp\/v2\/media?parent=237"}],"wp:term":[{"taxonomy":"product_cat","embeddable":true,"href":"https:\/\/store2.k-tech-services.com\/moitruong\/wp-json\/wp\/v2\/product_cat?post=237"},{"taxonomy":"product_tag","embeddable":true,"href":"https:\/\/store2.k-tech-services.com\/moitruong\/wp-json\/wp\/v2\/product_tag?post=237"}],"curies":[{"name":"wp","href":"https:\/\/api.w.org\/{rel}","templated":true}]}}