{"id":16,"date":"2024-04-19T02:32:56","date_gmt":"2024-04-19T02:32:56","guid":{"rendered":"https:\/\/live.k-tech.net.vn\/wp-nad\/?page_id=16"},"modified":"2024-07-06T09:39:49","modified_gmt":"2024-07-06T09:39:49","slug":"gioi-thieu","status":"publish","type":"page","link":"https:\/\/store2.k-tech-services.com\/mypham_lamdep\/trang-chu\/gioi-thieu\/","title":{"rendered":"Gi\u1edbi thi\u1ec7u"},"content":{"rendered":"\n  <div class=\"banner has-hover banner-gioithieu\" id=\"banner-389357124\">\n          <div class=\"banner-inner fill\">\n        <div class=\"banner-bg fill\" >\n            <div class=\"bg fill bg-fill \"><\/div>\n                                    \n                    <\/div>\n\t\t\n        <div class=\"banner-layers container\">\n            <div class=\"fill banner-link\"><\/div>            \n   <div id=\"text-box-1474499664\" class=\"text-box banner-layer hidden x50 md-x50 lg-x50 y50 md-y50 lg-y50 res-text\">\n                                <div class=\"text-box-content text dark\">\n              \n              <div class=\"text-inner text-center\">\n                  \n<h3 class=\"uppercase\"><strong>GI\u1edaI THI\u1ec6U<\/strong><\/h3>\n              <\/div>\n           <\/div>\n                            \n<style>\n#text-box-1474499664 {\n  width: 60%;\n}\n#text-box-1474499664 .text-box-content {\n  font-size: 100%;\n}\n<\/style>\n    <\/div>\n \n        <\/div>\n      <\/div>\n\n            \n<style>\n#banner-389357124 {\n  padding-top: 34.77%;\n  background-color: rgb(255,255,255);\n}\n#banner-389357124 .bg.bg-loaded {\n  background-image: url(https:\/\/store2.k-tech-services.com\/mypham_lamdep\/wp-content\/uploads\/2024\/07\/kumho-7.svg);\n}\n#banner-389357124 .bg {\n  background-position: 46% 24%;\n}\n<\/style>\n  <\/div>\n\n\n  <div id=\"page-header-184007850\" class=\"page-header-wrapper\">\n  <div class=\"page-title hidden dark featured-title\">\n\n        <div class=\"page-title-bg\">\n      <div class=\"title-bg fill bg-fill\"\n        data-parallax-container=\".page-title\"\n        data-parallax-background\n        data-parallax=\"-\">\n      <\/div>\n      <div class=\"title-overlay fill\"><\/div>\n    <\/div>\n    \n    <div class=\"page-title-inner container align-center flex-row medium-flex-wrap\" >\n              <div class=\"title-wrapper uppercase flex-col text-left medium-text-center\">\n          <h1 class=\"entry-title mb-0\">\n            Gi\u1edbi thi\u1ec7u          <\/h1>\n        <\/div>\n                    <div class=\"title-content flex-col flex-right text-right medium-text-center\">\n        <div class=\"title-share pt-half pb-half\"><div class=\"social-icons share-icons share-row relative\" ><a href=\"whatsapp:\/\/send?text=Gi%E1%BB%9Bi%20thi%E1%BB%87u - https:\/\/store2.k-tech-services.com\/mypham_lamdep\/trang-chu\/gioi-thieu\/\" data-action=\"share\/whatsapp\/share\" class=\"icon button circle is-outline tooltip whatsapp show-for-medium\" title=\"Chia s\u1ebb tr\u00ean WhatsApp\" aria-label=\"Chia s\u1ebb tr\u00ean WhatsApp\" ><i class=\"icon-whatsapp\" ><\/i><\/a><a href=\"https:\/\/www.facebook.com\/sharer.php?u=https:\/\/store2.k-tech-services.com\/mypham_lamdep\/trang-chu\/gioi-thieu\/\" data-label=\"Facebook\" onclick=\"window.open(this.href,this.title,'width=500,height=500,top=300px,left=300px'); return false;\" target=\"_blank\" class=\"icon button circle is-outline tooltip facebook\" title=\"Chia s\u1ebb tr\u00ean Facebook\" aria-label=\"Chia s\u1ebb tr\u00ean Facebook\" rel=\"noopener nofollow\" ><i class=\"icon-facebook\" ><\/i><\/a><a href=\"https:\/\/twitter.com\/share?url=https:\/\/store2.k-tech-services.com\/mypham_lamdep\/trang-chu\/gioi-thieu\/\" onclick=\"window.open(this.href,this.title,'width=500,height=500,top=300px,left=300px'); return false;\" target=\"_blank\" class=\"icon button circle is-outline tooltip twitter\" title=\"Chia s\u1ebb tr\u00ean Twitter\" aria-label=\"Chia s\u1ebb tr\u00ean Twitter\" rel=\"noopener nofollow\" ><i class=\"icon-twitter\" ><\/i><\/a><a href=\"mailto:?subject=Gi%E1%BB%9Bi%20thi%E1%BB%87u&body=H%C3%A3y%20ki%E1%BB%83m%20tra%20%C4%91i%E1%BB%81u%20n%C3%A0y%3A%20https%3A%2F%2Fstore2.k-tech-services.com%2Fmypham_lamdep%2Ftrang-chu%2Fgioi-thieu%2F\" class=\"icon button circle is-outline tooltip email\" title=\"Email cho b\u1ea1n b\u00e8\" aria-label=\"Email cho b\u1ea1n b\u00e8\" rel=\"nofollow\" ><i class=\"icon-envelop\" ><\/i><\/a><a href=\"https:\/\/pinterest.com\/pin\/create\/button?url=https:\/\/store2.k-tech-services.com\/mypham_lamdep\/trang-chu\/gioi-thieu\/&media&description=Gi%E1%BB%9Bi%20thi%E1%BB%87u\" onclick=\"window.open(this.href,this.title,'width=500,height=500,top=300px,left=300px'); return false;\" target=\"_blank\" class=\"icon button circle is-outline tooltip pinterest\" title=\"Ghim tr\u00ean Pinterest\" aria-label=\"Ghim tr\u00ean Pinterest\" rel=\"noopener nofollow\" ><i class=\"icon-pinterest\" ><\/i><\/a><a href=\"https:\/\/www.linkedin.com\/shareArticle?mini=true&url=https:\/\/store2.k-tech-services.com\/mypham_lamdep\/trang-chu\/gioi-thieu\/&title=Gi%E1%BB%9Bi%20thi%E1%BB%87u\" onclick=\"window.open(this.href,this.title,'width=500,height=500,top=300px,left=300px'); return false;\" target=\"_blank\" class=\"icon button circle is-outline tooltip linkedin\" title=\"Chia s\u1ebb tr\u00ean LinkedIn\" aria-label=\"Chia s\u1ebb tr\u00ean LinkedIn\" rel=\"noopener nofollow\" ><i class=\"icon-linkedin\" ><\/i><\/a><\/div><\/div>      <\/div>\n    <\/div>\n\n     \n<style>\n#page-header-184007850 {\n  margin-bottom: 0px;\n}\n#page-header-184007850 .title-bg {\n  background-image: url(https:\/\/store2.k-tech-services.com\/mypham_lamdep\/wp-content\/uploads\/2024\/05\/2.png);\n}\n<\/style>\n  <\/div>\n    <\/div>\n  \n\t<section class=\"section\" id=\"section_854858954\">\n\t\t<div class=\"bg section-bg fill bg-fill  bg-loaded\" >\n\n\t\t\t\n\t\t\t\n\t\t\t\n\n\t\t<\/div>\n\n\t\t\n\n\t\t<div class=\"section-content relative\">\n\t\t\t\n<div class=\"row\"  id=\"row-2110931328\">\n\n\t<div id=\"col-376344129\" class=\"col small-12 large-12\"  >\n\t\t\t\t<div class=\"col-inner\"  >\n\t\t\t\n\t\t\t\n<div class=\"row\"  id=\"row-664854988\">\n\n\t<div id=\"col-698406876\" class=\"col small-12 large-12\"  >\n\t\t\t\t<div class=\"col-inner text-center\"  >\n\t\t\t\n\t\t\t\n\t<div class=\"img has-hover x md-x lg-x y md-y lg-y\" id=\"image_957502594\">\n\t\t\t\t\t\t\t\t<div class=\"img-inner dark\" >\n\t\t\t<img loading=\"lazy\" decoding=\"async\" width=\"288\" height=\"100\" src=\"https:\/\/store2.k-tech-services.com\/mypham_lamdep\/wp-content\/uploads\/2024\/04\/logo-CONG-TY1.png\" class=\"attachment-original size-original\" alt=\"\" \/>\t\t\t\t\t\t\n\t\t\t\t\t<\/div>\n\t\t\t\t\t\t\t\t\n<style>\n#image_957502594 {\n  width: 30%;\n}\n<\/style>\n\t<\/div>\n\t\n\t\t<\/div>\n\t\t\t\t\t<\/div>\n\n\t\n<\/div>\n\t<div id=\"text-1264829646\" class=\"text\">\n\t\t\n<p><span style=\"color: #000000;\">C\u00f4ng ty C\u1ed5 Ph\u1ea7n Th\u01b0\u01a1ng M\u1ea1i NAD Vi\u1ec7t Nam th\u00e0nh l\u1eadp trong th\u1eddi \u0111i\u1ec3m kinh t\u1ebf h\u1ed9i nh\u1eadp s\u00e2u r\u1ed9ng, \u0111\u1eb7c bi\u1ec7t n\u1ec1n kinh t\u1ebf v\u1eabn c\u00f2n kh\u1ee7ng ho\u1ea3ng v\u1edbi r\u1ea5t nhi\u1ec1u kh\u00f3 kh\u0103n, c\u00e0ng \u0111\u1ea9y s\u1ef1 c\u1ea1nh tranh l\u00ean cao.<\/span><\/p>\n<p><span style=\"color: #000000;\">NAD Vi\u1ec7t nam kh\u1edfi \u0111\u1ed9ng, v\u01b0\u01a1n l\u00ean \u0111\u1ea7y n\u0103ng \u0111\u1ed9ng v\u00e0 s\u00e1ng t\u1ea1o. NAD Vi\u1ec7t nam quy\u1ebft t\u00e2m b\u1ee9t ph\u00e1 trong giai \u0111o\u1ea1n kh\u00f3 kh\u0103n, c\u00f9ng v\u1edbi s\u1ef1 n\u1ed7 l\u1ef1c kh\u00f4ng ng\u1eebng c\u1ee7a to\u00e0n b\u1ed9 nh\u00e2n vi\u00ean, nh\u00e0 ph\u00e2n ph\u1ed1i, \u0111\u1ea1i l\u00fd, nh\u00e0 cung c\u1ea5p v\u00e0 \u0111\u1ed1i t\u00e1c, NAD Vi\u1ec7t nam \u0111\u00e3 \u0111\u1ea1t \u0111\u01b0\u1ee3c nhi\u1ec1u th\u00e0nh t\u1ef1u to l\u1edbn, li\u00ean t\u1ee5c ph\u00e1t tri\u1ec3n l\u1edbn m\u1ea1nh v\u00e0 tr\u1edf th\u00e0nh c\u00f4ng ty h\u00e0ng \u0111\u1ea7u trong l\u0129nh v\u1ef1c h\u00e0ng ti\u00eau d\u00f9ng Vi\u1ec7t nam.<\/span><\/p>\n<p><span style=\"color: #000000;\">K\u1ec3 t\u1eeb khi th\u00e0nh l\u1eadp \u0111\u1ebfn nay, NAD Vi\u1ec7t nam \u0111\u00e3 kh\u00f4ng ng\u1eebng m\u1edf r\u1ed9ng th\u1ecb tr\u01b0\u1eddng trong n\u01b0\u1edbc m\u00e0 c\u00f2n v\u01b0\u01a1n t\u1edbi th\u1ecb tr\u01b0\u1eddng khu v\u1ef1c v\u00e0 qu\u1ed1c t\u1ebf. V\u1edbi quy m\u00f4 ph\u00e1t tri\u1ec3n NAD Vi\u1ec7t Nam \u0111\u00e3, \u0111ang v\u00e0 s\u1ebd kh\u00f4ng ng\u1eebng cung c\u1ea5p nh\u1eefng s\u1ea3n ph\u1ea9m c\u00f3 ch\u1ea5t l\u01b0\u1ee3ng cao v\u00e0 d\u1ecbch v\u1ee5 sau b\u00e1n h\u00e0ng ho\u00e0n h\u1ea3o nh\u1eb1m mang \u0111\u1ebfn s\u1ef1 h\u00e0i l\u00f2ng cao nh\u1ea5t cho kh\u00e1ch h\u00e0ng.<\/span><\/p>\n<p><span style=\"color: #000000;\">NAD Vi\u1ec7t Nam quy\u1ebft t\u00e2m x\u00e2y d\u1ef1ng, ph\u00e1t tri\u1ec3n b\u1ec1n v\u1eefng m\u1ed9t th\u01b0\u01a1ng hi\u1ec7u Vi\u1ec7t l\u1edbn m\u1ea1nh v\u01b0\u01a1n t\u1edbi khu v\u1ef1c trong n\u01b0\u1edbc v\u00e0 qu\u1ed1c t\u1ebf.<\/span><\/p>\n<p><span style=\"color: #000000;\">H\u01b0\u1edbng kinh doanh sang m\u00f4 h\u00ecnh k\u1ebft h\u1ee3p tr\u1ef1c tuy\u1ebfn v\u00e0 ngo\u1ea1i tuy\u1ebfn. C\u00f4ng ty \u0111\u00e3 t\u0103ng c\u01b0\u1eddng \u0111\u1ea7u t\u01b0 v\u00e0o c\u00e1c n\u1ec1n t\u1ea3ng th\u01b0\u01a1ng m\u1ea1i \u0111i\u1ec7n t\u1eed v\u00e0 t\u1ed1i \u01b0u h\u00f3a tr\u1ea3i nghi\u1ec7m mua s\u1eafm tr\u1ef1c tuy\u1ebfn cho kh\u00e1ch h\u00e0ng, \u0111\u1ed3ng th\u1eddi duy tr\u00ec s\u1ef1 t\u01b0\u01a1ng t\u00e1c c\u00e1 nh\u00e2n h\u00f3a th\u00f4ng qua c\u00e1c c\u1eeda h\u00e0ng v\u00e0 \u0111\u1ea1i l\u00fd. NAD Vi\u1ec7t Nam c\u0169ng \u0111\u00e3 m\u1edf r\u1ed9ng c\u00e1c k\u00eanh ph\u00e2n ph\u1ed1i, \u0111\u1ea3m b\u1ea3o r\u1eb1ng s\u1ea3n ph\u1ea9m c\u1ee7a h\u1ecd c\u00f3 th\u1ec3 d\u1ec5 d\u00e0ng ti\u1ebfp c\u1eadn kh\u00e1ch h\u00e0ng m\u1ecdi l\u00fac, m\u1ecdi n\u01a1i.<\/span><\/p>\n<p><span style=\"color: #000000;\">Ngo\u00e0i ra, c\u00f4ng ty c\u0169ng ch\u00fa tr\u1ecdng \u0111\u1ebfn vi\u1ec7c b\u1ea3o v\u1ec7 m\u00f4i tr\u01b0\u1eddng v\u00e0 ph\u00e1t tri\u1ec3n b\u1ec1n v\u1eefng. NAD Vi\u1ec7t Nam \u0111\u00e3 tri\u1ec3n khai nhi\u1ec1u s\u00e1ng ki\u1ebfn nh\u1eb1m gi\u1ea3m thi\u1ec3u t\u00e1c \u0111\u1ed9ng ti\u00eau c\u1ef1c \u0111\u1ebfn m\u00f4i tr\u01b0\u1eddng t\u1eeb quy tr\u00ecnh s\u1ea3n xu\u1ea5t c\u1ee7a m\u00ecnh. C\u00e1c ch\u01b0\u01a1ng tr\u00ecnh t\u00e1i ch\u1ebf v\u00e0 s\u1eed d\u1ee5ng l\u1ea1i nguy\u00ean li\u1ec7u \u0111\u00e3 \u0111\u01b0\u1ee3c \u00e1p d\u1ee5ng \u0111\u1ec3 t\u1ea1o ra c\u00e1c s\u1ea3n ph\u1ea9m th\u00e2n thi\u1ec7n v\u1edbi m\u00f4i tr\u01b0\u1eddng, ph\u00f9 h\u1ee3p v\u1edbi xu h\u01b0\u1edbng ti\u00eau d\u00f9ng xanh hi\u1ec7n nay.<\/span><\/p>\n<p><span style=\"color: #000000;\">Trong t\u01b0\u01a1ng lai, NAD Vi\u1ec7t Nam kh\u00f4ng ch\u1ec9 h\u01b0\u1edbng \u0111\u1ebfn vi\u1ec7c m\u1edf r\u1ed9ng th\u00eam c\u00e1c th\u1ecb tr\u01b0\u1eddng m\u1edbi m\u00e0 c\u00f2n t\u1eadp trung v\u00e0o vi\u1ec7c n\u00e2ng cao ch\u1ea5t l\u01b0\u1ee3ng d\u1ecbch v\u1ee5 v\u00e0 h\u1eadu m\u00e3i, v\u1edbi m\u1ee5c ti\u00eau tr\u1edf th\u00e0nh m\u1ed9t th\u01b0\u01a1ng hi\u1ec7u to\u00e0n c\u1ea7u \u0111\u01b0\u1ee3c kh\u00e1ch h\u00e0ng tin t\u01b0\u1edfng v\u00e0 y\u00eau m\u1ebfn. S\u1ef1 \u0111\u1ed5i m\u1edbi trong c\u00f4ng ngh\u1ec7 v\u00e0 qu\u1ea3n l\u00fd, c\u00f9ng v\u1edbi cam k\u1ebft kh\u00f4ng ng\u1eebng c\u1ea3i thi\u1ec7n s\u1ea3n ph\u1ea9m v\u00e0 d\u1ecbch v\u1ee5, s\u1ebd ti\u1ebfp t\u1ee5c l\u00e0 nh\u1eefng tr\u1ee5 c\u1ed9t ch\u00ednh gi\u00fap NAD Vi\u1ec7t Nam th\u1ef1c hi\u1ec7n s\u1ee9 m\u1ec7nh c\u1ee7a m\u00ecnh trong vi\u1ec7c t\u1ea1o ra gi\u00e1 tr\u1ecb b\u1ec1n v\u1eefng cho c\u1ed9ng \u0111\u1ed3ng v\u00e0 x\u00e3 h\u1ed9i.<\/span><\/p>\n\t\t\n<style>\n#text-1264829646 {\n  font-size: 1.1rem;\n  color: rgb(0,0,0);\n}\n#text-1264829646 > * {\n  color: rgb(0,0,0);\n}\n<\/style>\n\t<\/div>\n\t\n\t\t<\/div>\n\t\t\t\t\t<\/div>\n\n\t\n<\/div>\n\t\t<\/div>\n\n\t\t\n<style>\n#section_854858954 {\n  padding-top: 30px;\n  padding-bottom: 30px;\n}\n<\/style>\n\t<\/section>\n\t\n","protected":false},"excerpt":{"rendered":"","protected":false},"author":1,"featured_media":0,"parent":14,"menu_order":0,"comment_status":"closed","ping_status":"closed","template":"page-blank.php","meta":{"footnotes":""},"class_list":["post-16","page","type-page","status-publish","hentry"],"_links":{"self":[{"href":"https:\/\/store2.k-tech-services.com\/mypham_lamdep\/wp-json\/wp\/v2\/pages\/16","targetHints":{"allow":["GET"]}}],"collection":[{"href":"https:\/\/store2.k-tech-services.com\/mypham_lamdep\/wp-json\/wp\/v2\/pages"}],"about":[{"href":"https:\/\/store2.k-tech-services.com\/mypham_lamdep\/wp-json\/wp\/v2\/types\/page"}],"author":[{"embeddable":true,"href":"https:\/\/store2.k-tech-services.com\/mypham_lamdep\/wp-json\/wp\/v2\/users\/1"}],"replies":[{"embeddable":true,"href":"https:\/\/store2.k-tech-services.com\/mypham_lamdep\/wp-json\/wp\/v2\/comments?post=16"}],"version-history":[{"count":33,"href":"https:\/\/store2.k-tech-services.com\/mypham_lamdep\/wp-json\/wp\/v2\/pages\/16\/revisions"}],"predecessor-version":[{"id":1010,"href":"https:\/\/store2.k-tech-services.com\/mypham_lamdep\/wp-json\/wp\/v2\/pages\/16\/revisions\/1010"}],"up":[{"embeddable":true,"href":"https:\/\/store2.k-tech-services.com\/mypham_lamdep\/wp-json\/wp\/v2\/pages\/14"}],"wp:attachment":[{"href":"https:\/\/store2.k-tech-services.com\/mypham_lamdep\/wp-json\/wp\/v2\/media?parent=16"}],"curies":[{"name":"wp","href":"https:\/\/api.w.org\/{rel}","templated":true}]}}