{"id":18,"date":"2024-04-19T02:32:51","date_gmt":"2024-04-19T02:32:51","guid":{"rendered":"https:\/\/live.k-tech.net.vn\/wp-nad\/?page_id=18"},"modified":"2024-09-01T06:38:29","modified_gmt":"2024-09-01T06:38:29","slug":"chinh-sach-doi-tra","status":"publish","type":"page","link":"https:\/\/store2.k-tech-services.com\/mypham_lamdep\/chinh-sach-doi-tra\/","title":{"rendered":"Ch\u00ednh s\u00e1ch \u0111\u1ed5i tr\u1ea3"},"content":{"rendered":"\t<section class=\"section\" id=\"section_394235898\">\n\t\t<div class=\"bg section-bg fill bg-fill  bg-loaded\" >\n\n\t\t\t\n\t\t\t\n\t\t\t\n\n\t\t<\/div>\n\n\t\t\n\n\t\t<div class=\"section-content relative\">\n\t\t\t\n<div class=\"container section-title-container\" ><h3 class=\"section-title section-title-center\"><b><\/b><span class=\"section-title-main\" >Ch\u00ednh s\u00e1ch \u0111\u1ed5i tr\u1ea3<\/span><b><\/b><\/h3><\/div>\n<div class=\"row\" style=\"max-width:90%\" id=\"row-1229426566\">\n\n\t<div id=\"col-1431355981\" class=\"col small-12 large-12\"  >\n\t\t\t\t<div class=\"col-inner\"  >\n\t\t\t\n\t\t\t\n<p>NAD Vi\u1ec7t Nam lu\u00f4n cam k\u1ebft mang \u0111\u1ebfn cho kh\u00e1ch h\u00e0ng nh\u1eefng s\u1ea3n ph\u1ea9m kem \u0111\u00e1nh r\u0103ng v\u00e0 b\u00e0n ch\u1ea3i \u0111\u00e1nh r\u0103ng ch\u1ea5t l\u01b0\u1ee3ng cao nh\u1ea5t. \u0110\u1ec3 \u0111\u1ea3m b\u1ea3o s\u1ef1 h\u00e0i l\u00f2ng tuy\u1ec7t \u0111\u1ed1i c\u1ee7a kh\u00e1ch h\u00e0ng, ch\u00fang t\u00f4i cung c\u1ea5p m\u1ed9t ch\u00ednh s\u00e1ch \u0111\u1ed5i tr\u1ea3 minh b\u1ea1ch v\u00e0 d\u1ec5 d\u00e0ng th\u1ef1c hi\u1ec7n.<\/p>\n<h4>1. \u0110i\u1ec1u Ki\u1ec7n \u0110\u1ed5i Tr\u1ea3<\/h4>\n<ul>\n<li><strong>Th\u1eddi gian \u0111\u1ed5i tr\u1ea3:<\/strong> Qu\u00fd kh\u00e1ch c\u00f3 th\u1ec3 \u0111\u1ed5i ho\u1eb7c tr\u1ea3 h\u00e0ng trong v\u00f2ng <strong>30 ng\u00e0y<\/strong> k\u1ec3 t\u1eeb ng\u00e0y nh\u1eadn s\u1ea3n ph\u1ea9m.<\/li>\n<li><strong>T\u00ecnh tr\u1ea1ng s\u1ea3n ph\u1ea9m:<\/strong> S\u1ea3n ph\u1ea9m c\u1ea7n ph\u1ea3i c\u00f2n m\u1edbi, ch\u01b0a s\u1eed d\u1ee5ng v\u00e0 c\u00f2n nguy\u00ean v\u1eb9n trong bao b\u00ec g\u1ed1c. M\u1ecdi s\u1ea3n ph\u1ea9m \u0111\u1ed5i tr\u1ea3 ph\u1ea3i k\u00e8m theo h\u00f3a \u0111\u01a1n mua h\u00e0ng ho\u1eb7c ch\u1ee9ng t\u1eeb thanh to\u00e1n.<\/li>\n<li><strong>L\u00fd do \u0111\u1ed5i tr\u1ea3:<\/strong> Ch\u1ea5p nh\u1eadn \u0111\u1ed5i tr\u1ea3 do l\u1ed7i s\u1ea3n xu\u1ea5t, s\u1ea3n ph\u1ea9m kh\u00f4ng \u0111\u00fang nh\u01b0 m\u00f4 t\u1ea3 tr\u00ean website ho\u1eb7c do nh\u1ea7m l\u1eabn t\u1eeb ph\u00eda c\u00f4ng ty.<\/li>\n<\/ul>\n<h4>2. Quy Tr\u00ecnh \u0110\u1ed5i Tr\u1ea3<\/h4>\n<ul>\n<li><strong>B\u01b0\u1edbc 1: Li\u00ean h\u1ec7 h\u1ed7 tr\u1ee3.<\/strong> Qu\u00fd kh\u00e1ch vui l\u00f2ng li\u00ean h\u1ec7 v\u1edbi b\u1ed9 ph\u1eadn h\u1ed7 tr\u1ee3 kh\u00e1ch h\u00e0ng c\u1ee7a ch\u00fang t\u00f4i qua email kumhohq@gmail.com ho\u1eb7c s\u1ed1 \u0111i\u1ec7n tho\u1ea1i 0869059955 \u0111\u1ec3 th\u00f4ng b\u00e1o v\u1ec1 nhu c\u1ea7u \u0111\u1ed5i tr\u1ea3 s\u1ea3n ph\u1ea9m.<\/li>\n<li><strong>B\u01b0\u1edbc 2: G\u1eedi h\u00e0ng tr\u1ea3.<\/strong> \u0110\u00f3ng g\u00f3i s\u1ea3n ph\u1ea9m c\u1ea9n th\u1eadn v\u00e0 g\u1eedi tr\u1edf l\u1ea1i \u0111\u1ecba ch\u1ec9 kho h\u00e0ng c\u1ee7a ch\u00fang t\u00f4i. Chi ph\u00ed g\u1eedi h\u00e0ng tr\u1ea3 s\u1ebd \u0111\u01b0\u1ee3c ch\u00fang t\u00f4i ho\u00e0n l\u1ea1i n\u1ebfu l\u1ed7i do nh\u00e0 s\u1ea3n xu\u1ea5t ho\u1eb7c do l\u1ed7i t\u1eeb ph\u00eda c\u00f4ng ty.<\/li>\n<li><strong>B\u01b0\u1edbc 3: X\u00e1c nh\u1eadn v\u00e0 x\u1eed l\u00fd \u0111\u1ed5i tr\u1ea3.<\/strong> Sau khi nh\u1eadn \u0111\u01b0\u1ee3c s\u1ea3n ph\u1ea9m, ch\u00fang t\u00f4i s\u1ebd ki\u1ec3m tra t\u00ecnh tr\u1ea1ng v\u00e0 x\u1eed l\u00fd y\u00eau c\u1ea7u \u0111\u1ed5i tr\u1ea3 c\u1ee7a qu\u00fd kh\u00e1ch trong v\u00f2ng 7 ng\u00e0y l\u00e0m vi\u1ec7c. N\u1ebfu \u0111\u1ed5i s\u1ea3n ph\u1ea9m, s\u1ea3n ph\u1ea9m m\u1edbi s\u1ebd \u0111\u01b0\u1ee3c g\u1eedi \u0111\u1ebfn qu\u00fd kh\u00e1ch kh\u00f4ng m\u1ea5t ph\u00ed. N\u1ebfu tr\u1ea3 h\u00e0ng, s\u1ed1 ti\u1ec1n s\u1ebd \u0111\u01b0\u1ee3c ho\u00e0n tr\u1ea3 qua ph\u01b0\u01a1ng th\u1ee9c thanh to\u00e1n ban \u0111\u1ea7u.<\/li>\n<\/ul>\n<h4>3. L\u01b0u \u00dd<\/h4>\n<ul>\n<li>S\u1ea3n ph\u1ea9m khuy\u1ebfn m\u00e3i ho\u1eb7c gi\u1ea3m gi\u00e1 s\u1ebd kh\u00f4ng \u0111\u01b0\u1ee3c \u00e1p d\u1ee5ng ch\u00ednh s\u00e1ch \u0111\u1ed5i tr\u1ea3 n\u00e0y tr\u1eeb khi c\u00f3 l\u1ed7i t\u1eeb ph\u00eda nh\u00e0 s\u1ea3n xu\u1ea5t.<\/li>\n<li>Ch\u00fang t\u00f4i kh\u00f4ng ch\u1ea5p nh\u1eadn tr\u1ea3 h\u00e0ng do thay \u0111\u1ed5i \u00fd ki\u1ebfn c\u00e1 nh\u00e2n sau khi \u0111\u00e3 s\u1eed d\u1ee5ng s\u1ea3n ph\u1ea9m.<\/li>\n<\/ul>\n<p>NAD Vi\u1ec7t Nam hi\u1ec3u r\u1eb1ng vi\u1ec7c mua s\u1eafm tr\u1ef1c tuy\u1ebfn c\u00f3 th\u1ec3 g\u1eb7p ph\u1ea3i nhi\u1ec1u v\u1ea5n \u0111\u1ec1 kh\u00f4ng mong mu\u1ed1n, v\u00e0 ch\u00ednh s\u00e1ch \u0111\u1ed5i tr\u1ea3 c\u1ee7a ch\u00fang t\u00f4i \u0111\u01b0\u1ee3c thi\u1ebft k\u1ebf \u0111\u1ec3 \u0111\u1ea3m b\u1ea3o qu\u00e1 tr\u00ecnh n\u00e0y di\u1ec5n ra su\u00f4n s\u1ebb v\u00e0 thu\u1eadn ti\u1ec7n nh\u1ea5t cho qu\u00fd kh\u00e1ch. N\u1ebfu c\u00f3 b\u1ea5t k\u1ef3 th\u1eafc m\u1eafc hay c\u1ea7n h\u1ed7 tr\u1ee3 th\u00eam, xin vui l\u00f2ng li\u00ean h\u1ec7 v\u1edbi ch\u00fang t\u00f4i. C\u1ea3m \u01a1n b\u1ea1n \u0111\u00e3 tin t\u01b0\u1edfng v\u00e0 l\u1ef1a ch\u1ecdn s\u1ea3n ph\u1ea9m c\u1ee7a ch\u00fang t\u00f4i!<\/p>\n\t\t<\/div>\n\t\t\t\t\t<\/div>\n\n\t\n<\/div>\n\t\t<\/div>\n\n\t\t\n<style>\n#section_394235898 {\n  padding-top: 30px;\n  padding-bottom: 30px;\n}\n<\/style>\n\t<\/section>\n\t\n","protected":false},"excerpt":{"rendered":"","protected":false},"author":1,"featured_media":0,"parent":0,"menu_order":0,"comment_status":"closed","ping_status":"closed","template":"page-blank.php","meta":{"footnotes":""},"class_list":["post-18","page","type-page","status-publish","hentry"],"_links":{"self":[{"href":"https:\/\/store2.k-tech-services.com\/mypham_lamdep\/wp-json\/wp\/v2\/pages\/18","targetHints":{"allow":["GET"]}}],"collection":[{"href":"https:\/\/store2.k-tech-services.com\/mypham_lamdep\/wp-json\/wp\/v2\/pages"}],"about":[{"href":"https:\/\/store2.k-tech-services.com\/mypham_lamdep\/wp-json\/wp\/v2\/types\/page"}],"author":[{"embeddable":true,"href":"https:\/\/store2.k-tech-services.com\/mypham_lamdep\/wp-json\/wp\/v2\/users\/1"}],"replies":[{"embeddable":true,"href":"https:\/\/store2.k-tech-services.com\/mypham_lamdep\/wp-json\/wp\/v2\/comments?post=18"}],"version-history":[{"count":5,"href":"https:\/\/store2.k-tech-services.com\/mypham_lamdep\/wp-json\/wp\/v2\/pages\/18\/revisions"}],"predecessor-version":[{"id":1130,"href":"https:\/\/store2.k-tech-services.com\/mypham_lamdep\/wp-json\/wp\/v2\/pages\/18\/revisions\/1130"}],"wp:attachment":[{"href":"https:\/\/store2.k-tech-services.com\/mypham_lamdep\/wp-json\/wp\/v2\/media?parent=18"}],"curies":[{"name":"wp","href":"https:\/\/api.w.org\/{rel}","templated":true}]}}