{"id":231,"date":"2024-04-19T06:18:39","date_gmt":"2024-04-19T06:18:39","guid":{"rendered":"https:\/\/live.k-tech.net.vn\/wp-nad\/?page_id=231"},"modified":"2024-07-06T10:46:51","modified_gmt":"2024-07-06T10:46:51","slug":"san-pham","status":"publish","type":"page","link":"https:\/\/store2.k-tech-services.com\/mypham_lamdep\/san-pham\/","title":{"rendered":"S\u1ea3n ph\u1ea9m"},"content":{"rendered":"\n  <div class=\"banner has-hover\" id=\"banner-1772387000\">\n          <div class=\"banner-inner fill\">\n        <div class=\"banner-bg fill\" >\n            <div class=\"bg fill bg-fill \"><\/div>\n                        <div class=\"overlay\"><\/div>            \n                    <\/div>\n\t\t\n        <div class=\"banner-layers container\">\n            <div class=\"fill banner-link\"><\/div>            \n   <div id=\"text-box-1001041848\" class=\"text-box banner-layer x50 md-x50 lg-x50 y50 md-y50 lg-y50 res-text\">\n                                <div class=\"text-box-content text dark\">\n              \n              <div class=\"text-inner text-center\">\n                  \n              <\/div>\n           <\/div>\n                            \n<style>\n#text-box-1001041848 {\n  width: 60%;\n}\n#text-box-1001041848 .text-box-content {\n  font-size: 100%;\n}\n@media (min-width:550px) {\n  #text-box-1001041848 {\n    width: 60%;\n  }\n}\n<\/style>\n    <\/div>\n \n        <\/div>\n      <\/div>\n\n            \n<style>\n#banner-1772387000 {\n  padding-top: 36.97%;\n  background-color: rgb(255,255,255);\n}\n#banner-1772387000 .bg.bg-loaded {\n  background-image: url(https:\/\/store2.k-tech-services.com\/mypham_lamdep\/wp-content\/uploads\/2024\/07\/kumho-8.svg);\n}\n#banner-1772387000 .overlay {\n  background-color: rgba(0, 0, 0, 0.099);\n}\n#banner-1772387000 .bg {\n  background-position: 48% 56%;\n}\n<\/style>\n  <\/div>\n\n\n  <div id=\"page-header-1047188106\" class=\"page-header-wrapper\">\n  <div class=\"page-title hidden dark featured-title\">\n\n        <div class=\"page-title-bg\">\n      <div class=\"title-bg fill bg-fill\"\n        data-parallax-container=\".page-title\"\n        data-parallax-background\n        data-parallax=\"-\">\n      <\/div>\n      <div class=\"title-overlay fill\"><\/div>\n    <\/div>\n    \n    <div class=\"page-title-inner container align-center flex-row medium-flex-wrap\" >\n              <div class=\"title-wrapper flex-col text-left medium-text-center\">\n          <h1 class=\"entry-title mb-0\">\n            S\u1ea3n ph\u1ea9m          <\/h1>\n        <\/div>\n                    <div class=\"title-content flex-col flex-right text-right medium-text-center\">\n        <div class=\"title-share pt-half pb-half\"><div class=\"social-icons share-icons share-row relative\" ><a href=\"whatsapp:\/\/send?text=S%E1%BA%A3n%20ph%E1%BA%A9m - https:\/\/store2.k-tech-services.com\/mypham_lamdep\/san-pham\/\" data-action=\"share\/whatsapp\/share\" class=\"icon button circle is-outline tooltip whatsapp show-for-medium\" title=\"Chia s\u1ebb tr\u00ean WhatsApp\" aria-label=\"Chia s\u1ebb tr\u00ean WhatsApp\" ><i class=\"icon-whatsapp\" ><\/i><\/a><a href=\"https:\/\/www.facebook.com\/sharer.php?u=https:\/\/store2.k-tech-services.com\/mypham_lamdep\/san-pham\/\" data-label=\"Facebook\" onclick=\"window.open(this.href,this.title,'width=500,height=500,top=300px,left=300px'); return false;\" target=\"_blank\" class=\"icon button circle is-outline tooltip facebook\" title=\"Chia s\u1ebb tr\u00ean Facebook\" aria-label=\"Chia s\u1ebb tr\u00ean Facebook\" rel=\"noopener nofollow\" ><i class=\"icon-facebook\" ><\/i><\/a><a href=\"https:\/\/twitter.com\/share?url=https:\/\/store2.k-tech-services.com\/mypham_lamdep\/san-pham\/\" onclick=\"window.open(this.href,this.title,'width=500,height=500,top=300px,left=300px'); return false;\" target=\"_blank\" class=\"icon button circle is-outline tooltip twitter\" title=\"Chia s\u1ebb tr\u00ean Twitter\" aria-label=\"Chia s\u1ebb tr\u00ean Twitter\" rel=\"noopener nofollow\" ><i class=\"icon-twitter\" ><\/i><\/a><a href=\"mailto:?subject=S%E1%BA%A3n%20ph%E1%BA%A9m&body=H%C3%A3y%20ki%E1%BB%83m%20tra%20%C4%91i%E1%BB%81u%20n%C3%A0y%3A%20https%3A%2F%2Fstore2.k-tech-services.com%2Fmypham_lamdep%2Fsan-pham%2F\" class=\"icon button circle is-outline tooltip email\" title=\"Email cho b\u1ea1n b\u00e8\" aria-label=\"Email cho b\u1ea1n b\u00e8\" rel=\"nofollow\" ><i class=\"icon-envelop\" ><\/i><\/a><a href=\"https:\/\/pinterest.com\/pin\/create\/button?url=https:\/\/store2.k-tech-services.com\/mypham_lamdep\/san-pham\/&media&description=S%E1%BA%A3n%20ph%E1%BA%A9m\" onclick=\"window.open(this.href,this.title,'width=500,height=500,top=300px,left=300px'); return false;\" target=\"_blank\" class=\"icon button circle is-outline tooltip pinterest\" title=\"Ghim tr\u00ean Pinterest\" aria-label=\"Ghim tr\u00ean Pinterest\" rel=\"noopener nofollow\" ><i class=\"icon-pinterest\" ><\/i><\/a><a href=\"https:\/\/www.linkedin.com\/shareArticle?mini=true&url=https:\/\/store2.k-tech-services.com\/mypham_lamdep\/san-pham\/&title=S%E1%BA%A3n%20ph%E1%BA%A9m\" onclick=\"window.open(this.href,this.title,'width=500,height=500,top=300px,left=300px'); return false;\" target=\"_blank\" class=\"icon button circle is-outline tooltip linkedin\" title=\"Chia s\u1ebb tr\u00ean LinkedIn\" aria-label=\"Chia s\u1ebb tr\u00ean LinkedIn\" rel=\"noopener nofollow\" ><i class=\"icon-linkedin\" ><\/i><\/a><\/div><\/div>      <\/div>\n    <\/div>\n\n     \n<style>\n#page-header-1047188106 .title-bg {\n  background-image: url(https:\/\/store2.k-tech-services.com\/mypham_lamdep\/wp-content\/uploads\/2024\/05\/z5393314816215_381f19847d473f729923ad89e026520f-2.jpg);\n}\n<\/style>\n  <\/div>\n    <\/div>\n  \n\t<section class=\"section\" id=\"section_512325795\">\n\t\t<div class=\"bg section-bg fill bg-fill  bg-loaded\" >\n\n\t\t\t\n\t\t\t\n\t\t\t\n\n\t\t<\/div>\n\n\t\t\n\n\t\t<div class=\"section-content relative\">\n\t\t\t\n<div class=\"row row-large row-divided\"  id=\"row-2146577167\">\n\n\t<div id=\"col-1405341386\" class=\"col medium-9 small-12 large-9\"  >\n\t\t\t\t<div class=\"col-inner\"  >\n\t\t\t\n\t\t\t\n\t<div id=\"gap-921824430\" class=\"gap-element clearfix\" style=\"display:block; height:auto;\">\n\t\t\n<style>\n#gap-921824430 {\n  padding-top: 50px;\n}\n<\/style>\n\t<\/div>\n\t\n\n  \n    <div class=\"row large-columns-3 medium-columns- small-columns-2 row-large\" >\n  <div class=\"product-category col\" >\n            <div class=\"col-inner\">\n              <a aria-label=\"Visit product category T\u0103m B\u00f4ng\" href=\"https:\/\/store2.k-tech-services.com\/mypham_lamdep\/danh-muc-san-pham\/tam-bong\/\">                <div class=\"box box-category has-hover box-bounce \">\n                <div class=\"box-image\" style=\"border-radius:100%;\">\n                  <div class=\"image-cover\" style=\"padding-top:100%;\">\n                  <img loading=\"lazy\" decoding=\"async\" src=\"https:\/\/store2.k-tech-services.com\/mypham_lamdep\/wp-content\/uploads\/2024\/08\/DSC0141-scaled.jpg\" alt=\"T\u0103m B\u00f4ng\" width=\"300\" height=\"300\" \/>                                                      <\/div>\n                <\/div>\n                <div class=\"box-text text-center\" >\n                  <div class=\"box-text-inner\">\n                      <h5 class=\"uppercase header-title\">\n                              T\u0103m B\u00f4ng                      <\/h5>\n                                            <p class=\"is-xsmall uppercase count \">\n\t                      3 Products                      <\/p>\n                                            \n                  <\/div>\n                <\/div>\n                <\/div>\n            <\/a>            <\/div>\n            <\/div><div class=\"product-category col\" >\n            <div class=\"col-inner\">\n              <a aria-label=\"Visit product category B\u00e0n ch\u1ea3i \u0111\u00e1nh r\u0103ng\" href=\"https:\/\/store2.k-tech-services.com\/mypham_lamdep\/danh-muc-san-pham\/ban-chai-danh-rang\/\">                <div class=\"box box-category has-hover box-bounce \">\n                <div class=\"box-image\" style=\"border-radius:100%;\">\n                  <div class=\"image-cover\" style=\"padding-top:100%;\">\n                  <img loading=\"lazy\" decoding=\"async\" src=\"https:\/\/store2.k-tech-services.com\/mypham_lamdep\/wp-content\/uploads\/2024\/04\/DSC_2015-scaled-e1720528188188.jpg\" alt=\"B\u00e0n ch\u1ea3i \u0111\u00e1nh r\u0103ng\" width=\"300\" height=\"300\" \/>                                                      <\/div>\n                <\/div>\n                <div class=\"box-text text-center\" >\n                  <div class=\"box-text-inner\">\n                      <h5 class=\"uppercase header-title\">\n                              B\u00e0n ch\u1ea3i \u0111\u00e1nh r\u0103ng                      <\/h5>\n                                            <p class=\"is-xsmall uppercase count \">\n\t                      14 Products                      <\/p>\n                                            \n                  <\/div>\n                <\/div>\n                <\/div>\n            <\/a>            <\/div>\n            <\/div><div class=\"product-category col\" >\n            <div class=\"col-inner\">\n              <a aria-label=\"Visit product category B\u00f4ng T\u1ea9y Trang\" href=\"https:\/\/store2.k-tech-services.com\/mypham_lamdep\/danh-muc-san-pham\/bong-tay-trang\/\">                <div class=\"box box-category has-hover box-bounce \">\n                <div class=\"box-image\" style=\"border-radius:100%;\">\n                  <div class=\"image-cover\" style=\"padding-top:100%;\">\n                  <img loading=\"lazy\" decoding=\"async\" src=\"https:\/\/store2.k-tech-services.com\/mypham_lamdep\/wp-content\/uploads\/2024\/08\/cddda3ea-545e-4809-820f-37c4da1263c4-scaled.jpg\" alt=\"B\u00f4ng T\u1ea9y Trang\" width=\"300\" height=\"300\" \/>                                                      <\/div>\n                <\/div>\n                <div class=\"box-text text-center\" >\n                  <div class=\"box-text-inner\">\n                      <h5 class=\"uppercase header-title\">\n                              B\u00f4ng T\u1ea9y Trang                      <\/h5>\n                                            <p class=\"is-xsmall uppercase count \">\n\t                      3 Products                      <\/p>\n                                            \n                  <\/div>\n                <\/div>\n                <\/div>\n            <\/a>            <\/div>\n            <\/div><div class=\"product-category col\" >\n            <div class=\"col-inner\">\n              <a aria-label=\"Visit product category Kem \u0111\u00e1nh r\u0103ng\" href=\"https:\/\/store2.k-tech-services.com\/mypham_lamdep\/danh-muc-san-pham\/kem-danh-rang\/\">                <div class=\"box box-category has-hover box-bounce \">\n                <div class=\"box-image\" style=\"border-radius:100%;\">\n                  <div class=\"image-cover\" style=\"padding-top:100%;\">\n                  <img loading=\"lazy\" decoding=\"async\" src=\"https:\/\/store2.k-tech-services.com\/mypham_lamdep\/wp-content\/uploads\/2024\/06\/DSC01935-scaled.jpg\" alt=\"Kem \u0111\u00e1nh r\u0103ng\" width=\"300\" height=\"300\" \/>                                                      <\/div>\n                <\/div>\n                <div class=\"box-text text-center\" >\n                  <div class=\"box-text-inner\">\n                      <h5 class=\"uppercase header-title\">\n                              Kem \u0111\u00e1nh r\u0103ng                      <\/h5>\n                                            <p class=\"is-xsmall uppercase count \">\n\t                      3 Products                      <\/p>\n                                            \n                  <\/div>\n                <\/div>\n                <\/div>\n            <\/a>            <\/div>\n            <\/div><div class=\"product-category col\" >\n            <div class=\"col-inner\">\n              <a aria-label=\"Visit product category N\u01b0\u1edbc T\u1ea9y Trang\" href=\"https:\/\/store2.k-tech-services.com\/mypham_lamdep\/danh-muc-san-pham\/nuoc-tay-trang\/\">                <div class=\"box box-category has-hover box-bounce \">\n                <div class=\"box-image\" style=\"border-radius:100%;\">\n                  <div class=\"image-cover\" style=\"padding-top:100%;\">\n                  <img loading=\"lazy\" decoding=\"async\" src=\"https:\/\/store2.k-tech-services.com\/mypham_lamdep\/wp-content\/uploads\/2024\/06\/1.svg\" alt=\"N\u01b0\u1edbc T\u1ea9y Trang\" width=\"300\" height=\"300\" \/>                                                      <\/div>\n                <\/div>\n                <div class=\"box-text text-center\" >\n                  <div class=\"box-text-inner\">\n                      <h5 class=\"uppercase header-title\">\n                              N\u01b0\u1edbc T\u1ea9y Trang                      <\/h5>\n                                            <p class=\"is-xsmall uppercase count \">\n\t                      2 Products                      <\/p>\n                                            \n                  <\/div>\n                <\/div>\n                <\/div>\n            <\/a>            <\/div>\n            <\/div><\/div>\n\t\t<\/div>\n\t\t\t\t\t<\/div>\n\n\t\n\n\t<div id=\"col-1136571215\" class=\"col medium-3 small-12 large-3\"  >\n\t\t\t\t<div class=\"col-inner\"  >\n\t\t\t\n\t\t\t\n<ul class=\"sidebar-wrapper ul-reset\"><aside id=\"woocommerce_product_categories-2\" class=\"widget woocommerce widget_product_categories\"><span class=\"widget-title \"><span>Danh m\u1ee5c<\/span><\/span><div class=\"is-divider small\"><\/div><ul class=\"product-categories\"><li class=\"cat-item cat-item-21\"><a href=\"https:\/\/store2.k-tech-services.com\/mypham_lamdep\/danh-muc-san-pham\/ban-chai-danh-rang\/\">B\u00e0n ch\u1ea3i \u0111\u00e1nh r\u0103ng<\/a> <span class=\"count\">(14)<\/span><\/li>\n<li class=\"cat-item cat-item-24\"><a href=\"https:\/\/store2.k-tech-services.com\/mypham_lamdep\/danh-muc-san-pham\/bong-tay-trang\/\">B\u00f4ng T\u1ea9y Trang<\/a> <span class=\"count\">(3)<\/span><\/li>\n<li class=\"cat-item cat-item-22\"><a href=\"https:\/\/store2.k-tech-services.com\/mypham_lamdep\/danh-muc-san-pham\/kem-danh-rang\/\">Kem \u0111\u00e1nh r\u0103ng<\/a> <span class=\"count\">(3)<\/span><\/li>\n<li class=\"cat-item cat-item-23\"><a href=\"https:\/\/store2.k-tech-services.com\/mypham_lamdep\/danh-muc-san-pham\/nuoc-tay-trang\/\">N\u01b0\u1edbc T\u1ea9y Trang<\/a> <span class=\"count\">(2)<\/span><\/li>\n<li class=\"cat-item cat-item-20\"><a href=\"https:\/\/store2.k-tech-services.com\/mypham_lamdep\/danh-muc-san-pham\/tam-bong\/\">T\u0103m B\u00f4ng<\/a> <span class=\"count\">(3)<\/span><\/li>\n<\/ul><\/aside>\n\t\t<aside id=\"recent-posts-2\" class=\"widget widget_recent_entries\">\n\t\t<span class=\"widget-title \"><span>B\u00e0i vi\u1ebft m\u1edbi<\/span><\/span><div class=\"is-divider small\"><\/div>\n\t\t<ul>\n\t\t\t\t\t\t\t\t\t\t\t<li>\n\t\t\t\t\t<a href=\"https:\/\/store2.k-tech-services.com\/mypham_lamdep\/ban-da-biet-cach-phan-biet-giua-bong-tay-trang-100-tu-nhien-va-bong-pha-nylon-chua\/\">B\u1ea1n \u0111\u00e3 bi\u1ebft c\u00e1ch ph\u00e2n bi\u1ec7t gi\u1eefa B\u00f4ng T\u1ea9y Trang 100% T\u1ef1 Nhi\u00ean v\u00e0 B\u00f4ng Pha Nylon ch\u01b0a?<\/a>\n\t\t\t\t\t\t\t\t\t<\/li>\n\t\t\t\t\t\t\t\t\t\t\t<li>\n\t\t\t\t\t<a href=\"https:\/\/store2.k-tech-services.com\/mypham_lamdep\/ban-chai-danh-rang-kumho-han-quoc\/\">B\u00c0N CH\u1ea2I \u0110\u00c1NH R\u0102NG KUMHO H\u00c0N QU\u1ed0C<\/a>\n\t\t\t\t\t\t\t\t\t<\/li>\n\t\t\t\t\t\t\t\t\t\t\t<li>\n\t\t\t\t\t<a href=\"https:\/\/store2.k-tech-services.com\/mypham_lamdep\/loi-ich-cua-viec-giu-gin-ve-sinh-rang-mieng-ban-nen-biet-2\/\">L\u1ee2I \u00cdCH C\u1ee6A VI\u1ec6C GI\u1eee G\u00ccN V\u1ec6 SINH R\u0102NG MI\u1ec6NG B\u1ea0N N\u00caN BI\u1ebeT<\/a>\n\t\t\t\t\t\t\t\t\t<\/li>\n\t\t\t\t\t\t\t\t\t\t\t<li>\n\t\t\t\t\t<a href=\"https:\/\/store2.k-tech-services.com\/mypham_lamdep\/lam-sao-de-be-thich-danh-rang-cach-chon-ban-chai-danh-rang-cho-be\/\">L\u00e0m sao \u0111\u1ec3 b\u00e9 th\u00edch \u0111\u00e1nh r\u0103ng? C\u00e1ch ch\u1ecdn b\u00e0n ch\u1ea3i \u0111\u00e1nh r\u0103ng an to\u00e0n cho b\u00e9.<\/a>\n\t\t\t\t\t\t\t\t\t<\/li>\n\t\t\t\t\t\t\t\t\t\t\t<li>\n\t\t\t\t\t<a href=\"https:\/\/store2.k-tech-services.com\/mypham_lamdep\/nen-chon-ban-chai-danh-rang-long-cung-hay-long-mem\/\">N\u00ean ch\u1ecdn b\u00e0n ch\u1ea3i \u0111\u00e1nh r\u0103ng l\u00f4ng c\u1ee9ng hay l\u00f4ng m\u1ec1m?<\/a>\n\t\t\t\t\t\t\t\t\t<\/li>\n\t\t\t\t\t<\/ul>\n\n\t\t<\/aside><aside id=\"media_video-2\" class=\"widget widget_media_video\"><span class=\"widget-title \"><span>B\u00c0N CH\u1ea2I KUMHO HQ18<\/span><\/span><div class=\"is-divider small\"><\/div><div style=\"width:100%;\" class=\"wp-video\"><video class=\"wp-video-shortcode\" id=\"video-231-1\" preload=\"metadata\" controls=\"controls\"><source type=\"video\/mp4\" src=\"https:\/\/store2.k-tech-services.com\/mypham_lamdep\/wp-content\/uploads\/2024\/04\/2423003363161681145-hq15.mp4?_=1\" \/><source type=\"video\/mp4\" src=\"https:\/\/live.k-tech.net.vn\/wp-nad\/wp-content\/uploads\/2024\/04\/2423003363161681145-hq15.mp4?_=1\" \/><a href=\"https:\/\/store2.k-tech-services.com\/mypham_lamdep\/wp-content\/uploads\/2024\/04\/2423003363161681145-hq15.mp4\">https:\/\/store2.k-tech-services.com\/mypham_lamdep\/wp-content\/uploads\/2024\/04\/2423003363161681145-hq15.mp4<\/a><\/video><\/div><\/aside><aside id=\"media_video-3\" class=\"widget widget_media_video\"><span class=\"widget-title \"><span>B\u00c0N CH\u1ea2I KUMHO HQ17<\/span><\/span><div class=\"is-divider small\"><\/div><div style=\"width:100%;\" class=\"wp-video\"><video class=\"wp-video-shortcode\" id=\"video-231-2\" preload=\"metadata\" controls=\"controls\"><source type=\"video\/mp4\" src=\"https:\/\/store2.k-tech-services.com\/mypham_lamdep\/wp-content\/uploads\/2024\/04\/3570656915413692359-hq17.mp4?_=2\" \/><source type=\"video\/mp4\" src=\"https:\/\/live.k-tech.net.vn\/wp-nad\/wp-content\/uploads\/2024\/04\/3570656915413692359-hq17.mp4?_=2\" \/><a href=\"https:\/\/store2.k-tech-services.com\/mypham_lamdep\/wp-content\/uploads\/2024\/04\/3570656915413692359-hq17.mp4\">https:\/\/store2.k-tech-services.com\/mypham_lamdep\/wp-content\/uploads\/2024\/04\/3570656915413692359-hq17.mp4<\/a><\/video><\/div><\/aside><\/ul>\n\t\t<\/div>\n\t\t\t\t\t<\/div>\n\n\t\n<\/div>\n\t\t<\/div>\n\n\t\t\n<style>\n#section_512325795 {\n  padding-top: 30px;\n  padding-bottom: 30px;\n}\n<\/style>\n\t<\/section>\n\t\n","protected":false},"excerpt":{"rendered":"","protected":false},"author":1,"featured_media":0,"parent":0,"menu_order":0,"comment_status":"closed","ping_status":"closed","template":"page-blank.php","meta":{"footnotes":""},"class_list":["post-231","page","type-page","status-publish","hentry"],"_links":{"self":[{"href":"https:\/\/store2.k-tech-services.com\/mypham_lamdep\/wp-json\/wp\/v2\/pages\/231","targetHints":{"allow":["GET"]}}],"collection":[{"href":"https:\/\/store2.k-tech-services.com\/mypham_lamdep\/wp-json\/wp\/v2\/pages"}],"about":[{"href":"https:\/\/store2.k-tech-services.com\/mypham_lamdep\/wp-json\/wp\/v2\/types\/page"}],"author":[{"embeddable":true,"href":"https:\/\/store2.k-tech-services.com\/mypham_lamdep\/wp-json\/wp\/v2\/users\/1"}],"replies":[{"embeddable":true,"href":"https:\/\/store2.k-tech-services.com\/mypham_lamdep\/wp-json\/wp\/v2\/comments?post=231"}],"version-history":[{"count":21,"href":"https:\/\/store2.k-tech-services.com\/mypham_lamdep\/wp-json\/wp\/v2\/pages\/231\/revisions"}],"predecessor-version":[{"id":1014,"href":"https:\/\/store2.k-tech-services.com\/mypham_lamdep\/wp-json\/wp\/v2\/pages\/231\/revisions\/1014"}],"wp:attachment":[{"href":"https:\/\/store2.k-tech-services.com\/mypham_lamdep\/wp-json\/wp\/v2\/media?parent=231"}],"curies":[{"name":"wp","href":"https:\/\/api.w.org\/{rel}","templated":true}]}}