{"id":389,"date":"2024-04-20T12:33:29","date_gmt":"2024-04-20T12:33:29","guid":{"rendered":"https:\/\/live.k-tech.net.vn\/wp-nad\/?post_type=product&#038;p=389"},"modified":"2024-07-09T10:57:28","modified_gmt":"2024-07-09T10:57:28","slug":"bai-chai-danh-rang-kumho-hq12","status":"publish","type":"product","link":"https:\/\/store2.k-tech-services.com\/mypham_lamdep\/san-pham\/bai-chai-danh-rang-kumho-hq12\/","title":{"rendered":"B\u00e0i ch\u1ea3i \u0111\u00e1nh r\u0103ng KUMHO HQ12"},"content":{"rendered":"\r\n<p><span class=\"has-inline-color has-vivid-cyan-blue-color\">V\u1edbi c\u1ea5u tr\u00fac l\u00f4ng xo\u1eafn k\u00e9p, \u0111\u01b0\u1eddng k\u00ednh l\u00f4ng si\u00eau m\u1ea3nh, thi\u1ebft k\u1ebf ki\u1ec3u d\u00e1ng t\u00e2n c\u1ed5 \u0111i\u1ec3n, c\u00f4ng d\u1ee5ng l\u00e0m s\u1ea1ch r\u0103ng v\u01b0\u1ee3t tr\u1ed9i g\u1ea5p 5 l\u1ea7n so v\u1edbi b\u00e0n ch\u1ea3i th\u00f4ng th\u01b0\u1eddng. B\u00e0n ch\u1ea3i \u0111\u00e1nh r\u0103ng Kumho HQ12 h\u1ee9a h\u1eb9n l\u00e0 m\u00e3 b\u00e0n ch\u1ea3i \u0111\u01b0\u1ee3c tin d\u00f9ng s\u1ed1 1 tr\u00ean th\u1ecb tr\u01b0\u1eddng trong n\u01b0\u1edbc v\u00e0 qu\u1ed1c<\/span> <span class=\"has-inline-color has-vivid-cyan-blue-color\">t\u1ebf.<\/span><\/p>\r\n\r\n\r\n\r\n<figure class=\"wp-block-gallery columns-2 is-cropped wp-block-gallery-1 is-layout-flex wp-block-gallery-is-layout-flex\">\r\n<ul class=\"blocks-gallery-grid\">\r\n<li class=\"blocks-gallery-item\">\r\n<figure><img decoding=\"async\" class=\"wp-image-1259\" src=\"https:\/\/nad.vn\/wp-content\/uploads\/2024\/01\/59.jpg\" alt=\"\" data-id=\"1259\" data-full-url=\"https:\/\/nad.vn\/wp-content\/uploads\/2024\/01\/59.jpg\" data-link=\"https:\/\/nad.vn\/?attachment_id=1259\" \/><\/figure>\r\n<\/li>\r\n<li class=\"blocks-gallery-item\">\r\n<figure><img decoding=\"async\" class=\"wp-image-1260\" src=\"https:\/\/nad.vn\/wp-content\/uploads\/2024\/01\/60.jpg\" alt=\"\" data-id=\"1260\" data-full-url=\"https:\/\/nad.vn\/wp-content\/uploads\/2024\/01\/60.jpg\" data-link=\"https:\/\/nad.vn\/?attachment_id=1260\" \/><\/figure>\r\n<\/li>\r\n<\/ul>\r\n<\/figure>\r\n\r\n\r\n\r\n<p>S\u1ea3n ph\u1ea9m \u0111\u01b0\u1ee3c c\u1ea5u t\u1ea1o t\u1eeb 47 c\u1ee5m l\u00f4ng t\u01a1 si\u00eau m\u1ec1m v\u00e0 m\u1ea3nh g\u1ed3m 2 lo\u1ea1i l\u00f4ng v\u1edbi \u0111\u01b0\u1eddng k\u00ednh l\u00f4ng xo\u1eafn k\u00e9p l\u00e0 0,15mm, \u0111\u01b0\u1eddng k\u00ednh l\u00f4ng th\u01b0\u1eddng 0,12mm gi\u00fap d\u1ec5 d\u00e0ng len l\u1ecfi v\u00e0o t\u1eebng k\u1ebd r\u0103ng nh\u1ecf nh\u1ea5t. Chi\u1ec1u cao l\u00f4ng b\u00e0n ch\u1ea3i 11mm, chi\u1ec1u d\u00e0i c\u00e1n 190mm gi\u00fap d\u1ec5 d\u00e0ng c\u1ea7m n\u1eafm v\u00e0 thu\u1eadn ti\u1ec7n di chuy\u1ec3n l\u00ean xu\u1ed1ng trong qu\u00e1 tr\u00ecnh ch\u1ea3i r\u0103ng<\/p>\r\n\r\n\r\n\r\n<figure class=\"wp-block-gallery columns-2 is-cropped wp-block-gallery-2 is-layout-flex wp-block-gallery-is-layout-flex\">\r\n<ul class=\"blocks-gallery-grid\">\r\n<li class=\"blocks-gallery-item\">\r\n<figure><img decoding=\"async\" class=\"wp-image-1261\" src=\"https:\/\/nad.vn\/wp-content\/uploads\/2024\/01\/34.jpg\" alt=\"\" data-id=\"1261\" data-full-url=\"https:\/\/nad.vn\/wp-content\/uploads\/2024\/01\/34.jpg\" data-link=\"https:\/\/nad.vn\/?attachment_id=1261\" \/><\/figure>\r\n<\/li>\r\n<li class=\"blocks-gallery-item\">\r\n<figure><img decoding=\"async\" class=\"wp-image-1262\" src=\"https:\/\/nad.vn\/wp-content\/uploads\/2024\/01\/35.jpg\" alt=\"\" data-id=\"1262\" data-full-url=\"https:\/\/nad.vn\/wp-content\/uploads\/2024\/01\/35.jpg\" data-link=\"https:\/\/nad.vn\/?attachment_id=1262\" \/><\/figure>\r\n<\/li>\r\n<\/ul>\r\n<\/figure>\r\n\r\n\r\n\r\n<p>L\u00f4ng b\u00e0n ch\u1ea3i \u0111\u01b0\u1ee3c c\u1ea5u t\u1ea1o t\u1eeb c\u00e1c s\u1ee3i t\u01a1 PBT( M\u1ed9t lo\u1ea1i ch\u1ea5t li\u1ec7u chuy\u00ean d\u00f9ng trong l\u0129nh v\u1ef1c y t\u1ebf) an to\u00e0n v\u00e0 c\u00f3 \u0111\u1ed9 b\u1ec1n cao. C\u00e1n b\u00e0n ch\u1ea3i \u0111\u01b0\u1ee3c h\u00ecnh th\u00e0nh t\u1eeb nh\u1ef1a PP cao c\u1ea5p v\u00e0 nh\u1ef1a PETG. \u0110\u00e2y l\u00e0 2 lo\u1ea1i ch\u1ea5t li\u1ec7u \u0111\u1ea3m b\u1ea3o an to\u00e0n tuy\u1ec7t \u0111\u1ed1i cho ng\u01b0\u1eddi s\u1eed d\u1ee5ng, h\u01a1n n\u1eefa \u0111\u00e2y l\u00e0 lo\u1ea1i ch\u1ea5t li\u1ec7u th\u00e2n thi\u1ec7n v\u1edbi m\u00f4i tr\u01b0\u1eddng \u0111\u01b0\u1ee3c chuy\u00ean gia khuy\u00ean d\u00f9ng<\/p>\r\n\r\n\r\n\r\n<figure class=\"wp-block-gallery columns-2 is-cropped wp-block-gallery-3 is-layout-flex wp-block-gallery-is-layout-flex\">\r\n<ul class=\"blocks-gallery-grid\">\r\n<li class=\"blocks-gallery-item\">\r\n<figure><img decoding=\"async\" class=\"wp-image-1263\" src=\"https:\/\/nad.vn\/wp-content\/uploads\/2024\/01\/30.jpg\" alt=\"\" data-id=\"1263\" data-full-url=\"https:\/\/nad.vn\/wp-content\/uploads\/2024\/01\/30.jpg\" data-link=\"https:\/\/nad.vn\/?attachment_id=1263\" \/><\/figure>\r\n<\/li>\r\n<li class=\"blocks-gallery-item\">\r\n<figure><img decoding=\"async\" class=\"wp-image-1264\" src=\"https:\/\/nad.vn\/wp-content\/uploads\/2024\/01\/32.jpg\" alt=\"\" data-id=\"1264\" data-full-url=\"https:\/\/nad.vn\/wp-content\/uploads\/2024\/01\/32.jpg\" data-link=\"https:\/\/nad.vn\/?attachment_id=1264\" \/><\/figure>\r\n<\/li>\r\n<\/ul>\r\n<\/figure>\r\n\r\n\r\n\r\n<p>\u2022 Tay c\u1ea7m b\u00e0n ch\u1ea3i \u0111\u01b0\u1ee3c thi\u1ebft k\u1ebf v\u1edbi phong c\u00e1ch t\u00e2n c\u1ed5 \u0111i\u1ec3n \u0111\u01a1n gi\u1ea3n m\u00e0 hi\u1ec7n \u0111\u1ea1i, sang tr\u1ecdng gi\u00fap d\u1ec5 d\u00e0ng v\u1ec7 sinh. C\u1ed5 b\u00e0n ch\u1ea3i thi\u1ebft k\u1ebf cong nh\u1eb9, \u00f4m v\u1eeba v\u1eb7n gi\u00fap ng\u01b0\u1eddi ch\u1ea3i r\u0103ng c\u00f3 th\u1ec3 tho\u1ea3i m\u00e1i thay \u0111\u1ed5i g\u00f3c ch\u1ea3i d\u1ec5 r\u00e0ng. V\u1edbi ch\u1ea5t li\u1ec7u nh\u1ef1a \u0111\u1eb7c bi\u1ec7t ng\u0103n ch\u1eb7n vi khu\u1ea9n v\u00e0 b\u00e1m b\u1ea9n m\u1ed1c n\u01a1i \u1ea9m \u01b0\u1edbt. \u2022 \u0110\u1ea7u b\u00e0n ch\u1ea3i thi\u1ebft k\u1ebf theo h\u00ecnh d\u00e1ng \u0111\u1ea7u to v\u00e0 nhi\u1ec1u l\u00f4ng gi\u00fap ch\u1ea3i s\u1ea1ch r\u0103ng m\u1ed9t c\u00e1ch nhanh ch\u00f3ng. C\u1ea5u tr\u00fac l\u00f4ng xo\u1eafn k\u00e9p l\u00e0m t\u0103ng \u0111\u1ed9 \u0111\u00e0n h\u1ed3i khi thao t\u00e1c ch\u00e0 r\u0103ng k\u1ebft h\u1ee3p v\u1edbi c\u00f4ng ngh\u1ec7 di\u1ec7t khu\u1ea9n nano silver, b\u1ec1 m\u1eb7t b\u00e0n ch\u1ea3i r\u1ed9ng gi\u00fap d\u1ec5 d\u00e0ng l\u00e0m s\u1ea1ch khoang mi\u1ec7ng nhanh h\u01a1n g\u1ea5p 5 l\u1ea7n b\u00ecnh th\u01b0\u1eddng<\/p>\r\n\r\n\r\n\r\n<figure class=\"wp-block-gallery columns-2 is-cropped wp-block-gallery-4 is-layout-flex wp-block-gallery-is-layout-flex\">\r\n<ul class=\"blocks-gallery-grid\">\r\n<li class=\"blocks-gallery-item\">\r\n<figure><img decoding=\"async\" class=\"wp-image-1265\" src=\"https:\/\/nad.vn\/wp-content\/uploads\/2024\/01\/33.jpg\" alt=\"\" data-id=\"1265\" data-full-url=\"https:\/\/nad.vn\/wp-content\/uploads\/2024\/01\/33.jpg\" data-link=\"https:\/\/nad.vn\/?attachment_id=1265\" \/><\/figure>\r\n<\/li>\r\n<li class=\"blocks-gallery-item\">\r\n<figure><img decoding=\"async\" class=\"wp-image-1266\" src=\"https:\/\/nad.vn\/wp-content\/uploads\/2024\/01\/35-1.jpg\" alt=\"\" data-id=\"1266\" data-full-url=\"https:\/\/nad.vn\/wp-content\/uploads\/2024\/01\/35-1.jpg\" data-link=\"https:\/\/nad.vn\/?attachment_id=1266\" \/><\/figure>\r\n<\/li>\r\n<\/ul>\r\n<\/figure>\r\n\r\n\r\n\r\n<p>B\u00e0n Ch\u1ea3i Kumho HQ12 gi\u00fap lo\u1ea1i b\u1ecf, \u0111\u00e1nh tan m\u1ea3ng b\u00e1m tr\u00ean b\u1ec1 m\u1eb7t r\u0103ng m\u00e0 kh\u00f4ng l\u00e0m t\u1ed5n th\u01b0\u01a1ng r\u0103ng, gi\u00fap vi\u1ec7c ch\u0103m s\u00f3c khoang mi\u1ec7ng v\u00e0 m\u00e1t xa n\u01b0\u1edbu, l\u1ee3i \u0111\u1ea1t hi\u1ec7u qu\u1ea3 t\u1ed1t nh\u1ea5t<\/p>\r\n","protected":false},"excerpt":{"rendered":"<p>V\u1edbi c\u1ea5u tr\u00fac l\u00f4ng xo\u1eafn k\u00e9p, \u0111\u01b0\u1eddng k\u00ednh l\u00f4ng si\u00eau m\u1ea3nh, thi\u1ebft k\u1ebf ki\u1ec3u d\u00e1ng t\u00e2n c\u1ed5 \u0111i\u1ec3n, c\u00f4ng d\u1ee5ng l\u00e0m s\u1ea1ch r\u0103ng v\u01b0\u1ee3t tr\u1ed9i g\u1ea5p 5 l\u1ea7n so v\u1edbi b\u00e0n ch\u1ea3i th\u00f4ng th\u01b0\u1eddng. B\u00e0n ch\u1ea3i \u0111\u00e1nh r\u0103ng Kumho HQ12 h\u1ee9a h\u1eb9n l\u00e0 m\u00e3 b\u00e0n ch\u1ea3i \u0111\u01b0\u1ee3c tin d\u00f9ng s\u1ed1 1 tr\u00ean th\u1ecb tr\u01b0\u1eddng trong&#8230;<\/p>\n","protected":false},"featured_media":395,"comment_status":"open","ping_status":"closed","template":"","meta":[],"product_cat":[21],"product_tag":[],"class_list":{"0":"post-389","1":"product","2":"type-product","3":"status-publish","4":"has-post-thumbnail","6":"product_cat-ban-chai-danh-rang","8":"first","9":"instock","10":"shipping-taxable","11":"product-type-simple"},"_links":{"self":[{"href":"https:\/\/store2.k-tech-services.com\/mypham_lamdep\/wp-json\/wp\/v2\/product\/389","targetHints":{"allow":["GET"]}}],"collection":[{"href":"https:\/\/store2.k-tech-services.com\/mypham_lamdep\/wp-json\/wp\/v2\/product"}],"about":[{"href":"https:\/\/store2.k-tech-services.com\/mypham_lamdep\/wp-json\/wp\/v2\/types\/product"}],"replies":[{"embeddable":true,"href":"https:\/\/store2.k-tech-services.com\/mypham_lamdep\/wp-json\/wp\/v2\/comments?post=389"}],"wp:featuredmedia":[{"embeddable":true,"href":"https:\/\/store2.k-tech-services.com\/mypham_lamdep\/wp-json\/wp\/v2\/media\/395"}],"wp:attachment":[{"href":"https:\/\/store2.k-tech-services.com\/mypham_lamdep\/wp-json\/wp\/v2\/media?parent=389"}],"wp:term":[{"taxonomy":"product_cat","embeddable":true,"href":"https:\/\/store2.k-tech-services.com\/mypham_lamdep\/wp-json\/wp\/v2\/product_cat?post=389"},{"taxonomy":"product_tag","embeddable":true,"href":"https:\/\/store2.k-tech-services.com\/mypham_lamdep\/wp-json\/wp\/v2\/product_tag?post=389"}],"curies":[{"name":"wp","href":"https:\/\/api.w.org\/{rel}","templated":true}]}}