{"id":413,"date":"2024-04-20T12:44:04","date_gmt":"2024-04-20T12:44:04","guid":{"rendered":"https:\/\/live.k-tech.net.vn\/wp-nad\/?post_type=product&#038;p=413"},"modified":"2024-07-09T11:02:50","modified_gmt":"2024-07-09T11:02:50","slug":"bai-chai-danh-rang-kumho-hq14","status":"publish","type":"product","link":"https:\/\/store2.k-tech-services.com\/mypham_lamdep\/san-pham\/bai-chai-danh-rang-kumho-hq14\/","title":{"rendered":"B\u00e0i ch\u1ea3i \u0111\u00e1nh r\u0103ng KUMHO HQ14"},"content":{"rendered":"\r\n<blockquote class=\"wp-block-quote is-layout-flow wp-block-quote-is-layout-flow\"><span class=\"has-inline-color has-vivid-cyan-blue-color\">B\u1ea1n b\u1ecb r\u0103ng \u00ea bu\u1ed1t do m\u00f2n c\u1ed5 ch\u00e2n r\u0103ng, men r\u0103ng y\u1ebfu, \u1ed1 v\u00e0ng,.. b\u00e0n ch\u1ea3i \u0111\u00e1nh r\u0103ng Kumho HQ14 s\u1ebd l\u00e0 c\u1ee9u tinh cho s\u1ee9c kh\u1ecfe r\u0103ng mi\u1ec7ng c\u1ee7a b\u1ea1n.<\/span><\/blockquote>\r\n\r\n\r\n\r\n<p>S\u1ea3n ph\u1ea9m \u0111\u01b0\u1ee3c c\u1ea5u t\u1ea1o t\u1eeb 32 c\u1ee5m l\u00f4ng t\u01a1 si\u00eau m\u1ec1m v\u00e0 m\u1ea3nh g\u1ed3m 2 lo\u1ea1i l\u00f4ng v\u1edbi \u0111\u01b0\u1eddng k\u00ednh l\u00f4ng xo\u1eafn k\u00e9p l\u00e0 0,15mm, \u0111\u01b0\u1eddng k\u00ednh l\u00f4ng th\u01b0\u1eddng 0,12mm gi\u00fap d\u1ec5 d\u00e0ng len l\u1ecfi v\u00e0o t\u1eebng k\u1ebd r\u0103ng nh\u1ecf nh\u1ea5t. Chi\u1ec1u cao l\u00f4ng b\u00e0n ch\u1ea3i 11mm, chi\u1ec1u d\u00e0i c\u00e1n b\u00e0n ch\u1ea3i 190mm gi\u00fap d\u1ec5 d\u00e0ng c\u1ea7m n\u1eafm v\u00e0 thu\u1eadn ti\u1ec7n di chuy\u1ec3n l\u00ean xu\u1ed1ng trong qu\u00e1 tr\u00ecnh ch\u1ea3i r\u0103ng<\/p>\r\n\r\n\r\n\r\n<figure class=\"wp-block-gallery columns-2 is-cropped wp-block-gallery-1 is-layout-flex wp-block-gallery-is-layout-flex\">\r\n<ul class=\"blocks-gallery-grid\">\r\n<li class=\"blocks-gallery-item\">\r\n<figure><img decoding=\"async\" class=\"wp-image-1269\" src=\"https:\/\/nad.vn\/wp-content\/uploads\/2024\/01\/61.jpg\" alt=\"\" data-id=\"1269\" data-full-url=\"https:\/\/nad.vn\/wp-content\/uploads\/2024\/01\/61.jpg\" data-link=\"https:\/\/nad.vn\/?attachment_id=1269\" \/><\/figure>\r\n<\/li>\r\n<li class=\"blocks-gallery-item\">\r\n<figure><img decoding=\"async\" class=\"wp-image-1270\" src=\"https:\/\/nad.vn\/wp-content\/uploads\/2024\/01\/62.jpg\" alt=\"\" data-id=\"1270\" data-full-url=\"https:\/\/nad.vn\/wp-content\/uploads\/2024\/01\/62.jpg\" data-link=\"https:\/\/nad.vn\/?attachment_id=1270\" \/><\/figure>\r\n<\/li>\r\n<\/ul>\r\n<\/figure>\r\n\r\n\r\n\r\n<p>L\u00f4ng b\u00e0n ch\u1ea3i \u0111\u01b0\u1ee3c c\u1ea5u t\u1ea1o t\u1eeb c\u00e1c s\u1ee3i t\u01a1 PBT( M\u1ed9t lo\u1ea1i ch\u1ea5t li\u1ec7u chuy\u00ean d\u00f9ng trong l\u0129nh v\u1ef1c y t\u1ebf) an to\u00e0n v\u00e0 c\u00f3 \u0111\u1ed9 b\u1ec1n cao. C\u00e1n b\u00e0n ch\u1ea3i \u0111\u01b0\u1ee3c h\u00ecnh th\u00e0nh t\u1eeb nh\u1ef1a PP cao c\u1ea5p v\u00e0 nh\u1ef1a PETG. \u0110\u00e2y l\u00e0 2 lo\u1ea1i ch\u1ea5t li\u1ec7u \u0111\u1ea3m b\u1ea3o an to\u00e0n tuy\u1ec7t \u0111\u1ed1i cho ng\u01b0\u1eddi s\u1eed d\u1ee5ng, h\u01a1n n\u1eefa \u0111\u00e2y l\u00e0 lo\u1ea1i ch\u1ea5t li\u1ec7u th\u00e2n thi\u1ec7n v\u1edbi m\u00f4i tr\u01b0\u1eddng \u0111\u01b0\u1ee3c nh\u00e0 n\u01b0\u1edbc khuy\u00ean d\u00f9ng<\/p>\r\n\r\n\r\n\r\n<figure class=\"wp-block-gallery columns-2 is-cropped wp-block-gallery-2 is-layout-flex wp-block-gallery-is-layout-flex\">\r\n<ul class=\"blocks-gallery-grid\">\r\n<li class=\"blocks-gallery-item\">\r\n<figure><img decoding=\"async\" class=\"wp-image-1271\" src=\"https:\/\/nad.vn\/wp-content\/uploads\/2024\/01\/26.jpg\" alt=\"\" data-id=\"1271\" data-full-url=\"https:\/\/nad.vn\/wp-content\/uploads\/2024\/01\/26.jpg\" data-link=\"https:\/\/nad.vn\/?attachment_id=1271\" \/><\/figure>\r\n<\/li>\r\n<li class=\"blocks-gallery-item\">\r\n<figure><img decoding=\"async\" class=\"wp-image-1272\" src=\"https:\/\/nad.vn\/wp-content\/uploads\/2024\/01\/27.jpg\" alt=\"\" data-id=\"1272\" data-full-url=\"https:\/\/nad.vn\/wp-content\/uploads\/2024\/01\/27.jpg\" data-link=\"https:\/\/nad.vn\/?attachment_id=1272\" \/><\/figure>\r\n<\/li>\r\n<\/ul>\r\n<\/figure>\r\n\r\n\r\n\r\n<p>S\u1ea3n ph\u1ea9m s\u1ea3n xu\u1ea5t theo c\u00f4ng ngh\u1ec7 hi\u1ec7n \u0111\u1ea1i nh\u1ea5t v\u1edbi t\u00ednh n\u0103ng di\u1ec7t khu\u1ea9n nano silver v\u00e0 nano cacbon. C\u1ea5u tr\u00fac l\u00f4ng b\u00e0n ch\u1ea3i \u0111\u00e1nh r\u0103ng Kumho HQ14 d\u1ea1ng s\u1ee3i tr\u00f2n si\u00eau m\u1ea3nh t\u1eeb 0.12- 0,15mm gi\u00fap len l\u1ecfi nh\u1eb9 nh\u00e0ng l\u00e0m s\u1ea1ch s\u00e2u c\u00e1c k\u1ebd r\u0103ng hi\u1ec7u qu\u1ea3. B\u00ean c\u1ea1nh \u0111\u00f3, v\u1edbi thi\u1ebft k\u1ebf l\u00f4ng xo\u1eafn k\u00e9p l\u00e0m t\u0103ng \u0111\u1ed9 \u0111\u00e0n h\u1ed3i khi ch\u1ea3i r\u0103ng Tay c\u1ea7m \u0111\u01b0\u1ee3c thi\u1ebft k\u1ebf b\u1eb1ng nh\u1ef1a ph\u1ed1i pha l\u00ea trong su\u1ed1t ch\u1ed1ng b\u00e1m b\u1ea9n m\u1ed1c tuy\u1ec7t \u0111\u1ed1i. V\u1edbi thi\u1ebft k\u1ebf ki\u1ec3u d\u00e1ng t\u00e2n c\u1ed5 \u0111i\u1ec3n, c\u00e1n h\u00ecnh kh\u1ed1i tr\u00f2n hi\u1ec7n \u0111\u1ea1i sang tr\u1ecdng v\u00e0 thu\u00f4n d\u1ea7n h\u1ed7 tr\u1ee3 vi\u1ec7c c\u1ea7m n\u1eafm \u0111i\u1ec1u ch\u1ec9nh g\u00f3c ch\u1ea3i m\u1ed9t c\u00e1ch d\u1ec5 d\u00e0ng. L\u00f4ng b\u00e0n ch\u1ea3i cao c\u1ea5p si\u00eau m\u1ecbn, si\u00eau m\u1ec1m, si\u00eau m\u1ea3nh mang l\u1ea1i c\u1ea3m gi\u00e1c th\u1eadt s\u1ea3ng kho\u00e1i, th\u1ecfa m\u00e3n khi ch\u1ea3i r\u0103ng. S\u1ee3i l\u00f4ng si\u00eau m\u1ea3nh gi\u00fap m\u00e1t xa r\u0103ng mi\u1ec7ng v\u00e0 len l\u1ecfi ch\u1ea3i s\u1ea1ch t\u1eebng khe k\u1ebd nh\u1ecf nh\u1ea5t.<\/p>\r\n\r\n\r\n\r\n<figure class=\"wp-block-gallery columns-3 is-cropped wp-block-gallery-3 is-layout-flex wp-block-gallery-is-layout-flex\">\r\n<ul class=\"blocks-gallery-grid\">\r\n<li class=\"blocks-gallery-item\">\r\n<figure><img decoding=\"async\" class=\"wp-image-1273\" src=\"https:\/\/nad.vn\/wp-content\/uploads\/2024\/01\/24.jpg\" alt=\"\" data-id=\"1273\" data-full-url=\"https:\/\/nad.vn\/wp-content\/uploads\/2024\/01\/24.jpg\" data-link=\"https:\/\/nad.vn\/?attachment_id=1273\" \/><\/figure>\r\n<\/li>\r\n<li class=\"blocks-gallery-item\">\r\n<figure><img decoding=\"async\" class=\"wp-image-1274\" src=\"https:\/\/nad.vn\/wp-content\/uploads\/2024\/01\/25.jpg\" alt=\"\" data-id=\"1274\" data-full-url=\"https:\/\/nad.vn\/wp-content\/uploads\/2024\/01\/25.jpg\" data-link=\"https:\/\/nad.vn\/?attachment_id=1274\" \/><\/figure>\r\n<\/li>\r\n<li class=\"blocks-gallery-item\">\r\n<figure><img decoding=\"async\" class=\"wp-image-1275\" src=\"https:\/\/nad.vn\/wp-content\/uploads\/2024\/01\/28.jpg\" alt=\"\" data-id=\"1275\" data-full-url=\"https:\/\/nad.vn\/wp-content\/uploads\/2024\/01\/28.jpg\" data-link=\"https:\/\/nad.vn\/?attachment_id=1275\" \/><\/figure>\r\n<\/li>\r\n<li class=\"blocks-gallery-item\">\r\n<figure><img decoding=\"async\" class=\"wp-image-1276\" src=\"https:\/\/nad.vn\/wp-content\/uploads\/2024\/01\/29.jpg\" alt=\"\" data-id=\"1276\" data-full-url=\"https:\/\/nad.vn\/wp-content\/uploads\/2024\/01\/29.jpg\" data-link=\"https:\/\/nad.vn\/?attachment_id=1276\" \/><\/figure>\r\n<\/li>\r\n<\/ul>\r\n<\/figure>\r\n\r\n\r\n\r\n<p>B\u00e0n ch\u1ea3i Kumho HQ14 gi\u00fap l\u00e0m s\u1ea1ch, masage r\u0103ng v\u00e0 khoang mi\u1ec7ng. \u0110\u1eb7c bi\u1ec7t r\u1ea5t ph\u00f9 h\u1ee3p v\u1edbi nh\u1eefng ng\u01b0\u1eddi l\u1ee3i y\u1ebfu, ch\u1ea3y m\u00e1u l\u1ee3i v\u00e0 ng\u01b0\u1eddi b\u1ecb r\u0103ng \u00ea bu\u1ed1t do m\u00f2n c\u1ed5 ch\u00e2n r\u0103ng , men r\u0103ng y\u1ebfu.<\/p>\r\n\r\n\r\n\r\n<p>&nbsp;<\/p>\r\n","protected":false},"excerpt":{"rendered":"<p>B\u1ea1n b\u1ecb r\u0103ng \u00ea bu\u1ed1t do m\u00f2n c\u1ed5 ch\u00e2n r\u0103ng, men r\u0103ng y\u1ebfu, \u1ed1 v\u00e0ng,.. b\u00e0n ch\u1ea3i \u0111\u00e1nh r\u0103ng Kumho HQ14 s\u1ebd l\u00e0 c\u1ee9u tinh cho s\u1ee9c kh\u1ecfe r\u0103ng mi\u1ec7ng c\u1ee7a b\u1ea1n. S\u1ea3n ph\u1ea9m \u0111\u01b0\u1ee3c c\u1ea5u t\u1ea1o t\u1eeb 32 c\u1ee5m l\u00f4ng t\u01a1 si\u00eau m\u1ec1m v\u00e0 m\u1ea3nh g\u1ed3m 2 lo\u1ea1i l\u00f4ng v\u1edbi \u0111\u01b0\u1eddng k\u00ednh l\u00f4ng xo\u1eafn&#8230;<\/p>\n","protected":false},"featured_media":419,"comment_status":"open","ping_status":"closed","template":"","meta":[],"product_cat":[21],"product_tag":[],"class_list":{"0":"post-413","1":"product","2":"type-product","3":"status-publish","4":"has-post-thumbnail","6":"product_cat-ban-chai-danh-rang","8":"first","9":"instock","10":"shipping-taxable","11":"product-type-simple"},"_links":{"self":[{"href":"https:\/\/store2.k-tech-services.com\/mypham_lamdep\/wp-json\/wp\/v2\/product\/413","targetHints":{"allow":["GET"]}}],"collection":[{"href":"https:\/\/store2.k-tech-services.com\/mypham_lamdep\/wp-json\/wp\/v2\/product"}],"about":[{"href":"https:\/\/store2.k-tech-services.com\/mypham_lamdep\/wp-json\/wp\/v2\/types\/product"}],"replies":[{"embeddable":true,"href":"https:\/\/store2.k-tech-services.com\/mypham_lamdep\/wp-json\/wp\/v2\/comments?post=413"}],"wp:featuredmedia":[{"embeddable":true,"href":"https:\/\/store2.k-tech-services.com\/mypham_lamdep\/wp-json\/wp\/v2\/media\/419"}],"wp:attachment":[{"href":"https:\/\/store2.k-tech-services.com\/mypham_lamdep\/wp-json\/wp\/v2\/media?parent=413"}],"wp:term":[{"taxonomy":"product_cat","embeddable":true,"href":"https:\/\/store2.k-tech-services.com\/mypham_lamdep\/wp-json\/wp\/v2\/product_cat?post=413"},{"taxonomy":"product_tag","embeddable":true,"href":"https:\/\/store2.k-tech-services.com\/mypham_lamdep\/wp-json\/wp\/v2\/product_tag?post=413"}],"curies":[{"name":"wp","href":"https:\/\/api.w.org\/{rel}","templated":true}]}}