{"id":479,"date":"2024-04-20T13:08:02","date_gmt":"2024-04-20T13:08:02","guid":{"rendered":"https:\/\/live.k-tech.net.vn\/wp-nad\/?post_type=product&#038;p=479"},"modified":"2024-07-09T12:14:39","modified_gmt":"2024-07-09T12:14:39","slug":"bai-chai-danh-rang-kumho-hq18","status":"publish","type":"product","link":"https:\/\/store2.k-tech-services.com\/mypham_lamdep\/san-pham\/bai-chai-danh-rang-kumho-hq18\/","title":{"rendered":"B\u00e0i ch\u1ea3i \u0111\u00e1nh r\u0103ng KUMHO HQ18"},"content":{"rendered":"\r\n<p><span class=\"has-inline-color has-vivid-cyan-blue-color\">Vi\u1ec7c l\u00e0m cho b\u00e9 t\u1eeb 1 tu\u1ed5i th\u00edch \u0111\u00e1nh r\u0103ng c\u00f3 th\u1ec3 l\u00e0 m\u1ed9t th\u1eed th\u00e1ch \u0111\u1ed1i v\u1edbi ba m\u1eb9 nh\u01b0ng n\u1ebfu bi\u1ebft l\u1ef1a ch\u1ecdn m\u1eabu b\u00e0n ch\u1ea3i ph\u00f9 h\u1ee3p th\u00ec vi\u1ec7c r\u00e8n luy\u1ec7n th\u00f3i quen \u0111\u00e1nh r\u0103ng cho b\u00e9 ch\u1eafc ch\u1eafn s\u1ebd d\u1ec5 d\u00e0ng h\u01a1n r\u1ea5t nhi\u1ec1u. D\u01b0\u1edbi \u0111\u00e2y l\u00e0 m\u00e3 b\u00e0n ch\u1ea3i Kumho HQ18 v\u1edbi thi\u1ebft k\u1ebf ng\u1ed9 ngh\u0129nh, m\u00e0u s\u1eafc b\u00e1t m\u1eaft, ch\u1ea5t li\u1ec7u an to\u00e0n tuy\u1ec7t \u0111\u1ed1i s\u1ebd l\u00e0 tr\u1ee3 th\u1ee7 \u0111\u1eafc l\u1ef1c gi\u00fap \u0111\u1ee1 c\u00e1c v\u1ecb ph\u1ee5 huynh trong v\u1ea5n \u0111\u1ec1 n\u00e0y.<\/span><\/p>\r\n\r\n\r\n\r\n<figure class=\"wp-block-video aligncenter\">\r\n<div style=\"width: 1020px;\" class=\"wp-video\"><video class=\"wp-video-shortcode\" id=\"video-479-1\" width=\"1020\" height=\"765\" autoplay preload=\"metadata\" controls=\"controls\"><source type=\"video\/mp4\" src=\"https:\/\/nad.vn\/wp-content\/uploads\/2024\/04\/HQ18.mp4?_=1\" \/><a href=\"https:\/\/nad.vn\/wp-content\/uploads\/2024\/04\/HQ18.mp4\">https:\/\/nad.vn\/wp-content\/uploads\/2024\/04\/HQ18.mp4<\/a><\/video><\/div>\r\n<figcaption><span class=\"has-inline-color has-vivid-cyan-blue-color\">B\u00e0n ch\u1ea3i Kumho HQ18<\/span><\/figcaption>\r\n<\/figure>\r\n\r\n\r\n\r\n<p>S\u1ea3n ph\u1ea9m \u0111\u01b0\u1ee3c c\u1ea5u t\u1ea1o t\u1eeb 1 c\u1ee5m l\u00f4ng v\u1edbi 1 ng\u00e0n s\u1ee3i t\u01a1 si\u00eau m\u1ec1m v\u00e0 m\u1ea3nh, \u0111\u01b0\u1eddng k\u00ednh l\u00f4ng l\u00e0 0,16mm gi\u00fap d\u1ec5 d\u00e0ng len l\u1ecfi v\u00e0o t\u1eebng k\u1ebd r\u0103ng nh\u1ecf nh\u1ea5t. Chi\u1ec1u cao l\u00f4ng b\u00e0n ch\u1ea3i 10mm, chi\u1ec1u d\u00e0i c\u00e1n b\u00e0n ch\u1ea3i 120mm v\u1eeba v\u1eb7n v\u1edbi k\u00edch th\u01b0\u1edbc b\u00e0n tay c\u1ee7a b\u00e9 t\u1eeb 1 tu\u1ed5i tr\u1edf l\u00ean gi\u00fap d\u1ec5 d\u00e0ng c\u1ea7m n\u1eafm v\u00e0 thu\u1eadn ti\u1ec7n di chuy\u1ec3n l\u00ean xu\u1ed1ng trong qu\u00e1 tr\u00ecnh ch\u1ea3i r\u0103ng.<\/p>\r\n\r\n\r\n\r\n<figure class=\"wp-block-gallery columns-2 is-cropped wp-block-gallery-1 is-layout-flex wp-block-gallery-is-layout-flex\">\r\n<ul class=\"blocks-gallery-grid\">\r\n<li class=\"blocks-gallery-item\">\r\n<figure><img decoding=\"async\" class=\"wp-image-1332\" src=\"https:\/\/nad.vn\/wp-content\/uploads\/2024\/01\/47.jpg\" alt=\"\" data-id=\"1332\" data-full-url=\"https:\/\/nad.vn\/wp-content\/uploads\/2024\/01\/47.jpg\" data-link=\"https:\/\/nad.vn\/?attachment_id=1332\" \/><\/figure>\r\n<\/li>\r\n<li class=\"blocks-gallery-item\">\r\n<figure><img decoding=\"async\" class=\"wp-image-1333\" src=\"https:\/\/nad.vn\/wp-content\/uploads\/2024\/01\/48.jpg\" alt=\"\" data-id=\"1333\" data-full-url=\"https:\/\/nad.vn\/wp-content\/uploads\/2024\/01\/48.jpg\" data-link=\"https:\/\/nad.vn\/?attachment_id=1333\" \/><\/figure>\r\n<\/li>\r\n<\/ul>\r\n<\/figure>\r\n\r\n\r\n\r\n<p>L\u00f4ng b\u00e0n ch\u1ea3i \u0111\u01b0\u1ee3c c\u1ea5u t\u1ea1o t\u1eeb c\u00e1c s\u1ee3i t\u01a1 PBT( M\u1ed9t lo\u1ea1i ch\u1ea5t li\u1ec7u chuy\u00ean d\u00f9ng trong l\u0129nh v\u1ef1c y t\u1ebf) an to\u00e0n v\u00e0 c\u00f3 \u0111\u1ed9 b\u1ec1n cao. C\u00e1n b\u00e0n ch\u1ea3i \u0111\u01b0\u1ee3c h\u00ecnh th\u00e0nh t\u1eeb nh\u1ef1a PP cao c\u1ea5p v\u00e0 nh\u1ef1a PETG. \u0110\u00e2y l\u00e0 2 lo\u1ea1i ch\u1ea5t li\u1ec7u \u0111\u1ea3m b\u1ea3o an to\u00e0n tuy\u1ec7t \u0111\u1ed1i cho ng\u01b0\u1eddi s\u1eed d\u1ee5ng, h\u01a1n n\u1eefa \u0111\u00e2y l\u00e0 lo\u1ea1i ch\u1ea5t li\u1ec7u th\u00e2n thi\u1ec7n v\u1edbi m\u00f4i tr\u01b0\u1eddng \u0111\u01b0\u1ee3c nh\u00e0 n\u01b0\u1edbc khuy\u00ean d\u00f9ng<\/p>\r\n\r\n\r\n\r\n<figure class=\"wp-block-gallery columns-1 is-cropped wp-block-gallery-2 is-layout-flex wp-block-gallery-is-layout-flex\">\r\n<ul class=\"blocks-gallery-grid\">\r\n<li class=\"blocks-gallery-item\">\r\n<figure><img decoding=\"async\" class=\"wp-image-1334\" src=\"https:\/\/nad.vn\/wp-content\/uploads\/2024\/01\/10.jpg\" alt=\"\" data-id=\"1334\" data-full-url=\"https:\/\/nad.vn\/wp-content\/uploads\/2024\/01\/10.jpg\" data-link=\"https:\/\/nad.vn\/?attachment_id=1334\" \/><\/figure>\r\n<\/li>\r\n<\/ul>\r\n<\/figure>\r\n\r\n\r\n\r\n<p>B\u00e0n ch\u1ea3i \u0111\u00e1nh r\u0103ng tr\u1ebb em Kumho HQ18 v\u1edbi l\u00f4ng b\u00e0n ch\u1ea3i \u0111\u01b0\u1ee3c l\u00e0m t\u1eeb ch\u1ec9 t\u01a1 nha khoa v\u1edbi c\u00f4ng ngh\u1ec7 nano si\u00eau m\u1ec1m, si\u00eau m\u1ecbn gi\u00fap l\u00e0m s\u1ea1ch b\u1ec1 m\u1eb7t v\u00e0 c\u00e1c k\u1ebd r\u0103ng m\u1ed9t c\u00e1ch nh\u1eb9 nh\u00e0ng m\u00e0 kh\u00f4ng l\u00e0m t\u1ed5n th\u01b0\u01a1ng c\u00e1c n\u01b0\u1edbu l\u1ee3i non n\u1edbt , men r\u0103ng s\u1eefa c\u1ee7a b\u00e9 Tay c\u1ea7m c\u00f3 thi\u1ebft k\u1ebf \u0111\u1eb7c bi\u1ec7t v\u1edbi h\u00ecnh th\u00fa ng\u1ed9 ngh\u0129nh c\u00f9ng kh\u1ea3 n\u0103ng ch\u1ed1ng tr\u01a1n tr\u01b0\u1ee3t n\u00ean b\u1ed1 m\u1eb9 ho\u00e0n to\u00e0n y\u00ean t\u00e2m khi \u0111\u1ec3 b\u00e9 t\u1ef1 m\u00ecnh \u0111\u00e1nh r\u0103ng. H\u00ecnh th\u00fa ng\u1ed9 ngh\u0129nh t\u1ea1o cho b\u00e9 c\u1ea3m gi\u00e1c v\u00f4 c\u00f9ng th\u00edch th\u00fa v\u1edbi vi\u1ec7c v\u1ec7 sinh r\u0103ng mi\u1ec7ng h\u00e0ng ng\u00e0y. C\u00e1n b\u00e0n ch\u1ea3i l\u00e0m b\u1eb1ng nh\u1ef1a trong cao c\u1ea5p \u0111\u1ea3m b\u1ea3o an to\u00e0n khi s\u1eed d\u1ee5ng.<\/p>\r\n\r\n\r\n\r\n<figure class=\"wp-block-gallery columns-3 is-cropped wp-block-gallery-3 is-layout-flex wp-block-gallery-is-layout-flex\">\r\n<ul class=\"blocks-gallery-grid\">\r\n<li class=\"blocks-gallery-item\">\r\n<figure><img decoding=\"async\" class=\"wp-image-1335\" src=\"https:\/\/nad.vn\/wp-content\/uploads\/2024\/01\/8.jpg\" alt=\"\" data-id=\"1335\" data-link=\"https:\/\/nad.vn\/?attachment_id=1335\" \/><\/figure>\r\n<\/li>\r\n<li class=\"blocks-gallery-item\">\r\n<figure><img decoding=\"async\" class=\"wp-image-1336\" src=\"https:\/\/nad.vn\/wp-content\/uploads\/2024\/01\/9.jpg\" alt=\"\" data-id=\"1336\" data-link=\"https:\/\/nad.vn\/?attachment_id=1336\" \/><\/figure>\r\n<\/li>\r\n<li class=\"blocks-gallery-item\">\r\n<figure><img decoding=\"async\" class=\"wp-image-1337\" src=\"https:\/\/nad.vn\/wp-content\/uploads\/2024\/01\/7-1.jpg\" alt=\"\" data-id=\"1337\" data-full-url=\"https:\/\/nad.vn\/wp-content\/uploads\/2024\/01\/7-1.jpg\" data-link=\"https:\/\/nad.vn\/?attachment_id=1337\" \/><\/figure>\r\n<\/li>\r\n<\/ul>\r\n<\/figure>\r\n\r\n\r\n\r\n<p>B\u00e0n ch\u1ea3i \u0111\u00e1nh r\u0103ng tr\u1ebb em Kumho HQ18 gi\u00fap l\u00e0m s\u1ea1ch r\u0103ng mi\u1ec7ng cho b\u00e9. B\u00ean c\u1ea1nh \u0111\u00f3, s\u1ee3i l\u00f4ng si\u00eau m\u1ec1m gi\u00fap masage n\u01b0\u1edbu v\u00e0 l\u1ee3i. Thi\u1ebft k\u1ebf ng\u1ed9 ngh\u0129nh l\u00e0m t\u0103ng th\u00eam s\u1ef1 th\u00edch th\u00fa m\u1ed7i khi ch\u1ea3i r\u0103ng cho con y\u00eau. S\u1ea3n ph\u1ea9m c\u00f3 4 m\u00e0u xinh x\u1eafn, b\u1eaft m\u1eaft gi\u00fap b\u00e9 c\u00f3 th\u00eam s\u1ef1 l\u1ef1a ch\u1ecdn.<\/p>\r\n\r\n\r\n\r\n<p>&nbsp;<\/p>\r\n","protected":false},"excerpt":{"rendered":"<p>Vi\u1ec7c l\u00e0m cho b\u00e9 t\u1eeb 1 tu\u1ed5i th\u00edch \u0111\u00e1nh r\u0103ng c\u00f3 th\u1ec3 l\u00e0 m\u1ed9t th\u1eed th\u00e1ch \u0111\u1ed1i v\u1edbi ba m\u1eb9 nh\u01b0ng n\u1ebfu bi\u1ebft l\u1ef1a ch\u1ecdn m\u1eabu b\u00e0n ch\u1ea3i ph\u00f9 h\u1ee3p th\u00ec vi\u1ec7c r\u00e8n luy\u1ec7n th\u00f3i quen \u0111\u00e1nh r\u0103ng cho b\u00e9 ch\u1eafc ch\u1eafn s\u1ebd d\u1ec5 d\u00e0ng h\u01a1n r\u1ea5t nhi\u1ec1u. D\u01b0\u1edbi \u0111\u00e2y l\u00e0 m\u00e3 b\u00e0n ch\u1ea3i Kumho&#8230;<\/p>\n","protected":false},"featured_media":485,"comment_status":"open","ping_status":"closed","template":"","meta":[],"product_cat":[21],"product_tag":[],"class_list":{"0":"post-479","1":"product","2":"type-product","3":"status-publish","4":"has-post-thumbnail","6":"product_cat-ban-chai-danh-rang","8":"first","9":"instock","10":"shipping-taxable","11":"product-type-simple"},"_links":{"self":[{"href":"https:\/\/store2.k-tech-services.com\/mypham_lamdep\/wp-json\/wp\/v2\/product\/479","targetHints":{"allow":["GET"]}}],"collection":[{"href":"https:\/\/store2.k-tech-services.com\/mypham_lamdep\/wp-json\/wp\/v2\/product"}],"about":[{"href":"https:\/\/store2.k-tech-services.com\/mypham_lamdep\/wp-json\/wp\/v2\/types\/product"}],"replies":[{"embeddable":true,"href":"https:\/\/store2.k-tech-services.com\/mypham_lamdep\/wp-json\/wp\/v2\/comments?post=479"}],"wp:featuredmedia":[{"embeddable":true,"href":"https:\/\/store2.k-tech-services.com\/mypham_lamdep\/wp-json\/wp\/v2\/media\/485"}],"wp:attachment":[{"href":"https:\/\/store2.k-tech-services.com\/mypham_lamdep\/wp-json\/wp\/v2\/media?parent=479"}],"wp:term":[{"taxonomy":"product_cat","embeddable":true,"href":"https:\/\/store2.k-tech-services.com\/mypham_lamdep\/wp-json\/wp\/v2\/product_cat?post=479"},{"taxonomy":"product_tag","embeddable":true,"href":"https:\/\/store2.k-tech-services.com\/mypham_lamdep\/wp-json\/wp\/v2\/product_tag?post=479"}],"curies":[{"name":"wp","href":"https:\/\/api.w.org\/{rel}","templated":true}]}}