{"id":511,"date":"2024-04-20T13:29:36","date_gmt":"2024-04-20T13:29:36","guid":{"rendered":"https:\/\/live.k-tech.net.vn\/wp-nad\/?post_type=product&#038;p=511"},"modified":"2024-06-05T09:46:45","modified_gmt":"2024-06-05T09:46:45","slug":"kem-danh-rang-kumho-hq-kids-cat-love","status":"publish","type":"product","link":"https:\/\/store2.k-tech-services.com\/mypham_lamdep\/san-pham\/kem-danh-rang-kumho-hq-kids-cat-love\/","title":{"rendered":"Kem \u0111\u00e1nh r\u0103ng KUMHO HQ Kids Cat Love"},"content":{"rendered":"<ul>\n<li style=\"list-style-type: none;\">\n<ul>\n<li style=\"font-weight: 400;\" aria-level=\"1\"><span style=\"font-size: 110%;\"><span style=\"font-weight: 400;\">Kem \u0111\u00e1nh r\u0103ng tr\u1ebb em v\u1ecb d\u00e2u cho<strong> b\u00e9 t\u1eeb 2 \u2013 9 tu\u1ed5i\u00a0<\/strong><\/span><\/span><\/li>\n<\/ul>\n<\/li>\n<\/ul>\n<ul>\n<li style=\"list-style-type: none;\">\n<ul>\n<li style=\"font-weight: 400;\" aria-level=\"1\"><span style=\"font-size: 110%;\"><span style=\"font-weight: 400;\">Xu\u1ea5t x\u1ee9: <strong>H\u00e0n Qu\u1ed1c<\/strong><\/span><\/span><\/li>\n<\/ul>\n<\/li>\n<\/ul>\n<ul>\n<li style=\"list-style-type: none;\">\n<ul>\n<li><span style=\"font-size: 110%;\"><span style=\"font-weight: 400;\">Tr\u1ecdng l\u01b0\u1ee3ng: 70g<\/span><\/span><\/li>\n<\/ul>\n<\/li>\n<\/ul>\n<ul>\n<li style=\"list-style-type: none;\">\n<ul>\n<li style=\"font-weight: 400;\" aria-level=\"1\"><span style=\"font-size: 110%;\"><span style=\"font-weight: 400;\">S\u1ea3n ph\u1ea9m \u0111\u01b0\u1ee3c c\u1ea5p gi\u1ea5y ch\u1ee9ng nh\u1eadn <strong>c\u00f4ng b\u1ed1 ch\u1ea5t l\u01b0\u1ee3ng t\u1ea1i H\u00e0n Qu\u1ed1c <\/strong>v\u00e0 <strong>b\u1ed9 y t\u1ebf t\u1ea1i Vi\u1ec7t Nam<\/strong>, \u0111\u1ea3m b\u1ea3o an to\u00e0n tuy\u1ec7t \u0111\u1ed1i cho ng\u01b0\u1eddi s\u1eed d\u1ee5ng!<\/span><\/span><\/li>\n<\/ul>\n<\/li>\n<\/ul>\n<ul>\n<li style=\"list-style-type: none;\">\n<ul>\n<li style=\"font-weight: 400;\" aria-level=\"1\"><span style=\"font-size: 110%;\"><span style=\"font-weight: 400;\">Kem \u0111\u00e1nh r\u0103ng <\/span><b>KUMHO HQ Kid Cat Love <\/b><span style=\"font-weight: 400;\">l\u00e0 s\u1ea3n ph\u1ea9m \u0111\u01b0\u1ee3c s\u1ea3n xu\u1ea5t tr\u00ean d\u00e2y chuy\u1ec1n hi\u1ec7n \u0111\u1ea1i \u0111\u1ea1t ti\u00eau chu\u1ea9n ch\u1ea5t l\u01b0\u1ee3ng qu\u1ed1c t\u1ebf v\u1edbi s\u1ef1 kh\u00e1c bi\u1ec7t v\u1ec1 c\u00f4ng d\u1ee5ng.\u00a0<\/span><\/span><\/li>\n<\/ul>\n<\/li>\n<\/ul>\n<ul>\n<li style=\"list-style-type: none;\">\n<ul>\n<li><span style=\"font-size: 110%;\"><span style=\"font-weight: 400;\">N\u1eafp m\u1edf ti\u1ec7n l\u1ee3i, v\u1ecf tu\u00fdp, v\u1ecf h\u1ed9p gi\u1ea5y b\u1eb1ng ch\u1ea5t li\u1ec7u cao c\u1ea5p b\u1ea3o qu\u1ea3n tuy\u1ec7t \u0111\u1ed1i, m\u00e0u s\u1eafc ph\u1ea3n quang, \u0111\u1ed5i m\u00e0u theo \u00e1nh s\u00e1ng.<\/span><\/span><\/li>\n<\/ul>\n<\/li>\n<\/ul>\n<p><img loading=\"lazy\" decoding=\"async\" class=\"wp-image-898 aligncenter\" src=\"https:\/\/nad.vn\/wp-content\/uploads\/2024\/04\/DSC01928-1-scaled.jpg\" alt=\"\" width=\"728\" height=\"465\" srcset=\"https:\/\/store2.k-tech-services.com\/mypham_lamdep\/wp-content\/uploads\/2024\/04\/DSC01928-1-scaled.jpg 2560w, https:\/\/store2.k-tech-services.com\/mypham_lamdep\/wp-content\/uploads\/2024\/04\/DSC01928-1-300x192.jpg 300w, https:\/\/store2.k-tech-services.com\/mypham_lamdep\/wp-content\/uploads\/2024\/04\/DSC01928-1-1024x654.jpg 1024w, https:\/\/store2.k-tech-services.com\/mypham_lamdep\/wp-content\/uploads\/2024\/04\/DSC01928-1-768x490.jpg 768w, https:\/\/store2.k-tech-services.com\/mypham_lamdep\/wp-content\/uploads\/2024\/04\/DSC01928-1-1536x981.jpg 1536w, https:\/\/store2.k-tech-services.com\/mypham_lamdep\/wp-content\/uploads\/2024\/04\/DSC01928-1-2048x1308.jpg 2048w, https:\/\/store2.k-tech-services.com\/mypham_lamdep\/wp-content\/uploads\/2024\/04\/DSC01928-1-600x383.jpg 600w\" sizes=\"auto, (max-width: 728px) 100vw, 728px\" \/><\/p>\n<ul>\n<li style=\"list-style-type: none;\">\n<ul>\n<li><span style=\"font-size: 110%;\"><span style=\"font-weight: 400;\"><strong>KUMHO HQ Kids Cat Love<\/strong> ch\u1ee9a c\u00e1c tinh ch\u1ea5t t\u1ef1 nhi\u00ean nh\u01b0 <\/span><b>Hoa C\u00fac La M\u00e3<\/b><span style=\"font-weight: 400;\"> c\u00f3 t\u00e1c d\u1ee5ng kh\u00e1ng khu\u1ea9n lo\u1ea1i b\u1ecf m\u00f9i h\u00f4i, ch\u1ed1ng v\u00e0 l\u00e0m d\u1ecbu vi\u00eam s\u01b0ng khi tr\u1ebb m\u1ecdc r\u0103ng. Tinh ch\u1ea5t <\/span><b>c\u00e2y H\u01b0\u01a1ng Th\u1ea3o<\/b><span style=\"font-weight: 400;\"> gi\u00fap di\u1ec7t vi khu\u1ea9n g\u00e2y h\u1ea1i cho r\u0103ng v\u00e0 ch\u1ed1ng s\u00e2u r\u0103ng hi\u1ec7u qu\u1ea3. \u0110\u1eb7c bi\u1ec7t c\u00f3\u00a0 tinh ch\u1ea5t <\/span><b>h\u01b0\u01a1ng v\u1ecb D\u00e2u T\u1ef1 Nhi\u00ean<\/b><span style=\"font-weight: 400;\"> gi\u00fap b\u00e9 th\u00edch th\u00fa m\u1ed7i l\u1ea7n ch\u1ea3i r\u0103ng\u00a0 v\u00e0 c\u00e1c th\u00e0nh ph\u1ea7n kh\u00e1c Xylitol, <\/span><b>Vitamin E<\/b><span style=\"font-weight: 400;\">\u2026\u2026 nhi\u1ec1u th\u00e0nh ph\u1ea7n kh\u00e1c (xem tr\u00ean tem s\u1ea3n ph\u1ea9m) b\u1ea3o v\u1ec7 r\u0103ng, n\u01b0\u1edbu l\u1ee3i kh\u1ecfi vi khu\u1ea9n, t\u1eeb \u0111\u00f3 ng\u1eeba s\u00e2u r\u0103ng v\u00e0 c\u00e1c b\u1ec7nh r\u0103ng mi\u1ec7ng hi\u1ec7u qu\u1ea3 cho b\u00e9 to\u00e0n di\u1ec7n.<\/span><\/span><\/li>\n<\/ul>\n<\/li>\n<\/ul>\n<ul>\n<li style=\"list-style-type: none;\">\n<ul>\n<li style=\"font-weight: 400;\" aria-level=\"1\"><span style=\"font-size: 110%;\"><span style=\"font-weight: 400;\">S\u1ea3n ph\u1ea9m d\u1ea1ng gel c\u00f4 \u0111\u1eb7c, ti\u1ebft ki\u1ec7m 1\/3 so v\u1edbi d\u1ea1ng kem th\u00f4ng th\u01b0\u1eddng, mang l\u1ea1i l\u1ee3i \u00edch kinh t\u1ebf cao cho ng\u01b0\u1eddi ti\u00eau d\u00f9ng.<\/span><\/span><\/li>\n<\/ul>\n<\/li>\n<\/ul>\n<p><span style=\"font-size: 110%;\"><i><span style=\"font-weight: 400;\"><img loading=\"lazy\" decoding=\"async\" class=\"wp-image-897 aligncenter\" src=\"https:\/\/nad.vn\/wp-content\/uploads\/2024\/04\/DSC01570-Edit-1-scaled.jpg\" alt=\"\" width=\"716\" height=\"477\" srcset=\"https:\/\/store2.k-tech-services.com\/mypham_lamdep\/wp-content\/uploads\/2024\/04\/DSC01570-Edit-1-scaled.jpg 2560w, https:\/\/store2.k-tech-services.com\/mypham_lamdep\/wp-content\/uploads\/2024\/04\/DSC01570-Edit-1-300x200.jpg 300w, https:\/\/store2.k-tech-services.com\/mypham_lamdep\/wp-content\/uploads\/2024\/04\/DSC01570-Edit-1-1024x683.jpg 1024w, https:\/\/store2.k-tech-services.com\/mypham_lamdep\/wp-content\/uploads\/2024\/04\/DSC01570-Edit-1-768x512.jpg 768w, https:\/\/store2.k-tech-services.com\/mypham_lamdep\/wp-content\/uploads\/2024\/04\/DSC01570-Edit-1-1536x1024.jpg 1536w, https:\/\/store2.k-tech-services.com\/mypham_lamdep\/wp-content\/uploads\/2024\/04\/DSC01570-Edit-1-2048x1365.jpg 2048w, https:\/\/store2.k-tech-services.com\/mypham_lamdep\/wp-content\/uploads\/2024\/04\/DSC01570-Edit-1-600x400.jpg 600w\" sizes=\"auto, (max-width: 716px) 100vw, 716px\" \/><\/span><\/i><\/span><\/p>\n<ul>\n<li style=\"list-style-type: none;\">\n<ul>\n<li>\u0110\u00e1nh r\u0103ng sau m\u1ed7i b\u1eefa \u0103n ho\u1eb7c t\u1ed1i thi\u1ec3u 2 l\u1ea7n tr\u00ean ng\u00e0y v\u1edbi l\u01b0\u1ee3ng kem v\u1eeba \u0111\u1ee7.<\/li>\n<\/ul>\n<\/li>\n<\/ul>\n<ul>\n<li style=\"list-style-type: none;\">\n<ul>\n<li>B\u1ea3o qu\u1ea3n n\u01a1i kh\u00f4 tho\u00e1ng, \u1edf nhi\u1ec7t \u0111\u1ed9 b\u00ecnh th\u01b0\u1eddng, tr\u00e1nh \u00e1nh n\u1eafng tr\u1ef1c ti\u1ebfp.<\/li>\n<\/ul>\n<\/li>\n<\/ul>\n<p><em>\u00a0<\/em><\/p>\n","protected":false},"excerpt":{"rendered":"<p>Kem \u0111\u00e1nh r\u0103ng tr\u1ebb em v\u1ecb d\u00e2u cho b\u00e9 t\u1eeb 2 \u2013 9 tu\u1ed5i\u00a0 Xu\u1ea5t x\u1ee9: H\u00e0n Qu\u1ed1c Tr\u1ecdng l\u01b0\u1ee3ng: 70g S\u1ea3n ph\u1ea9m \u0111\u01b0\u1ee3c c\u1ea5p gi\u1ea5y ch\u1ee9ng nh\u1eadn c\u00f4ng b\u1ed1 ch\u1ea5t l\u01b0\u1ee3ng t\u1ea1i H\u00e0n Qu\u1ed1c v\u00e0 b\u1ed9 y t\u1ebf t\u1ea1i Vi\u1ec7t Nam, \u0111\u1ea3m b\u1ea3o an to\u00e0n tuy\u1ec7t \u0111\u1ed1i cho ng\u01b0\u1eddi s\u1eed d\u1ee5ng! Kem \u0111\u00e1nh r\u0103ng&#8230;<\/p>\n","protected":false},"featured_media":705,"comment_status":"open","ping_status":"closed","template":"","meta":[],"product_cat":[22],"product_tag":[],"class_list":{"0":"post-511","1":"product","2":"type-product","3":"status-publish","4":"has-post-thumbnail","6":"product_cat-kem-danh-rang","8":"first","9":"instock","10":"shipping-taxable","11":"product-type-simple"},"_links":{"self":[{"href":"https:\/\/store2.k-tech-services.com\/mypham_lamdep\/wp-json\/wp\/v2\/product\/511","targetHints":{"allow":["GET"]}}],"collection":[{"href":"https:\/\/store2.k-tech-services.com\/mypham_lamdep\/wp-json\/wp\/v2\/product"}],"about":[{"href":"https:\/\/store2.k-tech-services.com\/mypham_lamdep\/wp-json\/wp\/v2\/types\/product"}],"replies":[{"embeddable":true,"href":"https:\/\/store2.k-tech-services.com\/mypham_lamdep\/wp-json\/wp\/v2\/comments?post=511"}],"wp:featuredmedia":[{"embeddable":true,"href":"https:\/\/store2.k-tech-services.com\/mypham_lamdep\/wp-json\/wp\/v2\/media\/705"}],"wp:attachment":[{"href":"https:\/\/store2.k-tech-services.com\/mypham_lamdep\/wp-json\/wp\/v2\/media?parent=511"}],"wp:term":[{"taxonomy":"product_cat","embeddable":true,"href":"https:\/\/store2.k-tech-services.com\/mypham_lamdep\/wp-json\/wp\/v2\/product_cat?post=511"},{"taxonomy":"product_tag","embeddable":true,"href":"https:\/\/store2.k-tech-services.com\/mypham_lamdep\/wp-json\/wp\/v2\/product_tag?post=511"}],"curies":[{"name":"wp","href":"https:\/\/api.w.org\/{rel}","templated":true}]}}