{"id":563,"date":"2024-04-20T14:42:20","date_gmt":"2024-04-20T14:42:20","guid":{"rendered":"https:\/\/live.k-tech.net.vn\/wp-nad\/?post_type=product&#038;p=563"},"modified":"2024-06-05T09:57:23","modified_gmt":"2024-06-05T09:57:23","slug":"kem-danh-rang-kumho-hq-plus-m","status":"publish","type":"product","link":"https:\/\/store2.k-tech-services.com\/mypham_lamdep\/san-pham\/kem-danh-rang-kumho-hq-plus-m\/","title":{"rendered":"Kem \u0111\u00e1nh r\u0103ng KUMHO HQ Plus + M"},"content":{"rendered":"<ul>\n<li style=\"list-style-type: none;\">\n<ul>\n<li style=\"font-weight: 400;\" aria-level=\"1\"><span style=\"font-size: 110%;\"><i><span style=\"font-weight: 400;\">Xu\u1ea5t x\u1ee9: H\u00e0n Qu\u1ed1c\u00a0<\/span><\/i><\/span><\/li>\n<\/ul>\n<\/li>\n<\/ul>\n<ul>\n<li style=\"list-style-type: none;\">\n<ul>\n<li><span style=\"font-size: 110%;\"><i><span style=\"font-weight: 400;\">Tr\u1ecdng l\u01b0\u1ee3ng: 120g<\/span><\/i><\/span><\/li>\n<\/ul>\n<\/li>\n<\/ul>\n<ul>\n<li style=\"list-style-type: none;\">\n<ul>\n<li><i><span style=\"font-weight: 400;\"><span style=\"font-size: 110%;\">S\u1ea3n ph\u1ea9m \u0111\u01b0\u1ee3c c\u1ea5p gi\u1ea5y ch\u1ee9ng nh\u1eadn c\u00f4ng b\u1ed1 ch\u1ea5t l\u01b0\u1ee3ng t\u1ea1i H\u00e0n Qu\u1ed1c v\u00e0 b\u1ed9 y t\u1ebf t\u1ea1i Vi\u1ec7t Nam, \u0111\u1ea3m b\u1ea3o an to\u00e0n tuy\u1ec7t \u0111\u1ed1i cho ng\u01b0\u1eddi s\u1eed d\u1ee5ng!<\/span><\/span><\/i><\/li>\n<\/ul>\n<\/li>\n<\/ul>\n<ul>\n<li style=\"list-style-type: none;\">\n<ul>\n<li style=\"font-weight: 400;\" aria-level=\"1\"><span style=\"font-size: 110%;\"><i><span style=\"font-weight: 400;\">Kem \u0111\u00e1nh r\u0103ng ng\u01b0\u1eddi l\u1edbn <\/span><\/i><b><i>KUMHO PLUS + M<\/i><\/b><i><span style=\"font-weight: 400;\"> l\u00e0 s\u1ea3n ph\u1ea9m \u0111\u01b0\u1ee3c s\u1ea3n xu\u1ea5t tr\u00ean d\u00e2y chuy\u1ec1n hi\u1ec7n \u0111\u1ea1i \u0111\u1ea1t ti\u00eau chu\u1ea9n ch\u1ea5t l\u01b0\u1ee3ng qu\u1ed1c t\u1ebf v\u1edbi s\u1ef1 kh\u00e1c bi\u1ec7t v\u1ec1 c\u00f4ng d\u1ee5ng.<\/span><\/i><\/span><\/li>\n<\/ul>\n<\/li>\n<\/ul>\n<ul>\n<li style=\"list-style-type: none;\">\n<ul>\n<li style=\"font-weight: 400;\" aria-level=\"1\"><span style=\"font-size: 110%;\"><i><span style=\"font-weight: 400;\">N\u1eafp m\u1edf ti\u1ec7n l\u1ee3i, v\u1ecf tu\u00fdp, v\u1ecf h\u1ed9p gi\u1ea5y thi\u1ebfc b\u1eb1ng ch\u1ea5t li\u1ec7u cao c\u1ea5p b\u1ea3o qu\u1ea3n tuy\u1ec7t \u0111\u1ed1i, m\u00e0u s\u1eafc ph\u1ea3n quang, \u0111\u1ed5i m\u00e0u theo \u00e1nh s\u00e1ng.<\/span><\/i><\/span><\/li>\n<\/ul>\n<\/li>\n<\/ul>\n<p><i><span style=\"font-weight: 400;\"><img loading=\"lazy\" decoding=\"async\" class=\"wp-image-894 aligncenter\" src=\"https:\/\/nad.vn\/wp-content\/uploads\/2024\/04\/DSC01486-Edit.jpg\" alt=\"\" width=\"628\" height=\"489\" srcset=\"https:\/\/store2.k-tech-services.com\/mypham_lamdep\/wp-content\/uploads\/2024\/04\/DSC01486-Edit.jpg 2522w, https:\/\/store2.k-tech-services.com\/mypham_lamdep\/wp-content\/uploads\/2024\/04\/DSC01486-Edit-300x233.jpg 300w, https:\/\/store2.k-tech-services.com\/mypham_lamdep\/wp-content\/uploads\/2024\/04\/DSC01486-Edit-1024x797.jpg 1024w, https:\/\/store2.k-tech-services.com\/mypham_lamdep\/wp-content\/uploads\/2024\/04\/DSC01486-Edit-768x597.jpg 768w, https:\/\/store2.k-tech-services.com\/mypham_lamdep\/wp-content\/uploads\/2024\/04\/DSC01486-Edit-1536x1195.jpg 1536w, https:\/\/store2.k-tech-services.com\/mypham_lamdep\/wp-content\/uploads\/2024\/04\/DSC01486-Edit-2048x1593.jpg 2048w, https:\/\/store2.k-tech-services.com\/mypham_lamdep\/wp-content\/uploads\/2024\/04\/DSC01486-Edit-600x467.jpg 600w\" sizes=\"auto, (max-width: 628px) 100vw, 628px\" \/><\/span><\/i><\/p>\n<ul>\n<li style=\"list-style-type: none;\">\n<ul>\n<li style=\"font-weight: 400;\" aria-level=\"1\"><span style=\"font-size: 110%;\"><b><i>KUMHO PLUS + M <\/i><\/b><i><span style=\"font-weight: 400;\">\u0111\u01b0\u1ee3c chi\u1ebft xu\u1ea5t t\u1eeb <strong>H<\/strong><\/span><\/i><b><i>\u1ea1t B\u01b0\u1edfi B\u1ed3 \u0110\u00e0o<\/i><\/b><i><span style=\"font-weight: 400;\"> c\u00f3 ch\u1ee9a h\u00e0m l\u01b0\u1ee3ng <\/span><\/i><b><i>axit t\u1ef1 nhi\u00ean v\u00e0 Vitamin C<\/i><\/b><i><span style=\"font-weight: 400;\"> gi\u00fap lo\u1ea1i b\u1ecf b\u1ecb khu\u1ea9n t\u00edch t\u1ee5 g\u00e2y h\u1ea1i, lo\u1ea1i b\u1ecf m\u1ea3ng b\u00e1m, \u1ed1 v\u00e0ng <\/span><\/i><b><i>gi\u00fap r\u0103ng tr\u1eafng s\u00e1ng t\u1ef1 nhi\u00ean<\/i><\/b><i><span style=\"font-weight: 400;\">, l\u01b0\u1ee3ng Pectin cao c\u00f3 trong h\u1ea1t b\u01b0\u1edfi ch\u1ed1ng ch\u1ea3y m\u00e1u ch\u00e2n r\u0103ng. <\/span><\/i><b><i>L\u00e1 Tr\u00e0 Xanh <\/i><\/b><i>kh\u1eed m\u00f9i h\u00f4i<\/i><b><i>, <\/i><\/b><i><span style=\"font-weight: 400;\">ph\u00f2ng ng\u1eeba nhi\u1ec7t mi\u1ec7ng<\/span><\/i> <i><span style=\"font-weight: 400;\">kh\u00f4ng ch\u1ec9 ng\u0103n ng\u1eeba s\u00e2u r\u0103ng v\u00e0 ch\u1ed1ng \u00ea bu\u1ed1t r\u0103ng c\u00f2n k\u1ebft h\u1ee3p v\u1edbi <\/span><\/i><i><span style=\"font-weight: 400;\">nhi\u1ec1u th\u00e0nh ph\u1ea7n kh\u00e1c\u2026. (xem tr\u00ean tem s\u1ea3n ph\u1ea9m) <\/span><\/i><i><span style=\"font-weight: 400;\">t\u1eeb tinh ch\u1ea5t t\u1eeb thi\u00ean nhi\u00ean v\u01b0\u1ee3t tr\u1ed9i h\u01a1n h\u1eb3n, gi\u00fap r\u0103ng ch\u1eafc kh\u1ecfe, s\u00e1ng b\u00f3ng, b\u1ea3o v\u1ec7 vi\u00eam s\u01b0ng n\u01b0\u1edbu l\u1ee3i hi\u1ec7u qu\u1ea3.\u00a0<\/span><\/i><\/span><\/li>\n<\/ul>\n<\/li>\n<\/ul>\n<ul>\n<li style=\"list-style-type: none;\">\n<ul>\n<li style=\"font-weight: 400;\" aria-level=\"1\"><i><span style=\"font-weight: 400;\"><span style=\"font-size: 110%;\">S\u1ea3n ph\u1ea9m d\u1ea1ng gel c\u00f4 \u0111\u1eb7c, ti\u1ebft ki\u1ec7m 1\/3 so v\u1edbi d\u1ea1ng kem th\u00f4ng th\u01b0\u1eddng, mang l\u1ea1i l\u1ee3i \u00edch kinh t\u1ebf cao cho ng\u01b0\u1eddi ti\u00eau d\u00f9ng.<\/span><\/span><\/i><\/li>\n<\/ul>\n<\/li>\n<\/ul>\n<p><i><span style=\"font-weight: 400;\"><img loading=\"lazy\" decoding=\"async\" class=\"wp-image-895 aligncenter\" src=\"https:\/\/nad.vn\/wp-content\/uploads\/2024\/04\/DSC01506-1-scaled.jpg\" alt=\"\" width=\"630\" height=\"420\" srcset=\"https:\/\/store2.k-tech-services.com\/mypham_lamdep\/wp-content\/uploads\/2024\/04\/DSC01506-1-scaled.jpg 2560w, https:\/\/store2.k-tech-services.com\/mypham_lamdep\/wp-content\/uploads\/2024\/04\/DSC01506-1-300x200.jpg 300w, https:\/\/store2.k-tech-services.com\/mypham_lamdep\/wp-content\/uploads\/2024\/04\/DSC01506-1-1024x683.jpg 1024w, https:\/\/store2.k-tech-services.com\/mypham_lamdep\/wp-content\/uploads\/2024\/04\/DSC01506-1-768x512.jpg 768w, https:\/\/store2.k-tech-services.com\/mypham_lamdep\/wp-content\/uploads\/2024\/04\/DSC01506-1-1536x1024.jpg 1536w, https:\/\/store2.k-tech-services.com\/mypham_lamdep\/wp-content\/uploads\/2024\/04\/DSC01506-1-2048x1365.jpg 2048w, https:\/\/store2.k-tech-services.com\/mypham_lamdep\/wp-content\/uploads\/2024\/04\/DSC01506-1-600x400.jpg 600w\" sizes=\"auto, (max-width: 630px) 100vw, 630px\" \/><\/span><\/i><\/p>\n<ul>\n<li style=\"list-style-type: none;\">\n<ul>\n<li>\u0110\u00e1nh r\u0103ng sau m\u1ed7i b\u1eefa \u0103n ho\u1eb7c t\u1ed1i thi\u1ec3u 2 l\u1ea7n tr\u00ean ng\u00e0y v\u1edbi l\u01b0\u1ee3ng kem v\u1eeba \u0111\u1ee7, d\u00e0nh cho ng\u01b0\u1eddi t\u1eeb 6 tu\u1ed5i tr\u1edf l\u00ean.<\/li>\n<\/ul>\n<\/li>\n<\/ul>\n<ul>\n<li style=\"list-style-type: none;\">\n<ul>\n<li>B\u1ea3o qu\u1ea3n n\u01a1i kh\u00f4 tho\u00e1ng, \u1edf nhi\u1ec7t \u0111\u1ed9 b\u00ecnh th\u01b0\u1eddng, tr\u00e1nh \u00e1nh n\u1eafng tr\u1ef1c ti\u1ebfp.<\/li>\n<\/ul>\n<\/li>\n<\/ul>\n<ul>\n<li style=\"list-style-type: none;\">\n<ul>\n<li>L\u01b0u \u00fd: Tr\u00e1nh xa t\u1ea7m tay tr\u1ebb em d\u01b0\u1edbi 6 tu\u1ed5i, r\u1eeda s\u1ea1ch b\u1eb1ng n\u01b0\u1edbc khi s\u1ea3n ph\u1ea9m d\u00ednh v\u00e0o m\u1eaft.<\/li>\n<\/ul>\n<\/li>\n<\/ul>\n","protected":false},"excerpt":{"rendered":"<p>Xu\u1ea5t x\u1ee9: H\u00e0n Qu\u1ed1c\u00a0 Tr\u1ecdng l\u01b0\u1ee3ng: 120g S\u1ea3n ph\u1ea9m \u0111\u01b0\u1ee3c c\u1ea5p gi\u1ea5y ch\u1ee9ng nh\u1eadn c\u00f4ng b\u1ed1 ch\u1ea5t l\u01b0\u1ee3ng t\u1ea1i H\u00e0n Qu\u1ed1c v\u00e0 b\u1ed9 y t\u1ebf t\u1ea1i Vi\u1ec7t Nam, \u0111\u1ea3m b\u1ea3o an to\u00e0n tuy\u1ec7t \u0111\u1ed1i cho ng\u01b0\u1eddi s\u1eed d\u1ee5ng! Kem \u0111\u00e1nh r\u0103ng ng\u01b0\u1eddi l\u1edbn KUMHO PLUS + M l\u00e0 s\u1ea3n ph\u1ea9m \u0111\u01b0\u1ee3c s\u1ea3n xu\u1ea5t tr\u00ean d\u00e2y&#8230;<\/p>\n","protected":false},"featured_media":687,"comment_status":"open","ping_status":"closed","template":"","meta":[],"product_cat":[22],"product_tag":[],"class_list":{"0":"post-563","1":"product","2":"type-product","3":"status-publish","4":"has-post-thumbnail","6":"product_cat-kem-danh-rang","8":"first","9":"instock","10":"shipping-taxable","11":"product-type-simple"},"_links":{"self":[{"href":"https:\/\/store2.k-tech-services.com\/mypham_lamdep\/wp-json\/wp\/v2\/product\/563","targetHints":{"allow":["GET"]}}],"collection":[{"href":"https:\/\/store2.k-tech-services.com\/mypham_lamdep\/wp-json\/wp\/v2\/product"}],"about":[{"href":"https:\/\/store2.k-tech-services.com\/mypham_lamdep\/wp-json\/wp\/v2\/types\/product"}],"replies":[{"embeddable":true,"href":"https:\/\/store2.k-tech-services.com\/mypham_lamdep\/wp-json\/wp\/v2\/comments?post=563"}],"wp:featuredmedia":[{"embeddable":true,"href":"https:\/\/store2.k-tech-services.com\/mypham_lamdep\/wp-json\/wp\/v2\/media\/687"}],"wp:attachment":[{"href":"https:\/\/store2.k-tech-services.com\/mypham_lamdep\/wp-json\/wp\/v2\/media?parent=563"}],"wp:term":[{"taxonomy":"product_cat","embeddable":true,"href":"https:\/\/store2.k-tech-services.com\/mypham_lamdep\/wp-json\/wp\/v2\/product_cat?post=563"},{"taxonomy":"product_tag","embeddable":true,"href":"https:\/\/store2.k-tech-services.com\/mypham_lamdep\/wp-json\/wp\/v2\/product_tag?post=563"}],"curies":[{"name":"wp","href":"https:\/\/api.w.org\/{rel}","templated":true}]}}