{"id":769,"date":"2024-05-09T03:46:01","date_gmt":"2024-05-09T03:46:01","guid":{"rendered":"https:\/\/nad.vn\/?post_type=product&#038;p=769"},"modified":"2024-06-03T10:56:35","modified_gmt":"2024-06-03T10:56:35","slug":"bai-chai-dang-rang-kumho-hq3","status":"publish","type":"product","link":"https:\/\/store2.k-tech-services.com\/mypham_lamdep\/san-pham\/bai-chai-dang-rang-kumho-hq3\/","title":{"rendered":"B\u00e0i ch\u1ea3i \u0111\u00e1nh r\u0103ng KUMHO HQ3"},"content":{"rendered":"\r\n<blockquote class=\"wp-block-quote is-layout-flow wp-block-quote-is-layout-flow\"><span class=\"has-inline-color has-vivid-cyan-blue-color\">\u0110\u00e2y l\u00e0 m\u00e3 b\u00e0n ch\u1ea3i \u0111\u00e1nh r\u0103ng cao c\u1ea5p \u0111\u01b0\u1ee3c s\u1ea3n xu\u1ea5t \u0111\u1ec3 d\u00e0nh ri\u00eang cho c\u00e1c \u0111\u1ed1i t\u01b0\u1ee3ng l\u1ee3i y\u1ebfu, r\u0103ng nh\u1ea1y c\u1ea3m v\u00e0 \u0111\u1eb7c bi\u1ec7t d\u1ed1i v\u1edbi nh\u1eefng ng\u01b0\u1eddi \u0111ang s\u1eed d\u1ee5ng r\u0103ng s\u1ee9<\/span>.<\/blockquote>\r\n\r\n\r\n\r\n<figure class=\"wp-block-gallery columns-2 is-cropped wp-block-gallery-1 is-layout-flex wp-block-gallery-is-layout-flex\">\r\n<figure><img decoding=\"async\" class=\"wp-image-1245\" src=\"https:\/\/nad.vn\/wp-content\/uploads\/2024\/01\/56-1.jpg\" alt=\"\" data-id=\"1245\" data-full-url=\"https:\/\/nad.vn\/wp-content\/uploads\/2024\/01\/56-1.jpg\" data-link=\"https:\/\/nad.vn\/?attachment_id=1245\" \/><img decoding=\"async\" class=\"wp-image-1246\" src=\"https:\/\/nad.vn\/wp-content\/uploads\/2024\/01\/57.jpg\" alt=\"\" data-id=\"1246\" data-full-url=\"https:\/\/nad.vn\/wp-content\/uploads\/2024\/01\/57.jpg\" data-link=\"https:\/\/nad.vn\/?attachment_id=1246\" \/><\/figure>\r\n<\/figure>\r\n\r\n\r\n\r\n<p>Ph\u1ea7n l\u00f4ng ch\u1ea3i \u0111\u01b0\u1ee3c c\u1ea5u t\u1ea1o t\u1eeb 8 c\u1ee5m l\u00f4ng t\u01a1 si\u00eau m\u1ec1m v\u00e0 m\u1ea3nh v\u1edbi \u0111\u01b0\u1eddng k\u00ednh l\u00f4ng 0,09mm gi\u00fap d\u1ec5 d\u00e0ng len l\u1ecfi v\u00e0o t\u1eebng k\u1ebd r\u0103ng nh\u1ecf nh\u1ea5t. Chi\u1ec1u cao l\u00f4ng b\u00e0n ch\u1ea3i 11mm, chi\u1ec1u d\u00e0i c\u00e1n 190mm gi\u00fap d\u1ec5 d\u00e0ng c\u1ea7m n\u1eafm v\u00e0 thu\u1eadn ti\u1ec7n di chuy\u1ec3n l\u00ean xu\u1ed1ng trong qu\u00e1 tr\u00ecnh ch\u1ea3i r\u0103ng<\/p>\r\n\r\n\r\n\r\n<figure class=\"wp-block-gallery columns-3 is-cropped wp-block-gallery-2 is-layout-flex wp-block-gallery-is-layout-flex\">\r\n<figure><img decoding=\"async\" class=\"wp-image-1247\" src=\"https:\/\/nad.vn\/wp-content\/uploads\/2024\/01\/36.jpg\" alt=\"\" data-id=\"1247\" data-full-url=\"https:\/\/nad.vn\/wp-content\/uploads\/2024\/01\/36.jpg\" data-link=\"https:\/\/nad.vn\/?attachment_id=1247\" \/><img decoding=\"async\" class=\"wp-image-1248\" src=\"https:\/\/nad.vn\/wp-content\/uploads\/2024\/01\/40.jpg\" alt=\"\" data-id=\"1248\" data-full-url=\"https:\/\/nad.vn\/wp-content\/uploads\/2024\/01\/40.jpg\" data-link=\"https:\/\/nad.vn\/?attachment_id=1248\" \/><img decoding=\"async\" class=\"wp-image-1249\" src=\"https:\/\/nad.vn\/wp-content\/uploads\/2024\/01\/42.jpg\" alt=\"\" data-id=\"1249\" data-full-url=\"https:\/\/nad.vn\/wp-content\/uploads\/2024\/01\/42.jpg\" data-link=\"https:\/\/nad.vn\/?attachment_id=1249\" \/><\/figure>\r\n<\/figure>\r\n\r\n\r\n\r\n<p>L\u00f4ng b\u00e0n ch\u1ea3i \u0111\u01b0\u1ee3c c\u1ea5u t\u1ea1o t\u1eeb c\u00e1c s\u1ee3i t\u01a1 PBT ( M\u1ed9t lo\u1ea1i ch\u1ea5t li\u1ec7u chuy\u00ean d\u00f9ng trong l\u0129nh v\u1ef1c y t\u1ebf) an to\u00e0n v\u00e0 c\u00f3 \u0111\u1ed9 b\u1ec1n cao. C\u00e1n b\u00e0n ch\u1ea3i \u0111\u01b0\u1ee3c h\u00ecnh th\u00e0nh t\u1eeb nh\u1ef1a PP cao c\u1ea5p v\u00e0 nh\u1ef1a PETG. \u0110\u00e2y l\u00e0 2 lo\u1ea1i ch\u1ea5t li\u1ec7u \u0111\u1ea3m b\u1ea3o an to\u00e0n tuy\u1ec7t \u0111\u1ed1i cho ng\u01b0\u1eddi s\u1eed d\u1ee5ng, h\u01a1n n\u1eefa \u0111\u00e2y l\u00e0 lo\u1ea1i ch\u1ea5t li\u1ec7u th\u00e2n thi\u1ec7n v\u1edbi m\u00f4i tr\u01b0\u1eddng v\u00e0 \u0111\u01b0\u1ee3c khuy\u00ean d\u00f9ng<\/p>\r\n\r\n\r\n\r\n<figure class=\"wp-block-gallery columns-3 is-cropped wp-block-gallery-3 is-layout-flex wp-block-gallery-is-layout-flex\">\r\n<figure><img decoding=\"async\" class=\"wp-image-1253\" src=\"https:\/\/nad.vn\/wp-content\/uploads\/2024\/01\/43.jpg\" alt=\"\" data-id=\"1253\" data-full-url=\"https:\/\/nad.vn\/wp-content\/uploads\/2024\/01\/43.jpg\" data-link=\"https:\/\/nad.vn\/?attachment_id=1253\" \/><\/figure>\r\n<figure><img decoding=\"async\" class=\"wp-image-1254\" src=\"https:\/\/nad.vn\/wp-content\/uploads\/2024\/01\/44.jpg\" alt=\"\" data-id=\"1254\" data-full-url=\"https:\/\/nad.vn\/wp-content\/uploads\/2024\/01\/44.jpg\" data-link=\"https:\/\/nad.vn\/?attachment_id=1254\" \/><\/figure>\r\n<figure><img decoding=\"async\" class=\"wp-image-1255\" src=\"https:\/\/nad.vn\/wp-content\/uploads\/2024\/01\/45.jpg\" alt=\"\" data-id=\"1255\" data-full-url=\"https:\/\/nad.vn\/wp-content\/uploads\/2024\/01\/45.jpg\" data-link=\"https:\/\/nad.vn\/?attachment_id=1255\" \/><\/figure>\r\n<\/figure>\r\n\r\n\r\n\r\n<p>\u0110\u1ed9t ph\u00e1 trong c\u00f4ng ngh\u1ec7 hi\u1ec7n \u0111\u1ea1i nh\u1ea5t c\u00f3 t\u00ednh n\u0103ng di\u1ec7t khu\u1ea9n nano silver v\u00e0 nano carbon, b\u00e0n ch\u1ea3i Kumho HQ11 kh\u00e1c bi\u1ec7t ho\u00e0n to\u00e0n v\u1edbi c\u00e1c s\u1ea3n ph\u1ea9m \u0111ang b\u00e1n tr\u00ean th\u1ecb tr\u01b0\u1eddng. L\u00f4ng b\u00e0n ch\u1ea3i \u0111\u01b0\u1ee3c thi\u1ebft k\u1ebf si\u00eau m\u1ec1m v\u00e0 m\u1ecfng gi\u00fap l\u00e0m gi\u1ea3m \u00e1p l\u1ef1c khi ch\u00e0 l\u00ean r\u0103ng v\u00e0 n\u01b0\u1edbu. \u0110\u1eb7c bi\u1ec7t \u0111\u1ed1i v\u1edbi ng\u1eebi \u0111ang d\u00f9ng r\u0103ng s\u1ee9 ho\u1eb7c c\u00f3 h\u00e0m r\u0103ng nh\u1ea1y c\u1ea3m \u0111i\u1ec1u n\u00e0y s\u1ebd l\u00e0m gi\u1ea3m nguy c\u01a1 ch\u1ea3y m\u00e1u ch\u00e2n ch\u00e2n r\u0103ng hay l\u00e0m t\u1ed5n th\u01b0\u01a1ng n\u01b0\u1edbu l\u1ee3i Tay c\u1ea7m \u0111\u01b0\u1ee3c thi\u1ebft k\u1ebf tinh t\u1ebf, ki\u1ec3u d\u00e1ng t\u00e2n c\u1ed5 \u0111i\u1ec3n sang tr\u1ecdng v\u1edbi ch\u1ea5t li\u1ec7u nh\u1ef1a cao c\u1ea5p, \u0111\u1eb7c bi\u1ec7t ch\u1ed1ng b\u00e1m b\u1ea9n v\u00e0 an to\u00e0n v\u1edbi s\u1ee9c kho\u1ebb con ng\u01b0\u1eddi<\/p>\r\n\r\n\r\n\r\n<figure class=\"wp-block-gallery columns-2 is-cropped wp-block-gallery-4 is-layout-flex wp-block-gallery-is-layout-flex\">\r\n<figure><img decoding=\"async\" class=\"wp-image-1256\" src=\"https:\/\/nad.vn\/wp-content\/uploads\/2024\/01\/39-1.jpg\" alt=\"\" data-id=\"1256\" data-full-url=\"https:\/\/nad.vn\/wp-content\/uploads\/2024\/01\/39-1.jpg\" data-link=\"https:\/\/nad.vn\/?attachment_id=1256\" \/><img decoding=\"async\" class=\"wp-image-1257\" src=\"https:\/\/nad.vn\/wp-content\/uploads\/2024\/01\/41-1.jpg\" alt=\"\" data-id=\"1257\" data-full-url=\"https:\/\/nad.vn\/wp-content\/uploads\/2024\/01\/41-1.jpg\" data-link=\"https:\/\/nad.vn\/?attachment_id=1257\" \/><\/figure>\r\n<\/figure>\r\n\r\n\r\n\r\n<p>B\u00e0n ch\u1ea3i Kumho HQ3 gi\u00fap v\u1ec7 sinh khoang mi\u1ec7ng, masage n\u01b0\u1edbu, l\u1ee3i v\u00e0 c\u00f3 th\u1ec3 \u0111\u00e1nh bay c\u00e1c m\u1ea3ng b\u00e1m, v\u1ebft \u1ed1 v\u00e0ng l\u00e2u n\u0103m nhanh h\u01a1n g\u1ea5p 5 l\u1ea7n so v\u1edbi b\u00e0n ch\u1ea3i th\u00f4ng th\u01b0\u1eddng. S\u1ea3n ph\u1ea9m c\u00f3 4 m\u00e0u ph\u00f9 h\u1ee3p s\u1edf th\u00edch v\u00e0 s\u1ed1 l\u01b0\u1ee3ng th\u00e0nh vi\u00ean trong gia \u0111\u00ecnh.<\/p>\r\n\r\n\r\n\r\n<p>&nbsp;<\/p>\r\n","protected":false},"excerpt":{"rendered":"<p>\u0110\u00e2y l\u00e0 m\u00e3 b\u00e0n ch\u1ea3i \u0111\u00e1nh r\u0103ng cao c\u1ea5p \u0111\u01b0\u1ee3c s\u1ea3n xu\u1ea5t \u0111\u1ec3 d\u00e0nh ri\u00eang cho c\u00e1c \u0111\u1ed1i t\u01b0\u1ee3ng l\u1ee3i y\u1ebfu, r\u0103ng nh\u1ea1y c\u1ea3m v\u00e0 \u0111\u1eb7c bi\u1ec7t d\u1ed1i v\u1edbi nh\u1eefng ng\u01b0\u1eddi \u0111ang s\u1eed d\u1ee5ng r\u0103ng s\u1ee9. Ph\u1ea7n l\u00f4ng ch\u1ea3i \u0111\u01b0\u1ee3c c\u1ea5u t\u1ea1o t\u1eeb 8 c\u1ee5m l\u00f4ng t\u01a1 si\u00eau m\u1ec1m v\u00e0 m\u1ea3nh v\u1edbi \u0111\u01b0\u1eddng k\u00ednh l\u00f4ng&#8230;<\/p>\n","protected":false},"featured_media":770,"comment_status":"open","ping_status":"closed","template":"","meta":[],"product_cat":[21],"product_tag":[],"class_list":{"0":"post-769","1":"product","2":"type-product","3":"status-publish","4":"has-post-thumbnail","6":"product_cat-ban-chai-danh-rang","8":"first","9":"instock","10":"shipping-taxable","11":"product-type-simple"},"_links":{"self":[{"href":"https:\/\/store2.k-tech-services.com\/mypham_lamdep\/wp-json\/wp\/v2\/product\/769","targetHints":{"allow":["GET"]}}],"collection":[{"href":"https:\/\/store2.k-tech-services.com\/mypham_lamdep\/wp-json\/wp\/v2\/product"}],"about":[{"href":"https:\/\/store2.k-tech-services.com\/mypham_lamdep\/wp-json\/wp\/v2\/types\/product"}],"replies":[{"embeddable":true,"href":"https:\/\/store2.k-tech-services.com\/mypham_lamdep\/wp-json\/wp\/v2\/comments?post=769"}],"wp:featuredmedia":[{"embeddable":true,"href":"https:\/\/store2.k-tech-services.com\/mypham_lamdep\/wp-json\/wp\/v2\/media\/770"}],"wp:attachment":[{"href":"https:\/\/store2.k-tech-services.com\/mypham_lamdep\/wp-json\/wp\/v2\/media?parent=769"}],"wp:term":[{"taxonomy":"product_cat","embeddable":true,"href":"https:\/\/store2.k-tech-services.com\/mypham_lamdep\/wp-json\/wp\/v2\/product_cat?post=769"},{"taxonomy":"product_tag","embeddable":true,"href":"https:\/\/store2.k-tech-services.com\/mypham_lamdep\/wp-json\/wp\/v2\/product_tag?post=769"}],"curies":[{"name":"wp","href":"https:\/\/api.w.org\/{rel}","templated":true}]}}