{"id":423,"date":"2024-05-02T02:38:04","date_gmt":"2024-05-02T02:38:04","guid":{"rendered":"https:\/\/smartsolution.net.vn\/?page_id=423"},"modified":"2024-05-02T04:58:13","modified_gmt":"2024-05-02T04:58:13","slug":"tin-tuc","status":"publish","type":"page","link":"https:\/\/store2.k-tech-services.com\/smartsolution\/?page_id=423","title":{"rendered":"Tin t\u1ee9c"},"content":{"rendered":"\t<section class=\"section\" id=\"section_446149927\">\n\t\t<div class=\"bg section-bg fill bg-fill  bg-loaded\" >\n\n\t\t\t\n\t\t\t\n\t\t\t\n\n\t\t<\/div>\n\n\t\t\n\n\t\t<div class=\"section-content relative\">\n\t\t\t\n  <div id=\"page-header-1311671597\" class=\"page-header-wrapper\">\n  <div class=\"page-title dark featured-title\">\n\n    \n    <div class=\"page-title-inner container align-center flex-row medium-flex-wrap\" >\n              <div class=\"title-wrapper flex-col text-left medium-text-center\">\n          <h1 class=\"entry-title mb-0\">\n            Tin t\u1ee9c          <\/h1>\n        <\/div>\n                    <div class=\"title-content flex-col flex-right text-right medium-text-center\">\n        <div class=\"title-breadcrumbs pb-half pt-half\"><\/div>      <\/div>\n    <\/div>\n\n       <\/div>\n    <\/div>\n  \n<div class=\"row\" style=\"max-width:90%\" id=\"row-1309658107\">\n\n\t<div id=\"col-696774713\" class=\"col medium-9 small-12 large-9\"  >\n\t\t\t\t<div class=\"col-inner\"  >\n\t\t\t\n\t\t\t\n<h3><strong>TIN T\u1ee8C<\/strong><\/h3>\n<div class=\"is-divider divider clearfix\" style=\"max-width:51px;background-color:rgb(255, 188, 19);\"><\/div>\n<p>C\u1eadp nh\u1eadt gi\u00e1 th\u1ecb tr\u01b0\u1eddng v\u1eadt li\u1ec7u x\u00e2y d\u1ef1ng m\u1edbi nh\u1ea5t, b\u00e1o gi\u00e1 v\u1eadt li\u1ec7u x\u00e2y d\u1ef1ng m\u1edbi nh\u1ea5t, m\u1ed9t s\u1ed1 nh\u1eefng l\u01b0u \u00fd khi mua v\u1eadt li\u1ec7u x\u00e2y d\u1ef1ng.<\/p>\n\n  \n    <div class=\"row large-columns-2 medium-columns-1 small-columns-1 row-full-width\" >\n  <div class=\"col post-item\" >\n\t\t\t<div class=\"col-inner\">\n\t\t\t\t<div class=\"box box-default box-text-bottom box-blog-post has-hover\">\n            \t\t\t\t\t<div class=\"box-image\" >\n  \t\t\t\t\t\t<div class=\"image-cover\" style=\"padding-top:75%;\">\n\t\t\t\t\t\t\t<a href=\"https:\/\/store2.k-tech-services.com\/smartsolution\/?p=515\" class=\"plain\" aria-label=\"\u0110\u00e1 x\u00e2y d\u1ef1ng 4&#215;6 l\u00e0 g\u00ec?\">\n\t\t\t\t\t\t\t\t<img loading=\"lazy\" decoding=\"async\" width=\"570\" height=\"380\" src=\"https:\/\/store2.k-tech-services.com\/smartsolution\/wp-content\/uploads\/2024\/05\/da-xay-dung-4x6-la-gi-226246.jpg\" class=\"attachment-original size-original wp-post-image\" alt=\"\" srcset=\"https:\/\/store2.k-tech-services.com\/smartsolution\/wp-content\/uploads\/2024\/05\/da-xay-dung-4x6-la-gi-226246.jpg 570w, https:\/\/store2.k-tech-services.com\/smartsolution\/wp-content\/uploads\/2024\/05\/da-xay-dung-4x6-la-gi-226246-300x200.jpg 300w\" sizes=\"auto, (max-width: 570px) 100vw, 570px\" \/>\t\t\t\t\t\t\t<\/a>\n  \t\t\t\t\t\t\t  \t\t\t\t\t\t\t  \t\t\t\t\t\t<\/div>\n  \t\t\t\t\t\t  \t\t\t\t\t<\/div>\n          \t\t\t\t\t<div class=\"box-text text-center\" >\n\t\t\t\t\t<div class=\"box-text-inner blog-post-inner\">\n\n\t\t\t\t\t\n\t\t\t\t\t\t\t\t\t\t\t<p class=\"cat-label tag-label is-xxsmall op-7 uppercase\">\n\t\t\t\t\tTin t\u1ee9c \t\t\t\t\t<\/p>\n\t\t\t\t\t\t\t\t\t\t<h5 class=\"post-title is-large \">\n\t\t\t\t\t\t<a href=\"https:\/\/store2.k-tech-services.com\/smartsolution\/?p=515\" class=\"plain\">\u0110\u00e1 x\u00e2y d\u1ef1ng 4&#215;6 l\u00e0 g\u00ec?<\/a>\n\t\t\t\t\t<\/h5>\n\t\t\t\t\t\t\t\t\t\t<div class=\"is-divider\"><\/div>\n\t\t\t\t\t\t\t\t\t\t<p class=\"from_the_blog_excerpt \">\n\t\t\t\t\t\tB\u00e0i vi\u1ebft n\u00e0y s\u1ebd cung c\u1ea5p \u0111\u1ebfn qu\u00fd kh\u00e1ch m\u1ed9t s\u1ed1 th\u00f4ng tin c\u01a1 b\u1ea3n [...]\t\t\t\t\t<\/p>\n\t\t\t\t\t                    \n\t\t\t\t\t\n\t\t\t\t\t\n\t\t\t\t\t<\/div>\n\t\t\t\t\t<\/div>\n\t\t\t\t\t\t\t\t\t<\/div>\n\t\t\t<\/div>\n\t\t<\/div><div class=\"col post-item\" >\n\t\t\t<div class=\"col-inner\">\n\t\t\t\t<div class=\"box box-default box-text-bottom box-blog-post has-hover\">\n            \t\t\t\t\t<div class=\"box-image\" >\n  \t\t\t\t\t\t<div class=\"image-cover\" style=\"padding-top:75%;\">\n\t\t\t\t\t\t\t<a href=\"https:\/\/store2.k-tech-services.com\/smartsolution\/?p=513\" class=\"plain\" aria-label=\"\u0110\u1ea1i l\u00fd th\u00e9p Vi\u1ec7t Nh\u1eadt Vina Kyoei\">\n\t\t\t\t\t\t\t\t<img loading=\"lazy\" decoding=\"async\" width=\"570\" height=\"380\" src=\"https:\/\/store2.k-tech-services.com\/smartsolution\/wp-content\/uploads\/2024\/05\/dai-ly-thep-viet-nhat-vina-kyoei-729344.jpg\" class=\"attachment-original size-original wp-post-image\" alt=\"\" srcset=\"https:\/\/store2.k-tech-services.com\/smartsolution\/wp-content\/uploads\/2024\/05\/dai-ly-thep-viet-nhat-vina-kyoei-729344.jpg 570w, https:\/\/store2.k-tech-services.com\/smartsolution\/wp-content\/uploads\/2024\/05\/dai-ly-thep-viet-nhat-vina-kyoei-729344-300x200.jpg 300w\" sizes=\"auto, (max-width: 570px) 100vw, 570px\" \/>\t\t\t\t\t\t\t<\/a>\n  \t\t\t\t\t\t\t  \t\t\t\t\t\t\t  \t\t\t\t\t\t<\/div>\n  \t\t\t\t\t\t  \t\t\t\t\t<\/div>\n          \t\t\t\t\t<div class=\"box-text text-center\" >\n\t\t\t\t\t<div class=\"box-text-inner blog-post-inner\">\n\n\t\t\t\t\t\n\t\t\t\t\t\t\t\t\t\t\t<p class=\"cat-label tag-label is-xxsmall op-7 uppercase\">\n\t\t\t\t\tTin t\u1ee9c \t\t\t\t\t<\/p>\n\t\t\t\t\t\t\t\t\t\t<h5 class=\"post-title is-large \">\n\t\t\t\t\t\t<a href=\"https:\/\/store2.k-tech-services.com\/smartsolution\/?p=513\" class=\"plain\">\u0110\u1ea1i l\u00fd th\u00e9p Vi\u1ec7t Nh\u1eadt Vina Kyoei<\/a>\n\t\t\t\t\t<\/h5>\n\t\t\t\t\t\t\t\t\t\t<div class=\"is-divider\"><\/div>\n\t\t\t\t\t\t\t\t\t\t<p class=\"from_the_blog_excerpt \">\n\t\t\t\t\t\tT\u01b0 Th\u00e0nh Ph\u00e1t l\u00e0 \u0111\u1ea1i l\u00fd ph\u00e2n ph\u1ed1i ch\u00ednh th\u1ee9c c\u1ee7a th\u01b0\u01a1ng hi\u1ec7u th\u00e9p Vi\u1ec7t [...]\t\t\t\t\t<\/p>\n\t\t\t\t\t                    \n\t\t\t\t\t\n\t\t\t\t\t\n\t\t\t\t\t<\/div>\n\t\t\t\t\t<\/div>\n\t\t\t\t\t\t\t\t\t<\/div>\n\t\t\t<\/div>\n\t\t<\/div><div class=\"col post-item\" >\n\t\t\t<div class=\"col-inner\">\n\t\t\t\t<div class=\"box box-default box-text-bottom box-blog-post has-hover\">\n            \t\t\t\t\t<div class=\"box-image\" >\n  \t\t\t\t\t\t<div class=\"image-cover\" style=\"padding-top:75%;\">\n\t\t\t\t\t\t\t<a href=\"https:\/\/store2.k-tech-services.com\/smartsolution\/?p=511\" class=\"plain\" aria-label=\"Nh\u00e0 cung c\u1ea5p th\u00e9p x\u00e2y d\u1ef1ng c\u00e1c lo\u1ea1i\">\n\t\t\t\t\t\t\t\t<img loading=\"lazy\" decoding=\"async\" width=\"570\" height=\"380\" src=\"https:\/\/store2.k-tech-services.com\/smartsolution\/wp-content\/uploads\/2024\/05\/nha-cung-cap-thep-xay-dung-cac-loai-238150.jpg\" class=\"attachment-original size-original wp-post-image\" alt=\"\" srcset=\"https:\/\/store2.k-tech-services.com\/smartsolution\/wp-content\/uploads\/2024\/05\/nha-cung-cap-thep-xay-dung-cac-loai-238150.jpg 570w, https:\/\/store2.k-tech-services.com\/smartsolution\/wp-content\/uploads\/2024\/05\/nha-cung-cap-thep-xay-dung-cac-loai-238150-300x200.jpg 300w\" sizes=\"auto, (max-width: 570px) 100vw, 570px\" \/>\t\t\t\t\t\t\t<\/a>\n  \t\t\t\t\t\t\t  \t\t\t\t\t\t\t  \t\t\t\t\t\t<\/div>\n  \t\t\t\t\t\t  \t\t\t\t\t<\/div>\n          \t\t\t\t\t<div class=\"box-text text-center\" >\n\t\t\t\t\t<div class=\"box-text-inner blog-post-inner\">\n\n\t\t\t\t\t\n\t\t\t\t\t\t\t\t\t\t\t<p class=\"cat-label tag-label is-xxsmall op-7 uppercase\">\n\t\t\t\t\tTin t\u1ee9c \t\t\t\t\t<\/p>\n\t\t\t\t\t\t\t\t\t\t<h5 class=\"post-title is-large \">\n\t\t\t\t\t\t<a href=\"https:\/\/store2.k-tech-services.com\/smartsolution\/?p=511\" class=\"plain\">Nh\u00e0 cung c\u1ea5p th\u00e9p x\u00e2y d\u1ef1ng c\u00e1c lo\u1ea1i<\/a>\n\t\t\t\t\t<\/h5>\n\t\t\t\t\t\t\t\t\t\t<div class=\"is-divider\"><\/div>\n\t\t\t\t\t\t\t\t\t\t<p class=\"from_the_blog_excerpt \">\n\t\t\t\t\t\tT\u01b0 Th\u00e0nh Ph\u00e1t &#8211; Nh\u00e0 cung c\u1ea5p th\u00e9p x\u00e2y d\u1ef1ng uy t\u00edn h\u00e0ng \u0111\u1ea7u t\u1ea1i [...]\t\t\t\t\t<\/p>\n\t\t\t\t\t                    \n\t\t\t\t\t\n\t\t\t\t\t\n\t\t\t\t\t<\/div>\n\t\t\t\t\t<\/div>\n\t\t\t\t\t\t\t\t\t<\/div>\n\t\t\t<\/div>\n\t\t<\/div><div class=\"col post-item\" >\n\t\t\t<div class=\"col-inner\">\n\t\t\t\t<div class=\"box box-default box-text-bottom box-blog-post has-hover\">\n            \t\t\t\t\t<div class=\"box-image\" >\n  \t\t\t\t\t\t<div class=\"image-cover\" style=\"padding-top:75%;\">\n\t\t\t\t\t\t\t<a href=\"https:\/\/store2.k-tech-services.com\/smartsolution\/?p=509\" class=\"plain\" aria-label=\"T\u1ed5ng h\u1ee3p m\u1ed9t s\u1ed1 lo\u1ea1i v\u1eadt li\u1ec7u m\u1edbi trong x\u00e2y d\u1ef1ng\">\n\t\t\t\t\t\t\t\t<img loading=\"lazy\" decoding=\"async\" width=\"570\" height=\"380\" src=\"https:\/\/store2.k-tech-services.com\/smartsolution\/wp-content\/uploads\/2024\/05\/tong-hop-mot-so-loai-vat-lieu-moi-trong-xay-dung-659718.jpg\" class=\"attachment-original size-original wp-post-image\" alt=\"\" srcset=\"https:\/\/store2.k-tech-services.com\/smartsolution\/wp-content\/uploads\/2024\/05\/tong-hop-mot-so-loai-vat-lieu-moi-trong-xay-dung-659718.jpg 570w, https:\/\/store2.k-tech-services.com\/smartsolution\/wp-content\/uploads\/2024\/05\/tong-hop-mot-so-loai-vat-lieu-moi-trong-xay-dung-659718-300x200.jpg 300w\" sizes=\"auto, (max-width: 570px) 100vw, 570px\" \/>\t\t\t\t\t\t\t<\/a>\n  \t\t\t\t\t\t\t  \t\t\t\t\t\t\t  \t\t\t\t\t\t<\/div>\n  \t\t\t\t\t\t  \t\t\t\t\t<\/div>\n          \t\t\t\t\t<div class=\"box-text text-center\" >\n\t\t\t\t\t<div class=\"box-text-inner blog-post-inner\">\n\n\t\t\t\t\t\n\t\t\t\t\t\t\t\t\t\t\t<p class=\"cat-label tag-label is-xxsmall op-7 uppercase\">\n\t\t\t\t\tTin t\u1ee9c \t\t\t\t\t<\/p>\n\t\t\t\t\t\t\t\t\t\t<h5 class=\"post-title is-large \">\n\t\t\t\t\t\t<a href=\"https:\/\/store2.k-tech-services.com\/smartsolution\/?p=509\" class=\"plain\">T\u1ed5ng h\u1ee3p m\u1ed9t s\u1ed1 lo\u1ea1i v\u1eadt li\u1ec7u m\u1edbi trong x\u00e2y d\u1ef1ng<\/a>\n\t\t\t\t\t<\/h5>\n\t\t\t\t\t\t\t\t\t\t<div class=\"is-divider\"><\/div>\n\t\t\t\t\t\t\t\t\t\t<p class=\"from_the_blog_excerpt \">\n\t\t\t\t\t\tV\u1eadt li\u1ec7u m\u1edbi \u0111ang \u0111\u01b0\u1ee3c nghi\u00ean c\u1ee9u v\u00e0 \u1ee9ng d\u1ee5ng s\u1ebd m\u1edf ra t\u01b0\u01a1ng lai [...]\t\t\t\t\t<\/p>\n\t\t\t\t\t                    \n\t\t\t\t\t\n\t\t\t\t\t\n\t\t\t\t\t<\/div>\n\t\t\t\t\t<\/div>\n\t\t\t\t\t\t\t\t\t<\/div>\n\t\t\t<\/div>\n\t\t<\/div><div class=\"col post-item\" >\n\t\t\t<div class=\"col-inner\">\n\t\t\t\t<div class=\"box box-default box-text-bottom box-blog-post has-hover\">\n            \t\t\t\t\t<div class=\"box-image\" >\n  \t\t\t\t\t\t<div class=\"image-cover\" style=\"padding-top:75%;\">\n\t\t\t\t\t\t\t<a href=\"https:\/\/store2.k-tech-services.com\/smartsolution\/?p=507\" class=\"plain\" aria-label=\"M\u1ed9t s\u1ed1 k\u00edch th\u01b0\u1edbc g\u1ea1ch l\u00e1t n\u1ec1n l\u1ee5c gi\u00e1c ph\u1ed5 bi\u1ebfn\">\n\t\t\t\t\t\t\t\t<img loading=\"lazy\" decoding=\"async\" width=\"570\" height=\"380\" src=\"https:\/\/store2.k-tech-services.com\/smartsolution\/wp-content\/uploads\/2024\/05\/mot-so-kich-thuoc-gach-lat-nen-luc-giac-pho-bien-148119.jpg\" class=\"attachment-original size-original wp-post-image\" alt=\"\" srcset=\"https:\/\/store2.k-tech-services.com\/smartsolution\/wp-content\/uploads\/2024\/05\/mot-so-kich-thuoc-gach-lat-nen-luc-giac-pho-bien-148119.jpg 570w, https:\/\/store2.k-tech-services.com\/smartsolution\/wp-content\/uploads\/2024\/05\/mot-so-kich-thuoc-gach-lat-nen-luc-giac-pho-bien-148119-300x200.jpg 300w\" sizes=\"auto, (max-width: 570px) 100vw, 570px\" \/>\t\t\t\t\t\t\t<\/a>\n  \t\t\t\t\t\t\t  \t\t\t\t\t\t\t  \t\t\t\t\t\t<\/div>\n  \t\t\t\t\t\t  \t\t\t\t\t<\/div>\n          \t\t\t\t\t<div class=\"box-text text-center\" >\n\t\t\t\t\t<div class=\"box-text-inner blog-post-inner\">\n\n\t\t\t\t\t\n\t\t\t\t\t\t\t\t\t\t\t<p class=\"cat-label tag-label is-xxsmall op-7 uppercase\">\n\t\t\t\t\tTin t\u1ee9c \t\t\t\t\t<\/p>\n\t\t\t\t\t\t\t\t\t\t<h5 class=\"post-title is-large \">\n\t\t\t\t\t\t<a href=\"https:\/\/store2.k-tech-services.com\/smartsolution\/?p=507\" class=\"plain\">M\u1ed9t s\u1ed1 k\u00edch th\u01b0\u1edbc g\u1ea1ch l\u00e1t n\u1ec1n l\u1ee5c gi\u00e1c ph\u1ed5 bi\u1ebfn<\/a>\n\t\t\t\t\t<\/h5>\n\t\t\t\t\t\t\t\t\t\t<div class=\"is-divider\"><\/div>\n\t\t\t\t\t\t\t\t\t\t<p class=\"from_the_blog_excerpt \">\n\t\t\t\t\t\t\u1ede tr\u00ean th\u1ecb tr\u01b0\u1eddng hi\u1ec7n nay, g\u1ea1ch l\u00e1t n\u1ec1n l\u1ee5c gi\u00e1c \u0111ang \u0111\u01b0\u1ee3c r\u1ea5t nhi\u1ec1u [...]\t\t\t\t\t<\/p>\n\t\t\t\t\t                    \n\t\t\t\t\t\n\t\t\t\t\t\n\t\t\t\t\t<\/div>\n\t\t\t\t\t<\/div>\n\t\t\t\t\t\t\t\t\t<\/div>\n\t\t\t<\/div>\n\t\t<\/div><div class=\"col post-item\" >\n\t\t\t<div class=\"col-inner\">\n\t\t\t\t<div class=\"box box-default box-text-bottom box-blog-post has-hover\">\n            \t\t\t\t\t<div class=\"box-image\" >\n  \t\t\t\t\t\t<div class=\"image-cover\" style=\"padding-top:75%;\">\n\t\t\t\t\t\t\t<a href=\"https:\/\/store2.k-tech-services.com\/smartsolution\/?p=492\" class=\"plain\" aria-label=\"Nh\u00e0 cung c\u1ea5p c\u00e1t x\u00e2y t\u00f4 HCM\">\n\t\t\t\t\t\t\t\t<img loading=\"lazy\" decoding=\"async\" width=\"570\" height=\"380\" src=\"https:\/\/store2.k-tech-services.com\/smartsolution\/wp-content\/uploads\/2024\/05\/nha-cung-cap-cat-xay-to-hcm-938267.jpg\" class=\"attachment-original size-original wp-post-image\" alt=\"\" srcset=\"https:\/\/store2.k-tech-services.com\/smartsolution\/wp-content\/uploads\/2024\/05\/nha-cung-cap-cat-xay-to-hcm-938267.jpg 570w, https:\/\/store2.k-tech-services.com\/smartsolution\/wp-content\/uploads\/2024\/05\/nha-cung-cap-cat-xay-to-hcm-938267-300x200.jpg 300w\" sizes=\"auto, (max-width: 570px) 100vw, 570px\" \/>\t\t\t\t\t\t\t<\/a>\n  \t\t\t\t\t\t\t  \t\t\t\t\t\t\t  \t\t\t\t\t\t<\/div>\n  \t\t\t\t\t\t  \t\t\t\t\t<\/div>\n          \t\t\t\t\t<div class=\"box-text text-center\" >\n\t\t\t\t\t<div class=\"box-text-inner blog-post-inner\">\n\n\t\t\t\t\t\n\t\t\t\t\t\t\t\t\t\t\t<p class=\"cat-label tag-label is-xxsmall op-7 uppercase\">\n\t\t\t\t\tTin t\u1ee9c \t\t\t\t\t<\/p>\n\t\t\t\t\t\t\t\t\t\t<h5 class=\"post-title is-large \">\n\t\t\t\t\t\t<a href=\"https:\/\/store2.k-tech-services.com\/smartsolution\/?p=492\" class=\"plain\">Nh\u00e0 cung c\u1ea5p c\u00e1t x\u00e2y t\u00f4 HCM<\/a>\n\t\t\t\t\t<\/h5>\n\t\t\t\t\t\t\t\t\t\t<div class=\"is-divider\"><\/div>\n\t\t\t\t\t\t\t\t\t\t<p class=\"from_the_blog_excerpt \">\n\t\t\t\t\t\tN\u1ebfu mu\u1ed1n c\u00f4ng tr\u00ecnh \u0111\u1ea1t \u0111\u01b0\u1ee3c ch\u1ea5t l\u01b0\u1ee3ng t\u1ed1t nh\u1ea5t sau khi ho\u00e0n thi\u1ec7n, qu\u00fd [...]\t\t\t\t\t<\/p>\n\t\t\t\t\t                    \n\t\t\t\t\t\n\t\t\t\t\t\n\t\t\t\t\t<\/div>\n\t\t\t\t\t<\/div>\n\t\t\t\t\t\t\t\t\t<\/div>\n\t\t\t<\/div>\n\t\t<\/div><\/div>\n\t\t<\/div>\n\t\t\t\t\t<\/div>\n\n\t\n\n\t<div id=\"col-263434516\" class=\"col medium-3 small-12 large-3\"  >\n\t\t\t\t<div class=\"col-inner\"  >\n\t\t\t\n\t\t\t\n<ul class=\"sidebar-wrapper ul-reset\"><aside id=\"woocommerce_product_categories-3\" class=\"widget woocommerce widget_product_categories\"><span class=\"widget-title shop-sidebar\">Product categories<\/span><div class=\"is-divider small\"><\/div><ul class=\"product-categories\"><li class=\"cat-item cat-item-18\"><a href=\"https:\/\/store2.k-tech-services.com\/smartsolution\/?product_cat=san-pham-new\">S\u1ea3n Ph\u1ea9m New<\/a><\/li>\n<li class=\"cat-item cat-item-28 cat-parent\"><a href=\"https:\/\/store2.k-tech-services.com\/smartsolution\/?product_cat=vat-lieu-xay-dung\">V\u1eadt li\u1ec7u x\u00e2y d\u1ef1ng<\/a><ul class='children'>\n<li class=\"cat-item cat-item-16\"><a href=\"https:\/\/store2.k-tech-services.com\/smartsolution\/?product_cat=chua-phan-loai\">C\u00e1t<\/a><\/li>\n<li class=\"cat-item cat-item-22\"><a href=\"https:\/\/store2.k-tech-services.com\/smartsolution\/?product_cat=cat-xay-dung\">C\u00e1t x\u00e2y d\u1ef1ng<\/a><\/li>\n<li class=\"cat-item cat-item-23\"><a href=\"https:\/\/store2.k-tech-services.com\/smartsolution\/?product_cat=da-xay-dung\">\u0110\u00e1 x\u00e2y d\u1ef1ng<\/a><\/li>\n<li class=\"cat-item cat-item-25\"><a href=\"https:\/\/store2.k-tech-services.com\/smartsolution\/?product_cat=gach-lat-nen\">G\u1ea1ch l\u00e1t n\u1ec1n<\/a><\/li>\n<li class=\"cat-item cat-item-27\"><a href=\"https:\/\/store2.k-tech-services.com\/smartsolution\/?product_cat=gach-ngoi-my-xuan\">G\u1ea1ch ng\u00f3i M\u1ef9 Xu\u00e2n<\/a><\/li>\n<li class=\"cat-item cat-item-24\"><a href=\"https:\/\/store2.k-tech-services.com\/smartsolution\/?product_cat=gach-xay-dung\">G\u1ea1ch x\u00e2y d\u1ef1ng<\/a><\/li>\n<li class=\"cat-item cat-item-26\"><a href=\"https:\/\/store2.k-tech-services.com\/smartsolution\/?product_cat=xi-mang-bot-tret\">Xi m\u0103ng - b\u1ed9t tr\u00e9t<\/a><\/li>\n<\/ul>\n<\/li>\n<\/ul><\/aside>\n\t\t<aside id=\"recent-posts-2\" class=\"widget widget_recent_entries\">\n\t\t<span class=\"widget-title shop-sidebar\">B\u00c0I VI\u1ebeT M\u1edaI NH\u1ea4T<\/span><div class=\"is-divider small\"><\/div>\n\t\t<ul>\n\t\t\t\t\t\t\t\t\t\t\t<li>\n\t\t\t\t\t<a href=\"https:\/\/store2.k-tech-services.com\/smartsolution\/?p=661\">B\u00e1o gi\u00e1 th\u00e9p Mi\u1ec1n Nam<\/a>\n\t\t\t\t\t\t\t\t\t<\/li>\n\t\t\t\t\t\t\t\t\t\t\t<li>\n\t\t\t\t\t<a href=\"https:\/\/store2.k-tech-services.com\/smartsolution\/?p=659\">B\u00e1o gi\u00e1 th\u00e9p Vi\u1ec7t-\u00dac<\/a>\n\t\t\t\t\t\t\t\t\t<\/li>\n\t\t\t\t\t\t\t\t\t\t\t<li>\n\t\t\t\t\t<a href=\"https:\/\/store2.k-tech-services.com\/smartsolution\/?p=656\">B\u00e1o gi\u00e1 th\u00e9p Pomina<\/a>\n\t\t\t\t\t\t\t\t\t<\/li>\n\t\t\t\t\t\t\t\t\t\t\t<li>\n\t\t\t\t\t<a href=\"https:\/\/store2.k-tech-services.com\/smartsolution\/?p=652\">B\u00e1o gi\u00e1 th\u00e9p Vi\u1ec7t Nh\u1eadt<\/a>\n\t\t\t\t\t\t\t\t\t<\/li>\n\t\t\t\t\t\t\t\t\t\t\t<li>\n\t\t\t\t\t<a href=\"https:\/\/store2.k-tech-services.com\/smartsolution\/?p=515\">\u0110\u00e1 x\u00e2y d\u1ef1ng 4&#215;6 l\u00e0 g\u00ec?<\/a>\n\t\t\t\t\t\t\t\t\t<\/li>\n\t\t\t\t\t<\/ul>\n\n\t\t<\/aside><\/ul>\n\t\t<\/div>\n\t\t\t\t\t<\/div>\n\n\t\n<\/div>\n\t\t<\/div>\n\n\t\t\n<style>\n#section_446149927 {\n  padding-top: 0px;\n  padding-bottom: 0px;\n}\n<\/style>\n\t<\/section>\n\t\n","protected":false},"excerpt":{"rendered":"","protected":false},"author":1,"featured_media":0,"parent":0,"menu_order":0,"comment_status":"closed","ping_status":"closed","template":"page-blank.php","meta":{"footnotes":""},"class_list":["post-423","page","type-page","status-publish","hentry"],"_links":{"self":[{"href":"https:\/\/store2.k-tech-services.com\/smartsolution\/index.php?rest_route=\/wp\/v2\/pages\/423","targetHints":{"allow":["GET"]}}],"collection":[{"href":"https:\/\/store2.k-tech-services.com\/smartsolution\/index.php?rest_route=\/wp\/v2\/pages"}],"about":[{"href":"https:\/\/store2.k-tech-services.com\/smartsolution\/index.php?rest_route=\/wp\/v2\/types\/page"}],"author":[{"embeddable":true,"href":"https:\/\/store2.k-tech-services.com\/smartsolution\/index.php?rest_route=\/wp\/v2\/users\/1"}],"replies":[{"embeddable":true,"href":"https:\/\/store2.k-tech-services.com\/smartsolution\/index.php?rest_route=%2Fwp%2Fv2%2Fcomments&post=423"}],"version-history":[{"count":10,"href":"https:\/\/store2.k-tech-services.com\/smartsolution\/index.php?rest_route=\/wp\/v2\/pages\/423\/revisions"}],"predecessor-version":[{"id":615,"href":"https:\/\/store2.k-tech-services.com\/smartsolution\/index.php?rest_route=\/wp\/v2\/pages\/423\/revisions\/615"}],"wp:attachment":[{"href":"https:\/\/store2.k-tech-services.com\/smartsolution\/index.php?rest_route=%2Fwp%2Fv2%2Fmedia&parent=423"}],"curies":[{"name":"wp","href":"https:\/\/api.w.org\/{rel}","templated":true}]}}