{"id":571,"date":"2024-05-02T04:17:54","date_gmt":"2024-05-02T04:17:54","guid":{"rendered":"https:\/\/smartsolution.net.vn\/?post_type=product&#038;p=571"},"modified":"2024-05-02T04:17:54","modified_gmt":"2024-05-02T04:17:54","slug":"cat-vang-xay-dung","status":"publish","type":"product","link":"https:\/\/store2.k-tech-services.com\/smartsolution\/?product=cat-vang-xay-dung","title":{"rendered":"C\u00e1t v\u00e0ng x\u00e2y d\u1ef1ng"},"content":{"rendered":"<p>C\u00e1t v\u00e0ng x\u00e2y d\u1ef1ng: \u0111\u01b0\u1ee3c s\u1eed d\u1ee5ng ph\u1ed5 bi\u1ebfn \u0111\u1ec3 \u0111\u1ed5 b\u00ea t\u00f4ng t\u01b0\u01a1i, lo\u1ea1i c\u00e1t n\u00e0y c\u00f3 m\u00e0u v\u00e0ng \u0111\u1eb7c tr\u01b0ng. Khi s\u1eed d\u1ee5ng d\u00f2ng c\u00e1t v\u00e0ng \u0111\u1ed5 b\u00ea t\u00f4ng gi\u00fap nhanh kh\u00f4. B\u00ean c\u1ea1nh \u0111\u00f3 nh\u01b0\u1ee3c \u0111i\u1ec3m l\u00e0 c\u00e1t kh\u00f4ng \u0111\u01b0\u1ee3c s\u1ea1ch, v\u00ec v\u1eady khi d\u00f9ng \u0111\u1ed5 b\u00ea t\u00f4ng c\u1ea7n s\u00e0n l\u1ed9c th\u1eadt s\u1ea1ch.<\/p>\n<p>S\u1ea3n ph\u1ea9m c\u00e1t \u0111\u00e1 x\u00e2y d\u1ef1ng t\u1ea1i c\u00f4ng ty lu\u00f4n \u0111\u01b0\u1ee3c nhi\u1ec1u kh\u00e1ch h\u00e0ng tin t\u01b0\u1edfng v\u00e0 ch\u1ecdn l\u00e0m \u0111\u1ed1i t\u00e1c cho c\u00e1c c\u00f4ng ty tr\u00ecnh t\u1eeb l\u1edbn \u0111\u1ebfn nh\u1ecf. H\u00e3y li\u00ean h\u1ec7 ngay v\u1edbi ch\u00fang t\u00f4i h\u00f4m nay \u0111\u1ec3 \u0111\u01b0\u1ee3c b\u00e1o gi\u00e1 c\u00e1t san l\u1ea5p, gi\u00e1 c\u00e1t x\u00e2y t\u00f4, gi\u00e1 c\u00e1t b\u00ea t\u00f4ng c\u1eadp nh\u1ea5t m\u1edbi nh\u1ea5t h\u00f4m nay.<\/p>\n<p>C\u00f4ng ty VLXD T\u01b0 Th\u00e0nh Ph\u00e1t cung c\u1ea5p Th\u00e9p Vi\u1ec7t Nh\u1eadt, Th\u00e9p Pomina, G\u1ea1ch, C\u00e1t, \u0111\u00e1, Xim\u0103ng x\u00e2y d\u1ef1ng t\u1ea1i t\u1ea5t c\u1ea3 c\u00e1c qu\u1eadn tr\u00ean \u0111\u1ecba b\u00e0n TPHCM : qu\u1eadn 1, qu\u1eadn 2, qu\u1eadn 3, qu\u1eadn 4, qu\u1eadn 5, qu\u1eadn 6, qu\u1eadn 7, qu\u1eadn 8, qu\u1eadn 9, qu\u1eadn 10, qu\u1eadn 11, qu\u1eadn 12, qu\u1eadn B\u00ecnh Th\u1ea1nh, qu\u1eadn Th\u1ee7 \u0110\u1ee9c, qu\u1eadn Ph\u00fa Nhu\u1eadn, qu\u1eadn T\u00e2n Ph\u00fa, Qu\u1eadn T\u00e2n B\u00ecnh, Qu\u1eadn B\u00ecnh T\u00e2n, H\u00f3c M\u00f4n\u2026nh\u1eb1m \u0111\u00e1p \u1ee9ng m\u1ed9t c\u00e1ch t\u1ed1t nh\u1ea5t nhu c\u1ea7u c\u1ee7a qu\u00fd kh\u00e1ch h\u00e0ng.<\/p>\n","protected":false},"excerpt":{"rendered":"<p>C\u00f4ng ty TNHH SMART SOLUTION cung c\u1ea5p c\u00e1t x\u00e2y d\u1ef1ng t\u1ea1i TPHCM. C\u00f4ng ty cung c\u1ea5p \u0111\u1ea3m b\u1ea3o \u0111\u00fang kh\u1ed1i l\u01b0\u1ee3ng, dung l\u01b0\u1ee3ng v\u00e0 ch\u1ea5t l\u01b0\u1ee3ng c\u00e1t theo \u0111\u00fang y\u00eau c\u1ea7u<\/p>\n","protected":false},"featured_media":573,"comment_status":"open","ping_status":"closed","template":"","meta":[],"product_cat":[22],"product_tag":[],"class_list":{"0":"post-571","1":"product","2":"type-product","3":"status-publish","4":"has-post-thumbnail","6":"product_cat-cat-xay-dung","8":"first","9":"instock","10":"taxable","11":"shipping-taxable","12":"product-type-simple"},"_links":{"self":[{"href":"https:\/\/store2.k-tech-services.com\/smartsolution\/index.php?rest_route=\/wp\/v2\/product\/571","targetHints":{"allow":["GET"]}}],"collection":[{"href":"https:\/\/store2.k-tech-services.com\/smartsolution\/index.php?rest_route=\/wp\/v2\/product"}],"about":[{"href":"https:\/\/store2.k-tech-services.com\/smartsolution\/index.php?rest_route=\/wp\/v2\/types\/product"}],"replies":[{"embeddable":true,"href":"https:\/\/store2.k-tech-services.com\/smartsolution\/index.php?rest_route=%2Fwp%2Fv2%2Fcomments&post=571"}],"wp:featuredmedia":[{"embeddable":true,"href":"https:\/\/store2.k-tech-services.com\/smartsolution\/index.php?rest_route=\/wp\/v2\/media\/573"}],"wp:attachment":[{"href":"https:\/\/store2.k-tech-services.com\/smartsolution\/index.php?rest_route=%2Fwp%2Fv2%2Fmedia&parent=571"}],"wp:term":[{"taxonomy":"product_cat","embeddable":true,"href":"https:\/\/store2.k-tech-services.com\/smartsolution\/index.php?rest_route=%2Fwp%2Fv2%2Fproduct_cat&post=571"},{"taxonomy":"product_tag","embeddable":true,"href":"https:\/\/store2.k-tech-services.com\/smartsolution\/index.php?rest_route=%2Fwp%2Fv2%2Fproduct_tag&post=571"}],"curies":[{"name":"wp","href":"https:\/\/api.w.org\/{rel}","templated":true}]}}