{"id":576,"date":"2024-05-02T04:19:30","date_gmt":"2024-05-02T04:19:30","guid":{"rendered":"https:\/\/smartsolution.net.vn\/?post_type=product&#038;p=576"},"modified":"2024-05-02T04:19:30","modified_gmt":"2024-05-02T04:19:30","slug":"da-1x2-den","status":"publish","type":"product","link":"https:\/\/store2.k-tech-services.com\/smartsolution\/?product=da-1x2-den","title":{"rendered":"\u0110\u00e1 1\u00d72 \u0111en"},"content":{"rendered":"<p>\u0110\u00e1 1 x 2 l\u00e0 lo\u1ea1i \u0111\u00e1 c\u00f3 k\u00edch c\u1ee1 10 x 28mm ( ho\u1eb7c nhi\u1ec1u lo\u1ea1i k\u00edch c\u1ee1 kh\u00e1c nh\u01b0: 10 x 25 mm c\u00f2n g\u1ecdi l\u00e0 \u0111\u00e1 1\u00d72 b\u00ea t\u00f4ng; 10 x 22 mm c\u00f2n g\u1ecdi l\u00e0 \u0111\u00e1 1\u00d72 quy c\u00e1ch ( \u0111\u00e1 1\u00d71 ), 10 x 16 mm,\u2026 t\u00f9y theo nhu c\u1ea7u s\u1eed d\u1ee5ng c\u1ee7a kh\u00e1c h\u00e0ng). S\u1ea3n ph\u1ea9m d\u00f9ng \u0111\u1ec3 \u0111\u1ed5 b\u00ea t\u00f4ng l\u00e0m nh\u00e0 cao t\u1ea7ng, \u0111\u01b0\u1eddng b\u0103ng s\u00e2n bay, c\u1ea7u c\u1ea3ng, \u0111\u01b0\u1eddng qu\u1ed1c l\u1ed9, \u0111\u1eb7c bi\u1ec7t s\u1eed d\u1ee5ng ph\u1ed5 bi\u1ebfn t\u1ea1i c\u00e1c nh\u00e0 m\u00e1y b\u00ea t\u00f4ng t\u01b0\u01a1i ho\u1eb7c b\u00ea t\u00f4ng nh\u1ef1a n\u00f3ng, v.v\u2026<\/p>\n<p>\u0110\u1eb7t m\u1ee5c ti\u00eau tr\u1edf th\u00e0nh nh\u00e0 cung c\u1ea5p \u0111\u00e1 x\u00e2y d\u1ef1ng th\u00e2n thu\u1ed9c v\u1edbi c\u00e1c kh\u00e1ch h\u00e0ng \u0111\u1eb7c bi\u1ec7t l\u00e0 c\u00e1c kh\u00e1ch h\u00e0ng \u0111ang l\u00e0m vi\u1ec7c trong l\u0129nh v\u1ef1c x\u00e2y d\u1ef1ng, ch\u00fang t\u00f4i \u0111\u1ec1 cao s\u1ef1 h\u00e0i l\u00f2ng c\u1ee7a kh\u00e1ch h\u00e0ng \u0111\u1ed1i v\u1edbi ch\u1ea5t l\u01b0\u1ee3ng, gi\u00e1 c\u1ea3 v\u00e0 th\u00e1i \u0111\u1ed9 l\u00e0m vi\u1ec7c c\u1ee7a \u0111\u01a1n v\u1ecb v\u00e0 l\u1ea5y \u0111\u00f3 l\u00e0m ph\u01b0\u01a1ng h\u01b0\u1edbng ph\u00e1t tri\u1ec3n c\u1ee7a c\u00f4ng ty.<\/p>\n<p>C\u00f4ng ty VLXD T\u01b0 Th\u00e0nh Ph\u00e1t cung c\u1ea5p c\u00e1c s\u1ea3n ph\u1ea9m v\u1eadt li\u1ec7u x\u00e2y d\u1ef1ng nh\u01b0 Th\u00e9p Vi\u1ec7t Nh\u1eadt, Th\u00e9p Pomina, G\u1ea1ch, C\u00e1t, \u0111\u00e1, Xi m\u0103ng x\u00e2y d\u1ef1ng,\u2026 t\u1ea1i t\u1ea5t c\u1ea3 c\u00e1c qu\u1eadn tr\u00ean \u0111\u1ecba b\u00e0n TPHCM: qu\u1eadn 1, qu\u1eadn 2, qu\u1eadn 3, qu\u1eadn 4, qu\u1eadn 5, qu\u1eadn 6, qu\u1eadn 7, qu\u1eadn 8, qu\u1eadn 9, qu\u1eadn 10, qu\u1eadn 11, qu\u1eadn 12, qu\u1eadn B\u00ecnh Th\u1ea1nh, qu\u1eadn Th\u1ee7 \u0110\u1ee9c, qu\u1eadn Ph\u00fa Nhu\u1eadn, qu\u1eadn T\u00e2n Ph\u00fa, Qu\u1eadn T\u00e2n B\u00ecnh, Qu\u1eadn B\u00ecnh T\u00e2n, H\u00f3c M\u00f4n, B\u00ecnh Ch\u00e1nh, C\u1ea7n Gi\u1edd,\u2026 nh\u1eb1m \u0111\u00e1p \u1ee9ng m\u1ed9t c\u00e1ch t\u1ed1t nh\u1ea5t nhu c\u1ea7u c\u1ee7a qu\u00fd kh\u00e1ch h\u00e0ng.<\/p>\n<p>CH\u00daNG T\u00d4I CAM K\u1ebeT:<\/p>\n<p>\u2013 Giao h\u00e0ng t\u1edbi c\u00f4ng tr\u00ecnh khi kh\u00e1ch h\u00e0ng nh\u1eadn \u0111\u1ee7 s\u1ed1 l\u01b0\u1ee3ng, quy c\u00e1ch, ch\u1ee7ng lo\u1ea1i m\u1edbi thu ti\u1ec1n \u0111\u1ec3 \u0111\u1ea3m b\u1ea3o cho kh\u00e1ch h\u00e0ng ki\u1ec3m so\u00e1t h\u00e0ng h\u00f3a c\u0169ng nh\u01b0 quy c\u00e1ch.<\/p>\n<p>\u2013 Cam k\u1ebft b\u00e1n h\u00e0ng c\u00f3 nh\u00e3n m\u00e1c c\u1ee7a nh\u00e0 s\u1ea3n xu\u1ea5t.<\/p>\n<p>\u2013 Nh\u1eadn \u0111\u1eb7t h\u00e0ng qua \u0111i\u1ec7n tho\u1ea1i , email v\u00e0 giao h\u00e0ng t\u1eadn n\u01a1i trong TPHCM.<\/p>\n<p>\u2013 V\u1eadn chuy\u1ec3n h\u00e0ng t\u1edbi n\u01a1i c\u00f4ng tr\u00ecnh.<\/p>\n","protected":false},"excerpt":{"rendered":"<p>C\u00f4ng ty TNHH SMART SOLUTION cung c\u1ea5p c\u00e1t x\u00e2y d\u1ef1ng t\u1ea1i TPHCM. C\u00f4ng ty cung c\u1ea5p \u0111\u1ea3m b\u1ea3o \u0111\u00fang kh\u1ed1i l\u01b0\u1ee3ng, dung l\u01b0\u1ee3ng v\u00e0 ch\u1ea5t l\u01b0\u1ee3ng c\u00e1t theo \u0111\u00fang y\u00eau c\u1ea7u<\/p>\n","protected":false},"featured_media":577,"comment_status":"open","ping_status":"closed","template":"","meta":[],"product_cat":[23],"product_tag":[],"class_list":{"0":"post-576","1":"product","2":"type-product","3":"status-publish","4":"has-post-thumbnail","6":"product_cat-da-xay-dung","8":"first","9":"instock","10":"taxable","11":"shipping-taxable","12":"product-type-simple"},"_links":{"self":[{"href":"https:\/\/store2.k-tech-services.com\/smartsolution\/index.php?rest_route=\/wp\/v2\/product\/576","targetHints":{"allow":["GET"]}}],"collection":[{"href":"https:\/\/store2.k-tech-services.com\/smartsolution\/index.php?rest_route=\/wp\/v2\/product"}],"about":[{"href":"https:\/\/store2.k-tech-services.com\/smartsolution\/index.php?rest_route=\/wp\/v2\/types\/product"}],"replies":[{"embeddable":true,"href":"https:\/\/store2.k-tech-services.com\/smartsolution\/index.php?rest_route=%2Fwp%2Fv2%2Fcomments&post=576"}],"wp:featuredmedia":[{"embeddable":true,"href":"https:\/\/store2.k-tech-services.com\/smartsolution\/index.php?rest_route=\/wp\/v2\/media\/577"}],"wp:attachment":[{"href":"https:\/\/store2.k-tech-services.com\/smartsolution\/index.php?rest_route=%2Fwp%2Fv2%2Fmedia&parent=576"}],"wp:term":[{"taxonomy":"product_cat","embeddable":true,"href":"https:\/\/store2.k-tech-services.com\/smartsolution\/index.php?rest_route=%2Fwp%2Fv2%2Fproduct_cat&post=576"},{"taxonomy":"product_tag","embeddable":true,"href":"https:\/\/store2.k-tech-services.com\/smartsolution\/index.php?rest_route=%2Fwp%2Fv2%2Fproduct_tag&post=576"}],"curies":[{"name":"wp","href":"https:\/\/api.w.org\/{rel}","templated":true}]}}