{"id":580,"date":"2024-05-02T04:21:08","date_gmt":"2024-05-02T04:21:08","guid":{"rendered":"https:\/\/smartsolution.net.vn\/?post_type=product&#038;p=580"},"modified":"2024-05-02T04:21:08","modified_gmt":"2024-05-02T04:21:08","slug":"gach-ong-tam-quynh","status":"publish","type":"product","link":"https:\/\/store2.k-tech-services.com\/smartsolution\/?product=gach-ong-tam-quynh","title":{"rendered":"G\u1ea1ch \u1ed1ng T\u00e1m Qu\u1ef3nh"},"content":{"rendered":"<p>V\u1edbi ngu\u1ed3n nguy\u00ean li\u1ec7u \u0111\u1ea5t s\u00e9t ch\u1ea5t l\u01b0\u1ee3ng cao, \u0111\u01b0\u1ee3c ng\u00e2m \u1ee7 k\u1ef9 trong v\u00f2ng 3 \u2013 6 th\u00e1ng, qua h\u1ec7 th\u1ed1ng \u0111\u00f9n n\u00e9n v\u00e0 l\u00f2 nung k\u1ef9 thu\u1eadt cao, g\u1ea1ch tuynel B\u00ecnh D\u01b0\u01a1ng c\u00f3 h\u00ecnh d\u00e1ng, m\u00e0u s\u1eafc \u0111\u1eb9p v\u00e0 kh\u1ea3 n\u0103ng ch\u1ecbu l\u1ef1c cao &amp; kh\u1ea3 n\u0103ng th\u1ea5m n\u01b0\u1edbc th\u1ea5p. G\u1ea1ch tuynel B\u00ecnh D\u01b0\u01a1ng th\u00f5a TCVN 1450:1998 v\u00e0 TCN 1451:1998.<\/p>\n<p>Gi\u00e1 g\u1ea1ch x\u00e2y d\u1ef1ng \u0111\u01b0\u1ee3c c\u1eadp nh\u1eadt m\u1edbi nh\u1ea5t 24h trong ng\u00e0y . Nh\u1eb1m \u0111\u01b0a \u0111\u1ebfn qu\u00fd kh\u00e1ch h\u00e0ng nh\u1eefng th\u00f4ng tin v\u1ec1 s\u1ea3n ph\u1ea9m v\u00e0 gi\u00e1 th\u00e9p Vi\u1ec7t Nh\u1eadt ch\u00ednh x\u00e1c nh\u1ea5t t\u1eeb nh\u00e0 m\u00e1y ph\u00e1t h\u00e0nh .<\/p>\n<p>C\u00f4ng ty TNHH SX TM DV T\u01b0 Th\u00e0nh Ph\u00e1t xin g\u1eedi l\u1eddi ch\u00e0o v\u00e0 l\u1eddi c\u1ea3m \u01a1n ch\u00e2n th\u00e0nh t\u1edbi Qu\u00fd kh\u00e1ch h\u00e0ng \u0111\u00e3 v\u00e0 \u0111ang s\u1eed d\u1ee5ng s\u1ea3n ph\u1ea9m do T\u01b0 Th\u00e0nh Ph\u00e1t ph\u00e2n ph\u1ed1i s\u1ec9 v\u00e0 l\u1ebb trong th\u1eddi gian qua.<\/p>\n<p><img decoding=\"async\" class=\"img-responsive center-block\" title=\"G\u1ea1ch \u1ed1ng T\u00e1m Qu\u1ef3nh\" src=\"https:\/\/muabanvatlieuxaydung.com\/upload\/product\/15\/89\/35\/gach-ong-tam-quynh-20200513142406-695684.png\" alt=\"G\u1ea1ch \u1ed1ng T\u00e1m Qu\u1ef3nh\" \/><\/p>\n<blockquote class=\"blockquote\"><p><b><i>Hotline: 0909 553 750 \u2013 0911 702 879 \u2013 H\u01b0\u01a1ng Sen<\/i><\/b><\/p><\/blockquote>\n<p>C\u00f4ng ty TNHH SX TM DV T\u01b0 Th\u00e0nh Ph\u00e1t \u0111\u01b0\u1ee3c s\u00e1ng l\u1eadp b\u1edfi c\u00e1c c\u1ed5 \u0111\u00f4ng c\u00f3 nhi\u1ec1u n\u0103m kinh nghi\u1ec7m trong l\u0129nh v\u1ef1c s\u1eaft th\u00e9p x\u00e2y d\u1ef1ng v\u00e0 cung c\u1ea5p VLXD h\u00e0ng \u0111\u1ea7u t\u1ea1i Mi\u1ec1n Nam. V\u1edbi kinh nghi\u1ec7m h\u01a1n 20 n\u0103m trong l\u0129nh v\u1ef1c kinh doanh th\u00e9p x\u00e2y d\u1ef1ng, ti\u1ec1n th\u00e2n l\u00e0 \u0111\u1ea1i l\u00fd ph\u00e2n ph\u1ed1i s\u1ea3n ph\u1ea9m Th\u00e9p Vi\u1ec7t Nh\u1eadt duy nh\u1ea5t t\u1ea1i Th\u00e0nh Ph\u1ed1 H\u1ed3 Ch\u00ed Minh , hi\u1ec7n t\u1ea1i T\u01b0 Th\u00e0nh Ph\u00e1t \u0111\u00e3 m\u1edf r\u1ed9ng ph\u1ea1m vi ph\u00e2n ph\u1ed1i \u0111\u1ed1i v\u1edbi c\u00e1c s\u1ea3n ph\u1ea9m Th\u00e9p X\u00e2y D\u1ef1ng c\u00f3 th\u01b0\u01a1ng hi\u1ec7u nh\u01b0 Th\u00e9p Vi\u1ec7t nh\u1eadt , Th\u00e9p Th\u00e1i Nguy\u00ean, Th\u00e9p Pomina, Th\u00e9p Vi\u1ec7t M\u1ef9, Th\u00e9p H\u00f2a Ph\u00e1t v\u00e0 m\u1ed9t s\u1ed1 s\u1ea3n ph\u1ea9m c\u00f3 ch\u1ea5t l\u01b0\u1ee3ng uy t\u00edn kh\u00e1c.<\/p>\n<p>Ch\u00fang t\u00f4i cung c\u1ea5p g\u1ea1ch Tuynel B\u00ecnh D\u01b0\u01a1ng t\u1ea1i t\u1ea5t c\u1ea3 c\u00e1c qu\u1eadn tr\u00ean \u0111\u1ecba b\u00e0n TPHCM : qu\u1eadn 1, qu\u1eadn 2, qu\u1eadn 3, qu\u1eadn 4, qu\u1eadn 5, qu\u1eadn 6, qu\u1eadn 7, qu\u1eadn 8, qu\u1eadn 9, qu\u1eadn 10, qu\u1eadn 11, qu\u1eadn 12, qu\u1eadn B\u00ecnh Th\u1ea1nh, qu\u1eadn Th\u1ee7 \u0110\u1ee9c, qu\u1eadn Ph\u00fa Nhu\u1eadn, qu\u1eadn T\u00e2n Ph\u00fa, Qu\u1eadn T\u00e2n B\u00ecnh, Qu\u1eadn B\u00ecnh T\u00e2n, H\u00f3c M\u00f4n\u2026nh\u1eb1m \u0111\u00e1p \u1ee9ng m\u1ed9t c\u00e1ch t\u1ed1t nh\u1ea5t nhu c\u1ea7u c\u1ee7a qu\u00fd kh\u00e1ch h\u00e0ng.<\/p>\n","protected":false},"excerpt":{"rendered":"<p>C\u00f4ng ty TNHH SMART SOLUTION cung c\u1ea5p c\u00e1t x\u00e2y d\u1ef1ng t\u1ea1i TPHCM. C\u00f4ng ty cung c\u1ea5p \u0111\u1ea3m b\u1ea3o \u0111\u00fang kh\u1ed1i l\u01b0\u1ee3ng, dung l\u01b0\u1ee3ng v\u00e0 ch\u1ea5t l\u01b0\u1ee3ng c\u00e1t theo \u0111\u00fang y\u00eau c\u1ea7u<\/p>\n","protected":false},"featured_media":581,"comment_status":"open","ping_status":"closed","template":"","meta":[],"product_cat":[24],"product_tag":[],"class_list":{"0":"post-580","1":"product","2":"type-product","3":"status-publish","4":"has-post-thumbnail","6":"product_cat-gach-xay-dung","8":"first","9":"instock","10":"taxable","11":"shipping-taxable","12":"product-type-simple"},"_links":{"self":[{"href":"https:\/\/store2.k-tech-services.com\/smartsolution\/index.php?rest_route=\/wp\/v2\/product\/580","targetHints":{"allow":["GET"]}}],"collection":[{"href":"https:\/\/store2.k-tech-services.com\/smartsolution\/index.php?rest_route=\/wp\/v2\/product"}],"about":[{"href":"https:\/\/store2.k-tech-services.com\/smartsolution\/index.php?rest_route=\/wp\/v2\/types\/product"}],"replies":[{"embeddable":true,"href":"https:\/\/store2.k-tech-services.com\/smartsolution\/index.php?rest_route=%2Fwp%2Fv2%2Fcomments&post=580"}],"wp:featuredmedia":[{"embeddable":true,"href":"https:\/\/store2.k-tech-services.com\/smartsolution\/index.php?rest_route=\/wp\/v2\/media\/581"}],"wp:attachment":[{"href":"https:\/\/store2.k-tech-services.com\/smartsolution\/index.php?rest_route=%2Fwp%2Fv2%2Fmedia&parent=580"}],"wp:term":[{"taxonomy":"product_cat","embeddable":true,"href":"https:\/\/store2.k-tech-services.com\/smartsolution\/index.php?rest_route=%2Fwp%2Fv2%2Fproduct_cat&post=580"},{"taxonomy":"product_tag","embeddable":true,"href":"https:\/\/store2.k-tech-services.com\/smartsolution\/index.php?rest_route=%2Fwp%2Fv2%2Fproduct_tag&post=580"}],"curies":[{"name":"wp","href":"https:\/\/api.w.org\/{rel}","templated":true}]}}