

{"id":199,"date":"2024-06-19T10:26:33","date_gmt":"2024-06-19T10:26:33","guid":{"rendered":"http:\/\/localhost:8888\/bienso\/?page_id=199"},"modified":"2024-06-26T07:10:48","modified_gmt":"2024-06-26T07:10:48","slug":"chinh-sach","status":"publish","type":"page","link":"https:\/\/store2.k-tech-services.com\/sodo\/chinh-sach\/","title":{"rendered":"CH\u00cdNH S\u00c1CH"},"content":{"rendered":"\n\t<section class=\"section sec-chinhsach hide-for-medium\" id=\"section_1262152609\">\n\t\t<div class=\"section-bg fill\" >\n\t\t\t\t\t\t\t\t\t\n\t\t\t\n\n\t\t<\/div>\n\n\t\t\n\n\t\t<div class=\"section-content relative\">\n\t\t\t\n<div class=\"row\"  id=\"row-1791734278\">\n\n\t<div id=\"col-437470186\" class=\"col medium-9 small-12 large-9\"  >\n\t\t\t\t<div class=\"col-inner\" style=\"background-color:rgb(243, 243, 243);\" >\n\t\t\t\n\t\t\t\n\n<div class=\"breadcrumb breadcrumb-cs \" style=\"padding-top: 20px; padding-left: 10px;\"><div class=\"breadcrumb-all\"><a class=\"breadcrumb-home\" href=\"https:\/\/store2.k-tech-services.com\/sodo\">trang ch\u1ee7<\/a> <img decoding=\"async\" src=\"https:\/\/store2.k-tech-services.com\/sodo\/wp-content\/uploads\/2024\/06\/P-BlackArrow.svg\" class=\"attachment-full size-full\" alt=\"\" \/> <span class=\"breadcrumb-page-name\">CH\u00cdNH S\u00c1CH<\/span><\/div><\/div>\n\n\t<div id=\"text-1762978983\" class=\"text text-chinhsach\">\n\t\t\n<h1 style=\"font-size: 24px; font-weight: bold; line-height: 27px; padding-top: 10px;\">Quy \u0110\u1ecbnh Mua H\u00e0ng<\/h1>\n\t\t\n<style>\n#text-1762978983 {\n  color: #b22c1c;\n}\n#text-1762978983 > * {\n  color: #b22c1c;\n}\n<\/style>\n\t<\/div>\n\t\n\t<div id=\"text-4242126551\" class=\"text text-chinhsach\">\n\t\t\n<p>\u0110\u01b0\u1ee3c coi nh\u01b0 m\u1ed9t k\u1ebf ho\u1ea1ch \u0111\u1ec3 ph\u00e1t tri\u1ec3n ho\u1ea1t \u0111\u1ed9ng b\u00e1n h\u00e0ng, ch\u00ednh s\u00e1ch b\u00e1n h\u00e0ng bao g\u1ed3m t\u1eadp h\u1ee3p m\u00f4 t\u1ea3 c\u00e1c ho\u1ea1t \u0111\u1ed9ng v\u00e0 c\u00e1c m\u1ee5c ti\u00eau bao g\u1ed3m: k\u1ebf ho\u1ea1ch b\u00e1n h\u00e0ng, gi\u00e1 c\u1ea3, chi\u1ebft kh\u1ea5u\u2026 c\u0169ng nh\u01b0 c\u00e1c kh\u00eda c\u1ea1nh kh\u00e1c \u1ea3nh h\u01b0\u1edfng \u0111\u1ebfn vi\u1ec7c b\u00e1n s\u1ea3n ph\u1ea9m. Ch\u00ednh s\u00e1ch b\u00e1n h\u00e0ng th\u01b0\u1eddng g\u1eafn b\u00f3 ch\u1eb7t ch\u1ebd v\u1edbi chi\u1ebfn l\u01b0\u1ee3c ti\u1ebfp th\u1ecb v\u00e0 ph\u00e1t tri\u1ec3n c\u1ee7a to\u00e0n c\u00f4ng ty.<br \/>\nCh\u00ednh s\u00e1ch b\u00e1n h\u00e0ng c\u1ee7a C\u00f4ng ty l\u00e0 t\u1ed5 ch\u1ee9c m\u1ea1ng l\u01b0\u1edbi ph\u00e2n ph\u1ed1i t\u1ed1i \u01b0u \u0111\u1ec3 b\u00e1n h\u00e0ng h\u00f3a s\u1ea3n xu\u1ea5t c\u00f3 hi\u1ec7u qu\u1ea3 (t\u1ea1o th\u01b0\u01a1ng m\u1ea1i b\u00e1n bu\u00f4n, b\u00e1n l\u1ebb, x\u00e1c \u0111\u1ecbnh th\u1ecb tr\u01b0\u1eddng ph\u00e2n ph\u1ed1i, v\u1eadn chuy\u1ec3n, b\u1ea3o qu\u1ea3n, h\u1ec7 th\u1ed1ng cung \u1ee9ng, c\u01a1 s\u1edf b\u1ea3o d\u01b0\u1ee1ng v\u00e0 ph\u00f2ng tri\u1ec3n l\u00e3m, \u0111\u1ea3m b\u1ea3o hi\u1ec7u qu\u1ea3 ph\u00e2n ph\u1ed1i s\u1ea3n ph\u1ea9m)<br \/>\n<strong>Ch\u00ednh s\u00e1ch b\u1ea3o h\u00e0nh v\u00e0 \u0111\u1ed5i tr\u1ea3\u00a0<\/strong><br \/>\nC\u00e1c m\u1ee5c ti\u00eau ch\u00ednh c\u1ee7a ch\u00ednh s\u00e1ch b\u00e1n h\u00e0ng l\u00e0 nh\u1eb1m gi\u00fap thu h\u00fat kh\u00e1ch h\u00e0ng m\u1edbi v\u00e0 gi\u1eef ch\u00e2n kh\u00e1ch h\u00e0ng hi\u1ec7n t\u1ea1i, chinh ph\u1ee5c th\u1ecb ph\u1ea7n x\u00e1c \u0111\u1ecbnh b\u00ean c\u1ea1nh \u0111\u00f3 c\u00f2n k\u00edch th\u00edch l\u1ee3i nhu\u1eadn v\u00e0 s\u1ee9c m\u1ea1nh c\u1ea1nh tranh c\u1ee7a c\u00f4ng ty.<br \/>\nNgo\u00e0i ra ch\u00ednh s\u00e1ch b\u00e1n h\u00e0ng c\u00f2n cung c\u1ea5p c\u00e1c h\u01b0\u1edbng d\u1eabn hi\u1ec7u qu\u1ea3 cho c\u00e1c n\u1ed7 l\u1ef1c c\u1ee7a th\u00e0nh vi\u00ean c\u00f4ng ty nh\u1eb1m t\u1ed1i \u01b0u h\u00f3a s\u1ef1 h\u00e0i l\u00f2ng c\u1ee7a kh\u00e1ch h\u00e0ng.<br \/>\nT\u00e1c \u0111\u1ed9ng c\u1ee7a c\u00e1c quy\u1ebft \u0111\u1ecbnh v\u1ec1 s\u1ea3n ph\u1ea9m kh\u00f4ng ch\u1ec9 \u1ea3nh h\u01b0\u1edfng \u0111\u1ebfn c\u00e1c ho\u1ea1t \u0111\u1ed9ng ti\u1ebfp th\u1ecb c\u1ee7a c\u00f4ng ty m\u00e0 c\u00f2n \u1ea3nh h\u01b0\u1edfng \u0111\u1ebfn c\u00e1c c\u1ea5p v\u00e0 ch\u1ee9c n\u0103ng ch\u00ednh nh\u01b0: ph\u00e2n b\u1ed5 ngu\u1ed3n l\u1ef1c v\u00e0 l\u1eadp k\u1ebf ho\u1ea1ch d\u00e0i h\u1ea1n. Theo quan \u0111i\u1ec3m c\u1ee7a ti\u1ebfp th\u1ecb, s\u1ee9c m\u1ea1nh c\u1ea1nh tranh c\u1ee7a c\u00f4ng ty tr\u00ean th\u1ecb tr\u01b0\u1eddng ch\u1ee7 y\u1ebfu \u0111\u1ebfn t\u1eeb c\u00e1c quy\u1ebft \u0111\u1ecbnh ch\u00ednh s\u00e1ch s\u1ea3n ph\u1ea9m hi\u1ec7u qu\u1ea3 c\u00f9ng v\u1edbi c\u00e1c y\u1ebfu t\u1ed1 kh\u00e1c c\u1ee7a ch\u01b0\u01a1ng tr\u00ecnh ti\u1ebfp th\u1ecb v\u00e0 chi\u1ebfn l\u01b0\u1ee3c t\u1ed5ng th\u1ec3 c\u1ee7a c\u00f4ng ty.<br \/>\nC\u00e1c ch\u00ednh s\u00e1ch b\u00e1n h\u00e0ng c\u00f3 t\u1ea7m quan tr\u1ecdng to l\u1edbn v\u00ec n\u00f3 gi\u00fap:<br \/>\n\t\t\n<style>\n#text-4242126551 {\n  line-height: 2;\n}\n<\/style>\n\t<\/div>\n\t\n\t<div id=\"text-95539793\" class=\"text text_chinhsach-li\">\n\t\t\n<ul>\n<li style=\"margin-left: 40px;\">T\u0103ng doanh thu v\u00e0 l\u1ee3i nhu\u1eadn<\/li>\n<li style=\"margin-left: 40px;\">T\u0103ng s\u1ed1 l\u01b0\u1ee3ng kh\u00e1ch h\u00e0ng<\/li>\n<li style=\"margin-left: 40px;\">T\u0103ng s\u1ed1 l\u01b0\u1ee3ng h\u00e0ng b\u00e1n th\u00eam v\u00e0 b\u00e1n k\u00e8m<\/li>\n<li style=\"margin-left: 40px;\">T\u0103ng n\u0103ng su\u1ea5t nh\u00e2n vi\u00ean b\u00e1n h\u00e0ng<\/li>\n<li style=\"margin-left: 40px;\">C\u1eaft gi\u1ea3m th\u1eddi gian nh\u00e2n vi\u00ean b\u00e1n h\u00e0ng d\u00e0nh cho c\u00e1c nhi\u1ec7m v\u1ee5 kh\u00f4ng li\u00ean quan \u0111\u1ebfn b\u00e1n h\u00e0ng<br \/>\n\t\t\n<style>\n#text-95539793 {\n  line-height: 1.5;\n}\n<\/style>\n\t<\/div>\n\t\n\t<div id=\"text-3949890909\" class=\"text text-chinhsach\">\n\t\t\n<p><strong>C\u00e1ch x\u00e2y d\u1ef1ng ch\u00ednh s\u00e1ch b\u00e1n h\u00e0ng<\/strong><br \/>\n\u0110\u1ec3 s\u1eed d\u1ee5ng ch\u00ednh s\u00e1ch n\u00e0y, ng\u01b0\u1eddi ti\u00eau d\u00f9ng c\u1ea7n cung c\u1ea5p t\u00ean \u0111\u0103ng k\u00fd, ng\u00e0y sinh, \u0111\u1ecba ch\u1ec9 email, s\u1edf th\u00edch\u2026 Kh\u00e1ch h\u00e0ng \u0111\u01b0\u1ee3c c\u1ea5p th\u1ebb t\u00edch \u0111i\u1ec3m ho\u1eb7c \u00e1p d\u1ee5ng c\u00e1c \u01b0u \u0111\u00e3i ph\u00f9 h\u1ee3p d\u1ef1a tr\u00ean c\u00e1c giao d\u1ecbch ti\u1ebfp theo.<br \/>\nTri\u1ec3n khai ch\u00ednh s\u00e1ch quy\u1ec1n kh\u00e1ch h\u00e0ng th\u00e2n thi\u1ebft kh\u00f4ng nh\u1eefng gi\u00fap thu h\u00fat \u0111\u01b0\u1ee3c nhi\u1ec1u kh\u00e1ch h\u00e0ng m\u1edbi, m\u00e0 c\u00f2n l\u00e0m t\u0103ng l\u01b0\u1ee3t quay l\u1ea1i s\u1eed d\u1ee5ng s\u1ea3n ph\u1ea9m d\u1ecbch v\u1ee5.<br \/>\n\t\t\n<style>\n#text-3949890909 {\n  line-height: 2;\n}\n<\/style>\n\t<\/div>\n\t\n\t<div id=\"text-3169823020\" class=\"text text_chinhsach-li\">\n\t\t\n<ul>\n<li style=\"margin-left: 40px;\">V\u00ed d\u1ee5: M\u1ed9t kh\u00e1ch h\u00e0ng g\u1ea7n \u0111\u00e2y \u0111\u00e3 mua \u00e1o c\u1ee1 tr\u1ebb em c\u00f3 th\u1ec3 nh\u1eadn \u0111\u01b0\u1ee3c \u01b0u \u0111\u00e3i gi\u1ea3m gi\u00e1 gi\u00e0y th\u1ec3 thao tr\u1ebb em. C\u00e1c ch\u01b0\u01a1ng tr\u00ecnh kh\u00e1ch h\u00e0ng th\u00e2n thi\u1ebft m\u1edf ra nh\u1eefng c\u00e1ch th\u1ee9c v\u00e0 l\u00fd do m\u1edbi \u0111\u1ec3 giao ti\u1ebfp v\u1edbi kh\u00e1ch h\u00e0ng b\u1eb1ng c\u00e1c th\u00f4ng \u0111i\u1ec7p \u0111\u01b0\u1ee3c c\u00e1 nh\u00e2n h\u00f3a.<\/li>\n<li style=\"margin-left: 40px; padding-bottom: 50px;\">M\u1ed9t kh\u00e1ch h\u00e0ng g\u1ea7n \u0111\u00e2y \u0111\u00e3 mua \u00e1o c\u1ee1 tr\u1ebb em c\u00f3 th\u1ec3 nh\u1eadn \u0111\u01b0\u1ee3c \u01b0u \u0111\u00e3i gi\u1ea3m gi\u00e1 gi\u00e0y th\u1ec3 thao tr\u1ebb em. C\u00e1c ch\u01b0\u01a1ng tr\u00ecnh kh\u00e1ch h\u00e0ng th\u00e2n thi\u1ebft m\u1edf ra nh\u1eefng c\u00e1ch th\u1ee9c v\u00e0 l\u00fd do m\u1edbi \u0111\u1ec3 giao ti\u1ebfp v\u1edbi kh\u00e1ch h\u00e0ng b\u1eb1ng c\u00e1c th\u00f4ng \u0111\u01b0\u1ee3c c\u00e1 nh\u00e2n h\u00f3a.<\/li>\n<\/ul>\n\t\t\n<style>\n#text-3169823020 {\n  line-height: 1.5;\n}\n<\/style>\n\t<\/div>\n\t\n\t\t<\/div>\n\t\t\t\t\n<style>\n#col-437470186 > .col-inner {\n  border-radius: 10px;\n}\n<\/style>\n\t<\/div>\n\n\t\n\n\t<div id=\"col-742590923\" class=\"col col-right-bar-cs medium-3 small-12 large-3\"  >\n\t\t\t\t<div class=\"col-inner\"  >\n\t\t\t\n\t\t\t\n<div class=\"row row-right-bar\"  id=\"row-701827683\">\n\n\n\t<div id=\"col-1015245907\" class=\"col small-12 large-12\"  >\n\t\t\t\t<div class=\"col-inner\" style=\"background-color:rgb(243, 243, 243);\" >\n\t\t\t\n\t\t\t\n\n\n  <div class=\"banner has-hover banner-right-bar\" id=\"banner-1782312302\">\n          <div class=\"banner-inner fill\">\n        <div class=\"banner-bg fill\" >\n            <img loading=\"lazy\" decoding=\"async\" width=\"1400\" height=\"300\" src=\"https:\/\/store2.k-tech-services.com\/sodo\/wp-content\/uploads\/2024\/06\/c-banner-common.png\" class=\"bg attachment-original size-original\" alt=\"\" \/>                                    \n                    <\/div>\n\t\t\n        <div class=\"banner-layers container\">\n            <div class=\"fill banner-link\"><\/div>            \n\n   <div id=\"text-box-1578383670\" class=\"text-box banner-layer x50 md-x50 lg-x50 y50 md-y50 lg-y50 res-text\">\n                                <div class=\"text-box-content text dark\">\n              \n              <div class=\"text-inner text-center\">\n                  \n\n\t<div id=\"text-2890309075\" class=\"text\">\n\t\t\n\n<p style=\"font-family: Open Sans; font-size: 16px; font-weight: bold; line-height: 27px; text-align: center;\"><strong>C\u00c1C CH\u00cdNH S\u00c1CH KH\u00c1C<\/strong><\/p>\n\t\t\n<style>\n#text-2890309075 {\n  color: rgb(255,255,255);\n}\n#text-2890309075 > * {\n  color: rgb(255,255,255);\n}\n<\/style>\n\t<\/div>\n\t\n\n              <\/div>\n           <\/div>\n                            \n<style>\n#text-box-1578383670 {\n  width: 92%;\n}\n#text-box-1578383670 .text-box-content {\n  font-size: 100%;\n}\n<\/style>\n    <\/div>\n \n\n        <\/div>\n      <\/div>\n\n            \n<style>\n#banner-1782312302 {\n  padding-top: 100px;\n}\n<\/style>\n  <\/div>\n\n\n\t<div class=\"ux-menu stack stack-col justify-start menu-right-bar\">\n\t\t\n\n\t<div class=\"ux-menu-link flex menu-item\">\n\t\t<a class=\"ux-menu-link__link flex\" href=\"https:\/\/store2.k-tech-services.com\/sodo\" >\n\t\t\t\t\t\t<span class=\"ux-menu-link__text\">\n\t\t\t\tCh\u00ednh S\u00e1ch B\u1ea3o M\u1eadt\t\t\t<\/span>\n\t\t<\/a>\n\t<\/div>\n\t\n\n\t<div class=\"ux-menu-link flex menu-item\">\n\t\t<a class=\"ux-menu-link__link flex\" href=\"https:\/\/store2.k-tech-services.com\/sodo\" >\n\t\t\t\t\t\t<span class=\"ux-menu-link__text\">\n\t\t\t\t\u0110i\u1ec1u kho\u1ea3n s\u1eed d\u1ee5ng\t\t\t<\/span>\n\t\t<\/a>\n\t<\/div>\n\t\n\n\t<div class=\"ux-menu-link flex menu-item\">\n\t\t<a class=\"ux-menu-link__link flex\" href=\"https:\/\/store2.k-tech-services.com\/sodo\" >\n\t\t\t\t\t\t<span class=\"ux-menu-link__text\">\n\t\t\t\tCh\u00ednh S\u00e1ch Gi\u1ea3i Quy\u1ebft Tranh Ch\u1ea5p\t\t\t<\/span>\n\t\t<\/a>\n\t<\/div>\n\t\n\n\t<div class=\"ux-menu-link flex menu-item\">\n\t\t<a class=\"ux-menu-link__link flex\" href=\"https:\/\/store2.k-tech-services.com\/sodo\" >\n\t\t\t\t\t\t<span class=\"ux-menu-link__text\">\n\t\t\t\tH\u1ecfi \u0110\u00e1p\t\t\t<\/span>\n\t\t<\/a>\n\t<\/div>\n\t\n\n\n\t<\/div>\n\t\n\n\t\t<\/div>\n\t\t\t\t\n<style>\n#col-1015245907 > .col-inner {\n  padding: 5px 5px 5px 5px;\n}\n<\/style>\n\t<\/div>\n\n\t\n\n<\/div>\n\t\t<\/div>\n\t\t\t\t\t<\/div>\n\n\t\n<\/div>\n\t\t<\/div>\n\n\t\t\n<style>\n#section_1262152609 {\n  padding-top: 30px;\n  padding-bottom: 30px;\n}\n<\/style>\n\t<\/section>\n\t\n\n\t<section class=\"section chinhsach-mb show-for-small\" id=\"section_1906543351\">\n\t\t<div class=\"section-bg fill\" >\n\t\t\t\t\t\t\t\t\t\n\t\t\t\n\n\t\t<\/div>\n\n\t\t\n\n\t\t<div class=\"section-content relative\">\n\t\t\t\n<div class=\"row align-equal\"  id=\"row-2043185925\">\n\n\t<div id=\"col-1145531570\" class=\"col medium-9 small-12 large-9\"  >\n\t\t\t\t<div class=\"col-inner\" style=\"background-color:rgb(243, 243, 243);\" >\n\t\t\t\n\t\t\t\n\n<div class=\"breadcrumb-mobile\"><div class=\"breadcrumb-all\"><a class=\"breadcrumb-home\" href=\"https:\/\/store2.k-tech-services.com\/sodo\">trang ch\u1ee7<\/a> <img decoding=\"async\" src=\"https:\/\/store2.k-tech-services.com\/sodo\/wp-content\/uploads\/2024\/06\/P-BlackArrow.svg\" class=\"attachment-full size-full\" alt=\"\" \/> <span class=\"breadcrumb-page-name\">CH\u00cdNH S\u00c1CH<\/span><\/div><\/div>\n\n\t<div id=\"text-3496626722\" class=\"text text-chinhsach\">\n\t\t\n<h1 style=\"font-size: 24px; font-weight: bold; line-height: 27px; padding-top: 10px;\">Quy \u0110\u1ecbnh Mua H\u00e0ng<\/h1>\n\t\t\n<style>\n#text-3496626722 {\n  color: #b22c1c;\n}\n#text-3496626722 > * {\n  color: #b22c1c;\n}\n<\/style>\n\t<\/div>\n\t\n\t<div id=\"text-3668129625\" class=\"text text-chinhsach\">\n\t\t\n<p>\u0110\u01b0\u1ee3c coi nh\u01b0 m\u1ed9t k\u1ebf ho\u1ea1ch \u0111\u1ec3 ph\u00e1t tri\u1ec3n ho\u1ea1t \u0111\u1ed9ng b\u00e1n h\u00e0ng, ch\u00ednh s\u00e1ch b\u00e1n h\u00e0ng bao g\u1ed3m t\u1eadp h\u1ee3p m\u00f4 t\u1ea3 c\u00e1c ho\u1ea1t \u0111\u1ed9ng v\u00e0 c\u00e1c m\u1ee5c ti\u00eau bao g\u1ed3m: k\u1ebf ho\u1ea1ch b\u00e1n h\u00e0ng, gi\u00e1 c\u1ea3, chi\u1ebft kh\u1ea5u\u2026 c\u0169ng nh\u01b0 c\u00e1c kh\u00eda c\u1ea1nh kh\u00e1c \u1ea3nh h\u01b0\u1edfng \u0111\u1ebfn vi\u1ec7c b\u00e1n s\u1ea3n ph\u1ea9m. Ch\u00ednh s\u00e1ch b\u00e1n h\u00e0ng th\u01b0\u1eddng g\u1eafn b\u00f3 ch\u1eb7t ch\u1ebd v\u1edbi chi\u1ebfn l\u01b0\u1ee3c ti\u1ebfp th\u1ecb v\u00e0 ph\u00e1t tri\u1ec3n c\u1ee7a to\u00e0n c\u00f4ng ty.<br \/>\nCh\u00ednh s\u00e1ch b\u00e1n h\u00e0ng c\u1ee7a C\u00f4ng ty l\u00e0 t\u1ed5 ch\u1ee9c m\u1ea1ng l\u01b0\u1edbi ph\u00e2n ph\u1ed1i t\u1ed1i \u01b0u \u0111\u1ec3 b\u00e1n h\u00e0ng h\u00f3a s\u1ea3n xu\u1ea5t c\u00f3 hi\u1ec7u qu\u1ea3 (t\u1ea1o th\u01b0\u01a1ng m\u1ea1i b\u00e1n bu\u00f4n, b\u00e1n l\u1ebb, x\u00e1c \u0111\u1ecbnh th\u1ecb tr\u01b0\u1eddng ph\u00e2n ph\u1ed1i, v\u1eadn chuy\u1ec3n, b\u1ea3o qu\u1ea3n, h\u1ec7 th\u1ed1ng cung \u1ee9ng, c\u01a1 s\u1edf b\u1ea3o d\u01b0\u1ee1ng v\u00e0 ph\u00f2ng tri\u1ec3n l\u00e3m, \u0111\u1ea3m b\u1ea3o hi\u1ec7u qu\u1ea3 ph\u00e2n ph\u1ed1i s\u1ea3n ph\u1ea9m)<br \/>\n<strong>Ch\u00ednh s\u00e1ch b\u1ea3o h\u00e0nh v\u00e0 \u0111\u1ed5i tr\u1ea3\u00a0<\/strong><br \/>\nC\u00e1c m\u1ee5c ti\u00eau ch\u00ednh c\u1ee7a ch\u00ednh s\u00e1ch b\u00e1n h\u00e0ng l\u00e0 nh\u1eb1m gi\u00fap thu h\u00fat kh\u00e1ch h\u00e0ng m\u1edbi v\u00e0 gi\u1eef ch\u00e2n kh\u00e1ch h\u00e0ng hi\u1ec7n t\u1ea1i, chinh ph\u1ee5c th\u1ecb ph\u1ea7n x\u00e1c \u0111\u1ecbnh b\u00ean c\u1ea1nh \u0111\u00f3 c\u00f2n k\u00edch th\u00edch l\u1ee3i nhu\u1eadn v\u00e0 s\u1ee9c m\u1ea1nh c\u1ea1nh tranh c\u1ee7a c\u00f4ng ty.<br \/>\nNgo\u00e0i ra ch\u00ednh s\u00e1ch b\u00e1n h\u00e0ng c\u00f2n cung c\u1ea5p c\u00e1c h\u01b0\u1edbng d\u1eabn hi\u1ec7u qu\u1ea3 cho c\u00e1c n\u1ed7 l\u1ef1c c\u1ee7a th\u00e0nh vi\u00ean c\u00f4ng ty nh\u1eb1m t\u1ed1i \u01b0u h\u00f3a s\u1ef1 h\u00e0i l\u00f2ng c\u1ee7a kh\u00e1ch h\u00e0ng.<br \/>\nT\u00e1c \u0111\u1ed9ng c\u1ee7a c\u00e1c quy\u1ebft \u0111\u1ecbnh v\u1ec1 s\u1ea3n ph\u1ea9m kh\u00f4ng ch\u1ec9 \u1ea3nh h\u01b0\u1edfng \u0111\u1ebfn c\u00e1c ho\u1ea1t \u0111\u1ed9ng ti\u1ebfp th\u1ecb c\u1ee7a c\u00f4ng ty m\u00e0 c\u00f2n \u1ea3nh h\u01b0\u1edfng \u0111\u1ebfn c\u00e1c c\u1ea5p v\u00e0 ch\u1ee9c n\u0103ng ch\u00ednh nh\u01b0: ph\u00e2n b\u1ed5 ngu\u1ed3n l\u1ef1c v\u00e0 l\u1eadp k\u1ebf ho\u1ea1ch d\u00e0i h\u1ea1n. Theo quan \u0111i\u1ec3m c\u1ee7a ti\u1ebfp th\u1ecb, s\u1ee9c m\u1ea1nh c\u1ea1nh tranh c\u1ee7a c\u00f4ng ty tr\u00ean th\u1ecb tr\u01b0\u1eddng ch\u1ee7 y\u1ebfu \u0111\u1ebfn t\u1eeb c\u00e1c quy\u1ebft \u0111\u1ecbnh ch\u00ednh s\u00e1ch s\u1ea3n ph\u1ea9m hi\u1ec7u qu\u1ea3 c\u00f9ng v\u1edbi c\u00e1c y\u1ebfu t\u1ed1 kh\u00e1c c\u1ee7a ch\u01b0\u01a1ng tr\u00ecnh ti\u1ebfp th\u1ecb v\u00e0 chi\u1ebfn l\u01b0\u1ee3c t\u1ed5ng th\u1ec3 c\u1ee7a c\u00f4ng ty.<br \/>\nC\u00e1c ch\u00ednh s\u00e1ch b\u00e1n h\u00e0ng c\u00f3 t\u1ea7m quan tr\u1ecdng to l\u1edbn v\u00ec n\u00f3 gi\u00fap:<br \/>\n\t\t\n<style>\n#text-3668129625 {\n  line-height: 2;\n}\n<\/style>\n\t<\/div>\n\t\n\t<div id=\"text-1407718551\" class=\"text text_chinhsach-li\">\n\t\t\n<ul>\n<li style=\"margin-left: 40px;\">T\u0103ng doanh thu v\u00e0 l\u1ee3i nhu\u1eadn<\/li>\n<li style=\"margin-left: 40px;\">T\u0103ng s\u1ed1 l\u01b0\u1ee3ng kh\u00e1ch h\u00e0ng<\/li>\n<li style=\"margin-left: 40px;\">T\u0103ng s\u1ed1 l\u01b0\u1ee3ng h\u00e0ng b\u00e1n th\u00eam v\u00e0 b\u00e1n k\u00e8m<\/li>\n<li style=\"margin-left: 40px;\">T\u0103ng n\u0103ng su\u1ea5t nh\u00e2n vi\u00ean b\u00e1n h\u00e0ng<\/li>\n<li style=\"margin-left: 40px;\">C\u1eaft gi\u1ea3m th\u1eddi gian nh\u00e2n vi\u00ean b\u00e1n h\u00e0ng d\u00e0nh cho c\u00e1c nhi\u1ec7m v\u1ee5 kh\u00f4ng li\u00ean quan \u0111\u1ebfn b\u00e1n h\u00e0ng<br \/>\n\t\t\n<style>\n#text-1407718551 {\n  line-height: 1.5;\n}\n<\/style>\n\t<\/div>\n\t\n\t<div id=\"text-3725026519\" class=\"text text-chinhsach\">\n\t\t\n<p><strong>C\u00e1ch x\u00e2y d\u1ef1ng ch\u00ednh s\u00e1ch b\u00e1n h\u00e0ng<\/strong><br \/>\n\u0110\u1ec3 s\u1eed d\u1ee5ng ch\u00ednh s\u00e1ch n\u00e0y, ng\u01b0\u1eddi ti\u00eau d\u00f9ng c\u1ea7n cung c\u1ea5p t\u00ean \u0111\u0103ng k\u00fd, ng\u00e0y sinh, \u0111\u1ecba ch\u1ec9 email, s\u1edf th\u00edch\u2026 Kh\u00e1ch h\u00e0ng \u0111\u01b0\u1ee3c c\u1ea5p th\u1ebb t\u00edch \u0111i\u1ec3m ho\u1eb7c \u00e1p d\u1ee5ng c\u00e1c \u01b0u \u0111\u00e3i ph\u00f9 h\u1ee3p d\u1ef1a tr\u00ean c\u00e1c giao d\u1ecbch ti\u1ebfp theo.<br \/>\nTri\u1ec3n khai ch\u00ednh s\u00e1ch quy\u1ec1n kh\u00e1ch h\u00e0ng th\u00e2n thi\u1ebft kh\u00f4ng nh\u1eefng gi\u00fap thu h\u00fat \u0111\u01b0\u1ee3c nhi\u1ec1u kh\u00e1ch h\u00e0ng m\u1edbi, m\u00e0 c\u00f2n l\u00e0m t\u0103ng l\u01b0\u1ee3t quay l\u1ea1i s\u1eed d\u1ee5ng s\u1ea3n ph\u1ea9m d\u1ecbch v\u1ee5.<br \/>\n\t\t\n<style>\n#text-3725026519 {\n  line-height: 2;\n}\n<\/style>\n\t<\/div>\n\t\n\t<div id=\"text-1470869893\" class=\"text text_chinhsach-li\">\n\t\t\n<ul>\n<li style=\"margin-left: 40px;\">V\u00ed d\u1ee5: M\u1ed9t kh\u00e1ch h\u00e0ng g\u1ea7n \u0111\u00e2y \u0111\u00e3 mua \u00e1o c\u1ee1 tr\u1ebb em c\u00f3 th\u1ec3 nh\u1eadn \u0111\u01b0\u1ee3c \u01b0u \u0111\u00e3i gi\u1ea3m gi\u00e1 gi\u00e0y th\u1ec3 thao tr\u1ebb em. C\u00e1c ch\u01b0\u01a1ng tr\u00ecnh kh\u00e1ch h\u00e0ng th\u00e2n thi\u1ebft m\u1edf ra nh\u1eefng c\u00e1ch th\u1ee9c v\u00e0 l\u00fd do m\u1edbi \u0111\u1ec3 giao ti\u1ebfp v\u1edbi kh\u00e1ch h\u00e0ng b\u1eb1ng c\u00e1c th\u00f4ng \u0111i\u1ec7p \u0111\u01b0\u1ee3c c\u00e1 nh\u00e2n h\u00f3a.<\/li>\n<li style=\"margin-left: 40px; padding-bottom: 50px;\">M\u1ed9t kh\u00e1ch h\u00e0ng g\u1ea7n \u0111\u00e2y \u0111\u00e3 mua \u00e1o c\u1ee1 tr\u1ebb em c\u00f3 th\u1ec3 nh\u1eadn \u0111\u01b0\u1ee3c \u01b0u \u0111\u00e3i gi\u1ea3m gi\u00e1 gi\u00e0y th\u1ec3 thao tr\u1ebb em. C\u00e1c ch\u01b0\u01a1ng tr\u00ecnh kh\u00e1ch h\u00e0ng th\u00e2n thi\u1ebft m\u1edf ra nh\u1eefng c\u00e1ch th\u1ee9c v\u00e0 l\u00fd do m\u1edbi \u0111\u1ec3 giao ti\u1ebfp v\u1edbi kh\u00e1ch h\u00e0ng b\u1eb1ng c\u00e1c th\u00f4ng \u0111\u01b0\u1ee3c c\u00e1 nh\u00e2n h\u00f3a.<\/li>\n<\/ul>\n\t\t\n<style>\n#text-1470869893 {\n  line-height: 1.5;\n}\n<\/style>\n\t<\/div>\n\t\n\t\t<\/div>\n\t\t\t\t\n<style>\n#col-1145531570 > .col-inner {\n  border-radius: 10px;\n}\n<\/style>\n\t<\/div>\n\n\t\n\n<\/div>\n\t\t<\/div>\n\n\t\t\n<style>\n#section_1906543351 {\n  padding-top: 30px;\n  padding-bottom: 30px;\n}\n<\/style>\n\t<\/section>\n\t\n","protected":false},"excerpt":{"rendered":"","protected":false},"author":1,"featured_media":0,"parent":0,"menu_order":0,"comment_status":"closed","ping_status":"closed","template":"","meta":{"_acf_changed":false,"footnotes":""},"class_list":["post-199","page","type-page","status-publish","hentry"],"acf":[],"_links":{"self":[{"href":"https:\/\/store2.k-tech-services.com\/sodo\/wp-json\/wp\/v2\/pages\/199"}],"collection":[{"href":"https:\/\/store2.k-tech-services.com\/sodo\/wp-json\/wp\/v2\/pages"}],"about":[{"href":"https:\/\/store2.k-tech-services.com\/sodo\/wp-json\/wp\/v2\/types\/page"}],"author":[{"embeddable":true,"href":"https:\/\/store2.k-tech-services.com\/sodo\/wp-json\/wp\/v2\/users\/1"}],"replies":[{"embeddable":true,"href":"https:\/\/store2.k-tech-services.com\/sodo\/wp-json\/wp\/v2\/comments?post=199"}],"version-history":[{"count":22,"href":"https:\/\/store2.k-tech-services.com\/sodo\/wp-json\/wp\/v2\/pages\/199\/revisions"}],"predecessor-version":[{"id":1070,"href":"https:\/\/store2.k-tech-services.com\/sodo\/wp-json\/wp\/v2\/pages\/199\/revisions\/1070"}],"wp:attachment":[{"href":"https:\/\/store2.k-tech-services.com\/sodo\/wp-json\/wp\/v2\/media?parent=199"}],"curies":[{"name":"wp","href":"https:\/\/api.w.org\/{rel}","templated":true}]}}