{"id":10,"date":"2024-11-20T14:39:08","date_gmt":"2024-11-20T07:39:08","guid":{"rendered":"http:\/\/localhost:8888\/wpbantra\/?page_id=10"},"modified":"2024-11-22T21:08:33","modified_gmt":"2024-11-22T14:08:33","slug":"cau-chuyen-thuong-hieu","status":"publish","type":"page","link":"https:\/\/store2.k-tech-services.com\/tracohoanguyen\/cau-chuyen-thuong-hieu\/","title":{"rendered":"C\u00e2u chuy\u1ec7n th\u01b0\u01a1ng hi\u1ec7u"},"content":{"rendered":"\n\t<section class=\"section\" id=\"section_347141184\">\n\t\t<div class=\"section-bg fill\" >\n\t\t\t<img loading=\"lazy\" decoding=\"async\" width=\"1920\" height=\"900\" src=\"https:\/\/store2.k-tech-services.com\/tracohoanguyen\/wp-content\/uploads\/2024\/11\/bg-header.jpeg\" class=\"bg attachment-original size-original\" alt=\"\" \/>\t\t\t\t\t\t\n\t\t\t\n\n\t\t<\/div>\n\n\t\t\n\n\t\t<div class=\"section-content relative\">\n\t\t\t\n<div class=\"row row-small\"  id=\"row-1403239489\">\n\n\t<div id=\"col-671565118\" class=\"col small-12 large-12\"  >\n\t\t\t\t<div class=\"col-inner\"  >\n\t\t\t\n\t\t\t\n<div class=\"container section-title-container heading-center mb-0\" ><h2 class=\"section-title section-title-center\"><b><\/b><span class=\"section-title-main\" >L\u1ecbch s\u1eed v\u00e0 S\u1ee9 M\u1ec7nh<\/span><b><\/b><\/h2><\/div>\n<div class=\"text-center\"><div class=\"is-divider divider clearfix\" style=\"max-width:100px;background-color:rgb(176, 31, 36);\"><\/div><\/div>\n\t\t<\/div>\n\t\t\t\t\t<\/div>\n\n\t\n<\/div>\n<div class=\"row row-small border-col-right\"  id=\"row-1839786069\">\n\n\t<div id=\"col-176534351\" class=\"col medium-4 small-12 large-4\"  >\n\t\t\t\t<div class=\"col-inner\"  >\n\t\t\t\n\t\t\t\n\t<div class=\"img has-hover x md-x lg-x y md-y lg-y\" id=\"image_122338787\">\n\t\t<a class=\"image-lightbox lightbox-gallery\" title=\"\" href=\"https:\/\/store2.k-tech-services.com\/tracohoanguyen\/wp-content\/uploads\/2024\/11\/1-879x1024.jpg\">\t\t\t\t\t\t<div class=\"img-inner image-cover box-shadow-2 dark\" style=\"padding-top:75%;\">\n\t\t\t<img loading=\"lazy\" decoding=\"async\" width=\"1432\" height=\"1668\" src=\"https:\/\/store2.k-tech-services.com\/tracohoanguyen\/wp-content\/uploads\/2024\/11\/1.jpg\" class=\"attachment-original size-original\" alt=\"\" srcset=\"https:\/\/store2.k-tech-services.com\/tracohoanguyen\/wp-content\/uploads\/2024\/11\/1.jpg 1432w, https:\/\/store2.k-tech-services.com\/tracohoanguyen\/wp-content\/uploads\/2024\/11\/1-258x300.jpg 258w, https:\/\/store2.k-tech-services.com\/tracohoanguyen\/wp-content\/uploads\/2024\/11\/1-879x1024.jpg 879w, https:\/\/store2.k-tech-services.com\/tracohoanguyen\/wp-content\/uploads\/2024\/11\/1-768x895.jpg 768w, https:\/\/store2.k-tech-services.com\/tracohoanguyen\/wp-content\/uploads\/2024\/11\/1-1319x1536.jpg 1319w, https:\/\/store2.k-tech-services.com\/tracohoanguyen\/wp-content\/uploads\/2024\/11\/1-600x699.jpg 600w\" sizes=\"auto, (max-width: 1432px) 100vw, 1432px\" \/>\t\t\t\t\t\t\n\t\t\t\t\t<\/div>\n\t\t\t\t\t\t<\/a>\t\t\n<style>\n#image_122338787 {\n  width: 100%;\n}\n<\/style>\n\t<\/div>\n\t\n\t<div class=\"img has-hover x md-x lg-x y md-y lg-y\" id=\"image_1130034170\">\n\t\t\t\t\t\t\t\t<div class=\"img-inner image-cover dark\" style=\"padding-top:56.25%;\">\n\t\t\t<img loading=\"lazy\" decoding=\"async\" width=\"1024\" height=\"1024\" src=\"https:\/\/store2.k-tech-services.com\/tracohoanguyen\/wp-content\/uploads\/2024\/11\/2.jpg\" class=\"attachment-original size-original\" alt=\"\" srcset=\"https:\/\/store2.k-tech-services.com\/tracohoanguyen\/wp-content\/uploads\/2024\/11\/2.jpg 1024w, https:\/\/store2.k-tech-services.com\/tracohoanguyen\/wp-content\/uploads\/2024\/11\/2-300x300.jpg 300w, https:\/\/store2.k-tech-services.com\/tracohoanguyen\/wp-content\/uploads\/2024\/11\/2-150x150.jpg 150w, https:\/\/store2.k-tech-services.com\/tracohoanguyen\/wp-content\/uploads\/2024\/11\/2-768x768.jpg 768w, https:\/\/store2.k-tech-services.com\/tracohoanguyen\/wp-content\/uploads\/2024\/11\/2-600x600.jpg 600w, https:\/\/store2.k-tech-services.com\/tracohoanguyen\/wp-content\/uploads\/2024\/11\/2-100x100.jpg 100w\" sizes=\"auto, (max-width: 1024px) 100vw, 1024px\" \/>\t\t\t\t\t\t\n\t\t\t\t\t<\/div>\n\t\t\t\t\t\t\t\t\n<style>\n#image_1130034170 {\n  width: 100%;\n}\n<\/style>\n\t<\/div>\n\t\n\t\t<\/div>\n\t\t\t\t\t<\/div>\n\n\t\n\n\t<div id=\"col-2023251284\" class=\"col medium-8 small-12 large-8\"  >\n\t\t\t\t<div class=\"col-inner\"  >\n\t\t\t\n\t\t\t\n<h4>\u00a0<\/h4>\n<h4><strong>? Giai \u0111o\u1ea1n kh\u1edfi ngu\u1ed3n (Th\u1ebf k\u1ef7 19 &#8211; \u0110\u1ea7u th\u1ebf k\u1ef7 20)<\/strong><\/h4>\n<p>Truy\u1ec1n th\u1ed1ng tr\u1ed3ng tr\u00e0 t\u1ea1i T\u00e2n C\u01b0\u01a1ng, Th\u00e1i Nguy\u00ean, b\u1eaft \u0111\u1ea7u t\u1eeb cu\u1ed1i th\u1ebf k\u1ef7 19. L\u00fac b\u1ea5y gi\u1edd, v\u00f9ng \u0111\u1ea5t T\u00e2n C\u01b0\u01a1ng \u0111\u01b0\u1ee3c xem l\u00e0 n\u01a1i c\u00f3 kh\u00ed h\u1eadu v\u00e0 th\u1ed5 nh\u01b0\u1ee1ng l\u00fd t\u01b0\u1edfng \u0111\u1ec3 c\u00e2y ch\u00e8 sinh tr\u01b0\u1edfng. Nh\u1eefng h\u1ed9 n\u00f4ng d\u00e2n \u0111\u1ea7u ti\u00ean tr\u1ed3ng tr\u00e0 ch\u1ee7 y\u1ebfu ph\u1ee5c v\u1ee5 nhu c\u1ea7u gia \u0111\u00ecnh v\u00e0 giao th\u01b0\u01a1ng nh\u1ecf l\u1ebb trong v\u00f9ng.<\/p>\n<p>\u00a0<\/p>\n<h4><strong>? Ph\u00e1t tri\u1ec3n th\u01b0\u01a1ng m\u1ea1i h\u00f3a (1930 &#8211; 1945)<\/strong><\/h4>\n<p>N\u0103m 1935, \u00f4ng \u0110\u1ed9i N\u0103m \u2013 ng\u01b0\u1eddi \u0111\u01b0\u1ee3c coi l\u00e0 &#8220;cha \u0111\u1ebb&#8221; c\u1ee7a tr\u00e0 T\u00e2n C\u01b0\u01a1ng \u2013 \u0111\u00e3 \u0111em gi\u1ed1ng ch\u00e8 \u0111\u1eb7c bi\u1ec7t t\u1eeb Ph\u00fa Th\u1ecd v\u1ec1 tr\u1ed3ng t\u1ea1i v\u00f9ng \u0111\u1ea5t T\u00e2n C\u01b0\u01a1ng. Sau qu\u00e1 tr\u00ecnh nghi\u00ean c\u1ee9u, \u00f4ng nh\u1eadn th\u1ea5y ch\u00e8 \u1edf \u0111\u00e2y cho ch\u1ea5t l\u01b0\u1ee3ng v\u01b0\u1ee3t tr\u1ed9i, l\u00e1 ch\u00e8 xanh m\u01b0\u1edbt, v\u1ecb tr\u00e0 ch\u00e1t d\u1ecbu, ng\u1ecdt h\u1eadu.<br \/>T\u1eeb \u0111\u00e2y, tr\u00e0 T\u00e2n C\u01b0\u01a1ng ch\u00ednh th\u1ee9c tr\u1edf th\u00e0nh m\u1ed9t s\u1ea3n ph\u1ea9m n\u1ed5i ti\u1ebfng, \u0111\u01b0\u1ee3c giao th\u01b0\u01a1ng kh\u1eafp c\u00e1c t\u1ec9nh mi\u1ec1n B\u1eafc.<\/p>\n\t\t<\/div>\n\t\t\t\t\t<\/div>\n\n\t\n<\/div>\n<div class=\"row row-small border-col-right\"  id=\"row-1760325918\">\n\n\t<div id=\"col-182185539\" class=\"col medium-4 small-12 large-4\"  >\n\t\t\t\t<div class=\"col-inner\"  >\n\t\t\t\n\t\t\t\n\t<div class=\"img has-hover x md-x lg-x y md-y lg-y\" id=\"image_399260932\">\n\t\t\t\t\t\t\t\t<div class=\"img-inner image-cover dark\" style=\"padding-top:100%;\">\n\t\t\t<img loading=\"lazy\" decoding=\"async\" width=\"1024\" height=\"1024\" src=\"https:\/\/store2.k-tech-services.com\/tracohoanguyen\/wp-content\/uploads\/2024\/11\/3.jpg\" class=\"attachment-original size-original\" alt=\"\" srcset=\"https:\/\/store2.k-tech-services.com\/tracohoanguyen\/wp-content\/uploads\/2024\/11\/3.jpg 1024w, https:\/\/store2.k-tech-services.com\/tracohoanguyen\/wp-content\/uploads\/2024\/11\/3-300x300.jpg 300w, https:\/\/store2.k-tech-services.com\/tracohoanguyen\/wp-content\/uploads\/2024\/11\/3-150x150.jpg 150w, https:\/\/store2.k-tech-services.com\/tracohoanguyen\/wp-content\/uploads\/2024\/11\/3-768x768.jpg 768w, https:\/\/store2.k-tech-services.com\/tracohoanguyen\/wp-content\/uploads\/2024\/11\/3-600x600.jpg 600w, https:\/\/store2.k-tech-services.com\/tracohoanguyen\/wp-content\/uploads\/2024\/11\/3-100x100.jpg 100w\" sizes=\"auto, (max-width: 1024px) 100vw, 1024px\" \/>\t\t\t\t\t\t\n\t\t\t\t\t<\/div>\n\t\t\t\t\t\t\t\t\n<style>\n#image_399260932 {\n  width: 100%;\n}\n<\/style>\n\t<\/div>\n\t\n\t<div class=\"img has-hover x md-x lg-x y md-y lg-y\" id=\"image_94552773\">\n\t\t\t\t\t\t\t\t<div class=\"img-inner image-cover dark\" style=\"padding-top:100%;\">\n\t\t\t<img loading=\"lazy\" decoding=\"async\" width=\"1280\" height=\"960\" src=\"https:\/\/store2.k-tech-services.com\/tracohoanguyen\/wp-content\/uploads\/2024\/11\/z6059667507914_f3c40ead8453ad3f136ae368ebf01ca4.jpg\" class=\"attachment-original size-original\" alt=\"\" srcset=\"https:\/\/store2.k-tech-services.com\/tracohoanguyen\/wp-content\/uploads\/2024\/11\/z6059667507914_f3c40ead8453ad3f136ae368ebf01ca4.jpg 1280w, https:\/\/store2.k-tech-services.com\/tracohoanguyen\/wp-content\/uploads\/2024\/11\/z6059667507914_f3c40ead8453ad3f136ae368ebf01ca4-300x225.jpg 300w, https:\/\/store2.k-tech-services.com\/tracohoanguyen\/wp-content\/uploads\/2024\/11\/z6059667507914_f3c40ead8453ad3f136ae368ebf01ca4-1024x768.jpg 1024w, https:\/\/store2.k-tech-services.com\/tracohoanguyen\/wp-content\/uploads\/2024\/11\/z6059667507914_f3c40ead8453ad3f136ae368ebf01ca4-768x576.jpg 768w, https:\/\/store2.k-tech-services.com\/tracohoanguyen\/wp-content\/uploads\/2024\/11\/z6059667507914_f3c40ead8453ad3f136ae368ebf01ca4-600x450.jpg 600w\" sizes=\"auto, (max-width: 1280px) 100vw, 1280px\" \/>\t\t\t\t\t\t\n\t\t\t\t\t<\/div>\n\t\t\t\t\t\t\t\t\n<style>\n#image_94552773 {\n  width: 100%;\n}\n<\/style>\n\t<\/div>\n\t\n\t<div class=\"img has-hover x md-x lg-x y md-y lg-y\" id=\"image_1497276676\">\n\t\t\t\t\t\t\t\t<div class=\"img-inner image-cover dark\" style=\"padding-top:100%;\">\n\t\t\t<img loading=\"lazy\" decoding=\"async\" width=\"1536\" height=\"2048\" src=\"https:\/\/store2.k-tech-services.com\/tracohoanguyen\/wp-content\/uploads\/2024\/11\/z6059710930330_2453835c6d37e5cdfccd2df894d068e2.jpg\" class=\"attachment-original size-original\" alt=\"\" srcset=\"https:\/\/store2.k-tech-services.com\/tracohoanguyen\/wp-content\/uploads\/2024\/11\/z6059710930330_2453835c6d37e5cdfccd2df894d068e2.jpg 1536w, https:\/\/store2.k-tech-services.com\/tracohoanguyen\/wp-content\/uploads\/2024\/11\/z6059710930330_2453835c6d37e5cdfccd2df894d068e2-225x300.jpg 225w, https:\/\/store2.k-tech-services.com\/tracohoanguyen\/wp-content\/uploads\/2024\/11\/z6059710930330_2453835c6d37e5cdfccd2df894d068e2-768x1024.jpg 768w, https:\/\/store2.k-tech-services.com\/tracohoanguyen\/wp-content\/uploads\/2024\/11\/z6059710930330_2453835c6d37e5cdfccd2df894d068e2-1152x1536.jpg 1152w, https:\/\/store2.k-tech-services.com\/tracohoanguyen\/wp-content\/uploads\/2024\/11\/z6059710930330_2453835c6d37e5cdfccd2df894d068e2-600x800.jpg 600w\" sizes=\"auto, (max-width: 1536px) 100vw, 1536px\" \/>\t\t\t\t\t\t\n\t\t\t\t\t<\/div>\n\t\t\t\t\t\t\t\t\n<style>\n#image_1497276676 {\n  width: 100%;\n}\n<\/style>\n\t<\/div>\n\t\n\t\t<\/div>\n\t\t\t\t\t<\/div>\n\n\t\n\n\t<div id=\"col-1144518533\" class=\"col medium-8 small-12 large-8\"  >\n\t\t\t\t<div class=\"col-inner\"  >\n\t\t\t\n\t\t\t\n<h4><strong>? Th\u1eddi k\u1ef3 v\u00e0ng son (1945 &#8211; 1975)<\/strong><\/h4>\n<p>Trong giai \u0111o\u1ea1n kh\u00e1ng chi\u1ebfn, tr\u00e0 T\u00e2n C\u01b0\u01a1ng tr\u1edf th\u00e0nh th\u1ee9c u\u1ed1ng quen thu\u1ed9c, bi\u1ec3u t\u01b0\u1ee3ng c\u1ee7a s\u1ef1 \u0111o\u00e0n k\u1ebft v\u00e0 ki\u00ean c\u01b0\u1eddng. Sau n\u0103m 1954, c\u00e1c h\u1ee3p t\u00e1c x\u00e3 ch\u00e8 ra \u0111\u1eddi, g\u00f3p ph\u1ea7n \u0111\u01b0a tr\u00e0 T\u00e2n C\u01b0\u01a1ng ph\u00e1t tri\u1ec3n m\u1ea1nh m\u1ebd c\u1ea3 v\u1ec1 s\u1ea3n l\u01b0\u1ee3ng l\u1eabn ch\u1ea5t l\u01b0\u1ee3ng.<\/p>\n<p>\u00a0<\/p>\n<h4><strong>? \u0110\u1ed5i m\u1edbi v\u00e0 h\u1ed9i nh\u1eadp (1986 &#8211; nay)<\/strong><\/h4>\n<p>Sau th\u1eddi k\u1ef3 \u0111\u1ed5i m\u1edbi, ng\u01b0\u1eddi d\u00e2n T\u00e2n C\u01b0\u01a1ng \u0111\u00e3 \u00e1p d\u1ee5ng nhi\u1ec1u k\u1ef9 thu\u1eadt ti\u00ean ti\u1ebfn trong tr\u1ed3ng v\u00e0 ch\u1ebf bi\u1ebfn tr\u00e0. B\u00ean c\u1ea1nh \u0111\u00f3, c\u00e1c th\u01b0\u01a1ng hi\u1ec7u tr\u00e0 nh\u01b0 Tr\u00e0 C\u1ed5 Hoa Nguy\u00ean \u0111\u00e3 g\u00f3p ph\u1ea7n n\u00e2ng t\u1ea7m gi\u00e1 tr\u1ecb tr\u00e0 T\u00e2n C\u01b0\u01a1ng, \u0111\u01b0a s\u1ea3n ph\u1ea9m kh\u00f4ng ch\u1ec9 ph\u1ed5 bi\u1ebfn trong n\u01b0\u1edbc m\u00e0 c\u00f2n v\u01b0\u01a1n ra qu\u1ed1c t\u1ebf.<\/p>\n<h3><strong>S\u1ee9 m\u1ec7nh c\u1ee7a Tr\u00e0 C\u1ed5 Hoa Nguy\u00ean<\/strong> ?H\u01b0\u01a1ng C\u0169 V\u1ecb M\u1edbi<\/h3>\n<p>1\ufe0f\u20e3\u00a0<strong>G\u00ecn gi\u1eef gi\u00e1 tr\u1ecb truy\u1ec1n th\u1ed1ng:<\/strong><br \/>Tr\u00e0 C\u1ed5 Hoa Nguy\u00ean cam k\u1ebft b\u1ea3o t\u1ed3n c\u00e1c ph\u01b0\u01a1ng ph\u00e1p s\u1ea3n xu\u1ea5t tr\u00e0 truy\u1ec1n th\u1ed1ng, \u0111\u1eb7c bi\u1ec7t l\u00e0 ngh\u1ec7 thu\u1eadt &#8220;d\u1ec7t h\u01b0\u01a1ng&#8221; \u0111\u1ed9c \u0111\u00e1o m\u00e0 <strong>Th\u1ee3 tr\u00e0 Th\u1ebf C\u00f4ng<\/strong> \u0111\u00e3 d\u00e0y c\u00f4ng ph\u00e1t tri\u1ec3n. Ch\u00fang t\u00f4i tin r\u1eb1ng h\u01b0\u01a1ng v\u1ecb c\u1ed5 x\u01b0a kh\u00f4ng ch\u1ec9 l\u00e0 tinh hoa m\u00e0 c\u00f2n l\u00e0 linh h\u1ed3n c\u1ee7a tr\u00e0 Vi\u1ec7t Nam, c\u1ea7n \u0111\u01b0\u1ee3c gi\u1eef g\u00ecn v\u00e0 lan t\u1ecfa.<\/p>\n<p>2\ufe0f\u20e3\u00a0<strong>T\u00f4n vinh b\u1ea3n s\u1eafc Vi\u1ec7t:<\/strong><br \/>M\u1ed7i s\u1ea3n ph\u1ea9m c\u1ee7a Tr\u00e0 C\u1ed5 Hoa Nguy\u00ean l\u00e0 s\u1ef1 giao thoa gi\u1eefa truy\u1ec1n th\u1ed1ng v\u00e0 s\u00e1ng t\u1ea1o, mang \u0111\u1ebfn tr\u1ea3i nghi\u1ec7m th\u01b0\u1edfng tr\u00e0 thanh tao, g\u1ee3i nh\u1edb v\u1ec1 s\u1ef1 thanh b\u00ecnh v\u00e0 c\u1ed9i ngu\u1ed3n v\u0103n h\u00f3a Vi\u1ec7t Nam.<\/p>\n<p>3\ufe0f\u20e3\u00a0<strong>K\u1ebft n\u1ed1i thi\u00ean nhi\u00ean v\u00e0 con ng\u01b0\u1eddi:<\/strong><br \/>S\u1ee9 m\u1ec7nh c\u1ee7a ch\u00fang t\u00f4i l\u00e0 \u0111\u01b0a thi\u00ean nhi\u00ean thu\u1ea7n khi\u1ebft v\u00e0o t\u1eebng ng\u1ee5m tr\u00e0, gi\u00fap ng\u01b0\u1eddi th\u01b0\u1edfng tr\u00e0 t\u00ecm th\u1ea5y s\u1ef1 th\u01b0 gi\u00e3n, y\u00ean b\u00ecnh v\u00e0 c\u1ea3m gi\u00e1c g\u1ea7n g\u0169i v\u1edbi \u0111\u1ea5t tr\u1eddi.<\/p>\n<p>4\ufe0f\u20e3\u00a0<strong>\u0110\u1ed5i m\u1edbi nh\u01b0ng kh\u00f4ng \u0111\u00e1nh m\u1ea5t b\u1ea3n s\u1eafc:<\/strong><br \/>Kh\u00f4ng ng\u1eebng c\u1ea3i ti\u1ebfn quy tr\u00ecnh s\u1ea3n xu\u1ea5t \u0111\u1ec3 \u0111\u00e1p \u1ee9ng nhu c\u1ea7u hi\u1ec7n \u0111\u1ea1i, nh\u01b0ng lu\u00f4n gi\u1eef v\u1eefng ch\u1ea5t l\u01b0\u1ee3ng v\u00e0 h\u01b0\u01a1ng v\u1ecb nguy\u00ean b\u1ea3n c\u1ee7a tr\u00e0 T\u00e2n C\u01b0\u01a1ng \u2013 \u0111i\u1ec1u l\u00e0m n\u00ean danh ti\u1ebfng v\u00e0 gi\u00e1 tr\u1ecb b\u1ec1n v\u1eefng c\u1ee7a th\u01b0\u01a1ng hi\u1ec7u.<\/p>\n<p>5\ufe0f\u20e3\u00a0<strong>Lan t\u1ecfa v\u0103n h\u00f3a tr\u00e0:<\/strong><br \/>Tr\u00e0 C\u1ed5 Hoa Nguy\u00ean mong mu\u1ed1n \u0111\u01b0a tr\u00e0 Vi\u1ec7t Nam kh\u00f4ng ch\u1ec9 n\u1ed5i danh trong n\u01b0\u1edbc m\u00e0 c\u00f2n v\u01b0\u01a1n t\u1ea7m qu\u1ed1c t\u1ebf, \u0111\u1ec3 th\u1ebf gi\u1edbi bi\u1ebft \u0111\u1ebfn ngh\u1ec7 thu\u1eadt d\u1ec7t h\u01b0\u01a1ng hoa v\u00e0 h\u01b0\u01a1ng v\u1ecb \u0111\u1eadm ch\u1ea5t Vi\u1ec7t<\/p>\n<p><em>&#8220;Tr\u00e0 C\u1ed5 Hoa Nguy\u00ean kh\u00f4ng ch\u1ec9 l\u00e0 tr\u00e0 \u2013 \u0111\u00f3 l\u00e0 m\u1ed9t h\u00e0nh tr\u00ecnh l\u01b0u gi\u1eef h\u01b0\u01a1ng v\u1ecb, t\u00f4n vinh gi\u00e1 tr\u1ecb, v\u00e0 k\u1ebft n\u1ed1i t\u00e2m h\u1ed3n con ng\u01b0\u1eddi qua t\u1eebng ch\u00e9n tr\u00e0.&#8221;<\/em><\/p>\n\t\t<\/div>\n\t\t\t\t\t<\/div>\n\n\t\n<\/div>\n\t\t<\/div>\n\n\t\t\n<style>\n#section_347141184 {\n  padding-top: 30px;\n  padding-bottom: 30px;\n}\n<\/style>\n\t<\/section>\n\t\n","protected":false},"excerpt":{"rendered":"","protected":false},"author":1,"featured_media":0,"parent":0,"menu_order":0,"comment_status":"closed","ping_status":"closed","template":"page-blank.php","meta":{"_acf_changed":false,"footnotes":""},"class_list":["post-10","page","type-page","status-publish","hentry"],"acf":[],"_links":{"self":[{"href":"https:\/\/store2.k-tech-services.com\/tracohoanguyen\/wp-json\/wp\/v2\/pages\/10","targetHints":{"allow":["GET"]}}],"collection":[{"href":"https:\/\/store2.k-tech-services.com\/tracohoanguyen\/wp-json\/wp\/v2\/pages"}],"about":[{"href":"https:\/\/store2.k-tech-services.com\/tracohoanguyen\/wp-json\/wp\/v2\/types\/page"}],"author":[{"embeddable":true,"href":"https:\/\/store2.k-tech-services.com\/tracohoanguyen\/wp-json\/wp\/v2\/users\/1"}],"replies":[{"embeddable":true,"href":"https:\/\/store2.k-tech-services.com\/tracohoanguyen\/wp-json\/wp\/v2\/comments?post=10"}],"version-history":[{"count":15,"href":"https:\/\/store2.k-tech-services.com\/tracohoanguyen\/wp-json\/wp\/v2\/pages\/10\/revisions"}],"predecessor-version":[{"id":360,"href":"https:\/\/store2.k-tech-services.com\/tracohoanguyen\/wp-json\/wp\/v2\/pages\/10\/revisions\/360"}],"wp:attachment":[{"href":"https:\/\/store2.k-tech-services.com\/tracohoanguyen\/wp-json\/wp\/v2\/media?parent=10"}],"curies":[{"name":"wp","href":"https:\/\/api.w.org\/{rel}","templated":true}]}}