{"id":16,"date":"2024-11-20T14:39:48","date_gmt":"2024-11-20T07:39:48","guid":{"rendered":"http:\/\/localhost:8888\/wpbantra\/?page_id=16"},"modified":"2024-11-22T21:18:23","modified_gmt":"2024-11-22T14:18:23","slug":"lien-he","status":"publish","type":"page","link":"https:\/\/store2.k-tech-services.com\/tracohoanguyen\/lien-he\/","title":{"rendered":"Li\u00ean h\u1ec7"},"content":{"rendered":"\n\t<section class=\"section\" id=\"section_1495105140\">\n\t\t<div class=\"section-bg fill\" >\n\t\t\t\t\t\t\t\t\t\n\t\t\t\n\n\t\t<\/div>\n\n\t\t\n\n\t\t<div class=\"section-content relative\">\n\t\t\t\n<div class=\"row row-small\"  id=\"row-2111957297\">\n\n\t<div id=\"col-1277891717\" class=\"col medium-6 small-12 large-6\"  >\n\t\t\t\t<div class=\"col-inner\"  >\n\t\t\t\n\t\t\t\n<div class=\"container section-title-container\" ><h3 class=\"section-title section-title-normal\"><b><\/b><span class=\"section-title-main\" style=\"color:rgb(176, 31, 36);\">Li\u00ean l\u1ea1c v\u1edbi ch\u00fang t\u00f4i<\/span><b><\/b><\/h3><\/div>\n<p><span style=\"font-size: 110%;\"><strong>\u00a0TR\u00c0 C\u1ed4 HOA NGUY\u00caN<\/strong><\/span><\/p>\n<ul class=\"widget-icon-box-wrap\">\n<li class=\"widget-icon-box-item\"><i class=\"icon-phone\"><\/i><strong>\u00a0\u0110i\u1ec7n tho\u1ea1i :0868.999.777<\/strong><\/li>\n<li class=\"widget-icon-box-item\"><strong><i class=\"icon-envelop\"><\/i>\u00a0Email : Tracohoanguyen@gmail.com<\/strong><\/li>\n<li class=\"widget-icon-box-item\"><strong><i class=\"icon-map-pin-fill\"><\/i>\u00a0\u0110\u1ecba Ch\u1ec9: X\u00f3m Nam Th\u00e1i, X\u00e3 T\u00e2n C\u01b0\u01a1ng, TP Th\u00e1i Nguy\u00ean<\/strong><\/li>\n<li><strong>Website : Https:\/\/Tracohoanguyen.vn<\/strong><\/li>\n<\/ul>\n\n<p><iframe loading=\"lazy\" style=\"border: 0;\" src=\"https:\/\/www.google.com\/maps\/embed?pb=!1m18!1m12!1m3!1d3711.233428377267!2d105.77020647562607!3d21.5377260701024!2m3!1f0!2f0!3f0!3m2!1i1024!2i768!4f13.1!3m3!1m2!1s0x3134dfcedbc34329%3A0x57e4512d13fb9063!2zTMOgbmcgTmdo4buBIENow6ggdHJ1eeG7gW4gdGjhu5FuZyBYw7NtIE5hbSBUaMOhaSAtIFjDoyBUw6JuIEPGsMahbmcgLSBUUCBUaMOhaSBOZ3V5w6pu!5e0!3m2!1sen!2s!4v1732175410503!5m2!1sen!2s\" width=\"100%\" height=\"300\" allowfullscreen=\"allowfullscreen\"><\/iframe><br \/>\n\n\t\t<\/div>\n\t\t\t\t\t<\/div>\n\n\t\n\n\t<div id=\"col-1589417\" class=\"col medium-6 small-12 large-6\"  >\n\t\t\t\t<div class=\"col-inner\"  >\n\t\t\t\n\t\t\t\n<div class=\"container section-title-container\" ><h3 class=\"section-title section-title-normal\"><b><\/b><span class=\"section-title-main\" style=\"color:rgb(176, 31, 36);\">H\u00e3y \u0111\u1ec3 l\u1ea1i th\u00f4ng tin ngay<\/span><b><\/b><\/h3><\/div>\n\n<div class=\"wpcf7 no-js\" id=\"wpcf7-f45-o1\" lang=\"vi\" dir=\"ltr\" data-wpcf7-id=\"45\">\n<div class=\"screen-reader-response\"><p role=\"status\" aria-live=\"polite\" aria-atomic=\"true\"><\/p> <ul><\/ul><\/div>\n<form action=\"\/tracohoanguyen\/wp-json\/wp\/v2\/pages\/16#wpcf7-f45-o1\" method=\"post\" class=\"wpcf7-form init\" aria-label=\"Form li\u00ean h\u1ec7\" novalidate=\"novalidate\" data-status=\"init\">\n<div style=\"display: none;\">\n<input type=\"hidden\" name=\"_wpcf7\" value=\"45\" \/>\n<input type=\"hidden\" name=\"_wpcf7_version\" value=\"6.0\" \/>\n<input type=\"hidden\" name=\"_wpcf7_locale\" value=\"vi\" \/>\n<input type=\"hidden\" name=\"_wpcf7_unit_tag\" value=\"wpcf7-f45-o1\" \/>\n<input type=\"hidden\" name=\"_wpcf7_container_post\" value=\"0\" \/>\n<input type=\"hidden\" name=\"_wpcf7_posted_data_hash\" value=\"\" \/>\n<\/div>\n<p><label> T\u00ean c\u1ee7a b\u1ea1n<br \/>\n<span class=\"wpcf7-form-control-wrap\" data-name=\"your-name\"><input size=\"40\" maxlength=\"400\" class=\"wpcf7-form-control wpcf7-text wpcf7-validates-as-required\" autocomplete=\"name\" aria-required=\"true\" aria-invalid=\"false\" value=\"\" type=\"text\" name=\"your-name\" \/><\/span> <\/label>\n<\/p>\n<p><label> Email c\u1ee7a b\u1ea1n<br \/>\n<span class=\"wpcf7-form-control-wrap\" data-name=\"your-email\"><input size=\"40\" maxlength=\"400\" class=\"wpcf7-form-control wpcf7-email wpcf7-validates-as-required wpcf7-text wpcf7-validates-as-email\" autocomplete=\"email\" aria-required=\"true\" aria-invalid=\"false\" value=\"\" type=\"email\" name=\"your-email\" \/><\/span> <\/label>\n<\/p>\n<p><label> Ti\u00eau \u0111\u1ec1:<br \/>\n<span class=\"wpcf7-form-control-wrap\" data-name=\"your-subject\"><input size=\"40\" maxlength=\"400\" class=\"wpcf7-form-control wpcf7-text wpcf7-validates-as-required\" aria-required=\"true\" aria-invalid=\"false\" value=\"\" type=\"text\" name=\"your-subject\" \/><\/span> <\/label>\n<\/p>\n<p><label> Tin nh\u1eafn c\u1ee7a b\u1ea1n (kh\u00f4ng b\u1eaft bu\u1ed9c)<br \/>\n<span class=\"wpcf7-form-control-wrap\" data-name=\"your-message\"><textarea cols=\"40\" rows=\"10\" maxlength=\"2000\" class=\"wpcf7-form-control wpcf7-textarea\" aria-invalid=\"false\" name=\"your-message\"><\/textarea><\/span> <\/label>\n<\/p>\n<p><input class=\"wpcf7-form-control wpcf7-submit has-spinner\" type=\"submit\" value=\"G\u1eedi\" \/>\n<\/p><div class=\"wpcf7-response-output\" aria-hidden=\"true\"><\/div>\n<\/form>\n<\/div>\n\n\t\t<\/div>\n\t\t\t\t\t<\/div>\n\n\t\n<\/div>\n\t\t<\/div>\n\n\t\t\n<style>\n#section_1495105140 {\n  padding-top: 30px;\n  padding-bottom: 30px;\n}\n<\/style>\n\t<\/section>\n\t\n","protected":false},"excerpt":{"rendered":"","protected":false},"author":1,"featured_media":0,"parent":0,"menu_order":0,"comment_status":"closed","ping_status":"closed","template":"page-blank.php","meta":{"_acf_changed":false,"footnotes":""},"class_list":["post-16","page","type-page","status-publish","hentry"],"acf":[],"_links":{"self":[{"href":"https:\/\/store2.k-tech-services.com\/tracohoanguyen\/wp-json\/wp\/v2\/pages\/16","targetHints":{"allow":["GET"]}}],"collection":[{"href":"https:\/\/store2.k-tech-services.com\/tracohoanguyen\/wp-json\/wp\/v2\/pages"}],"about":[{"href":"https:\/\/store2.k-tech-services.com\/tracohoanguyen\/wp-json\/wp\/v2\/types\/page"}],"author":[{"embeddable":true,"href":"https:\/\/store2.k-tech-services.com\/tracohoanguyen\/wp-json\/wp\/v2\/users\/1"}],"replies":[{"embeddable":true,"href":"https:\/\/store2.k-tech-services.com\/tracohoanguyen\/wp-json\/wp\/v2\/comments?post=16"}],"version-history":[{"count":9,"href":"https:\/\/store2.k-tech-services.com\/tracohoanguyen\/wp-json\/wp\/v2\/pages\/16\/revisions"}],"predecessor-version":[{"id":363,"href":"https:\/\/store2.k-tech-services.com\/tracohoanguyen\/wp-json\/wp\/v2\/pages\/16\/revisions\/363"}],"wp:attachment":[{"href":"https:\/\/store2.k-tech-services.com\/tracohoanguyen\/wp-json\/wp\/v2\/media?parent=16"}],"curies":[{"name":"wp","href":"https:\/\/api.w.org\/{rel}","templated":true}]}}