{"id":33,"date":"2024-11-20T14:56:26","date_gmt":"2024-11-20T07:56:26","guid":{"rendered":"http:\/\/localhost:8888\/wpbantra\/?page_id=33"},"modified":"2024-11-22T21:20:30","modified_gmt":"2024-11-22T14:20:30","slug":"vung-nguyen-lieu","status":"publish","type":"page","link":"https:\/\/store2.k-tech-services.com\/tracohoanguyen\/vung-nguyen-lieu\/","title":{"rendered":"V\u00f9ng nguy\u00ean li\u1ec7u"},"content":{"rendered":"\n\t<section class=\"section\" id=\"section_399460829\">\n\t\t<div class=\"section-bg fill\" >\n\t\t\t<img loading=\"lazy\" decoding=\"async\" width=\"1920\" height=\"900\" src=\"https:\/\/store2.k-tech-services.com\/tracohoanguyen\/wp-content\/uploads\/2024\/11\/bg-header.jpeg\" class=\"bg attachment-original size-original\" alt=\"\" \/>\t\t\t\t\t\t\n\t\t\t\n\n\t\t<\/div>\n\n\t\t\n\n\t\t<div class=\"section-content relative\">\n\t\t\t\n<div class=\"row row-small\"  id=\"row-1937929557\">\n\n\t<div id=\"col-621672426\" class=\"col small-12 large-12\"  >\n\t\t\t\t<div class=\"col-inner\"  >\n\t\t\t\n\t\t\t\n\t<div class=\"img has-hover x md-x lg-x y md-y lg-y\" id=\"image_91470988\">\n\t\t\t\t\t\t\t\t<div class=\"img-inner dark\" >\n\t\t\t<img loading=\"lazy\" decoding=\"async\" width=\"934\" height=\"400\" src=\"https:\/\/store2.k-tech-services.com\/tracohoanguyen\/wp-content\/uploads\/2024\/11\/934x400-1.png\" class=\"attachment-original size-original\" alt=\"\" srcset=\"https:\/\/store2.k-tech-services.com\/tracohoanguyen\/wp-content\/uploads\/2024\/11\/934x400-1.png 934w, https:\/\/store2.k-tech-services.com\/tracohoanguyen\/wp-content\/uploads\/2024\/11\/934x400-1-300x128.png 300w, https:\/\/store2.k-tech-services.com\/tracohoanguyen\/wp-content\/uploads\/2024\/11\/934x400-1-768x329.png 768w, https:\/\/store2.k-tech-services.com\/tracohoanguyen\/wp-content\/uploads\/2024\/11\/934x400-1-600x257.png 600w\" sizes=\"auto, (max-width: 934px) 100vw, 934px\" \/>\t\t\t\t\t\t\n\t\t\t\t\t<\/div>\n\t\t\t\t\t\t\t\t\n<style>\n#image_91470988 {\n  width: 100%;\n}\n<\/style>\n\t<\/div>\n\t\n<h2 style=\"text-align: center;\"><span style=\"color: #b01f24;\"><strong>CH\u00c8 TH\u00c1I NGUY\u00caN, V\u00d9NG NGUY\u00caN LI\u1ec6U S\u1ea0CH M\u1ede D\u01af\u1edcNG CON \u0110\u01af\u1edcNG B\u1ea2O T\u1ed2N V\u1eca TR\u00c0 X\u01afA<\/strong><\/span><\/h2>\n<div class=\"row row-small\"  id=\"row-1145194479\">\n\n\t<div id=\"col-410407093\" class=\"col medium-6 small-12 large-6\"  >\n\t\t\t\t<div class=\"col-inner\"  >\n\t\t\t\n\t\t\t\n\t\t<\/div>\n\t\t\t\t\t<\/div>\n\n\t\n\n\t<div id=\"col-1584112893\" class=\"col medium-6 small-12 large-6\"  >\n\t\t\t\t<div class=\"col-inner\"  >\n\t\t\t\n\t\t\t\n\t\t<\/div>\n\t\t\t\t\t<\/div>\n\n\t\n<\/div>\n\t\t<\/div>\n\t\t\t\t\t<\/div>\n\n\t\n<\/div>\n\t\t<\/div>\n\n\t\t\n<style>\n#section_399460829 {\n  padding-top: 30px;\n  padding-bottom: 30px;\n}\n<\/style>\n\t<\/section>\n\t\n","protected":false},"excerpt":{"rendered":"","protected":false},"author":1,"featured_media":0,"parent":0,"menu_order":0,"comment_status":"closed","ping_status":"closed","template":"page-blank.php","meta":{"_acf_changed":false,"footnotes":""},"class_list":["post-33","page","type-page","status-publish","hentry"],"acf":[],"_links":{"self":[{"href":"https:\/\/store2.k-tech-services.com\/tracohoanguyen\/wp-json\/wp\/v2\/pages\/33","targetHints":{"allow":["GET"]}}],"collection":[{"href":"https:\/\/store2.k-tech-services.com\/tracohoanguyen\/wp-json\/wp\/v2\/pages"}],"about":[{"href":"https:\/\/store2.k-tech-services.com\/tracohoanguyen\/wp-json\/wp\/v2\/types\/page"}],"author":[{"embeddable":true,"href":"https:\/\/store2.k-tech-services.com\/tracohoanguyen\/wp-json\/wp\/v2\/users\/1"}],"replies":[{"embeddable":true,"href":"https:\/\/store2.k-tech-services.com\/tracohoanguyen\/wp-json\/wp\/v2\/comments?post=33"}],"version-history":[{"count":11,"href":"https:\/\/store2.k-tech-services.com\/tracohoanguyen\/wp-json\/wp\/v2\/pages\/33\/revisions"}],"predecessor-version":[{"id":364,"href":"https:\/\/store2.k-tech-services.com\/tracohoanguyen\/wp-json\/wp\/v2\/pages\/33\/revisions\/364"}],"wp:attachment":[{"href":"https:\/\/store2.k-tech-services.com\/tracohoanguyen\/wp-json\/wp\/v2\/media?parent=33"}],"curies":[{"name":"wp","href":"https:\/\/api.w.org\/{rel}","templated":true}]}}