{"id":239,"date":"2024-11-21T15:49:02","date_gmt":"2024-11-21T08:49:02","guid":{"rendered":"https:\/\/live.k-tech.net.vn\/wpbantra\/?post_type=product&#038;p=239"},"modified":"2024-11-22T16:03:54","modified_gmt":"2024-11-22T09:03:54","slug":"van-khang-tra","status":"publish","type":"product","link":"https:\/\/store2.k-tech-services.com\/tracohoanguyen\/san-pham\/van-khang-tra\/","title":{"rendered":"Tr\u00e0 C\u1ed5 Hoa Nguy\u00ean &#8211; Tr\u00e0 \u01b0\u1edbp g\u1ea1o Sen T\u00e2y H\u1ed3"},"content":{"rendered":"<p><strong>? <em>Tr\u00e0 \u0110inh T\u00e2n C\u01b0\u01a1ng &#8211; D\u1ec7t G\u1ea1o Sen T\u00e2y H\u1ed3<\/em> ?<\/strong><\/p>\n<p><strong>\u2615 Th\u00e0nh ph\u1ea7n ch\u00ednh:<\/strong><\/p>\n<ul>\n<li>? <strong>100% b\u00fap tr\u00e0 T\u00e2n C\u01b0\u01a1ng nguy\u00ean ch\u1ea5t<\/strong> \u2013 Ch\u1ecdn l\u1ecdc t\u1eeb nh\u1eefng \u0111\u1ecdt tr\u00e0 ngon nh\u1ea5t, tr\u1ed3ng tr\u00ean v\u00f9ng \u0111\u1ea5t T\u00e2n C\u01b0\u01a1ng n\u1ed5i ti\u1ebfng.<\/li>\n<li>? <strong>H\u01b0\u01a1ng sen T\u00e2y H\u1ed3 t\u1ef1 nhi\u00ean<\/strong> \u2013 \u0110\u01b0\u1ee3c \u01b0\u1edbp c\u00f4ng phu t\u1eeb nh\u1eefng h\u1ea1t g\u1ea1o c\u1ee7a b\u00f4ng sen T\u00e2y H\u1ed3 thanh tao, ng\u00e1t h\u01b0\u01a1ng.<\/li>\n<\/ul>\n<p><strong>? \u0110\u1eb7c \u0111i\u1ec3m n\u1ed5i b\u1eadt:<\/strong><\/p>\n<ul>\n<li><strong>? T\u1ef1 nhi\u00ean &amp; thu\u1ea7n khi\u1ebft:<\/strong> Kh\u00f4ng h\u00f3a ch\u1ea5t, kh\u00f4ng ph\u1ea9m m\u00e0u, gi\u1eef tr\u1ecdn tinh hoa c\u1ee7a thi\u00ean nhi\u00ean.<\/li>\n<li><strong>? K\u1ef9 thu\u1eadt \u01b0\u1edbp tr\u00e0 th\u1ee7 c\u00f4ng:<\/strong> K\u1ebft h\u1ee3p tinh t\u1ebf gi\u1eefa tr\u00e0, g\u1ea1o\u00a0 sen T\u00e2y H\u1ed3, t\u1ea1o n\u00ean m\u1ed9t tr\u1ea3i nghi\u1ec7m v\u1ecb gi\u00e1c \u0111\u1ed9c \u0111\u00e1o.<\/li>\n<li><strong>? H\u01b0\u01a1ng th\u01a1m h\u00e0i h\u00f2a:<\/strong> S\u1ef1 giao thoa gi\u1eefa g\u1ea1o h\u01b0\u01a1ng sen thanh khi\u1ebft\u00a0 b\u00f9i ng\u1eady, l\u01b0u luy\u1ebfn kh\u00f3 qu\u00ean.<\/li>\n<\/ul>\n<p><strong>? Quy c\u00e1ch \u0111\u00f3ng g\u00f3i:<\/strong><\/p>\n<ul>\n<li>H\u1ed9p cao c\u1ea5p 1 kg<\/li>\n<\/ul>\n<p><strong>? C\u00f4ng d\u1ee5ng:<\/strong><\/p>\n<ul>\n<li><strong>?\u200d\u2640\ufe0f Th\u01b0 gi\u00e3n t\u00e2m h\u1ed3n<\/strong>, gi\u1ea3m c\u0103ng th\u1eb3ng v\u1edbi h\u01b0\u01a1ng tr\u00e0 d\u1ecbu nh\u1eb9.<\/li>\n<li><strong>\u26a1 T\u0103ng c\u01b0\u1eddng n\u0103ng l\u01b0\u1ee3ng<\/strong>, c\u1ea3i thi\u1ec7n s\u1ef1 t\u1eadp trung.<\/li>\n<li><strong>? Gi\u00e0u ch\u1ea5t ch\u1ed1ng oxy h\u00f3a<\/strong>, t\u1ed1t cho s\u1ee9c kh\u1ecfe v\u00e0 l\u00e0m \u0111\u1eb9p t\u1eeb b\u00ean trong.<\/li>\n<\/ul>\n<p><strong>\u2728 H\u01b0\u1edbng d\u1eabn s\u1eed d\u1ee5ng:<\/strong><br \/>\n1\ufe0f\u20e3 L\u1ea5y 3-5g tr\u00e0 (ho\u1eb7c 1 t\u00fai l\u1ecdc) pha v\u1edbi 150-200ml n\u01b0\u1edbc s\u00f4i (80-90\u00b0C).<br \/>\n2\ufe0f\u20e3 \u1ee6 tr\u00e0 trong 3-5 ph\u00fat \u0111\u1ec3 t\u1eadn h\u01b0\u1edfng h\u01b0\u01a1ng g\u1ea1o n\u1ebfp v\u00e0 sen T\u00e2y H\u1ed3 tinh t\u1ebf.<\/p>\n<p><strong>? \u0110\u1ecba ch\u1ec9:<\/strong><br \/>\n<em>Tr\u00e0 C\u1ed5 Hoa Nguy\u00ean<\/em> \u2013 H\u01b0\u01a1ng C\u0169 V\u1ecb M\u1edbi<br \/>\n\u260e\ufe0f Li\u00ean h\u1ec7: 0868.999.777<\/p>\n<p>? <em>&#8220;Tr\u00e0 T\u00e2n C\u01b0\u01a1ng &#8211; D\u1ec7t G\u1ea1o Sen T\u00e2y H\u1ed3, th\u01b0\u1edfng th\u1ee9c tinh hoa Vi\u1ec7t qua t\u1eebng ch\u00e9n tr\u00e0 th\u01a1m.&#8221;<\/em><\/p>\n<p><strong>#Tr\u00e0T\u00e2nC\u01b0\u01a1ng<\/strong> ? <strong>#G\u1ea1oSenT\u00e2yH\u1ed3<\/strong> ? <strong>#Tr\u00e0C\u1ed5HoaNguy\u00ean<\/strong> ? <strong>#TinhHoaTruy\u1ec1nTh\u1ed1ng<\/strong><\/p>\n","protected":false},"excerpt":{"rendered":"<p>? Tr\u00e0 \u0110inh T\u00e2n C\u01b0\u01a1ng &#8211; D\u1ec7t G\u1ea1o Sen T\u00e2y H\u1ed3 ? \u2615 Th\u00e0nh ph\u1ea7n ch\u00ednh: ? 100% b\u00fap tr\u00e0 T\u00e2n C\u01b0\u01a1ng nguy\u00ean ch\u1ea5t \u2013 Ch\u1ecdn l\u1ecdc t\u1eeb nh\u1eefng \u0111\u1ecdt tr\u00e0 ngon nh\u1ea5t, tr\u1ed3ng tr\u00ean v\u00f9ng \u0111\u1ea5t T\u00e2n C\u01b0\u01a1ng n\u1ed5i ti\u1ebfng. ? H\u01b0\u01a1ng sen T\u00e2y H\u1ed3 t\u1ef1 nhi\u00ean \u2013 \u0110\u01b0\u1ee3c \u01b0\u1edbp c\u00f4ng phu t\u1eeb nh\u1eefng&#8230;<\/p>\n","protected":false},"featured_media":0,"comment_status":"open","ping_status":"closed","template":"","meta":{"_acf_changed":false},"product_cat":[24],"product_tag":[],"class_list":{"0":"post-239","1":"product","2":"type-product","3":"status-publish","5":"product_cat-tra-co-det-huong-hoa-tan-cuong","7":"first","8":"instock","9":"shipping-taxable","10":"purchasable","11":"product-type-simple"},"acf":[],"_links":{"self":[{"href":"https:\/\/store2.k-tech-services.com\/tracohoanguyen\/wp-json\/wp\/v2\/product\/239","targetHints":{"allow":["GET"]}}],"collection":[{"href":"https:\/\/store2.k-tech-services.com\/tracohoanguyen\/wp-json\/wp\/v2\/product"}],"about":[{"href":"https:\/\/store2.k-tech-services.com\/tracohoanguyen\/wp-json\/wp\/v2\/types\/product"}],"replies":[{"embeddable":true,"href":"https:\/\/store2.k-tech-services.com\/tracohoanguyen\/wp-json\/wp\/v2\/comments?post=239"}],"wp:attachment":[{"href":"https:\/\/store2.k-tech-services.com\/tracohoanguyen\/wp-json\/wp\/v2\/media?parent=239"}],"wp:term":[{"taxonomy":"product_cat","embeddable":true,"href":"https:\/\/store2.k-tech-services.com\/tracohoanguyen\/wp-json\/wp\/v2\/product_cat?post=239"},{"taxonomy":"product_tag","embeddable":true,"href":"https:\/\/store2.k-tech-services.com\/tracohoanguyen\/wp-json\/wp\/v2\/product_tag?post=239"}],"curies":[{"name":"wp","href":"https:\/\/api.w.org\/{rel}","templated":true}]}}