{"id":297,"date":"2024-11-22T09:50:44","date_gmt":"2024-11-22T02:50:44","guid":{"rendered":"https:\/\/live.k-tech.net.vn\/wpbantra\/?post_type=product&#038;p=297"},"modified":"2024-11-22T15:43:56","modified_gmt":"2024-11-22T08:43:56","slug":"tesst","status":"publish","type":"product","link":"https:\/\/store2.k-tech-services.com\/tracohoanguyen\/san-pham\/tesst\/","title":{"rendered":"Tr\u00e0 C\u1ed5 Hoa Nguy\u00ean- Tr\u00e0 D\u1ec7t H\u01b0\u01a1ng Sen"},"content":{"rendered":"<h4><strong>? <em>Tr\u00e0 \u0110inh T\u00e2n C\u01b0\u01a1ng &#8211; D\u1ec7t H\u01b0\u01a1ng Sen<\/em> T\u00e2y H\u1ed3?<\/strong><\/h4>\n<h4><strong>\u2615 Th\u00e0nh ph\u1ea7n ch\u00ednh:<\/strong><\/h4>\n<ul>\n<li>\n<h4>? <strong>100% b\u00fap tr\u00e0 T\u00e2n C\u01b0\u01a1ng nguy\u00ean ch\u1ea5t<\/strong> \u2013 \u0110\u01b0\u1ee3c thu h\u00e1i t\u1eeb nh\u1eefng \u0111\u1ecdt tr\u00e0 non xanh t\u1ed1t, tr\u1ed3ng tr\u00ean v\u00f9ng \u0111\u1ea5t T\u00e2n C\u01b0\u01a1ng tr\u1ee9 danh.<\/h4>\n<\/li>\n<li>\n<h4>? <strong>H\u01b0\u01a1ng sen T\u00e2y H\u1ed3 t\u1ef1 nhi\u00ean<\/strong> \u2013 H\u00f2a quy\u1ec7n c\u00f9ng tr\u00e0 qua quy tr\u00ecnh \u01b0\u1edbp sen truy\u1ec1n th\u1ed1ng, mang \u0111\u1ebfn s\u1ef1 tinh t\u00fay c\u1ee7a tr\u1eddi \u0111\u1ea5t.<\/h4>\n<\/li>\n<\/ul>\n<h4><strong>? \u0110\u1eb7c \u0111i\u1ec3m n\u1ed5i b\u1eadt:<\/strong><\/h4>\n<ul>\n<li>\n<h4><strong>? T\u01b0\u01a1i s\u1ea1ch t\u1ef1 nhi\u00ean:<\/strong> Cam k\u1ebft kh\u00f4ng ch\u1ea5t b\u1ea3o qu\u1ea3n, kh\u00f4ng ph\u1ea9m m\u00e0u.<\/h4>\n<\/li>\n<li>\n<h4><strong>? Sao tay th\u1ee7 c\u00f4ng:<\/strong> Gi\u1eef nguy\u00ean v\u1ecb ch\u00e1t d\u1ecbu v\u00e0 ng\u1ecdt h\u1eadu.<\/h4>\n<\/li>\n<li>\n<h4><strong>? H\u01b0\u01a1ng sen T\u00e2y H\u1ed3 thanh tao:<\/strong> Mang l\u1ea1i c\u1ea3m gi\u00e1c th\u01b0 gi\u00e3n v\u00e0 qu\u00fd ph\u00e1i.<\/h4>\n<\/li>\n<\/ul>\n<h4><strong>? Quy c\u00e1ch \u0111\u00f3ng g\u00f3i:<\/strong><\/h4>\n<ul>\n<li>\n<h4>B\u00f4ng Sen T\u00e2y H\u1ed3<\/h4>\n<\/li>\n<\/ul>\n<h4><strong>? C\u00f4ng d\u1ee5ng:<\/strong><\/h4>\n<ul>\n<li>\n<h4><strong>?\u200d\u2640\ufe0f Xoa d\u1ecbu t\u00e2m h\u1ed3n<\/strong> v\u1edbi h\u01b0\u01a1ng th\u01a1m nh\u1eb9 nh\u00e0ng, thanh khi\u1ebft.<\/h4>\n<\/li>\n<li>\n<h4><strong>\u26a1 T\u0103ng c\u01b0\u1eddng s\u1ef1 t\u1ec9nh t\u00e1o<\/strong> v\u00e0 c\u1ea3m gi\u00e1c th\u01b0 th\u00e1i.<\/h4>\n<\/li>\n<li>\n<h4><strong>? Ch\u1ed1ng oxy h\u00f3a<\/strong>, b\u1ea3o v\u1ec7 s\u1ee9c kh\u1ecfe v\u00e0 l\u00e0m \u0111\u1eb9p da.<\/h4>\n<\/li>\n<\/ul>\n<h4><strong>\u2728 H\u01b0\u1edbng d\u1eabn s\u1eed d\u1ee5ng:<\/strong><br \/>\n1\ufe0f\u20e3 L\u1ea5y 3-5g tr\u00e0\u00a0 pha v\u1edbi 150-200ml n\u01b0\u1edbc s\u00f4i (80-90\u00b0C).<br \/>\n2\ufe0f\u20e3 \u1ee6 tr\u00e0 trong 1-2 ph\u00fat \u0111\u1ec3 h\u01b0\u01a1ng sen lan t\u1ecfa, th\u01b0\u1edfng th\u1ee9c t\u1eebng ng\u1ee5m tr\u00e0 th\u01a1m n\u1ed3ng.<\/h4>\n<h4><strong>? \u0110\u1ecba ch\u1ec9: X\u00f3m Nam Th\u00e1i &#8211; X\u00e3 T\u00e2n C\u01b0\u01a1ng- TP Th\u00e1i Nguy\u00ean<\/strong><br \/>\n<em>Tr\u00e0 C\u1ed5 Hoa Nguy\u00ean<\/em> \u2013H\u01b0\u01a1ng C\u0169 V\u1ecb M\u1edbi<br \/>\n\u260e\ufe0f Li\u00ean h\u1ec7: 0868.999.777<\/h4>\n<h4>? <em>&#8220;Tr\u00e0 T\u00e2n C\u01b0\u01a1ng &#8211; D\u1ec7t H\u01b0\u01a1ng Sen, h\u00f2a quy\u1ec7n h\u01b0\u01a1ng \u0111\u1ea5t tr\u1eddi v\u00e0o t\u1eebng gi\u1ecdt tr\u00e0.&#8221;<\/em><\/h4>\n<h4><strong>#Tr\u00e0T\u00e2nC\u01b0\u01a1ng<\/strong> ? <strong>#H\u01b0\u01a1ngSenThanhKhi\u1ebft<\/strong> ? <strong>#Tr\u00e0C\u1ed5HoaNguy\u00ean<\/strong> ?<\/h4>\n","protected":false},"excerpt":{"rendered":"<p>? Tr\u00e0 \u0110inh T\u00e2n C\u01b0\u01a1ng &#8211; D\u1ec7t H\u01b0\u01a1ng Sen T\u00e2y H\u1ed3? \u2615 Th\u00e0nh ph\u1ea7n ch\u00ednh: ? 100% b\u00fap tr\u00e0 T\u00e2n C\u01b0\u01a1ng nguy\u00ean ch\u1ea5t \u2013 \u0110\u01b0\u1ee3c thu h\u00e1i t\u1eeb nh\u1eefng \u0111\u1ecdt tr\u00e0 non xanh t\u1ed1t, tr\u1ed3ng tr\u00ean v\u00f9ng \u0111\u1ea5t T\u00e2n C\u01b0\u01a1ng tr\u1ee9 danh. ? H\u01b0\u01a1ng sen T\u00e2y H\u1ed3 t\u1ef1 nhi\u00ean \u2013 H\u00f2a quy\u1ec7n c\u00f9ng tr\u00e0 qua&#8230;<\/p>\n","protected":false},"featured_media":0,"comment_status":"open","ping_status":"closed","template":"","meta":{"_acf_changed":false},"product_cat":[24],"product_tag":[],"class_list":{"0":"post-297","1":"product","2":"type-product","3":"status-publish","5":"product_cat-tra-co-det-huong-hoa-tan-cuong","7":"first","8":"instock","9":"shipping-taxable","10":"purchasable","11":"product-type-simple"},"acf":[],"_links":{"self":[{"href":"https:\/\/store2.k-tech-services.com\/tracohoanguyen\/wp-json\/wp\/v2\/product\/297","targetHints":{"allow":["GET"]}}],"collection":[{"href":"https:\/\/store2.k-tech-services.com\/tracohoanguyen\/wp-json\/wp\/v2\/product"}],"about":[{"href":"https:\/\/store2.k-tech-services.com\/tracohoanguyen\/wp-json\/wp\/v2\/types\/product"}],"replies":[{"embeddable":true,"href":"https:\/\/store2.k-tech-services.com\/tracohoanguyen\/wp-json\/wp\/v2\/comments?post=297"}],"wp:attachment":[{"href":"https:\/\/store2.k-tech-services.com\/tracohoanguyen\/wp-json\/wp\/v2\/media?parent=297"}],"wp:term":[{"taxonomy":"product_cat","embeddable":true,"href":"https:\/\/store2.k-tech-services.com\/tracohoanguyen\/wp-json\/wp\/v2\/product_cat?post=297"},{"taxonomy":"product_tag","embeddable":true,"href":"https:\/\/store2.k-tech-services.com\/tracohoanguyen\/wp-json\/wp\/v2\/product_tag?post=297"}],"curies":[{"name":"wp","href":"https:\/\/api.w.org\/{rel}","templated":true}]}}