{"id":306,"date":"2024-11-22T10:14:06","date_gmt":"2024-11-22T03:14:06","guid":{"rendered":"https:\/\/live.k-tech.net.vn\/wpbantra\/?post_type=product&#038;p=306"},"modified":"2024-11-22T15:39:07","modified_gmt":"2024-11-22T08:39:07","slug":"tra-tui-loc-huong-nhai","status":"publish","type":"product","link":"https:\/\/store2.k-tech-services.com\/tracohoanguyen\/san-pham\/tra-tui-loc-huong-nhai\/","title":{"rendered":"Tr\u00e0 C\u1ed5 Hoa Nguy\u00ean &#8211; Tr\u00e0 D\u1ec7t H\u01b0\u01a1ng M\u1ed9c"},"content":{"rendered":"<h4 class=\"thin-font\"><strong>? <em>Tr\u00e0 \u0110inh T\u00e2n C\u01b0\u01a1ng &#8211; D\u1ec7t H\u01b0\u01a1ng Hoa M\u1ed9c<\/em> ?<\/strong><\/h4>\n<h4 class=\"thin-font\"><strong>\u2615 Th\u00e0nh ph\u1ea7n ch\u00ednh:<\/strong><\/h4>\n<ul>\n<li>\n<h4>? <strong>100% b\u00fap tr\u00e0 T\u00e2n C\u01b0\u01a1ng nguy\u00ean ch\u1ea5t<\/strong> \u2013 Ch\u1eaft l\u1ecdc t\u1eeb nh\u1eefng \u0111\u1ecdt tr\u00e0 non, xanh m\u01b0\u1edbt, tr\u1ed3ng tr\u00ean v\u00f9ng \u0111\u1ea5t T\u00e2n C\u01b0\u01a1ng m\u00e0u m\u1ee1.<\/h4>\n<\/li>\n<li>\n<h4>? <strong>H\u01b0\u01a1ng hoa m\u1ed9c t\u1ef1 nhi\u00ean<\/strong> \u2013 S\u1ef1 k\u1ebft h\u1ee3p \u0111\u1ed9c \u0111\u00e1o mang \u0111\u1ebfn h\u01b0\u01a1ng th\u01a1m d\u1ecbu nh\u1eb9, thanh tao.<\/h4>\n<\/li>\n<\/ul>\n<h4 class=\"thin-font\"><strong>? \u0110\u1eb7c \u0111i\u1ec3m n\u1ed5i b\u1eadt:<\/strong><\/h4>\n<ul>\n<li>\n<h4><strong>? T\u01b0\u01a1i ngon t\u1ef1 nhi\u00ean:<\/strong> B\u1ea3o \u0111\u1ea3m kh\u00f4ng h\u00f3a ch\u1ea5t, kh\u00f4ng ph\u1ea9m m\u00e0u.<\/h4>\n<\/li>\n<li>\n<h4><strong>? Quy tr\u00ecnh sao tr\u00e0 truy\u1ec1n th\u1ed1ng:<\/strong> Th\u1ee7 c\u00f4ng ho\u00e0n to\u00e0n, gi\u1eef tr\u1ecdn v\u1ecb ng\u1ecdt h\u1eadu v\u00e0 thanh khi\u1ebft.<\/h4>\n<\/li>\n<li>\n<h4><strong>? H\u01b0\u01a1ng hoa m\u1ed9c:<\/strong> Mang l\u1ea1i c\u1ea3m gi\u00e1c th\u01b0 gi\u00e3n, tinh t\u1ebf nh\u01b0 l\u1ea1c gi\u1eefa thi\u00ean nhi\u00ean.<\/h4>\n<\/li>\n<\/ul>\n<h4 class=\"thin-font\"><strong>? Quy c\u00e1ch \u0111\u00f3ng g\u00f3i:<\/strong><\/h4>\n<ul>\n<li>\n<h4>H\u1ed9p qu\u00e0 cao c\u1ea5p ( \u0111\u00f3ng g\u00f3i 4 h\u1ed9p , m\u1ed7i h\u1ed9p 250 gram)<\/h4>\n<\/li>\n<\/ul>\n<h4 class=\"thin-font\"><strong>? C\u00f4ng d\u1ee5ng:<\/strong><\/h4>\n<ul>\n<li>\n<h4><strong>?\u200d\u2640\ufe0f Th\u01b0 gi\u00e3n t\u00e2m h\u1ed3n<\/strong> v\u1edbi h\u01b0\u01a1ng th\u01a1m nh\u1eb9 nh\u00e0ng.<\/h4>\n<\/li>\n<li>\n<h4><strong>\u26a1 T\u0103ng c\u01b0\u1eddng t\u1ec9nh t\u00e1o<\/strong> v\u00e0 t\u1eadp trung.<\/h4>\n<\/li>\n<li>\n<h4><strong>? B\u1ed5 sung ch\u1ea5t ch\u1ed1ng oxy h\u00f3a<\/strong>, t\u1ed1t cho s\u1ee9c kh\u1ecfe.<\/h4>\n<\/li>\n<\/ul>\n<h4 class=\"thin-font\"><strong>\u2728 H\u01b0\u1edbng d\u1eabn s\u1eed d\u1ee5ng:<\/strong><br \/>\n1\ufe0f\u20e3 L\u1ea5y 3-5g tr\u00e0\u00a0 pha v\u1edbi 100 ml n\u01b0\u1edbc s\u00f4i (80-90\u00b0C).<br \/>\n2\ufe0f\u20e3 \u1ee6 tr\u00e0 trong 30-60 gi\u00e2y, th\u01b0\u1edfng th\u1ee9c h\u01b0\u01a1ng v\u1ecb tuy\u1ec7t v\u1eddi.<\/h4>\n<h4 class=\"thin-font\"><strong>? \u0110\u1ecba ch\u1ec9: X\u00f3m Nam Th\u00e1i &#8211; X\u00e3 T\u00e2n C\u01b0\u01a1ng- TP Th\u00e1i Nguy\u00ean<\/strong><br \/>\n<em>Tr\u00e0 C\u1ed5 Hoa Nguy\u00ean<\/em> \u2013 H\u01b0\u01a1ng C\u0169 V\u1ecb M\u1edbi<br \/>\n\u260e\ufe0f Li\u00ean h\u1ec7: 0868.999.777<\/h4>\n<h4 class=\"thin-font\">? <em>&#8220;Th\u01b0\u1edfng th\u1ee9c Tr\u00e0 T\u00e2n C\u01b0\u01a1ng \u2013 D\u1ec7t H\u01b0\u01a1ng Hoa M\u1ed9c, k\u1ebft n\u1ed1i thi\u00ean nhi\u00ean qua t\u1eebng ng\u1ee5m tr\u00e0 th\u01a1m!&#8221;<\/em><\/h4>\n<h4 class=\"thin-font\"><strong>#Tr\u00e0T\u00e2nC\u01b0\u01a1ng<\/strong> ? <strong>#H\u01b0\u01a1ngHoaM\u1ed9c<\/strong> ? <strong>#Tr\u00e0C\u1ed5HoaNguy\u00ean<\/strong> ?<\/h4>\n","protected":false},"excerpt":{"rendered":"<p>? Tr\u00e0 \u0110inh T\u00e2n C\u01b0\u01a1ng &#8211; D\u1ec7t H\u01b0\u01a1ng Hoa M\u1ed9c ? \u2615 Th\u00e0nh ph\u1ea7n ch\u00ednh: ? 100% b\u00fap tr\u00e0 T\u00e2n C\u01b0\u01a1ng nguy\u00ean ch\u1ea5t \u2013 Ch\u1eaft l\u1ecdc t\u1eeb nh\u1eefng \u0111\u1ecdt tr\u00e0 non, xanh m\u01b0\u1edbt, tr\u1ed3ng tr\u00ean v\u00f9ng \u0111\u1ea5t T\u00e2n C\u01b0\u01a1ng m\u00e0u m\u1ee1. ? H\u01b0\u01a1ng hoa m\u1ed9c t\u1ef1 nhi\u00ean \u2013 S\u1ef1 k\u1ebft h\u1ee3p \u0111\u1ed9c \u0111\u00e1o mang \u0111\u1ebfn&#8230;<\/p>\n","protected":false},"featured_media":0,"comment_status":"open","ping_status":"closed","template":"","meta":{"_acf_changed":false},"product_cat":[24],"product_tag":[],"class_list":{"0":"post-306","1":"product","2":"type-product","3":"status-publish","5":"product_cat-tra-co-det-huong-hoa-tan-cuong","7":"first","8":"instock","9":"shipping-taxable","10":"purchasable","11":"product-type-simple"},"acf":[],"_links":{"self":[{"href":"https:\/\/store2.k-tech-services.com\/tracohoanguyen\/wp-json\/wp\/v2\/product\/306","targetHints":{"allow":["GET"]}}],"collection":[{"href":"https:\/\/store2.k-tech-services.com\/tracohoanguyen\/wp-json\/wp\/v2\/product"}],"about":[{"href":"https:\/\/store2.k-tech-services.com\/tracohoanguyen\/wp-json\/wp\/v2\/types\/product"}],"replies":[{"embeddable":true,"href":"https:\/\/store2.k-tech-services.com\/tracohoanguyen\/wp-json\/wp\/v2\/comments?post=306"}],"wp:attachment":[{"href":"https:\/\/store2.k-tech-services.com\/tracohoanguyen\/wp-json\/wp\/v2\/media?parent=306"}],"wp:term":[{"taxonomy":"product_cat","embeddable":true,"href":"https:\/\/store2.k-tech-services.com\/tracohoanguyen\/wp-json\/wp\/v2\/product_cat?post=306"},{"taxonomy":"product_tag","embeddable":true,"href":"https:\/\/store2.k-tech-services.com\/tracohoanguyen\/wp-json\/wp\/v2\/product_tag?post=306"}],"curies":[{"name":"wp","href":"https:\/\/api.w.org\/{rel}","templated":true}]}}