{"id":308,"date":"2024-11-22T10:16:18","date_gmt":"2024-11-22T03:16:18","guid":{"rendered":"https:\/\/live.k-tech.net.vn\/wpbantra\/?post_type=product&#038;p=308"},"modified":"2024-11-22T15:20:50","modified_gmt":"2024-11-22T08:20:50","slug":"tra-xanh-tan-cuong","status":"publish","type":"product","link":"https:\/\/store2.k-tech-services.com\/tracohoanguyen\/san-pham\/tra-xanh-tan-cuong\/","title":{"rendered":"Tr\u00e0 C\u1ed5 Hoa Nguy\u00ean &#8211; Tr\u00e0 N\u00f5n ( 1 T\u00f4m 2 L\u00e1 non)"},"content":{"rendered":"","protected":false},"excerpt":{"rendered":"","protected":false},"featured_media":0,"comment_status":"open","ping_status":"closed","template":"","meta":{"_acf_changed":false},"product_cat":[23],"product_tag":[],"class_list":{"0":"post-308","1":"product","2":"type-product","3":"status-publish","5":"product_cat-tra-co-huong-xua-tan-cuong","7":"first","8":"instock","9":"shipping-taxable","10":"purchasable","11":"product-type-simple"},"acf":[],"_links":{"self":[{"href":"https:\/\/store2.k-tech-services.com\/tracohoanguyen\/wp-json\/wp\/v2\/product\/308","targetHints":{"allow":["GET"]}}],"collection":[{"href":"https:\/\/store2.k-tech-services.com\/tracohoanguyen\/wp-json\/wp\/v2\/product"}],"about":[{"href":"https:\/\/store2.k-tech-services.com\/tracohoanguyen\/wp-json\/wp\/v2\/types\/product"}],"replies":[{"embeddable":true,"href":"https:\/\/store2.k-tech-services.com\/tracohoanguyen\/wp-json\/wp\/v2\/comments?post=308"}],"wp:attachment":[{"href":"https:\/\/store2.k-tech-services.com\/tracohoanguyen\/wp-json\/wp\/v2\/media?parent=308"}],"wp:term":[{"taxonomy":"product_cat","embeddable":true,"href":"https:\/\/store2.k-tech-services.com\/tracohoanguyen\/wp-json\/wp\/v2\/product_cat?post=308"},{"taxonomy":"product_tag","embeddable":true,"href":"https:\/\/store2.k-tech-services.com\/tracohoanguyen\/wp-json\/wp\/v2\/product_tag?post=308"}],"curies":[{"name":"wp","href":"https:\/\/api.w.org\/{rel}","templated":true}]}}