{"id":313,"date":"2024-11-22T10:25:43","date_gmt":"2024-11-22T03:25:43","guid":{"rendered":"https:\/\/live.k-tech.net.vn\/wpbantra\/?post_type=product&#038;p=313"},"modified":"2024-11-22T15:16:37","modified_gmt":"2024-11-22T08:16:37","slug":"tra-tan-cuong-thai-nguyen-500g-ngon-chinh-goc-100","status":"publish","type":"product","link":"https:\/\/store2.k-tech-services.com\/tracohoanguyen\/san-pham\/tra-tan-cuong-thai-nguyen-500g-ngon-chinh-goc-100\/","title":{"rendered":"Tr\u00e0 C\u1ed5 Hoa Nguy\u00ean &#8211; Tr\u00e0 T\u00f4m ( 1 t\u00f4m 2 l\u00e1)"},"content":{"rendered":"","protected":false},"excerpt":{"rendered":"","protected":false},"featured_media":0,"comment_status":"open","ping_status":"closed","template":"","meta":{"_acf_changed":false},"product_cat":[23],"product_tag":[],"class_list":{"0":"post-313","1":"product","2":"type-product","3":"status-publish","5":"product_cat-tra-co-huong-xua-tan-cuong","7":"first","8":"instock","9":"shipping-taxable","10":"purchasable","11":"product-type-simple"},"acf":[],"_links":{"self":[{"href":"https:\/\/store2.k-tech-services.com\/tracohoanguyen\/wp-json\/wp\/v2\/product\/313","targetHints":{"allow":["GET"]}}],"collection":[{"href":"https:\/\/store2.k-tech-services.com\/tracohoanguyen\/wp-json\/wp\/v2\/product"}],"about":[{"href":"https:\/\/store2.k-tech-services.com\/tracohoanguyen\/wp-json\/wp\/v2\/types\/product"}],"replies":[{"embeddable":true,"href":"https:\/\/store2.k-tech-services.com\/tracohoanguyen\/wp-json\/wp\/v2\/comments?post=313"}],"wp:attachment":[{"href":"https:\/\/store2.k-tech-services.com\/tracohoanguyen\/wp-json\/wp\/v2\/media?parent=313"}],"wp:term":[{"taxonomy":"product_cat","embeddable":true,"href":"https:\/\/store2.k-tech-services.com\/tracohoanguyen\/wp-json\/wp\/v2\/product_cat?post=313"},{"taxonomy":"product_tag","embeddable":true,"href":"https:\/\/store2.k-tech-services.com\/tracohoanguyen\/wp-json\/wp\/v2\/product_tag?post=313"}],"curies":[{"name":"wp","href":"https:\/\/api.w.org\/{rel}","templated":true}]}}