{"id":315,"date":"2024-11-22T10:27:34","date_gmt":"2024-11-22T03:27:34","guid":{"rendered":"https:\/\/live.k-tech.net.vn\/wpbantra\/?post_type=product&#038;p=315"},"modified":"2024-11-28T11:25:54","modified_gmt":"2024-11-28T04:25:54","slug":"tra-ngon-10-vi-100g-10-tep-mau-10-loai-tra-ngon","status":"publish","type":"product","link":"https:\/\/store2.k-tech-services.com\/tracohoanguyen\/san-pham\/tra-ngon-10-vi-100g-10-tep-mau-10-loai-tra-ngon\/","title":{"rendered":"Tr\u00e0 B\u00fap T\u00e2n C\u01b0\u01a1ng"},"content":{"rendered":"<p><span style=\"font-size: 120%;\"><strong>TR\u00c0 C\u1ed4 HOA NGUY\u00caN \u2013 TINH HOA TR\u00c0 H\u1eeeU C\u01a0 100%<\/strong><\/span><\/p>\n<p><span style=\"font-size: 120%;\">? <strong>Nguy\u00ean b\u1ea3n t\u1ef1 nhi\u00ean \u2013 Ch\u1eaft l\u1ecdc tinh t\u00fay t\u1eeb \u0111\u1ea5t tr\u1eddi<\/strong> ?<\/span><\/p>\n<p><span style=\"font-size: 120%;\"><strong>Tr\u00e0 C\u1ed5 Hoa Nguy\u00ean<\/strong> t\u1ef1 h\u00e0o mang \u0111\u1ebfn nh\u1eefng s\u1ea3n ph\u1ea9m tr\u00e0 h\u1eefu c\u01a1 100%, \u0111\u01b0\u1ee3c canh t\u00e1c ho\u00e0n to\u00e0n t\u1ef1 nhi\u00ean, kh\u00f4ng s\u1eed d\u1ee5ng h\u00f3a ch\u1ea5t hay ph\u00e2n b\u00f3n t\u1ed5ng h\u1ee3p. \u0110\u00e2y kh\u00f4ng ch\u1ec9 l\u00e0 m\u1ed9t s\u1ea3n ph\u1ea9m, m\u00e0 c\u00f2n l\u00e0 m\u00f3n qu\u00e0 t\u1eeb t\u00e2m huy\u1ebft v\u00e0 s\u1ef1 tr\u00e2n tr\u1ecdng d\u00e0nh cho s\u1ee9c kh\u1ecfe ng\u01b0\u1eddi ti\u00eau d\u00f9ng.<\/span><\/p>\n<hr \/>\n<h3><span style=\"font-size: 120%;\"><strong>\u0110i\u1ec3m \u0111\u1eb7c bi\u1ec7t c\u1ee7a Tr\u00e0 C\u1ed5 Hoa Nguy\u00ean:<\/strong><\/span><\/h3>\n<p><span style=\"font-size: 120%;\">? <strong>Tr\u00e0 h\u1eefu c\u01a1 100%:<\/strong><\/span><\/p>\n<ul>\n<li><span style=\"font-size: 120%;\">\u0110\u01b0\u1ee3c tr\u1ed3ng tr\u00ean v\u00f9ng \u0111\u1ea5t T\u00e2n C\u01b0\u01a1ng m\u00e0u m\u1ee1, n\u01a1i kh\u00ed h\u1eadu v\u00e0 th\u1ed5 nh\u01b0\u1ee1ng l\u00fd t\u01b0\u1edfng cho c\u00e2y tr\u00e0 ph\u00e1t tri\u1ec3n.<\/span><\/li>\n<li><span style=\"font-size: 120%;\">Cam k\u1ebft kh\u00f4ng h\u00f3a ch\u1ea5t, kh\u00f4ng thu\u1ed1c tr\u1eeb s\u00e2u, \u0111\u1ea3m b\u1ea3o an to\u00e0n tuy\u1ec7t \u0111\u1ed1i cho s\u1ee9c kh\u1ecfe.<\/span><\/li>\n<\/ul>\n<p><span style=\"font-size: 120%;\">? <strong>H\u01b0\u01a1ng v\u1ecb t\u1ef1 nhi\u00ean:<\/strong><\/span><\/p>\n<ul>\n<li><span style=\"font-size: 120%;\">L\u00e1 tr\u00e0 gi\u1eef tr\u1ecdn v\u1ecb thu\u1ea7n khi\u1ebft, \u0111\u1eadm \u0111\u00e0 v\u1edbi h\u01b0\u01a1ng th\u01a1m c\u1ed1m non \u0111\u1eb7c tr\u01b0ng.<\/span><\/li>\n<li><span style=\"font-size: 120%;\">V\u1ecb ch\u00e1t nh\u1eb9 nh\u00e0ng n\u01a1i \u0111\u1ea7u l\u01b0\u1ee1i, h\u00f2a quy\u1ec7n c\u00f9ng h\u1eadu ng\u1ecdt s\u00e2u l\u1eafng, mang \u0111\u1ebfn c\u1ea3m gi\u00e1c d\u1ec5 ch\u1ecbu v\u00e0 th\u01b0 gi\u00e3n.<\/span><\/li>\n<\/ul>\n<p><span style=\"font-size: 120%;\">? <strong>Quy tr\u00ecnh ch\u1ebf bi\u1ebfn truy\u1ec1n th\u1ed1ng:<\/strong><\/span><\/p>\n<ul>\n<li><span style=\"font-size: 120%;\">L\u00e1 tr\u00e0 \u0111\u01b0\u1ee3c h\u00e1i th\u1ee7 c\u00f4ng t\u1ec9 m\u1ec9, ch\u1ec9 ch\u1ecdn nh\u1eefng b\u00fap non th\u01b0\u1ee3ng h\u1ea1ng.<\/span><\/li>\n<li><span style=\"font-size: 120%;\">S\u1ea5y kh\u00f4 v\u00e0 sao tay theo ph\u01b0\u01a1ng ph\u00e1p c\u1ed5 truy\u1ec1n, gi\u1eef tr\u1ecdn h\u01b0\u01a1ng v\u1ecb tinh t\u00fay c\u1ee7a tr\u00e0.<\/span><\/li>\n<\/ul>\n<hr \/>\n<h3><span style=\"font-size: 120%;\"><strong>T\u1ea1i sao n\u00ean ch\u1ecdn Tr\u00e0 C\u1ed5 Hoa Nguy\u00ean?<\/strong><\/span><\/h3>\n<p><span style=\"font-size: 120%;\">\u2705 <strong>T\u1ed1t cho s\u1ee9c kh\u1ecfe:<\/strong><\/span><br \/>\n<span style=\"font-size: 120%;\">Gi\u00e0u ch\u1ea5t ch\u1ed1ng oxy h\u00f3a, h\u1ed7 tr\u1ee3 th\u1ea3i \u0111\u1ed9c, gi\u00fap c\u01a1 th\u1ec3 lu\u00f4n kh\u1ecfe m\u1ea1nh.<\/span><\/p>\n<p><span style=\"font-size: 120%;\">\u2705 <strong>B\u1ea3o v\u1ec7 m\u00f4i tr\u01b0\u1eddng:<\/strong><\/span><br \/>\n<span style=\"font-size: 120%;\">S\u1eed d\u1ee5ng ph\u01b0\u01a1ng ph\u00e1p canh t\u00e1c b\u1ec1n v\u1eefng, g\u00f3p ph\u1ea7n b\u1ea3o v\u1ec7 h\u1ec7 sinh th\u00e1i t\u1ef1 nhi\u00ean.<\/span><\/p>\n<p><span style=\"font-size: 120%;\">\u2705 <strong>Tr\u1ea3i nghi\u1ec7m th\u01b0\u1edfng tr\u00e0 \u0111\u1eb3ng c\u1ea5p:<\/strong><\/span><br \/>\n<span style=\"font-size: 120%;\">Th\u01b0\u1edfng th\u1ee9c Tr\u00e0 C\u1ed5 Hoa Nguy\u00ean l\u00e0 t\u1eadn h\u01b0\u1edfng s\u1ef1 giao h\u00f2a gi\u1eefa thi\u00ean nhi\u00ean, v\u0103n h\u00f3a v\u00e0 s\u1ee9c kh\u1ecfe.<\/span><\/p>\n<hr \/>\n<h3><span style=\"font-size: 120%;\"><strong>H\u01b0\u1edbng d\u1eabn pha Tr\u00e0 C\u1ed5 Hoa Nguy\u00ean:<\/strong><\/span><\/h3>\n<p><span style=\"font-size: 120%;\">1\ufe0f\u20e3 <strong>Tr\u00e1ng tr\u00e0:<\/strong> Cho 8-10g tr\u00e0 v\u00e0o \u1ea5m, tr\u00e1ng qua n\u01b0\u1edbc s\u00f4i \u0111\u1ec3 l\u00e0m s\u1ea1ch v\u00e0 \u0111\u00e1nh th\u1ee9c h\u01b0\u01a1ng tr\u00e0.<\/span><br \/>\n<span style=\"font-size: 120%;\">2\ufe0f\u20e3 <strong>\u1ee6 tr\u00e0:<\/strong> \u0110\u1ed5 n\u01b0\u1edbc s\u00f4i \u1edf 85-90\u00b0C v\u00e0o \u1ea5m, \u1ee7 kho\u1ea3ng 1-2 ph\u00fat \u0111\u1ec3 tr\u00e0 ng\u1ea5m.<\/span><br \/>\n<span style=\"font-size: 120%;\">3\ufe0f\u20e3 <strong>Th\u01b0\u1edfng tr\u00e0:<\/strong> R\u00f3t tr\u00e0 ra ch\u00e9n v\u00e0 c\u1ea3m nh\u1eadn h\u01b0\u01a1ng v\u1ecb thanh tao, nh\u1eb9 nh\u00e0ng.<\/span><\/p>\n<hr \/>\n<p><span style=\"font-size: 120%;\">? <strong>Tr\u00e0 C\u1ed5 Hoa Nguy\u00ean \u2013 Qu\u00e0 t\u1eb7ng thi\u00ean nhi\u00ean:<\/strong><\/span><br \/>\n<span style=\"font-size: 120%;\">L\u1ef1a ch\u1ecdn ho\u00e0n h\u1ea3o \u0111\u1ec3 ch\u0103m s\u00f3c s\u1ee9c kh\u1ecfe b\u1ea3n th\u00e2n v\u00e0 l\u00e0m qu\u00e0 bi\u1ebfu \u00fd ngh\u0129a d\u00e0nh t\u1eb7ng ng\u01b0\u1eddi th\u00e2n, b\u1ea1n b\u00e8, \u0111\u1ed1i t\u00e1c.<\/span><\/p>\n<p><span style=\"font-size: 120%;\">? <strong>Li\u00ean h\u1ec7 ngay \u0111\u1ec3 s\u1edf h\u1eefu Tr\u00e0 C\u1ed5 Hoa Nguy\u00ean \u2013 Tinh hoa tr\u00e0 Vi\u1ec7t!<\/strong><\/span><\/p>\n<p><span style=\"font-size: 120%;\">Website : Tracohoanguyen.vn<\/span><\/p>\n<p><span style=\"font-size: 120%;\">Hotline : 0868.999.777<\/span><\/p>\n","protected":false},"excerpt":{"rendered":"<p>TR\u00c0 C\u1ed4 HOA NGUY\u00caN \u2013 TINH HOA TR\u00c0 H\u1eeeU C\u01a0 100% ? Nguy\u00ean b\u1ea3n t\u1ef1 nhi\u00ean \u2013 Ch\u1eaft l\u1ecdc tinh t\u00fay t\u1eeb \u0111\u1ea5t tr\u1eddi ? Tr\u00e0 C\u1ed5 Hoa Nguy\u00ean t\u1ef1 h\u00e0o mang \u0111\u1ebfn nh\u1eefng s\u1ea3n ph\u1ea9m tr\u00e0 h\u1eefu c\u01a1 100%, \u0111\u01b0\u1ee3c canh t\u00e1c ho\u00e0n to\u00e0n t\u1ef1 nhi\u00ean, kh\u00f4ng s\u1eed d\u1ee5ng h\u00f3a ch\u1ea5t hay ph\u00e2n b\u00f3n&#8230;<\/p>\n","protected":false},"featured_media":0,"comment_status":"open","ping_status":"closed","template":"","meta":{"_acf_changed":false},"product_cat":[23],"product_tag":[],"class_list":{"0":"post-315","1":"product","2":"type-product","3":"status-publish","5":"product_cat-tra-co-huong-xua-tan-cuong","7":"first","8":"instock","9":"shipping-taxable","10":"purchasable","11":"product-type-simple"},"acf":[],"_links":{"self":[{"href":"https:\/\/store2.k-tech-services.com\/tracohoanguyen\/wp-json\/wp\/v2\/product\/315","targetHints":{"allow":["GET"]}}],"collection":[{"href":"https:\/\/store2.k-tech-services.com\/tracohoanguyen\/wp-json\/wp\/v2\/product"}],"about":[{"href":"https:\/\/store2.k-tech-services.com\/tracohoanguyen\/wp-json\/wp\/v2\/types\/product"}],"replies":[{"embeddable":true,"href":"https:\/\/store2.k-tech-services.com\/tracohoanguyen\/wp-json\/wp\/v2\/comments?post=315"}],"wp:attachment":[{"href":"https:\/\/store2.k-tech-services.com\/tracohoanguyen\/wp-json\/wp\/v2\/media?parent=315"}],"wp:term":[{"taxonomy":"product_cat","embeddable":true,"href":"https:\/\/store2.k-tech-services.com\/tracohoanguyen\/wp-json\/wp\/v2\/product_cat?post=315"},{"taxonomy":"product_tag","embeddable":true,"href":"https:\/\/store2.k-tech-services.com\/tracohoanguyen\/wp-json\/wp\/v2\/product_tag?post=315"}],"curies":[{"name":"wp","href":"https:\/\/api.w.org\/{rel}","templated":true}]}}