{"id":220,"date":"2024-09-24T08:47:52","date_gmt":"2024-09-24T08:47:52","guid":{"rendered":"http:\/\/localhost:8081\/moitruong\/?page_id=220"},"modified":"2024-09-25T02:16:20","modified_gmt":"2024-09-25T02:16:20","slug":"phuong-huong-hoat-dong","status":"publish","type":"page","link":"https:\/\/store2.k-tech-services.com\/veiahcm\/gioi-thieu\/phuong-huong-hoat-dong\/","title":{"rendered":"Ph\u01b0\u01a1ng h\u01b0\u1edbng ho\u1ea1t \u0111\u1ed9ng"},"content":{"rendered":"<div class=\"row row-collapse\"  id=\"row-1043431693\">\n\n\t<div id=\"col-138836832\" class=\"col small-12 large-12\"  >\n\t\t\t\t<div class=\"col-inner\"  >\n\t\t\t\n\t\t\t\n<div class=\"container section-title-container\" ><h4 class=\"section-title section-title-normal\"><b><\/b><span class=\"section-title-main\" style=\"font-size:80%;\">Ph\u01b0\u01a1ng h\u01b0\u1edbng ho\u1ea1t \u0111\u1ed9ng<\/span><b><\/b><\/h4><\/div>\n<p style=\"text-align: center;\">PH\u01af\u01a0NG H\u01af\u1edaNG HO\u1ea0T \u0110\u1ed8NG C\u1ee6A HI\u1ec6P H\u1ed8I C\u00d4NG NGHI\u1ec6P M\u00d4I TR\u01af\u1edcNG<\/p>\n<p>\u00a0<\/p>\n<p>1. T\u1eadp h\u1ee3p, \u0111o\u00e0n k\u1ebft h\u1ed9i vi\u00ean<\/p>\n<p>2. Ho\u1ea1t \u0111\u1ed9ng th\u01b0\u1eddng xuy\u00ean, kh\u00f4ng v\u00ec m\u1ee5c \u0111\u00edch l\u1ee3i nhu\u1eadn nh\u1eb1m b\u1ea3o v\u1ec7 quy\u1ec1n, l\u1ee3i \u00edch h\u1ee3p ph\u00e1p c\u1ee7a h\u1ed9i vi\u00ean.<\/p>\n<p>3. T\u1ea1o \u0111i\u1ec1u ki\u1ec7n cho c\u00e1c h\u1ed9i vi\u00ean h\u1ee3p t\u00e1c, h\u1ed7 tr\u1ee3 nhau ho\u1ea1t \u0111\u1ed9ng g\u00f3p ph\u1ea7n ph\u00e1t tri\u1ec3n c\u00f4ng nghi\u1ec7p m\u00f4i tr\u01b0\u1eddng Vi\u1ec7t Nam.<\/p>\n<p>4. X\u1eed l\u00fd, ki\u1ec3m so\u00e1t \u00f4 nhi\u1ec5m m\u00f4i tr\u01b0\u1eddng, h\u1ea1n ch\u1ebf m\u1ee9c \u0111\u1ed9 gia t\u0103ng \u00f4 nhi\u1ec5m v\u00e0 c\u1ea3i thi\u1ec7n ch\u1ea5t l\u01b0\u1ee3ng m\u00f4i tr\u01b0\u1eddng ph\u00e1t tri\u1ec3n b\u1ec1n v\u1eefng c\u1ee7a \u0111\u1ea5t n\u01b0\u1edbc.<\/p>\n<p>5. T\u01b0\u0323 nguy\u00ea\u0323n, t\u01b0\u0323 qua\u0309n.<\/p>\n<p>6. D\u00e2n chu\u0309, bi\u0300nh \u0111\u0103\u0309ng, c\u00f4ng khai, minh ba\u0323ch.<\/p>\n<p>7. T\u01b0\u0323 ba\u0309o \u0111a\u0309m kinh phi\u0301 hoa\u0323t \u0111\u00f4\u0323ng.<\/p>\n<p>8. Kh\u00f4ng vi\u0300 mu\u0323c \u0111i\u0301ch l\u01a1\u0323i nhu\u00e2\u0323n.<\/p>\n<p>9. Tu\u00e2n thu\u0309 Hi\u00ea\u0301n pha\u0301p, pha\u0301p lu\u00e2\u0323t va\u0300 \u0110i\u00ea\u0300u l\u00ea\u0323 Hi\u00ea\u0323p h\u00f4\u0323i. Hi\u1ec7p h\u1ed9i ch\u1ecbu s\u1ef1 qu\u1ea3n l\u00fd nh\u00e0 n\u01b0\u1edbc c\u1ee7a B\u1ed9 C\u00f4ng Th\u01b0\u01a1ng v\u00e0 c\u00e1c b\u1ed9, ng\u00e0nh c\u00f3 li\u00ean quan v\u1ec1 l\u0129nh v\u1ef1c Hi\u1ec7p h\u1ed9i ho\u1ea1t \u0111\u1ed9ng.<\/p>\n\t\t<\/div>\n\t\t\t\t\t<\/div>\n\n\t\n<\/div>\n","protected":false},"excerpt":{"rendered":"","protected":false},"author":1,"featured_media":0,"parent":216,"menu_order":0,"comment_status":"closed","ping_status":"closed","template":"page-right-sidebar.php","meta":{"rank_math_lock_modified_date":false,"footnotes":""},"class_list":["post-220","page","type-page","status-publish","hentry"],"_links":{"self":[{"href":"https:\/\/store2.k-tech-services.com\/veiahcm\/wp-json\/wp\/v2\/pages\/220","targetHints":{"allow":["GET"]}}],"collection":[{"href":"https:\/\/store2.k-tech-services.com\/veiahcm\/wp-json\/wp\/v2\/pages"}],"about":[{"href":"https:\/\/store2.k-tech-services.com\/veiahcm\/wp-json\/wp\/v2\/types\/page"}],"author":[{"embeddable":true,"href":"https:\/\/store2.k-tech-services.com\/veiahcm\/wp-json\/wp\/v2\/users\/1"}],"replies":[{"embeddable":true,"href":"https:\/\/store2.k-tech-services.com\/veiahcm\/wp-json\/wp\/v2\/comments?post=220"}],"version-history":[{"count":3,"href":"https:\/\/store2.k-tech-services.com\/veiahcm\/wp-json\/wp\/v2\/pages\/220\/revisions"}],"predecessor-version":[{"id":271,"href":"https:\/\/store2.k-tech-services.com\/veiahcm\/wp-json\/wp\/v2\/pages\/220\/revisions\/271"}],"up":[{"embeddable":true,"href":"https:\/\/store2.k-tech-services.com\/veiahcm\/wp-json\/wp\/v2\/pages\/216"}],"wp:attachment":[{"href":"https:\/\/store2.k-tech-services.com\/veiahcm\/wp-json\/wp\/v2\/media?parent=220"}],"curies":[{"name":"wp","href":"https:\/\/api.w.org\/{rel}","templated":true}]}}