{"id":48,"date":"2024-09-23T09:43:00","date_gmt":"2024-09-23T09:43:00","guid":{"rendered":"http:\/\/localhost:8081\/moitruong\/?page_id=48"},"modified":"2024-09-25T02:15:06","modified_gmt":"2024-09-25T02:15:06","slug":"gioi-thieu-chung","status":"publish","type":"page","link":"https:\/\/store2.k-tech-services.com\/veiahcm\/gioi-thieu\/gioi-thieu-chung\/","title":{"rendered":"Gi\u1edbi thi\u1ec7u chung"},"content":{"rendered":"<div class=\"row row-collapse\"  id=\"row-1733797497\">\n\n\t<div id=\"col-560041421\" class=\"col small-12 large-12\"  >\n\t\t\t\t<div class=\"col-inner\"  >\n\t\t\t\n\t\t\t\n<div class=\"container section-title-container\" ><h4 class=\"section-title section-title-normal\"><b><\/b><span class=\"section-title-main\" style=\"font-size:80%;\">Gi\u1edbi thi\u1ec7u chung<\/span><b><\/b><\/h4><\/div>\n<p>Hi\u1ec7p h\u1ed9i C\u00f4ng nghi\u1ec7p M\u00f4i tr\u01b0\u1eddng Vi\u1ec7t nam l\u00e0 t\u1ed5 ch\u1ee9c x\u00e3 h\u1ed9i \u2013 ngh\u1ec1 nghi\u1ec7p \u0111\u01b0\u1ee3c th\u00e0nh l\u1eadp t\u1eeb 23\/4\/ 2011 ch\u1ecbu s\u1ef1 qu\u1ea3n l\u00fd tr\u1ef1c ti\u1ebfp c\u1ee7a B\u1ed9 C\u00f4ng Th\u01b0\u01a1ng v\u1edbi mong mu\u1ed1n x\u00e2y d\u1ef1ng v\u00e0 g\u00f3p ph\u1ea7n ph\u00e1t tri\u1ec3n ng\u00e0nh c\u00f4ng nghi\u1ec7p m\u00f4i tr\u01b0\u1eddng th\u00e0nh m\u1ed9t ng\u00e0nh c\u00f3 \u0111\u00f3ng g\u00f3p quan tr\u1ecdng trong c\u01a1 c\u1ea5u ph\u00e1t tri\u1ec3n ng\u00e0nh c\u00f4ng nghi\u1ec7p Vi\u1ec7t Nam, c\u00f3 kh\u1ea3 n\u0103ng gi\u1ea3i quy\u1ebft hi\u1ec7u qu\u1ea3 nhi\u1ec7m v\u1ee5 b\u1ea3o v\u1ec7 m\u00f4i tr\u01b0\u1eddng, s\u1eed d\u1ee5ng b\u1ec1n v\u1eefng t\u00e0i nguy\u00ean. Hi\u1ec7p h\u1ed9i c\u00f3 vai tr\u00f2 l\u00e0 \u0111\u1ea7u m\u1ed1i k\u1ebft n\u1ed1i c\u00e1c doanh nghi\u1ec7p, c\u00e1c t\u1ed5 ch\u1ee9c, chuy\u00ean gia th\u1ef1c hi\u1ec7n c\u00e1c nhi\u1ec7m v\u1ee5 li\u00ean quan t\u1edbi ng\u00e0nh c\u00f4ng nghi\u1ec7p m\u00f4i tr\u01b0\u1eddng nh\u01b0:<\/p>\n<p>a) T\u1ed5 ch\u1ee9c, c\u01a1 ch\u1ebf, ch\u00ednh s\u00e1ch v\u00e0 c\u00e1c v\u0103n b\u1ea3n quy ph\u1ea1m ph\u00e1p lu\u1eadt.<\/p>\n<p>b) X\u00e2y d\u1ef1ng chi\u1ebfn l\u01b0\u1ee3c, quy ho\u1ea1ch ph\u00e1t tri\u1ec3n.<\/p>\n<p>c) Tuy\u00ean truy\u1ec1n v\u00e0 ph\u1ea3n bi\u1ec7n x\u00e3 h\u1ed9i.<\/p>\n<p>d) T\u1ed5 ch\u1ee9c nghi\u00ean c\u1ee9u khoa h\u1ecdc, chuy\u1ec3n giao v\u00e0o \u1ee9ng d\u1ee5ng c\u00f4ng ngh\u1ec7 (thu gom, x\u1eed l\u00fd ph\u1ebf th\u1ea3i r\u1eafn, n\u01b0\u1edbc th\u1ea3i\u2026)<\/p>\n<p>e) Ph\u00e1t tri\u1ec3n c\u00e1c doanh nghi\u1ec7p c\u00f4ng nghi\u1ec7p m\u00f4i tr\u01b0\u1eddng v\u00e0 c\u00e1c ho\u1ea1t \u0111\u1ed9ng ch\u1ebf t\u1ea1o thi\u1ebft b\u1ecb, cung c\u1ea5p s\u1ea3n ph\u1ea9m (h\u00f3a ch\u1ea5t, h\u00f3a ph\u1ea9m) v\u00e0 d\u1ecbch v\u1ee5 b\u1ea3o v\u1ec7 m\u00f4i tr\u01b0\u1eddng.<\/p>\n<p>f) T\u01b0 v\u1ea5n s\u1eed d\u1ee5ng hi\u1ec7u qu\u1ea3 t\u00e0i nguy\u00ean trong s\u1ea3n xu\u1ea5t c\u00f4ng nghi\u1ec7p.<\/p>\n<p>(Tr\u00edch \u0110i\u1ec1u l\u1ec7 Hi\u1ec7p h\u1ed9i CNMTVN)<\/p>\n<p>Quy\u1ebft \u0111\u1ecbnh th\u00e0nh l\u1eadp Hi\u1ec7p h\u1ed9i<\/p>\n<p>Quy\u1ebft \u0111\u1ecbnh ph\u00ea duy\u1ec7t \u0111i\u1ec1u l\u1ec7 Hi\u1ec7p h\u1ed9i<\/p>\n<p>\u0110i\u1ec1u l\u1ec7 Hi\u1ec7p h\u1ed9i<\/p>\n\t\t<\/div>\n\t\t\t\t\t<\/div>\n\n\t\n<\/div>\n","protected":false},"excerpt":{"rendered":"","protected":false},"author":1,"featured_media":0,"parent":216,"menu_order":0,"comment_status":"closed","ping_status":"closed","template":"page-right-sidebar.php","meta":{"rank_math_lock_modified_date":false,"footnotes":""},"class_list":["post-48","page","type-page","status-publish","hentry"],"_links":{"self":[{"href":"https:\/\/store2.k-tech-services.com\/veiahcm\/wp-json\/wp\/v2\/pages\/48","targetHints":{"allow":["GET"]}}],"collection":[{"href":"https:\/\/store2.k-tech-services.com\/veiahcm\/wp-json\/wp\/v2\/pages"}],"about":[{"href":"https:\/\/store2.k-tech-services.com\/veiahcm\/wp-json\/wp\/v2\/types\/page"}],"author":[{"embeddable":true,"href":"https:\/\/store2.k-tech-services.com\/veiahcm\/wp-json\/wp\/v2\/users\/1"}],"replies":[{"embeddable":true,"href":"https:\/\/store2.k-tech-services.com\/veiahcm\/wp-json\/wp\/v2\/comments?post=48"}],"version-history":[{"count":6,"href":"https:\/\/store2.k-tech-services.com\/veiahcm\/wp-json\/wp\/v2\/pages\/48\/revisions"}],"predecessor-version":[{"id":269,"href":"https:\/\/store2.k-tech-services.com\/veiahcm\/wp-json\/wp\/v2\/pages\/48\/revisions\/269"}],"up":[{"embeddable":true,"href":"https:\/\/store2.k-tech-services.com\/veiahcm\/wp-json\/wp\/v2\/pages\/216"}],"wp:attachment":[{"href":"https:\/\/store2.k-tech-services.com\/veiahcm\/wp-json\/wp\/v2\/media?parent=48"}],"curies":[{"name":"wp","href":"https:\/\/api.w.org\/{rel}","templated":true}]}}