{"id":237,"date":"2024-04-22T10:32:48","date_gmt":"2024-04-22T10:32:48","guid":{"rendered":"https:\/\/live.k-tech.net.vn\/wp-ketoan\/?page_id=237"},"modified":"2024-04-23T08:47:49","modified_gmt":"2024-04-23T08:47:49","slug":"lien-he","status":"publish","type":"page","link":"https:\/\/store2.k-tech-services.com\/visakvn\/lien-he\/","title":{"rendered":"Li\u00ean h\u1ec7"},"content":{"rendered":"\t<section class=\"section\" id=\"section_52212467\">\n\t\t<div class=\"bg section-bg fill bg-fill  bg-loaded\" >\n\n\t\t\t\n\t\t\t\n\t\t\t\n\n\t\t<\/div>\n\n\t\t\n\n\t\t<div class=\"section-content relative\">\n\t\t\t\n<div class=\"row row-collapse\" style=\"max-width:80%\" id=\"row-1540053653\">\n\n\t<div id=\"col-977281812\" class=\"col small-12 large-12\"  >\n\t\t\t\t<div class=\"col-inner\"  >\n\t\t\t\n\t\t\t\n\n  <div class=\"banner has-hover\" id=\"banner-611955088\">\n          <div class=\"banner-inner fill\">\n        <div class=\"banner-bg fill\" >\n            <div class=\"bg fill bg-fill \"><\/div>\n                                    \n                    <\/div>\n\t\t\n        <div class=\"banner-layers container\">\n            <div class=\"fill banner-link\"><\/div>            \n   <div id=\"text-box-891961514\" class=\"text-box banner-layer x50 md-x50 lg-x50 y50 md-y50 lg-y50 res-text\">\n                                <div class=\"text-box-content text dark\">\n              \n              <div class=\"text-inner text-center\">\n                  \n              <\/div>\n           <\/div>\n                            \n<style>\n#text-box-891961514 {\n  width: 60%;\n}\n#text-box-891961514 .text-box-content {\n  font-size: 100%;\n}\n@media (min-width:550px) {\n  #text-box-891961514 {\n    width: 60%;\n  }\n}\n<\/style>\n    <\/div>\n \n        <\/div>\n      <\/div>\n\n              <div class=\"height-fix is-invisible\"><img loading=\"lazy\" decoding=\"async\" width=\"1920\" height=\"776\" src=\"https:\/\/store2.k-tech-services.com\/visakvn\/wp-content\/uploads\/2024\/04\/Banner-lien-he.jpg\" class=\"attachment-original size-original\" alt=\"\" srcset=\"https:\/\/store2.k-tech-services.com\/visakvn\/wp-content\/uploads\/2024\/04\/Banner-lien-he.jpg 1920w, https:\/\/store2.k-tech-services.com\/visakvn\/wp-content\/uploads\/2024\/04\/Banner-lien-he-300x121.jpg 300w, https:\/\/store2.k-tech-services.com\/visakvn\/wp-content\/uploads\/2024\/04\/Banner-lien-he-1024x414.jpg 1024w, https:\/\/store2.k-tech-services.com\/visakvn\/wp-content\/uploads\/2024\/04\/Banner-lien-he-768x310.jpg 768w, https:\/\/store2.k-tech-services.com\/visakvn\/wp-content\/uploads\/2024\/04\/Banner-lien-he-1536x621.jpg 1536w\" sizes=\"auto, (max-width: 1920px) 100vw, 1920px\" \/><\/div>\n            \n<style>\n#banner-611955088 .bg.bg-loaded {\n  background-image: url(https:\/\/store2.k-tech-services.com\/visakvn\/wp-content\/uploads\/2024\/04\/Banner-lien-he.jpg);\n}\n<\/style>\n  <\/div>\n\n\n\t\t<\/div>\n\t\t\t\t\t<\/div>\n\n\t\n<\/div>\n\t\t<\/div>\n\n\t\t\n<style>\n#section_52212467 {\n  padding-top: 30px;\n  padding-bottom: 30px;\n}\n<\/style>\n\t<\/section>\n\t\n\t<section class=\"section\" id=\"section_1324616587\">\n\t\t<div class=\"bg section-bg fill bg-fill  bg-loaded\" >\n\n\t\t\t\n\t\t\t\n\t\t\t\n\n\t\t<\/div>\n\n\t\t\n\n\t\t<div class=\"section-content relative\">\n\t\t\t\n<div class=\"row\" style=\"max-width:80%\" id=\"row-38132117\">\n\n\t<div id=\"col-2058168558\" class=\"col medium-4 small-12 large-4\"  >\n\t\t\t\t<div class=\"col-inner\"  >\n\t\t\t\n\t\t\t\n\t<div id=\"text-181088434\" class=\"text\">\n\t\t\n<h4 class=\"text-primary fw-bold mb-4\">LI\u00caN H\u1ec6 V\u1edaI CH\u00daNG T\u00d4I<\/h4>\n\t\t\n<style>\n#text-181088434 {\n  font-size: 1.3rem;\n  color: rgb(42, 78, 154);\n}\n#text-181088434 > * {\n  color: rgb(42, 78, 154);\n}\n<\/style>\n\t<\/div>\n\t\n<p>H\u00e3y \u0111\u1ec3 l\u1ea1i th\u00f4ng tin, chuy\u00ean vi\u00ean c\u1ee7a ch\u00fang t\u00f4i s\u1ebd nhanh ch\u00f3ng h\u1ed7 tr\u1ee3 b\u1ea1n.<\/p>\n\n<div class=\"wpcf7 no-js\" id=\"wpcf7-f383-o1\" lang=\"vi\" dir=\"ltr\">\n<div class=\"screen-reader-response\"><p role=\"status\" aria-live=\"polite\" aria-atomic=\"true\"><\/p> <ul><\/ul><\/div>\n<form action=\"\/visakvn\/wp-json\/wp\/v2\/pages\/237#wpcf7-f383-o1\" method=\"post\" class=\"wpcf7-form init\" aria-label=\"Form li\u00ean h\u1ec7\" novalidate=\"novalidate\" data-status=\"init\">\n<div style=\"display: none;\">\n<input type=\"hidden\" name=\"_wpcf7\" value=\"383\" \/>\n<input type=\"hidden\" name=\"_wpcf7_version\" value=\"5.9.3\" \/>\n<input type=\"hidden\" name=\"_wpcf7_locale\" value=\"vi\" \/>\n<input type=\"hidden\" name=\"_wpcf7_unit_tag\" value=\"wpcf7-f383-o1\" \/>\n<input type=\"hidden\" name=\"_wpcf7_container_post\" value=\"0\" \/>\n<input type=\"hidden\" name=\"_wpcf7_posted_data_hash\" value=\"\" \/>\n<\/div>\n<p><span class=\"wpcf7-form-control-wrap\" data-name=\"your-name\"><input size=\"40\" class=\"wpcf7-form-control wpcf7-text wpcf7-validates-as-required\" autocomplete=\"name\" aria-required=\"true\" aria-invalid=\"false\" placeholder=\"H\u1ecd v\u00e0 t\u00ean\" value=\"\" type=\"text\" name=\"your-name\" \/><\/span><br \/>\n<span class=\"wpcf7-form-control-wrap\" data-name=\"tel-478\"><input size=\"40\" class=\"wpcf7-form-control wpcf7-tel wpcf7-text wpcf7-validates-as-tel\" aria-invalid=\"false\" placeholder=\"s\u1ed1 \u0111i\u1ec7n tho\u1ea1i\" value=\"\" type=\"tel\" name=\"tel-478\" \/><\/span><br \/>\n<span class=\"wpcf7-form-control-wrap\" data-name=\"your-email\"><input size=\"40\" class=\"wpcf7-form-control wpcf7-email wpcf7-validates-as-required wpcf7-text wpcf7-validates-as-email\" autocomplete=\"email\" aria-required=\"true\" aria-invalid=\"false\" placeholder=\"email\" value=\"\" type=\"email\" name=\"your-email\" \/><\/span>\n<\/p>\n<p><label> Y\u00eau c\u1ea7u h\u1ed7 tr\u1ee3<br \/>\n<span class=\"wpcf7-form-control-wrap\" data-name=\"your-message\"><textarea cols=\"40\" rows=\"10\" class=\"wpcf7-form-control wpcf7-textarea\" aria-invalid=\"false\" name=\"your-message\"><\/textarea><\/span> <\/label>\n<\/p>\n<p><input class=\"wpcf7-form-control wpcf7-submit has-spinner\" type=\"submit\" value=\"G\u1eedi\" \/>\n<\/p><div class=\"wpcf7-response-output\" aria-hidden=\"true\"><\/div>\n<\/form>\n<\/div>\n\n\t\t<\/div>\n\t\t\t\t\t<\/div>\n\n\t\n\n\t<div id=\"col-1653798437\" class=\"col medium-8 small-12 large-8\"  >\n\t\t\t\t<div class=\"col-inner\"  >\n\t\t\t\n\t\t\t\n\t<div id=\"text-3136874293\" class=\"text\">\n\t\t\n<h4 class=\"text-primary fw-bold mb-4\">C\u00d4NG TY D\u1ecaCH V\u1ee4 K\u1ebe TO\u00c1N ANPHA<\/h4>\n\t\t\n<style>\n#text-3136874293 {\n  font-size: 1.3rem;\n  color: rgb(42, 78, 154);\n}\n#text-3136874293 > * {\n  color: rgb(42, 78, 154);\n}\n<\/style>\n\t<\/div>\n\t\n\n\t\t<div class=\"icon-box featured-box icon-box-left text-left\"  >\n\t\t\t\t\t<div class=\"icon-box-img\" style=\"width: 20px\">\n\t\t\t\t<div class=\"icon\">\n\t\t\t\t\t<div class=\"icon-inner\" >\n\t\t\t\t\t\t<img loading=\"lazy\" decoding=\"async\" width=\"300\" height=\"300\" src=\"https:\/\/store2.k-tech-services.com\/visakvn\/wp-content\/uploads\/2024\/04\/phone-call-300x300.png\" class=\"attachment-medium size-medium\" alt=\"\" srcset=\"https:\/\/store2.k-tech-services.com\/visakvn\/wp-content\/uploads\/2024\/04\/phone-call-300x300.png 300w, https:\/\/store2.k-tech-services.com\/visakvn\/wp-content\/uploads\/2024\/04\/phone-call-150x150.png 150w, https:\/\/store2.k-tech-services.com\/visakvn\/wp-content\/uploads\/2024\/04\/phone-call.png 512w\" sizes=\"auto, (max-width: 300px) 100vw, 300px\" \/>\t\t\t\t\t<\/div>\n\t\t\t\t<\/div>\n\t\t\t<\/div>\n\t\t\t\t<div class=\"icon-box-text last-reset\">\n\t\t\t\t\t\t\t\t\t\n\t<div id=\"text-722561471\" class=\"text\">\n\t\t\n<p><strong>D\u1ecbch v\u1ee5 ph\u00e1p l\u00fd<\/strong><\/p>\n<p><b>Mi\u1ec1n B\u1eafc:<\/b>\u00a0<a href=\"tel:0984477711\">098 44 777 11<\/a>\u00a0|\u00a0<b>Mi\u1ec1n Trung:<\/b>\u00a0<a href=\"tel:0903003779\">0903 003 779<\/a>\u00a0|\u00a0<b>Mi\u1ec1n Nam:<\/b>\u00a0<a href=\"tel:0938268123\">0938 268 123<\/a><\/p>\n\t\t\n<style>\n#text-722561471 {\n  line-height: 1.2;\n}\n<\/style>\n\t<\/div>\n\t\n\t\t<\/div>\n\t<\/div>\n\t\n\t\n\t<div id=\"gap-1557858225\" class=\"gap-element clearfix\" style=\"display:block; height:auto;\">\n\t\t\n<style>\n#gap-1557858225 {\n  padding-top: 10px;\n}\n<\/style>\n\t<\/div>\n\t\n\n\t\t<div class=\"icon-box featured-box icon-box-left text-left\"  >\n\t\t\t\t\t<div class=\"icon-box-img\" style=\"width: 20px\">\n\t\t\t\t<div class=\"icon\">\n\t\t\t\t\t<div class=\"icon-inner\" >\n\t\t\t\t\t\t<img loading=\"lazy\" decoding=\"async\" width=\"300\" height=\"300\" src=\"https:\/\/store2.k-tech-services.com\/visakvn\/wp-content\/uploads\/2024\/04\/phone-call-300x300.png\" class=\"attachment-medium size-medium\" alt=\"\" srcset=\"https:\/\/store2.k-tech-services.com\/visakvn\/wp-content\/uploads\/2024\/04\/phone-call-300x300.png 300w, https:\/\/store2.k-tech-services.com\/visakvn\/wp-content\/uploads\/2024\/04\/phone-call-150x150.png 150w, https:\/\/store2.k-tech-services.com\/visakvn\/wp-content\/uploads\/2024\/04\/phone-call.png 512w\" sizes=\"auto, (max-width: 300px) 100vw, 300px\" \/>\t\t\t\t\t<\/div>\n\t\t\t\t<\/div>\n\t\t\t<\/div>\n\t\t\t\t<div class=\"icon-box-text last-reset\">\n\t\t\t\t\t\t\t\t\t\n\t<div id=\"text-739167418\" class=\"text\">\n\t\t\n<p><strong>D\u1ecbch v\u1ee5 ph\u00e1p l\u00fd<\/strong><\/p>\n<p><b>Mi\u1ec1n B\u1eafc:<\/b>\u00a0<a href=\"tel:0984477711\">098 44 777 11<\/a>\u00a0|\u00a0<b>Mi\u1ec1n Trung:<\/b>\u00a0<a href=\"tel:0903003779\">0903 003 779<\/a>\u00a0|\u00a0<b>Mi\u1ec1n Nam:<\/b>\u00a0<a href=\"tel:0938268123\">0938 268 123<\/a><\/p>\n\t\t\n<style>\n#text-739167418 {\n  line-height: 1.2;\n}\n<\/style>\n\t<\/div>\n\t\n\t<div id=\"gap-813344897\" class=\"gap-element clearfix\" style=\"display:block; height:auto;\">\n\t\t\n<style>\n#gap-813344897 {\n  padding-top: 10px;\n}\n<\/style>\n\t<\/div>\n\t\n\t\t<\/div>\n\t<\/div>\n\t\n\t\n\n<p><iframe src=\"https:\/\/www.google.com\/maps\/embed?pb=!1m18!1m12!1m3!1d244.94214926425113!2d106.71763820097974!3d10.80561462207455!2m3!1f0!2f0!3f0!3m2!1i1024!2i768!4f13.1!3m3!1m2!1s0x317528a15e58e0c1%3A0x6c52ee6846f97936!2zMTY1IMSQxrDhu51uZyBENSwgUGjGsOG7nW5nIDI1LCBCw6xuaCBUaOG6oW5oLCBUaMOgbmggcGjhu5EgSOG7kyBDaMOtIE1pbmgsIFZp4buHdCBOYW0!5e0!3m2!1svi!2s!4v1713841454519!5m2!1svi!2s\" width=\"600\" height=\"450\" style=\"border:0;\" allowfullscreen=\"\" loading=\"lazy\" referrerpolicy=\"no-referrer-when-downgrade\"><\/iframe><br \/>\n\n\t\t<\/div>\n\t\t\t\t\t<\/div>\n\n\t\n<\/div>\n\t\t<\/div>\n\n\t\t\n<style>\n#section_1324616587 {\n  padding-top: 30px;\n  padding-bottom: 30px;\n}\n<\/style>\n\t<\/section>\n\t\n\t<section class=\"section\" id=\"section_1396289576\">\n\t\t<div class=\"bg section-bg fill bg-fill  bg-loaded\" >\n\n\t\t\t\n\t\t\t\n\t\t\t\n\n\t\t<\/div>\n\n\t\t\n\n\t\t<div class=\"section-content relative\">\n\t\t\t\n<div class=\"row\" style=\"max-width:70%\" id=\"row-1354774403\">\n\n\t<div id=\"col-1787639939\" class=\"col small-12 large-12\"  >\n\t\t\t\t<div class=\"col-inner\"  >\n\t\t\t\n\t\t\t\n<div class=\"video video-fit mb\" style=\"padding-top:56.25%;\"><p><iframe loading=\"lazy\" title=\"Ph\u00f3ng s\u1ef1 VTV1| K\u1ebf to\u00e1n Anpha - 17 n\u0103m cung c\u1ea5p d\u1ecbch v\u1ee5 k\u1ebf to\u00e1n v\u00e0 th\u00e0nh l\u1eadp doanh nghi\u1ec7p\" width=\"1020\" height=\"574\" src=\"https:\/\/www.youtube.com\/embed\/sMRts_NBAIY?feature=oembed\" frameborder=\"0\" allow=\"accelerometer; autoplay; clipboard-write; encrypted-media; gyroscope; picture-in-picture; web-share\" referrerpolicy=\"strict-origin-when-cross-origin\" allowfullscreen><\/iframe><\/p>\n<\/div>\n\t\t<\/div>\n\t\t\t\t\t<\/div>\n\n\t\n<\/div>\n\t\t<\/div>\n\n\t\t\n<style>\n#section_1396289576 {\n  padding-top: 0px;\n  padding-bottom: 0px;\n}\n<\/style>\n\t<\/section>\n\t\n","protected":false},"excerpt":{"rendered":"","protected":false},"author":1,"featured_media":0,"parent":0,"menu_order":0,"comment_status":"closed","ping_status":"closed","template":"page-blank.php","meta":{"footnotes":""},"class_list":["post-237","page","type-page","status-publish","hentry"],"_links":{"self":[{"href":"https:\/\/store2.k-tech-services.com\/visakvn\/wp-json\/wp\/v2\/pages\/237","targetHints":{"allow":["GET"]}}],"collection":[{"href":"https:\/\/store2.k-tech-services.com\/visakvn\/wp-json\/wp\/v2\/pages"}],"about":[{"href":"https:\/\/store2.k-tech-services.com\/visakvn\/wp-json\/wp\/v2\/types\/page"}],"author":[{"embeddable":true,"href":"https:\/\/store2.k-tech-services.com\/visakvn\/wp-json\/wp\/v2\/users\/1"}],"replies":[{"embeddable":true,"href":"https:\/\/store2.k-tech-services.com\/visakvn\/wp-json\/wp\/v2\/comments?post=237"}],"version-history":[{"count":14,"href":"https:\/\/store2.k-tech-services.com\/visakvn\/wp-json\/wp\/v2\/pages\/237\/revisions"}],"predecessor-version":[{"id":384,"href":"https:\/\/store2.k-tech-services.com\/visakvn\/wp-json\/wp\/v2\/pages\/237\/revisions\/384"}],"wp:attachment":[{"href":"https:\/\/store2.k-tech-services.com\/visakvn\/wp-json\/wp\/v2\/media?parent=237"}],"curies":[{"name":"wp","href":"https:\/\/api.w.org\/{rel}","templated":true}]}}